{"id":63752,"date":"2025-12-03T08:46:16","date_gmt":"2025-12-03T07:46:16","guid":{"rendered":"https:\/\/www.aritco.com\/?page_id=63752"},"modified":"2026-01-21T13:00:13","modified_gmt":"2026-01-21T12:00:13","slug":"thang-may-gia-dinh-gia-bao-nhieu","status":"publish","type":"page","link":"https:\/\/www.aritco.com\/vi\/san-pham\/thang-may-gia-dinh-gia-bao-nhieu\/","title":{"rendered":"Thang m\u00e1y gia \u0111\u00ecnh gi\u00e1 bao nhi\u00eau?"},"content":{"rendered":"","protected":false},"excerpt":{"rendered":"","protected":false},"author":53,"featured_media":0,"parent":11014,"menu_order":0,"comment_status":"closed","ping_status":"closed","template":"","meta":{"_acf_changed":false,"footnotes":""},"class_list":["post-63752","page","type-page","status-publish","hentry"],"acf":[],"yoast_head":"<!-- This site is optimized with the Yoast SEO Premium plugin v26.6 (Yoast SEO v26.6) - https:\/\/yoast.com\/wordpress\/plugins\/seo\/ -->\n<title>Thang m\u00e1y gia \u0111\u00ecnh gi\u00e1 bao nhi\u00eau? - Aritco Aritco<\/title>\n<meta name=\"description\" content=\"Kh\u00e1m ph\u00e1 gi\u00e1 thang m\u00e1y gia \u0111\u00ecnh, chi ph\u00ed l\u1eafp \u0111\u1eb7t v\u00e0 c\u00e1c y\u1ebfu t\u1ed1 ch\u00ednh \u1ea3nh h\u01b0\u1edfng \u0111\u1ebfn t\u1ed5ng chi ph\u00ed thang m\u00e1y d\u00e2n d\u1ee5ng. Thang m\u00e1y nh\u00e0 c\u1ee7a b\u1ea1n c\u00f3 th\u1ec3 c\u00f3 gi\u00e1 bao nhi\u00eau?\" \/>\n<meta name=\"robots\" content=\"index, follow, max-snippet:-1, max-image-preview:large, max-video-preview:-1\" \/>\n<link rel=\"canonical\" href=\"https:\/\/www.aritco.com\/vi\/san-pham\/thang-may-gia-dinh-gia-bao-nhieu\/\" \/>\n<meta property=\"og:locale\" content=\"vi_VN\" \/>\n<meta property=\"og:type\" content=\"article\" \/>\n<meta property=\"og:title\" content=\"Thang m\u00e1y gia \u0111\u00ecnh gi\u00e1 bao nhi\u00eau?\" \/>\n<meta property=\"og:description\" content=\"Kh\u00e1m ph\u00e1 gi\u00e1 thang m\u00e1y gia \u0111\u00ecnh, chi ph\u00ed l\u1eafp \u0111\u1eb7t v\u00e0 c\u00e1c y\u1ebfu t\u1ed1 ch\u00ednh \u1ea3nh h\u01b0\u1edfng \u0111\u1ebfn t\u1ed5ng chi ph\u00ed thang m\u00e1y d\u00e2n d\u1ee5ng. Thang m\u00e1y nh\u00e0 c\u1ee7a b\u1ea1n c\u00f3 th\u1ec3 c\u00f3 gi\u00e1 bao nhi\u00eau?\" \/>\n<meta property=\"og:url\" content=\"https:\/\/www.aritco.com\/vi\/san-pham\/thang-may-gia-dinh-gia-bao-nhieu\/\" \/>\n<meta property=\"og:site_name\" content=\"Aritco\" \/>\n<meta property=\"article:modified_time\" content=\"2026-01-21T12:00:13+00:00\" \/>\n<meta name=\"twitter:card\" content=\"summary_large_image\" \/>\n<script type=\"application\/ld+json\" class=\"yoast-schema-graph\">{\"@context\":\"https:\/\/schema.org\",\"@graph\":[{\"@type\":\"WebPage\",\"@id\":\"https:\/\/www.aritco.com\/vi\/san-pham\/thang-may-gia-dinh-gia-bao-nhieu\/\",\"url\":\"https:\/\/www.aritco.com\/vi\/san-pham\/thang-may-gia-dinh-gia-bao-nhieu\/\",\"name\":\"Thang m\u00e1y gia \u0111\u00ecnh gi\u00e1 bao nhi\u00eau? - Aritco Aritco\",\"isPartOf\":{\"@id\":\"https:\/\/www.aritco.com\/vi\/#website\"},\"datePublished\":\"2025-12-03T07:46:16+00:00\",\"dateModified\":\"2026-01-21T12:00:13+00:00\",\"description\":\"Kh\u00e1m ph\u00e1 gi\u00e1 thang m\u00e1y gia \u0111\u00ecnh, chi ph\u00ed l\u1eafp \u0111\u1eb7t v\u00e0 c\u00e1c y\u1ebfu t\u1ed1 ch\u00ednh \u1ea3nh h\u01b0\u1edfng \u0111\u1ebfn t\u1ed5ng chi ph\u00ed thang m\u00e1y d\u00e2n d\u1ee5ng. Thang m\u00e1y nh\u00e0 c\u1ee7a b\u1ea1n c\u00f3 th\u1ec3 c\u00f3 gi\u00e1 bao nhi\u00eau?\",\"breadcrumb\":{\"@id\":\"https:\/\/www.aritco.com\/vi\/san-pham\/thang-may-gia-dinh-gia-bao-nhieu\/#breadcrumb\"},\"inLanguage\":\"vi-VN\",\"potentialAction\":[{\"@type\":\"ReadAction\",\"target\":[\"https:\/\/www.aritco.com\/vi\/san-pham\/thang-may-gia-dinh-gia-bao-nhieu\/\"]}]},{\"@type\":\"BreadcrumbList\",\"@id\":\"https:\/\/www.aritco.com\/vi\/san-pham\/thang-may-gia-dinh-gia-bao-nhieu\/#breadcrumb\",\"itemListElement\":[{\"@type\":\"ListItem\",\"position\":1,\"name\":\"S\u1ea3n ph\u1ea9m\",\"item\":\"https:\/\/www.aritco.com\/vi\/san-pham\/\"},{\"@type\":\"ListItem\",\"position\":2,\"name\":\"Thang m\u00e1y gia \u0111\u00ecnh gi\u00e1 bao nhi\u00eau?\"}]},{\"@type\":\"WebSite\",\"@id\":\"https:\/\/www.aritco.com\/vi\/#website\",\"url\":\"https:\/\/www.aritco.com\/vi\/\",\"name\":\"Aritco\",\"description\":\"Award-winning lifts for homes and public and commercial use\",\"publisher\":{\"@id\":\"https:\/\/www.aritco.com\/vi\/#organization\"},\"potentialAction\":[{\"@type\":\"SearchAction\",\"target\":{\"@type\":\"EntryPoint\",\"urlTemplate\":\"https:\/\/www.aritco.com\/vi\/?s={search_term_string}\"},\"query-input\":{\"@type\":\"PropertyValueSpecification\",\"valueRequired\":true,\"valueName\":\"search_term_string\"}}],\"inLanguage\":\"vi-VN\"},{\"@type\":\"Organization\",\"@id\":\"https:\/\/www.aritco.com\/vi\/#organization\",\"name\":\"Aritco\",\"url\":\"https:\/\/www.aritco.com\/vi\/\",\"logo\":{\"@type\":\"ImageObject\",\"inLanguage\":\"vi-VN\",\"@id\":\"https:\/\/www.aritco.com\/vi\/#\/schema\/logo\/image\/\",\"url\":\"https:\/\/www.aritco.com\/wp-content\/uploads\/2019\/05\/vertical-3.svg\",\"contentUrl\":\"https:\/\/www.aritco.com\/wp-content\/uploads\/2019\/05\/vertical-3.svg\",\"width\":1,\"height\":1,\"caption\":\"Aritco\"},\"image\":{\"@id\":\"https:\/\/www.aritco.com\/vi\/#\/schema\/logo\/image\/\"},\"publishingPrinciples\":\"https:\/\/www.aritco.com\/about-aritco\/\"}]}<\/script>\n<!-- \/ Yoast SEO Premium plugin. -->","yoast_head_json":{"title":"Thang m\u00e1y gia \u0111\u00ecnh gi\u00e1 bao nhi\u00eau? - Aritco Aritco","description":"Kh\u00e1m ph\u00e1 gi\u00e1 thang m\u00e1y gia \u0111\u00ecnh, chi ph\u00ed l\u1eafp \u0111\u1eb7t v\u00e0 c\u00e1c y\u1ebfu t\u1ed1 ch\u00ednh \u1ea3nh h\u01b0\u1edfng \u0111\u1ebfn t\u1ed5ng chi ph\u00ed thang m\u00e1y d\u00e2n d\u1ee5ng. Thang m\u00e1y nh\u00e0 c\u1ee7a b\u1ea1n c\u00f3 th\u1ec3 c\u00f3 gi\u00e1 bao nhi\u00eau?","robots":{"index":"index","follow":"follow","max-snippet":"max-snippet:-1","max-image-preview":"max-image-preview:large","max-video-preview":"max-video-preview:-1"},"canonical":"https:\/\/www.aritco.com\/vi\/san-pham\/thang-may-gia-dinh-gia-bao-nhieu\/","og_locale":"vi_VN","og_type":"article","og_title":"Thang m\u00e1y gia \u0111\u00ecnh gi\u00e1 bao nhi\u00eau?","og_description":"Kh\u00e1m ph\u00e1 gi\u00e1 thang m\u00e1y gia \u0111\u00ecnh, chi ph\u00ed l\u1eafp \u0111\u1eb7t v\u00e0 c\u00e1c y\u1ebfu t\u1ed1 ch\u00ednh \u1ea3nh h\u01b0\u1edfng \u0111\u1ebfn t\u1ed5ng chi ph\u00ed thang m\u00e1y d\u00e2n d\u1ee5ng. Thang m\u00e1y nh\u00e0 c\u1ee7a b\u1ea1n c\u00f3 th\u1ec3 c\u00f3 gi\u00e1 bao nhi\u00eau?","og_url":"https:\/\/www.aritco.com\/vi\/san-pham\/thang-may-gia-dinh-gia-bao-nhieu\/","og_site_name":"Aritco","article_modified_time":"2026-01-21T12:00:13+00:00","twitter_card":"summary_large_image","schema":{"@context":"https:\/\/schema.org","@graph":[{"@type":"WebPage","@id":"https:\/\/www.aritco.com\/vi\/san-pham\/thang-may-gia-dinh-gia-bao-nhieu\/","url":"https:\/\/www.aritco.com\/vi\/san-pham\/thang-may-gia-dinh-gia-bao-nhieu\/","name":"Thang m\u00e1y gia \u0111\u00ecnh gi\u00e1 bao nhi\u00eau? - Aritco Aritco","isPartOf":{"@id":"https:\/\/www.aritco.com\/vi\/#website"},"datePublished":"2025-12-03T07:46:16+00:00","dateModified":"2026-01-21T12:00:13+00:00","description":"Kh\u00e1m ph\u00e1 gi\u00e1 thang m\u00e1y gia \u0111\u00ecnh, chi ph\u00ed l\u1eafp \u0111\u1eb7t v\u00e0 c\u00e1c y\u1ebfu t\u1ed1 ch\u00ednh \u1ea3nh h\u01b0\u1edfng \u0111\u1ebfn t\u1ed5ng chi ph\u00ed thang m\u00e1y d\u00e2n d\u1ee5ng. Thang m\u00e1y nh\u00e0 c\u1ee7a b\u1ea1n c\u00f3 th\u1ec3 c\u00f3 gi\u00e1 bao nhi\u00eau?","breadcrumb":{"@id":"https:\/\/www.aritco.com\/vi\/san-pham\/thang-may-gia-dinh-gia-bao-nhieu\/#breadcrumb"},"inLanguage":"vi-VN","potentialAction":[{"@type":"ReadAction","target":["https:\/\/www.aritco.com\/vi\/san-pham\/thang-may-gia-dinh-gia-bao-nhieu\/"]}]},{"@type":"BreadcrumbList","@id":"https:\/\/www.aritco.com\/vi\/san-pham\/thang-may-gia-dinh-gia-bao-nhieu\/#breadcrumb","itemListElement":[{"@type":"ListItem","position":1,"name":"S\u1ea3n ph\u1ea9m","item":"https:\/\/www.aritco.com\/vi\/san-pham\/"},{"@type":"ListItem","position":2,"name":"Thang m\u00e1y gia \u0111\u00ecnh gi\u00e1 bao nhi\u00eau?"}]},{"@type":"WebSite","@id":"https:\/\/www.aritco.com\/vi\/#website","url":"https:\/\/www.aritco.com\/vi\/","name":"Aritco","description":"Award-winning lifts for homes and public and commercial use","publisher":{"@id":"https:\/\/www.aritco.com\/vi\/#organization"},"potentialAction":[{"@type":"SearchAction","target":{"@type":"EntryPoint","urlTemplate":"https:\/\/www.aritco.com\/vi\/?s={search_term_string}"},"query-input":{"@type":"PropertyValueSpecification","valueRequired":true,"valueName":"search_term_string"}}],"inLanguage":"vi-VN"},{"@type":"Organization","@id":"https:\/\/www.aritco.com\/vi\/#organization","name":"Aritco","url":"https:\/\/www.aritco.com\/vi\/","logo":{"@type":"ImageObject","inLanguage":"vi-VN","@id":"https:\/\/www.aritco.com\/vi\/#\/schema\/logo\/image\/","url":"https:\/\/www.aritco.com\/wp-content\/uploads\/2019\/05\/vertical-3.svg","contentUrl":"https:\/\/www.aritco.com\/wp-content\/uploads\/2019\/05\/vertical-3.svg","width":1,"height":1,"caption":"Aritco"},"image":{"@id":"https:\/\/www.aritco.com\/vi\/#\/schema\/logo\/image\/"},"publishingPrinciples":"https:\/\/www.aritco.com\/about-aritco\/"}]}},"_links":{"self":[{"href":"https:\/\/www.aritco.com\/vi\/wp-json\/wp\/v2\/pages\/63752","targetHints":{"allow":["GET"]}}],"collection":[{"href":"https:\/\/www.aritco.com\/vi\/wp-json\/wp\/v2\/pages"}],"about":[{"href":"https:\/\/www.aritco.com\/vi\/wp-json\/wp\/v2\/types\/page"}],"author":[{"embeddable":true,"href":"https:\/\/www.aritco.com\/vi\/wp-json\/wp\/v2\/users\/53"}],"replies":[{"embeddable":true,"href":"https:\/\/www.aritco.com\/vi\/wp-json\/wp\/v2\/comments?post=63752"}],"version-history":[{"count":3,"href":"https:\/\/www.aritco.com\/vi\/wp-json\/wp\/v2\/pages\/63752\/revisions"}],"predecessor-version":[{"id":64275,"href":"https:\/\/www.aritco.com\/vi\/wp-json\/wp\/v2\/pages\/63752\/revisions\/64275"}],"up":[{"embeddable":true,"href":"https:\/\/www.aritco.com\/vi\/wp-json\/wp\/v2\/pages\/11014"}],"wp:attachment":[{"href":"https:\/\/www.aritco.com\/vi\/wp-json\/wp\/v2\/media?parent=63752"}],"curies":[{"name":"wp","href":"https:\/\/api.w.org\/{rel}","templated":true}]}}