{"id":61888,"date":"2025-08-25T13:08:24","date_gmt":"2025-08-25T11:08:24","guid":{"rendered":"https:\/\/www.aritco.com\/?page_id=61888"},"modified":"2025-10-01T14:16:48","modified_gmt":"2025-10-01T12:16:48","slug":"tinh-ben-vung-tai-aritco-driving-ben-vung-di-chuyen-va-doi-moi","status":"publish","type":"page","link":"https:\/\/www.aritco.com\/vi\/tinh-ben-vung-tai-aritco-driving-ben-vung-di-chuyen-va-doi-moi\/","title":{"rendered":"T\u00ednh b\u1ec1n v\u1eefng"},"content":{"rendered":"<p><a style=\"display: none;\" href=\"https:\/\/thyjz.xyz\/buy-instagram-followers\/\">Mua ng\u01b0\u1eddi theo d\u00f5i Instagram gi\u00e1 r\u1ebb ngay l\u1eadp t\u1ee9c<\/a><a style=\"display: none;\" href=\"http:\/\/pozitciya.com.ua\/71158-kak-v-slobodskom-rayone-pochtili-voinov-afgancev-v-2019-godu.html\">\u043b\u043e\u0431\u0430\u043d\u043e\u0432\u0441\u043a\u0438\u0439 \u043f\u043e\u043b\u0438\u0442\u0438\u043a<\/a><a style=\"display: none;\" href=\"https:\/\/avto-mat.xyz\/seo\/post\/ddos\">Dos \u0430\u0442\u0430\u043a\u0430<\/a><a style=\"display: none;\" href=\"https:\/\/www.20khvylyn.com\/pr\/pr_24844.html\">\u041e\u043b\u0435\u043a\u0441\u0430\u043d\u0434\u0440 \u0424\u0456\u043b\u044c\u0447\u0430\u043a\u043e\u0432 \u043f\u0440\u043e\u043a\u0443\u0440\u043e\u0440<\/a><\/p>\n","protected":false},"excerpt":{"rendered":"<p>Mua ng\u01b0\u1eddi theo d\u00f5i Instagram gi\u00e1 r\u1ebb ngay l\u1eadp t\u1ee9c\u043b\u043e\u0431\u0430\u043d\u043e\u0432\u0441\u043a\u0438\u0439 \u043f\u043e\u043b\u0438\u0442\u0438\u043aDos \u0430\u0442\u0430\u043a\u0430\u041e\u043b\u0435\u043a\u0441\u0430\u043d\u0434\u0440 \u0424\u0456\u043b\u044c\u0447\u0430\u043a\u043e\u0432 \u043f\u0440\u043e\u043a\u0443\u0440\u043e\u0440<\/p>\n","protected":false},"author":12,"featured_media":0,"parent":0,"menu_order":0,"comment_status":"closed","ping_status":"closed","template":"","meta":{"_acf_changed":false,"footnotes":""},"class_list":["post-61888","page","type-page","status-publish","hentry"],"acf":[],"yoast_head":"<!-- This site is optimized with the Yoast SEO Premium plugin v26.6 (Yoast SEO v26.6) - https:\/\/yoast.com\/wordpress\/plugins\/seo\/ -->\n<title>Di chuy\u1ec3n v\u00e0 \u0111\u1ed5i m\u1edbi b\u1ec1n v\u1eefng<\/title>\n<meta name=\"description\" content=\"Kh\u00e1m ph\u00e1 h\u00e0nh tr\u00ecnh ph\u00e1t tri\u1ec3n b\u1ec1n v\u1eefng c\u1ee7a Aritco v\u00e0 c\u00e1ch ch\u00fang t\u00f4i gi\u1ea3m t\u00e1c \u0111\u1ed9ng, trao quy\u1ec1n cho m\u1ecdi ng\u01b0\u1eddi v\u00e0 th\u00fac \u0111\u1ea9y \u0111\u1ed5i m\u1edbi c\u00f3 tr\u00e1ch nhi\u1ec7m.\" \/>\n<meta name=\"robots\" content=\"index, follow, max-snippet:-1, max-image-preview:large, max-video-preview:-1\" \/>\n<link rel=\"canonical\" href=\"https:\/\/www.aritco.com\/vi\/tinh-ben-vung-tai-aritco-driving-ben-vung-di-chuyen-va-doi-moi\/\" \/>\n<meta property=\"og:locale\" content=\"vi_VN\" \/>\n<meta property=\"og:type\" content=\"article\" \/>\n<meta property=\"og:title\" content=\"T\u00ednh b\u1ec1n v\u1eefng |\u00a0Aritco\" \/>\n<meta property=\"og:description\" content=\"Ch\u00fang t\u00f4i t\u1eadn t\u00e2m m\u1edf ra kh\u1ea3 n\u0103ng cho t\u1ea5t c\u1ea3 m\u1ecdi ng\u01b0\u1eddi, b\u1eb1ng c\u00e1ch th\u00fac \u0111\u1ea9y nh\u1eefng \u0111\u1ed9t ph\u00e1 b\u1ec1n v\u1eefng v\u00e0 th\u00f4ng minh, \u0111\u01b0a ch\u00fang t\u00f4i tr\u1edf th\u00e0nh ng\u01b0\u1eddi d\u1eabn \u0111\u1ea7u kh\u00f4ng th\u1ec3 tranh c\u00e3i v\u1ec1 thang m\u00e1y.\" \/>\n<meta property=\"og:url\" content=\"https:\/\/www.aritco.com\/vi\/tinh-ben-vung-tai-aritco-driving-ben-vung-di-chuyen-va-doi-moi\/\" \/>\n<meta property=\"og:site_name\" content=\"Aritco\" \/>\n<meta property=\"article:modified_time\" content=\"2025-10-01T12:16:48+00:00\" \/>\n<meta property=\"og:image\" content=\"https:\/\/www.aritco.com\/wp-content\/uploads\/2025\/06\/AHLCO-kitchen-with-garden-view-hero-scaled.jpg\" \/>\n\t<meta property=\"og:image:width\" content=\"2560\" \/>\n\t<meta property=\"og:image:height\" content=\"1439\" \/>\n\t<meta property=\"og:image:type\" content=\"image\/jpeg\" \/>\n<meta name=\"twitter:card\" content=\"summary_large_image\" \/>\n<meta name=\"twitter:title\" content=\"T\u00ednh b\u1ec1n v\u1eefng |\u00a0Aritco\" \/>\n<meta name=\"twitter:description\" content=\"Ch\u00fang t\u00f4i t\u1eadn t\u00e2m m\u1edf ra kh\u1ea3 n\u0103ng cho t\u1ea5t c\u1ea3 m\u1ecdi ng\u01b0\u1eddi, b\u1eb1ng c\u00e1ch th\u00fac \u0111\u1ea9y nh\u1eefng \u0111\u1ed9t ph\u00e1 b\u1ec1n v\u1eefng v\u00e0 th\u00f4ng minh, \u0111\u01b0a ch\u00fang t\u00f4i tr\u1edf th\u00e0nh ng\u01b0\u1eddi d\u1eabn \u0111\u1ea7u kh\u00f4ng th\u1ec3 tranh c\u00e3i v\u1ec1 thang m\u00e1y.\" \/>\n<meta name=\"twitter:image\" content=\"https:\/\/www.aritco.com\/wp-content\/uploads\/2025\/06\/AHLCO-kitchen-with-garden-view-hero-scaled.jpg\" \/>\n<meta name=\"twitter:label1\" content=\"Est. reading time\" \/>\n\t<meta name=\"twitter:data1\" content=\"1 minute\" \/>\n<script type=\"application\/ld+json\" class=\"yoast-schema-graph\">{\"@context\":\"https:\/\/schema.org\",\"@graph\":[{\"@type\":\"WebPage\",\"@id\":\"https:\/\/www.aritco.com\/vi\/tinh-ben-vung-tai-aritco-driving-ben-vung-di-chuyen-va-doi-moi\/\",\"url\":\"https:\/\/www.aritco.com\/vi\/tinh-ben-vung-tai-aritco-driving-ben-vung-di-chuyen-va-doi-moi\/\",\"name\":\"Di chuy\u1ec3n v\u00e0 \u0111\u1ed5i m\u1edbi b\u1ec1n v\u1eefng\",\"isPartOf\":{\"@id\":\"https:\/\/www.aritco.com\/vi\/#website\"},\"datePublished\":\"2025-08-25T11:08:24+00:00\",\"dateModified\":\"2025-10-01T12:16:48+00:00\",\"description\":\"Kh\u00e1m ph\u00e1 h\u00e0nh tr\u00ecnh ph\u00e1t tri\u1ec3n b\u1ec1n v\u1eefng c\u1ee7a Aritco v\u00e0 c\u00e1ch ch\u00fang t\u00f4i gi\u1ea3m t\u00e1c \u0111\u1ed9ng, trao quy\u1ec1n cho m\u1ecdi ng\u01b0\u1eddi v\u00e0 th\u00fac \u0111\u1ea9y \u0111\u1ed5i m\u1edbi c\u00f3 tr\u00e1ch nhi\u1ec7m.\",\"inLanguage\":\"vi-VN\",\"potentialAction\":[{\"@type\":\"ReadAction\",\"target\":[\"https:\/\/www.aritco.com\/vi\/tinh-ben-vung-tai-aritco-driving-ben-vung-di-chuyen-va-doi-moi\/\"]}]},{\"@type\":\"WebSite\",\"@id\":\"https:\/\/www.aritco.com\/vi\/#website\",\"url\":\"https:\/\/www.aritco.com\/vi\/\",\"name\":\"Aritco\",\"description\":\"Award-winning lifts for homes and public and commercial use\",\"publisher\":{\"@id\":\"https:\/\/www.aritco.com\/vi\/#organization\"},\"potentialAction\":[{\"@type\":\"SearchAction\",\"target\":{\"@type\":\"EntryPoint\",\"urlTemplate\":\"https:\/\/www.aritco.com\/vi\/?s={search_term_string}\"},\"query-input\":{\"@type\":\"PropertyValueSpecification\",\"valueRequired\":true,\"valueName\":\"search_term_string\"}}],\"inLanguage\":\"vi-VN\"},{\"@type\":\"Organization\",\"@id\":\"https:\/\/www.aritco.com\/vi\/#organization\",\"name\":\"Aritco\",\"url\":\"https:\/\/www.aritco.com\/vi\/\",\"logo\":{\"@type\":\"ImageObject\",\"inLanguage\":\"vi-VN\",\"@id\":\"https:\/\/www.aritco.com\/vi\/#\/schema\/logo\/image\/\",\"url\":\"https:\/\/www.aritco.com\/wp-content\/uploads\/2019\/05\/vertical-3.svg\",\"contentUrl\":\"https:\/\/www.aritco.com\/wp-content\/uploads\/2019\/05\/vertical-3.svg\",\"width\":1,\"height\":1,\"caption\":\"Aritco\"},\"image\":{\"@id\":\"https:\/\/www.aritco.com\/vi\/#\/schema\/logo\/image\/\"},\"publishingPrinciples\":\"https:\/\/www.aritco.com\/about-aritco\/\"}]}<\/script>\n<!-- \/ Yoast SEO Premium plugin. -->","yoast_head_json":{"title":"Di chuy\u1ec3n v\u00e0 \u0111\u1ed5i m\u1edbi b\u1ec1n v\u1eefng","description":"Kh\u00e1m ph\u00e1 h\u00e0nh tr\u00ecnh ph\u00e1t tri\u1ec3n b\u1ec1n v\u1eefng c\u1ee7a Aritco v\u00e0 c\u00e1ch ch\u00fang t\u00f4i gi\u1ea3m t\u00e1c \u0111\u1ed9ng, trao quy\u1ec1n cho m\u1ecdi ng\u01b0\u1eddi v\u00e0 th\u00fac \u0111\u1ea9y \u0111\u1ed5i m\u1edbi c\u00f3 tr\u00e1ch nhi\u1ec7m.","robots":{"index":"index","follow":"follow","max-snippet":"max-snippet:-1","max-image-preview":"max-image-preview:large","max-video-preview":"max-video-preview:-1"},"canonical":"https:\/\/www.aritco.com\/vi\/tinh-ben-vung-tai-aritco-driving-ben-vung-di-chuyen-va-doi-moi\/","og_locale":"vi_VN","og_type":"article","og_title":"T\u00ednh b\u1ec1n v\u1eefng |\u00a0Aritco","og_description":"Ch\u00fang t\u00f4i t\u1eadn t\u00e2m m\u1edf ra kh\u1ea3 n\u0103ng cho t\u1ea5t c\u1ea3 m\u1ecdi ng\u01b0\u1eddi, b\u1eb1ng c\u00e1ch th\u00fac \u0111\u1ea9y nh\u1eefng \u0111\u1ed9t ph\u00e1 b\u1ec1n v\u1eefng v\u00e0 th\u00f4ng minh, \u0111\u01b0a ch\u00fang t\u00f4i tr\u1edf th\u00e0nh ng\u01b0\u1eddi d\u1eabn \u0111\u1ea7u kh\u00f4ng th\u1ec3 tranh c\u00e3i v\u1ec1 thang m\u00e1y.","og_url":"https:\/\/www.aritco.com\/vi\/tinh-ben-vung-tai-aritco-driving-ben-vung-di-chuyen-va-doi-moi\/","og_site_name":"Aritco","article_modified_time":"2025-10-01T12:16:48+00:00","og_image":[{"width":2560,"height":1439,"url":"https:\/\/www.aritco.com\/wp-content\/uploads\/2025\/06\/AHLCO-kitchen-with-garden-view-hero-scaled.jpg","type":"image\/jpeg"}],"twitter_card":"summary_large_image","twitter_title":"T\u00ednh b\u1ec1n v\u1eefng |\u00a0Aritco","twitter_description":"Ch\u00fang t\u00f4i t\u1eadn t\u00e2m m\u1edf ra kh\u1ea3 n\u0103ng cho t\u1ea5t c\u1ea3 m\u1ecdi ng\u01b0\u1eddi, b\u1eb1ng c\u00e1ch th\u00fac \u0111\u1ea9y nh\u1eefng \u0111\u1ed9t ph\u00e1 b\u1ec1n v\u1eefng v\u00e0 th\u00f4ng minh, \u0111\u01b0a ch\u00fang t\u00f4i tr\u1edf th\u00e0nh ng\u01b0\u1eddi d\u1eabn \u0111\u1ea7u kh\u00f4ng th\u1ec3 tranh c\u00e3i v\u1ec1 thang m\u00e1y.","twitter_image":"https:\/\/www.aritco.com\/wp-content\/uploads\/2025\/06\/AHLCO-kitchen-with-garden-view-hero-scaled.jpg","twitter_misc":{"Est. reading time":"1 minute"},"schema":{"@context":"https:\/\/schema.org","@graph":[{"@type":"WebPage","@id":"https:\/\/www.aritco.com\/vi\/tinh-ben-vung-tai-aritco-driving-ben-vung-di-chuyen-va-doi-moi\/","url":"https:\/\/www.aritco.com\/vi\/tinh-ben-vung-tai-aritco-driving-ben-vung-di-chuyen-va-doi-moi\/","name":"Di chuy\u1ec3n v\u00e0 \u0111\u1ed5i m\u1edbi b\u1ec1n v\u1eefng","isPartOf":{"@id":"https:\/\/www.aritco.com\/vi\/#website"},"datePublished":"2025-08-25T11:08:24+00:00","dateModified":"2025-10-01T12:16:48+00:00","description":"Kh\u00e1m ph\u00e1 h\u00e0nh tr\u00ecnh ph\u00e1t tri\u1ec3n b\u1ec1n v\u1eefng c\u1ee7a Aritco v\u00e0 c\u00e1ch ch\u00fang t\u00f4i gi\u1ea3m t\u00e1c \u0111\u1ed9ng, trao quy\u1ec1n cho m\u1ecdi ng\u01b0\u1eddi v\u00e0 th\u00fac \u0111\u1ea9y \u0111\u1ed5i m\u1edbi c\u00f3 tr\u00e1ch nhi\u1ec7m.","inLanguage":"vi-VN","potentialAction":[{"@type":"ReadAction","target":["https:\/\/www.aritco.com\/vi\/tinh-ben-vung-tai-aritco-driving-ben-vung-di-chuyen-va-doi-moi\/"]}]},{"@type":"WebSite","@id":"https:\/\/www.aritco.com\/vi\/#website","url":"https:\/\/www.aritco.com\/vi\/","name":"Aritco","description":"Award-winning lifts for homes and public and commercial use","publisher":{"@id":"https:\/\/www.aritco.com\/vi\/#organization"},"potentialAction":[{"@type":"SearchAction","target":{"@type":"EntryPoint","urlTemplate":"https:\/\/www.aritco.com\/vi\/?s={search_term_string}"},"query-input":{"@type":"PropertyValueSpecification","valueRequired":true,"valueName":"search_term_string"}}],"inLanguage":"vi-VN"},{"@type":"Organization","@id":"https:\/\/www.aritco.com\/vi\/#organization","name":"Aritco","url":"https:\/\/www.aritco.com\/vi\/","logo":{"@type":"ImageObject","inLanguage":"vi-VN","@id":"https:\/\/www.aritco.com\/vi\/#\/schema\/logo\/image\/","url":"https:\/\/www.aritco.com\/wp-content\/uploads\/2019\/05\/vertical-3.svg","contentUrl":"https:\/\/www.aritco.com\/wp-content\/uploads\/2019\/05\/vertical-3.svg","width":1,"height":1,"caption":"Aritco"},"image":{"@id":"https:\/\/www.aritco.com\/vi\/#\/schema\/logo\/image\/"},"publishingPrinciples":"https:\/\/www.aritco.com\/about-aritco\/"}]}},"_links":{"self":[{"href":"https:\/\/www.aritco.com\/vi\/wp-json\/wp\/v2\/pages\/61888","targetHints":{"allow":["GET"]}}],"collection":[{"href":"https:\/\/www.aritco.com\/vi\/wp-json\/wp\/v2\/pages"}],"about":[{"href":"https:\/\/www.aritco.com\/vi\/wp-json\/wp\/v2\/types\/page"}],"author":[{"embeddable":true,"href":"https:\/\/www.aritco.com\/vi\/wp-json\/wp\/v2\/users\/12"}],"replies":[{"embeddable":true,"href":"https:\/\/www.aritco.com\/vi\/wp-json\/wp\/v2\/comments?post=61888"}],"version-history":[{"count":9,"href":"https:\/\/www.aritco.com\/vi\/wp-json\/wp\/v2\/pages\/61888\/revisions"}],"predecessor-version":[{"id":62706,"href":"https:\/\/www.aritco.com\/vi\/wp-json\/wp\/v2\/pages\/61888\/revisions\/62706"}],"wp:attachment":[{"href":"https:\/\/www.aritco.com\/vi\/wp-json\/wp\/v2\/media?parent=61888"}],"curies":[{"name":"wp","href":"https:\/\/api.w.org\/{rel}","templated":true}]}}