{"id":61076,"date":"2025-01-23T14:44:18","date_gmt":"2025-01-23T13:44:18","guid":{"rendered":"https:\/\/www.aritco.com\/find-partner\/"},"modified":"2025-08-20T15:26:25","modified_gmt":"2025-08-20T13:26:25","slug":"find-partner","status":"publish","type":"page","link":"https:\/\/www.aritco.com\/vi\/find-partner\/","title":{"rendered":"Aritco partners in Vietnam"},"content":{"rendered":"","protected":false},"excerpt":{"rendered":"","protected":false},"author":12,"featured_media":58396,"parent":0,"menu_order":0,"comment_status":"closed","ping_status":"closed","template":"","meta":{"_acf_changed":false,"footnotes":""},"class_list":["post-61076","page","type-page","status-publish","has-post-thumbnail","hentry"],"acf":[],"yoast_head":"<!-- This site is optimized with the Yoast SEO Premium plugin v26.6 (Yoast SEO v26.6) - https:\/\/yoast.com\/wordpress\/plugins\/seo\/ -->\n<title>\u0110\u1ed1i t\u00e1c Aritco t\u1ea1i Vi\u1ec7t Nam - Aritco<\/title>\n<meta name=\"description\" content=\"Ch\u00e0o m\u1eebng b\u1ea1n \u0111\u1ebfn v\u1edbi b\u1ea3n \u0111\u1ed3 ti\u1ec7n d\u1ee5ng c\u1ee7a ch\u00fang t\u00f4i v\u1ec1 c\u00e1c \u0111\u1ed1i t\u00e1c Aritco tr\u00ean to\u00e0n th\u1ebf gi\u1edbi! T\u1ea1i \u0111\u00e2y, b\u1ea1n s\u1ebd t\u00ecm th\u1ea5y t\u1ea5t c\u1ea3 c\u00e1c chi ti\u1ebft li\u00ean h\u1ec7 v\u00e0 \u0111\u1ecba ch\u1ec9 b\u1ea1n c\u1ea7n \u0111\u1ec3 li\u00ean h\u1ec7 v\u1edbi c\u00e1c \u0111\u1ea1i l\u00fd \u0111\u00e1ng tin c\u1eady c\u1ee7a ch\u00fang t\u00f4i.\" \/>\n<meta name=\"robots\" content=\"index, follow, max-snippet:-1, max-image-preview:large, max-video-preview:-1\" \/>\n<link rel=\"canonical\" href=\"https:\/\/www.aritco.com\/vi\/find-partner\/\" \/>\n<meta property=\"og:locale\" content=\"vi_VN\" \/>\n<meta property=\"og:type\" content=\"article\" \/>\n<meta property=\"og:title\" content=\"\u0110\u1ed1i t\u00e1c Aritco t\u1ea1i Vi\u1ec7t Nam\" \/>\n<meta property=\"og:description\" content=\"Ch\u00e0o m\u1eebng b\u1ea1n \u0111\u1ebfn v\u1edbi b\u1ea3n \u0111\u1ed3 ti\u1ec7n d\u1ee5ng c\u1ee7a ch\u00fang t\u00f4i v\u1ec1 c\u00e1c \u0111\u1ed1i t\u00e1c Aritco tr\u00ean to\u00e0n th\u1ebf gi\u1edbi! T\u1ea1i \u0111\u00e2y, b\u1ea1n s\u1ebd t\u00ecm th\u1ea5y t\u1ea5t c\u1ea3 c\u00e1c chi ti\u1ebft li\u00ean h\u1ec7 v\u00e0 \u0111\u1ecba ch\u1ec9 b\u1ea1n c\u1ea7n \u0111\u1ec3 li\u00ean h\u1ec7 v\u1edbi c\u00e1c \u0111\u1ea1i l\u00fd \u0111\u00e1ng tin c\u1eady c\u1ee7a ch\u00fang t\u00f4i.\" \/>\n<meta property=\"og:url\" content=\"https:\/\/www.aritco.com\/vi\/find-partner\/\" \/>\n<meta property=\"og:site_name\" content=\"Aritco\" \/>\n<meta property=\"article:modified_time\" content=\"2025-08-20T13:26:25+00:00\" \/>\n<meta property=\"og:image\" content=\"https:\/\/www.aritco.com\/wp-content\/uploads\/2025\/06\/Vietnam-scaled.jpg\" \/>\n\t<meta property=\"og:image:width\" content=\"2560\" \/>\n\t<meta property=\"og:image:height\" content=\"1707\" \/>\n\t<meta property=\"og:image:type\" content=\"image\/jpeg\" \/>\n<meta name=\"twitter:card\" content=\"summary_large_image\" \/>\n<meta name=\"twitter:title\" content=\"\u0110\u1ed1i t\u00e1c Aritco t\u1ea1i Vi\u1ec7t Nam\" \/>\n<meta name=\"twitter:description\" content=\"Ch\u00e0o m\u1eebng b\u1ea1n \u0111\u1ebfn v\u1edbi b\u1ea3n \u0111\u1ed3 ti\u1ec7n d\u1ee5ng c\u1ee7a ch\u00fang t\u00f4i v\u1ec1 c\u00e1c \u0111\u1ed1i t\u00e1c Aritco tr\u00ean to\u00e0n th\u1ebf gi\u1edbi! T\u1ea1i \u0111\u00e2y, b\u1ea1n s\u1ebd t\u00ecm th\u1ea5y t\u1ea5t c\u1ea3 c\u00e1c chi ti\u1ebft li\u00ean h\u1ec7 v\u00e0 \u0111\u1ecba ch\u1ec9 b\u1ea1n c\u1ea7n \u0111\u1ec3 li\u00ean h\u1ec7 v\u1edbi c\u00e1c \u0111\u1ea1i l\u00fd \u0111\u00e1ng tin c\u1eady c\u1ee7a ch\u00fang t\u00f4i.\" \/>\n<meta name=\"twitter:image\" content=\"https:\/\/www.aritco.com\/wp-content\/uploads\/2025\/06\/Vietnam-scaled.jpg\" \/>\n<meta name=\"twitter:label1\" content=\"Est. reading time\" \/>\n\t<meta name=\"twitter:data1\" content=\"1 minute\" \/>\n<script type=\"application\/ld+json\" class=\"yoast-schema-graph\">{\"@context\":\"https:\/\/schema.org\",\"@graph\":[{\"@type\":\"WebPage\",\"@id\":\"https:\/\/www.aritco.com\/vi\/find-partner\/\",\"url\":\"https:\/\/www.aritco.com\/vi\/find-partner\/\",\"name\":\"\u0110\u1ed1i t\u00e1c Aritco t\u1ea1i Vi\u1ec7t Nam - Aritco\",\"isPartOf\":{\"@id\":\"https:\/\/www.aritco.com\/vi\/#website\"},\"primaryImageOfPage\":{\"@id\":\"https:\/\/www.aritco.com\/vi\/find-partner\/#primaryimage\"},\"image\":{\"@id\":\"https:\/\/www.aritco.com\/vi\/find-partner\/#primaryimage\"},\"thumbnailUrl\":\"https:\/\/www.aritco.com\/wp-content\/uploads\/2025\/01\/2014.jpg\",\"datePublished\":\"2025-01-23T13:44:18+00:00\",\"dateModified\":\"2025-08-20T13:26:25+00:00\",\"description\":\"Ch\u00e0o m\u1eebng b\u1ea1n \u0111\u1ebfn v\u1edbi b\u1ea3n \u0111\u1ed3 ti\u1ec7n d\u1ee5ng c\u1ee7a ch\u00fang t\u00f4i v\u1ec1 c\u00e1c \u0111\u1ed1i t\u00e1c Aritco tr\u00ean to\u00e0n th\u1ebf gi\u1edbi! T\u1ea1i \u0111\u00e2y, b\u1ea1n s\u1ebd t\u00ecm th\u1ea5y t\u1ea5t c\u1ea3 c\u00e1c chi ti\u1ebft li\u00ean h\u1ec7 v\u00e0 \u0111\u1ecba ch\u1ec9 b\u1ea1n c\u1ea7n \u0111\u1ec3 li\u00ean h\u1ec7 v\u1edbi c\u00e1c \u0111\u1ea1i l\u00fd \u0111\u00e1ng tin c\u1eady c\u1ee7a ch\u00fang t\u00f4i.\",\"inLanguage\":\"vi-VN\",\"potentialAction\":[{\"@type\":\"ReadAction\",\"target\":[\"https:\/\/www.aritco.com\/vi\/find-partner\/\"]}]},{\"@type\":\"ImageObject\",\"inLanguage\":\"vi-VN\",\"@id\":\"https:\/\/www.aritco.com\/vi\/find-partner\/#primaryimage\",\"url\":\"https:\/\/www.aritco.com\/wp-content\/uploads\/2025\/01\/2014.jpg\",\"contentUrl\":\"https:\/\/www.aritco.com\/wp-content\/uploads\/2025\/01\/2014.jpg\",\"width\":1400,\"height\":788},{\"@type\":\"WebSite\",\"@id\":\"https:\/\/www.aritco.com\/vi\/#website\",\"url\":\"https:\/\/www.aritco.com\/vi\/\",\"name\":\"Aritco\",\"description\":\"Award-winning lifts for homes and public and commercial use\",\"publisher\":{\"@id\":\"https:\/\/www.aritco.com\/vi\/#organization\"},\"potentialAction\":[{\"@type\":\"SearchAction\",\"target\":{\"@type\":\"EntryPoint\",\"urlTemplate\":\"https:\/\/www.aritco.com\/vi\/?s={search_term_string}\"},\"query-input\":{\"@type\":\"PropertyValueSpecification\",\"valueRequired\":true,\"valueName\":\"search_term_string\"}}],\"inLanguage\":\"vi-VN\"},{\"@type\":\"Organization\",\"@id\":\"https:\/\/www.aritco.com\/vi\/#organization\",\"name\":\"Aritco\",\"url\":\"https:\/\/www.aritco.com\/vi\/\",\"logo\":{\"@type\":\"ImageObject\",\"inLanguage\":\"vi-VN\",\"@id\":\"https:\/\/www.aritco.com\/vi\/#\/schema\/logo\/image\/\",\"url\":\"https:\/\/www.aritco.com\/wp-content\/uploads\/2019\/05\/vertical-3.svg\",\"contentUrl\":\"https:\/\/www.aritco.com\/wp-content\/uploads\/2019\/05\/vertical-3.svg\",\"width\":1,\"height\":1,\"caption\":\"Aritco\"},\"image\":{\"@id\":\"https:\/\/www.aritco.com\/vi\/#\/schema\/logo\/image\/\"},\"publishingPrinciples\":\"https:\/\/www.aritco.com\/about-aritco\/\"}]}<\/script>\n<!-- \/ Yoast SEO Premium plugin. -->","yoast_head_json":{"title":"\u0110\u1ed1i t\u00e1c Aritco t\u1ea1i Vi\u1ec7t Nam - Aritco","description":"Ch\u00e0o m\u1eebng b\u1ea1n \u0111\u1ebfn v\u1edbi b\u1ea3n \u0111\u1ed3 ti\u1ec7n d\u1ee5ng c\u1ee7a ch\u00fang t\u00f4i v\u1ec1 c\u00e1c \u0111\u1ed1i t\u00e1c Aritco tr\u00ean to\u00e0n th\u1ebf gi\u1edbi! T\u1ea1i \u0111\u00e2y, b\u1ea1n s\u1ebd t\u00ecm th\u1ea5y t\u1ea5t c\u1ea3 c\u00e1c chi ti\u1ebft li\u00ean h\u1ec7 v\u00e0 \u0111\u1ecba ch\u1ec9 b\u1ea1n c\u1ea7n \u0111\u1ec3 li\u00ean h\u1ec7 v\u1edbi c\u00e1c \u0111\u1ea1i l\u00fd \u0111\u00e1ng tin c\u1eady c\u1ee7a ch\u00fang t\u00f4i.","robots":{"index":"index","follow":"follow","max-snippet":"max-snippet:-1","max-image-preview":"max-image-preview:large","max-video-preview":"max-video-preview:-1"},"canonical":"https:\/\/www.aritco.com\/vi\/find-partner\/","og_locale":"vi_VN","og_type":"article","og_title":"\u0110\u1ed1i t\u00e1c Aritco t\u1ea1i Vi\u1ec7t Nam","og_description":"Ch\u00e0o m\u1eebng b\u1ea1n \u0111\u1ebfn v\u1edbi b\u1ea3n \u0111\u1ed3 ti\u1ec7n d\u1ee5ng c\u1ee7a ch\u00fang t\u00f4i v\u1ec1 c\u00e1c \u0111\u1ed1i t\u00e1c Aritco tr\u00ean to\u00e0n th\u1ebf gi\u1edbi! T\u1ea1i \u0111\u00e2y, b\u1ea1n s\u1ebd t\u00ecm th\u1ea5y t\u1ea5t c\u1ea3 c\u00e1c chi ti\u1ebft li\u00ean h\u1ec7 v\u00e0 \u0111\u1ecba ch\u1ec9 b\u1ea1n c\u1ea7n \u0111\u1ec3 li\u00ean h\u1ec7 v\u1edbi c\u00e1c \u0111\u1ea1i l\u00fd \u0111\u00e1ng tin c\u1eady c\u1ee7a ch\u00fang t\u00f4i.","og_url":"https:\/\/www.aritco.com\/vi\/find-partner\/","og_site_name":"Aritco","article_modified_time":"2025-08-20T13:26:25+00:00","og_image":[{"width":2560,"height":1707,"url":"https:\/\/www.aritco.com\/wp-content\/uploads\/2025\/06\/Vietnam-scaled.jpg","type":"image\/jpeg"}],"twitter_card":"summary_large_image","twitter_title":"\u0110\u1ed1i t\u00e1c Aritco t\u1ea1i Vi\u1ec7t Nam","twitter_description":"Ch\u00e0o m\u1eebng b\u1ea1n \u0111\u1ebfn v\u1edbi b\u1ea3n \u0111\u1ed3 ti\u1ec7n d\u1ee5ng c\u1ee7a ch\u00fang t\u00f4i v\u1ec1 c\u00e1c \u0111\u1ed1i t\u00e1c Aritco tr\u00ean to\u00e0n th\u1ebf gi\u1edbi! T\u1ea1i \u0111\u00e2y, b\u1ea1n s\u1ebd t\u00ecm th\u1ea5y t\u1ea5t c\u1ea3 c\u00e1c chi ti\u1ebft li\u00ean h\u1ec7 v\u00e0 \u0111\u1ecba ch\u1ec9 b\u1ea1n c\u1ea7n \u0111\u1ec3 li\u00ean h\u1ec7 v\u1edbi c\u00e1c \u0111\u1ea1i l\u00fd \u0111\u00e1ng tin c\u1eady c\u1ee7a ch\u00fang t\u00f4i.","twitter_image":"https:\/\/www.aritco.com\/wp-content\/uploads\/2025\/06\/Vietnam-scaled.jpg","twitter_misc":{"Est. reading time":"1 minute"},"schema":{"@context":"https:\/\/schema.org","@graph":[{"@type":"WebPage","@id":"https:\/\/www.aritco.com\/vi\/find-partner\/","url":"https:\/\/www.aritco.com\/vi\/find-partner\/","name":"\u0110\u1ed1i t\u00e1c Aritco t\u1ea1i Vi\u1ec7t Nam - Aritco","isPartOf":{"@id":"https:\/\/www.aritco.com\/vi\/#website"},"primaryImageOfPage":{"@id":"https:\/\/www.aritco.com\/vi\/find-partner\/#primaryimage"},"image":{"@id":"https:\/\/www.aritco.com\/vi\/find-partner\/#primaryimage"},"thumbnailUrl":"https:\/\/www.aritco.com\/wp-content\/uploads\/2025\/01\/2014.jpg","datePublished":"2025-01-23T13:44:18+00:00","dateModified":"2025-08-20T13:26:25+00:00","description":"Ch\u00e0o m\u1eebng b\u1ea1n \u0111\u1ebfn v\u1edbi b\u1ea3n \u0111\u1ed3 ti\u1ec7n d\u1ee5ng c\u1ee7a ch\u00fang t\u00f4i v\u1ec1 c\u00e1c \u0111\u1ed1i t\u00e1c Aritco tr\u00ean to\u00e0n th\u1ebf gi\u1edbi! T\u1ea1i \u0111\u00e2y, b\u1ea1n s\u1ebd t\u00ecm th\u1ea5y t\u1ea5t c\u1ea3 c\u00e1c chi ti\u1ebft li\u00ean h\u1ec7 v\u00e0 \u0111\u1ecba ch\u1ec9 b\u1ea1n c\u1ea7n \u0111\u1ec3 li\u00ean h\u1ec7 v\u1edbi c\u00e1c \u0111\u1ea1i l\u00fd \u0111\u00e1ng tin c\u1eady c\u1ee7a ch\u00fang t\u00f4i.","inLanguage":"vi-VN","potentialAction":[{"@type":"ReadAction","target":["https:\/\/www.aritco.com\/vi\/find-partner\/"]}]},{"@type":"ImageObject","inLanguage":"vi-VN","@id":"https:\/\/www.aritco.com\/vi\/find-partner\/#primaryimage","url":"https:\/\/www.aritco.com\/wp-content\/uploads\/2025\/01\/2014.jpg","contentUrl":"https:\/\/www.aritco.com\/wp-content\/uploads\/2025\/01\/2014.jpg","width":1400,"height":788},{"@type":"WebSite","@id":"https:\/\/www.aritco.com\/vi\/#website","url":"https:\/\/www.aritco.com\/vi\/","name":"Aritco","description":"Award-winning lifts for homes and public and commercial use","publisher":{"@id":"https:\/\/www.aritco.com\/vi\/#organization"},"potentialAction":[{"@type":"SearchAction","target":{"@type":"EntryPoint","urlTemplate":"https:\/\/www.aritco.com\/vi\/?s={search_term_string}"},"query-input":{"@type":"PropertyValueSpecification","valueRequired":true,"valueName":"search_term_string"}}],"inLanguage":"vi-VN"},{"@type":"Organization","@id":"https:\/\/www.aritco.com\/vi\/#organization","name":"Aritco","url":"https:\/\/www.aritco.com\/vi\/","logo":{"@type":"ImageObject","inLanguage":"vi-VN","@id":"https:\/\/www.aritco.com\/vi\/#\/schema\/logo\/image\/","url":"https:\/\/www.aritco.com\/wp-content\/uploads\/2019\/05\/vertical-3.svg","contentUrl":"https:\/\/www.aritco.com\/wp-content\/uploads\/2019\/05\/vertical-3.svg","width":1,"height":1,"caption":"Aritco"},"image":{"@id":"https:\/\/www.aritco.com\/vi\/#\/schema\/logo\/image\/"},"publishingPrinciples":"https:\/\/www.aritco.com\/about-aritco\/"}]}},"_links":{"self":[{"href":"https:\/\/www.aritco.com\/vi\/wp-json\/wp\/v2\/pages\/61076","targetHints":{"allow":["GET"]}}],"collection":[{"href":"https:\/\/www.aritco.com\/vi\/wp-json\/wp\/v2\/pages"}],"about":[{"href":"https:\/\/www.aritco.com\/vi\/wp-json\/wp\/v2\/types\/page"}],"author":[{"embeddable":true,"href":"https:\/\/www.aritco.com\/vi\/wp-json\/wp\/v2\/users\/12"}],"replies":[{"embeddable":true,"href":"https:\/\/www.aritco.com\/vi\/wp-json\/wp\/v2\/comments?post=61076"}],"version-history":[{"count":4,"href":"https:\/\/www.aritco.com\/vi\/wp-json\/wp\/v2\/pages\/61076\/revisions"}],"predecessor-version":[{"id":61856,"href":"https:\/\/www.aritco.com\/vi\/wp-json\/wp\/v2\/pages\/61076\/revisions\/61856"}],"wp:featuredmedia":[{"embeddable":true,"href":"https:\/\/www.aritco.com\/vi\/wp-json\/wp\/v2\/media\/58396"}],"wp:attachment":[{"href":"https:\/\/www.aritco.com\/vi\/wp-json\/wp\/v2\/media?parent=61076"}],"curies":[{"name":"wp","href":"https:\/\/api.w.org\/{rel}","templated":true}]}}