{"id":52704,"date":"2024-07-03T14:56:08","date_gmt":"2024-07-03T12:56:08","guid":{"rendered":"https:\/\/aritco.kumpan.dev\/?page_id=52704"},"modified":"2024-07-03T15:30:30","modified_gmt":"2024-07-03T13:30:30","slug":"nang-nguoi-khuyet-tat","status":"publish","type":"page","link":"https:\/\/www.aritco.com\/vi\/nang-nguoi-khuyet-tat\/","title":{"rendered":"N\u00e2ng ng\u01b0\u1eddi khuy\u1ebft t\u1eadt"},"content":{"rendered":"","protected":false},"excerpt":{"rendered":"","protected":false},"author":10,"featured_media":52110,"parent":0,"menu_order":0,"comment_status":"closed","ping_status":"closed","template":"","meta":{"_acf_changed":false,"footnotes":""},"class_list":["post-52704","page","type-page","status-publish","has-post-thumbnail","hentry"],"acf":[],"yoast_head":"<!-- This site is optimized with the Yoast SEO Premium plugin v26.6 (Yoast SEO v26.6) - https:\/\/yoast.com\/wordpress\/plugins\/seo\/ -->\n<title>Thang m\u00e1y d\u00e0nh cho ng\u01b0\u1eddi khuy\u1ebft t\u1eadt \u0111\u1ec3 ti\u1ebfp c\u1eadn nh\u00e0 t\u1ed1t h\u01a1n - Aritco<\/title>\n<meta name=\"description\" content=\"Thang m\u00e1y gia \u0111\u00ecnh d\u00e0nh cho nh\u1eefng ng\u01b0\u1eddi c\u1ea7n h\u1ed7 tr\u1ee3 tay v\u1ecbn ho\u1eb7c g\u1eb7p kh\u00f3 kh\u0103n khi \u0111i l\u00ean c\u1ea7u thang. Kh\u1ea3 n\u0103ng ti\u1ebfp c\u1eadn t\u1ed1t h\u01a1n cho ng\u00f4i nh\u00e0 c\u1ee7a b\u1ea1n.\" \/>\n<meta name=\"robots\" content=\"index, follow, max-snippet:-1, max-image-preview:large, max-video-preview:-1\" \/>\n<link rel=\"canonical\" href=\"https:\/\/www.aritco.com\/vi\/nang-nguoi-khuyet-tat\/\" \/>\n<meta property=\"og:locale\" content=\"vi_VN\" \/>\n<meta property=\"og:type\" content=\"article\" \/>\n<meta property=\"og:title\" content=\"N\u00e2ng ng\u01b0\u1eddi khuy\u1ebft t\u1eadt\" \/>\n<meta property=\"og:description\" content=\"Thang m\u00e1y gia \u0111\u00ecnh d\u00e0nh cho nh\u1eefng ng\u01b0\u1eddi c\u1ea7n h\u1ed7 tr\u1ee3 tay v\u1ecbn ho\u1eb7c g\u1eb7p kh\u00f3 kh\u0103n khi \u0111i l\u00ean c\u1ea7u thang. Kh\u1ea3 n\u0103ng ti\u1ebfp c\u1eadn t\u1ed1t h\u01a1n cho ng\u00f4i nh\u00e0 c\u1ee7a b\u1ea1n.\" \/>\n<meta property=\"og:url\" content=\"https:\/\/www.aritco.com\/vi\/nang-nguoi-khuyet-tat\/\" \/>\n<meta property=\"og:site_name\" content=\"Aritco\" \/>\n<meta property=\"article:modified_time\" content=\"2024-07-03T13:30:30+00:00\" \/>\n<meta property=\"og:image\" content=\"https:\/\/www.aritco.com\/\/wp-content\/webpc-passthru.php?src=https:\/\/www.aritco.com\/wp-content\/uploads\/2024\/05\/Aritco-HomeLift-Access-web-scaled.jpg&amp;nocache=1\" \/>\n<meta name=\"twitter:card\" content=\"summary_large_image\" \/>\n<meta name=\"twitter:label1\" content=\"Est. reading time\" \/>\n\t<meta name=\"twitter:data1\" content=\"1 minute\" \/>\n<script type=\"application\/ld+json\" class=\"yoast-schema-graph\">{\"@context\":\"https:\/\/schema.org\",\"@graph\":[{\"@type\":\"WebPage\",\"@id\":\"https:\/\/www.aritco.com\/vi\/nang-nguoi-khuyet-tat\/\",\"url\":\"https:\/\/www.aritco.com\/vi\/nang-nguoi-khuyet-tat\/\",\"name\":\"Thang m\u00e1y d\u00e0nh cho ng\u01b0\u1eddi khuy\u1ebft t\u1eadt \u0111\u1ec3 ti\u1ebfp c\u1eadn nh\u00e0 t\u1ed1t h\u01a1n - Aritco\",\"isPartOf\":{\"@id\":\"https:\/\/www.aritco.com\/vi\/#website\"},\"primaryImageOfPage\":{\"@id\":\"https:\/\/www.aritco.com\/vi\/nang-nguoi-khuyet-tat\/#primaryimage\"},\"image\":{\"@id\":\"https:\/\/www.aritco.com\/vi\/nang-nguoi-khuyet-tat\/#primaryimage\"},\"thumbnailUrl\":\"https:\/\/www.aritco.com\/wp-content\/uploads\/2024\/05\/Aritco-HomeLift-Access-web-scaled.jpg\",\"datePublished\":\"2024-07-03T12:56:08+00:00\",\"dateModified\":\"2024-07-03T13:30:30+00:00\",\"description\":\"Thang m\u00e1y gia \u0111\u00ecnh d\u00e0nh cho nh\u1eefng ng\u01b0\u1eddi c\u1ea7n h\u1ed7 tr\u1ee3 tay v\u1ecbn ho\u1eb7c g\u1eb7p kh\u00f3 kh\u0103n khi \u0111i l\u00ean c\u1ea7u thang. Kh\u1ea3 n\u0103ng ti\u1ebfp c\u1eadn t\u1ed1t h\u01a1n cho ng\u00f4i nh\u00e0 c\u1ee7a b\u1ea1n.\",\"inLanguage\":\"vi-VN\",\"potentialAction\":[{\"@type\":\"ReadAction\",\"target\":[\"https:\/\/www.aritco.com\/vi\/nang-nguoi-khuyet-tat\/\"]}]},{\"@type\":\"ImageObject\",\"inLanguage\":\"vi-VN\",\"@id\":\"https:\/\/www.aritco.com\/vi\/nang-nguoi-khuyet-tat\/#primaryimage\",\"url\":\"https:\/\/www.aritco.com\/wp-content\/uploads\/2024\/05\/Aritco-HomeLift-Access-web-scaled.jpg\",\"contentUrl\":\"https:\/\/www.aritco.com\/wp-content\/uploads\/2024\/05\/Aritco-HomeLift-Access-web-scaled.jpg\",\"width\":2560,\"height\":1440},{\"@type\":\"WebSite\",\"@id\":\"https:\/\/www.aritco.com\/vi\/#website\",\"url\":\"https:\/\/www.aritco.com\/vi\/\",\"name\":\"Aritco\",\"description\":\"Award-winning lifts for homes and public and commercial use\",\"publisher\":{\"@id\":\"https:\/\/www.aritco.com\/vi\/#organization\"},\"potentialAction\":[{\"@type\":\"SearchAction\",\"target\":{\"@type\":\"EntryPoint\",\"urlTemplate\":\"https:\/\/www.aritco.com\/vi\/?s={search_term_string}\"},\"query-input\":{\"@type\":\"PropertyValueSpecification\",\"valueRequired\":true,\"valueName\":\"search_term_string\"}}],\"inLanguage\":\"vi-VN\"},{\"@type\":\"Organization\",\"@id\":\"https:\/\/www.aritco.com\/vi\/#organization\",\"name\":\"Aritco\",\"url\":\"https:\/\/www.aritco.com\/vi\/\",\"logo\":{\"@type\":\"ImageObject\",\"inLanguage\":\"vi-VN\",\"@id\":\"https:\/\/www.aritco.com\/vi\/#\/schema\/logo\/image\/\",\"url\":\"https:\/\/www.aritco.com\/wp-content\/uploads\/2019\/05\/vertical-3.svg\",\"contentUrl\":\"https:\/\/www.aritco.com\/wp-content\/uploads\/2019\/05\/vertical-3.svg\",\"width\":1,\"height\":1,\"caption\":\"Aritco\"},\"image\":{\"@id\":\"https:\/\/www.aritco.com\/vi\/#\/schema\/logo\/image\/\"},\"publishingPrinciples\":\"https:\/\/www.aritco.com\/about-aritco\/\"}]}<\/script>\n<!-- \/ Yoast SEO Premium plugin. -->","yoast_head_json":{"title":"Thang m\u00e1y d\u00e0nh cho ng\u01b0\u1eddi khuy\u1ebft t\u1eadt \u0111\u1ec3 ti\u1ebfp c\u1eadn nh\u00e0 t\u1ed1t h\u01a1n - Aritco","description":"Thang m\u00e1y gia \u0111\u00ecnh d\u00e0nh cho nh\u1eefng ng\u01b0\u1eddi c\u1ea7n h\u1ed7 tr\u1ee3 tay v\u1ecbn ho\u1eb7c g\u1eb7p kh\u00f3 kh\u0103n khi \u0111i l\u00ean c\u1ea7u thang. Kh\u1ea3 n\u0103ng ti\u1ebfp c\u1eadn t\u1ed1t h\u01a1n cho ng\u00f4i nh\u00e0 c\u1ee7a b\u1ea1n.","robots":{"index":"index","follow":"follow","max-snippet":"max-snippet:-1","max-image-preview":"max-image-preview:large","max-video-preview":"max-video-preview:-1"},"canonical":"https:\/\/www.aritco.com\/vi\/nang-nguoi-khuyet-tat\/","og_locale":"vi_VN","og_type":"article","og_title":"N\u00e2ng ng\u01b0\u1eddi khuy\u1ebft t\u1eadt","og_description":"Thang m\u00e1y gia \u0111\u00ecnh d\u00e0nh cho nh\u1eefng ng\u01b0\u1eddi c\u1ea7n h\u1ed7 tr\u1ee3 tay v\u1ecbn ho\u1eb7c g\u1eb7p kh\u00f3 kh\u0103n khi \u0111i l\u00ean c\u1ea7u thang. Kh\u1ea3 n\u0103ng ti\u1ebfp c\u1eadn t\u1ed1t h\u01a1n cho ng\u00f4i nh\u00e0 c\u1ee7a b\u1ea1n.","og_url":"https:\/\/www.aritco.com\/vi\/nang-nguoi-khuyet-tat\/","og_site_name":"Aritco","article_modified_time":"2024-07-03T13:30:30+00:00","og_image":[{"url":"https:\/\/www.aritco.com\/\/wp-content\/webpc-passthru.php?src=https:\/\/www.aritco.com\/wp-content\/uploads\/2024\/05\/Aritco-HomeLift-Access-web-scaled.jpg&amp;nocache=1","type":"","width":"","height":""}],"twitter_card":"summary_large_image","twitter_misc":{"Est. reading time":"1 minute"},"schema":{"@context":"https:\/\/schema.org","@graph":[{"@type":"WebPage","@id":"https:\/\/www.aritco.com\/vi\/nang-nguoi-khuyet-tat\/","url":"https:\/\/www.aritco.com\/vi\/nang-nguoi-khuyet-tat\/","name":"Thang m\u00e1y d\u00e0nh cho ng\u01b0\u1eddi khuy\u1ebft t\u1eadt \u0111\u1ec3 ti\u1ebfp c\u1eadn nh\u00e0 t\u1ed1t h\u01a1n - Aritco","isPartOf":{"@id":"https:\/\/www.aritco.com\/vi\/#website"},"primaryImageOfPage":{"@id":"https:\/\/www.aritco.com\/vi\/nang-nguoi-khuyet-tat\/#primaryimage"},"image":{"@id":"https:\/\/www.aritco.com\/vi\/nang-nguoi-khuyet-tat\/#primaryimage"},"thumbnailUrl":"https:\/\/www.aritco.com\/wp-content\/uploads\/2024\/05\/Aritco-HomeLift-Access-web-scaled.jpg","datePublished":"2024-07-03T12:56:08+00:00","dateModified":"2024-07-03T13:30:30+00:00","description":"Thang m\u00e1y gia \u0111\u00ecnh d\u00e0nh cho nh\u1eefng ng\u01b0\u1eddi c\u1ea7n h\u1ed7 tr\u1ee3 tay v\u1ecbn ho\u1eb7c g\u1eb7p kh\u00f3 kh\u0103n khi \u0111i l\u00ean c\u1ea7u thang. Kh\u1ea3 n\u0103ng ti\u1ebfp c\u1eadn t\u1ed1t h\u01a1n cho ng\u00f4i nh\u00e0 c\u1ee7a b\u1ea1n.","inLanguage":"vi-VN","potentialAction":[{"@type":"ReadAction","target":["https:\/\/www.aritco.com\/vi\/nang-nguoi-khuyet-tat\/"]}]},{"@type":"ImageObject","inLanguage":"vi-VN","@id":"https:\/\/www.aritco.com\/vi\/nang-nguoi-khuyet-tat\/#primaryimage","url":"https:\/\/www.aritco.com\/wp-content\/uploads\/2024\/05\/Aritco-HomeLift-Access-web-scaled.jpg","contentUrl":"https:\/\/www.aritco.com\/wp-content\/uploads\/2024\/05\/Aritco-HomeLift-Access-web-scaled.jpg","width":2560,"height":1440},{"@type":"WebSite","@id":"https:\/\/www.aritco.com\/vi\/#website","url":"https:\/\/www.aritco.com\/vi\/","name":"Aritco","description":"Award-winning lifts for homes and public and commercial use","publisher":{"@id":"https:\/\/www.aritco.com\/vi\/#organization"},"potentialAction":[{"@type":"SearchAction","target":{"@type":"EntryPoint","urlTemplate":"https:\/\/www.aritco.com\/vi\/?s={search_term_string}"},"query-input":{"@type":"PropertyValueSpecification","valueRequired":true,"valueName":"search_term_string"}}],"inLanguage":"vi-VN"},{"@type":"Organization","@id":"https:\/\/www.aritco.com\/vi\/#organization","name":"Aritco","url":"https:\/\/www.aritco.com\/vi\/","logo":{"@type":"ImageObject","inLanguage":"vi-VN","@id":"https:\/\/www.aritco.com\/vi\/#\/schema\/logo\/image\/","url":"https:\/\/www.aritco.com\/wp-content\/uploads\/2019\/05\/vertical-3.svg","contentUrl":"https:\/\/www.aritco.com\/wp-content\/uploads\/2019\/05\/vertical-3.svg","width":1,"height":1,"caption":"Aritco"},"image":{"@id":"https:\/\/www.aritco.com\/vi\/#\/schema\/logo\/image\/"},"publishingPrinciples":"https:\/\/www.aritco.com\/about-aritco\/"}]}},"_links":{"self":[{"href":"https:\/\/www.aritco.com\/vi\/wp-json\/wp\/v2\/pages\/52704","targetHints":{"allow":["GET"]}}],"collection":[{"href":"https:\/\/www.aritco.com\/vi\/wp-json\/wp\/v2\/pages"}],"about":[{"href":"https:\/\/www.aritco.com\/vi\/wp-json\/wp\/v2\/types\/page"}],"author":[{"embeddable":true,"href":"https:\/\/www.aritco.com\/vi\/wp-json\/wp\/v2\/users\/10"}],"replies":[{"embeddable":true,"href":"https:\/\/www.aritco.com\/vi\/wp-json\/wp\/v2\/comments?post=52704"}],"version-history":[{"count":3,"href":"https:\/\/www.aritco.com\/vi\/wp-json\/wp\/v2\/pages\/52704\/revisions"}],"predecessor-version":[{"id":52714,"href":"https:\/\/www.aritco.com\/vi\/wp-json\/wp\/v2\/pages\/52704\/revisions\/52714"}],"wp:featuredmedia":[{"embeddable":true,"href":"https:\/\/www.aritco.com\/vi\/wp-json\/wp\/v2\/media\/52110"}],"wp:attachment":[{"href":"https:\/\/www.aritco.com\/vi\/wp-json\/wp\/v2\/media?parent=52704"}],"curies":[{"name":"wp","href":"https:\/\/api.w.org\/{rel}","templated":true}]}}