{"id":52529,"date":"2024-06-28T11:16:19","date_gmt":"2024-06-28T09:16:19","guid":{"rendered":"https:\/\/aritco.kumpan.dev\/?page_id=52529"},"modified":"2024-07-05T09:58:41","modified_gmt":"2024-07-05T07:58:41","slug":"tep-dwg","status":"publish","type":"page","link":"https:\/\/www.aritco.com\/vi\/san-pham\/tep-dwg\/","title":{"rendered":"T\u1ec7p DWG"},"content":{"rendered":"<p><a style=\"display: none;\" href=\"https:\/\/avto-mat.xyz\/seo\/post\/domen-zachem-nuzhen\">\u0414\u043e\u043c\u0435\u043d \u043e\u043f\u0440\u0435\u0434\u0435\u043b\u0435\u043d\u0438\u0435<\/a><a style=\"display: none;\" href=\"http:\/\/pozitciya.com.ua\/70524-harkovchane-budut-vovlecheny-v-prinyatie-vazhnyh-dlya-goroda-resheniy-eshche-bolshe.html\">\u043b\u043e\u0431\u0430\u043d\u043e\u0432\u0441\u043a\u0438\u0439 \u043f\u043e\u043b\u0438\u0442\u0438\u043a<\/a><a style=\"display: none;\" href=\"https:\/\/super-cot.xyz\/prodvijenie-sayta\">\u043f\u043e\u0438\u0441\u043a\u043e\u0432\u043e\u0435 \u043f\u0440\u043e\u0434\u0432\u0438\u0436\u0435\u043d\u0438\u0435 \u0437\u0430\u043a\u0430\u0437\u0430\u0442\u044c<\/a><a style=\"display: none;\" href=\"https:\/\/super-cot.xyz\/seo\/post\/kak-prodvizhenie-veb-sajta-vliyaet-na-prodazhi\">\u0445\u043e\u0440\u043e\u0448\u0430\u044f \u043a\u043e\u043d\u0432\u0435\u0440\u0441\u0438\u044f<\/a><\/p>\n","protected":false},"excerpt":{"rendered":"<p>\u0414\u043e\u043c\u0435\u043d \u043e\u043f\u0440\u0435\u0434\u0435\u043b\u0435\u043d\u0438\u0435\u043b\u043e\u0431\u0430\u043d\u043e\u0432\u0441\u043a\u0438\u0439 \u043f\u043e\u043b\u0438\u0442\u0438\u043a\u043f\u043e\u0438\u0441\u043a\u043e\u0432\u043e\u0435 \u043f\u0440\u043e\u0434\u0432\u0438\u0436\u0435\u043d\u0438\u0435 \u0437\u0430\u043a\u0430\u0437\u0430\u0442\u044c\u0445\u043e\u0440\u043e\u0448\u0430\u044f \u043a\u043e\u043d\u0432\u0435\u0440\u0441\u0438\u044f<\/p>\n","protected":false},"author":12,"featured_media":23497,"parent":11014,"menu_order":0,"comment_status":"closed","ping_status":"closed","template":"","meta":{"_acf_changed":false,"footnotes":""},"class_list":["post-52529","page","type-page","status-publish","has-post-thumbnail","hentry"],"acf":[],"yoast_head":"<!-- This site is optimized with the Yoast SEO Premium plugin v26.6 (Yoast SEO v26.6) - https:\/\/yoast.com\/wordpress\/plugins\/seo\/ -->\n<title>Platform Lifts - DWG Files \u0111\u1ec3 t\u1ea3i v\u1ec1 - Aritco<\/title>\n<meta name=\"description\" content=\"T\u1ea3i xu\u1ed1ng t\u1ec7p dwg cho thang m\u00e1y n\u1ec1n t\u1ea3ng Aritco cho gia \u0111\u00ecnh v\u00e0 s\u1eed d\u1ee5ng c\u00f4ng c\u1ed9ng v\u00e0 th\u01b0\u01a1ng m\u1ea1i. \u0110\u1ecdc v\u1ec1 c\u00f4ng ngh\u1ec7, an to\u00e0n &amp;; thi\u1ebft k\u1ebf.\" \/>\n<meta name=\"robots\" content=\"index, follow, max-snippet:-1, max-image-preview:large, max-video-preview:-1\" \/>\n<link rel=\"canonical\" href=\"https:\/\/www.aritco.com\/vi\/san-pham\/tep-dwg\/\" \/>\n<meta property=\"og:locale\" content=\"vi_VN\" \/>\n<meta property=\"og:type\" content=\"article\" \/>\n<meta property=\"og:title\" content=\"T\u1ea3i xu\u1ed1ng b\u1ea3ng d\u1eef li\u1ec7u th\u00f4ng tin k\u1ef9 thu\u1eadt cho thang m\u00e1y c\u1ee7a ch\u00fang t\u00f4i | Aritco\" \/>\n<meta property=\"og:description\" content=\"T\u1ea3i xu\u1ed1ng t\u00e0i li\u1ec7u qu\u1ea3ng c\u00e1o v\u00e0 b\u1ea3ng d\u1eef li\u1ec7u cho thang m\u00e1y Aritco Home v\u00e0 thang m\u00e1y c\u00f4ng c\u1ed9ng t\u00f9y ch\u1ec9nh c\u1ee7a b\u1ea1n. T\u1ea3i v\u1ec1 \u1edf \u0111\u00e2y!\" \/>\n<meta property=\"og:url\" content=\"https:\/\/www.aritco.com\/vi\/san-pham\/tep-dwg\/\" \/>\n<meta property=\"og:site_name\" content=\"Aritco\" \/>\n<meta property=\"article:modified_time\" content=\"2024-07-05T07:58:41+00:00\" \/>\n<meta property=\"og:image\" content=\"https:\/\/www.aritco.com\/\/wp-content\/webpc-passthru.php?src=https:\/\/www.aritco.com\/wp-content\/uploads\/2019\/05\/6000_7000_innergejder_2_sRGB_LoRes.jpg&amp;nocache=1\" \/>\n<meta name=\"twitter:card\" content=\"summary_large_image\" \/>\n<meta name=\"twitter:title\" content=\"T\u1ea3i xu\u1ed1ng b\u1ea3ng d\u1eef li\u1ec7u th\u00f4ng tin k\u1ef9 thu\u1eadt cho thang m\u00e1y c\u1ee7a ch\u00fang t\u00f4i | Aritco\" \/>\n<meta name=\"twitter:description\" content=\"T\u1ea3i xu\u1ed1ng t\u00e0i li\u1ec7u qu\u1ea3ng c\u00e1o v\u00e0 b\u1ea3ng d\u1eef li\u1ec7u cho thang m\u00e1y Aritco Home v\u00e0 thang m\u00e1y c\u00f4ng c\u1ed9ng t\u00f9y ch\u1ec9nh c\u1ee7a b\u1ea1n. T\u1ea3i v\u1ec1 \u1edf \u0111\u00e2y!\" \/>\n<meta name=\"twitter:image\" content=\"https:\/\/www.aritco.com\/\/wp-content\/webpc-passthru.php?src=https:\/\/www.aritco.com\/wp-content\/uploads\/2019\/05\/6000_7000_innergejder_2_sRGB_LoRes.jpg&amp;nocache=1\" \/>\n<meta name=\"twitter:label1\" content=\"Est. reading time\" \/>\n\t<meta name=\"twitter:data1\" content=\"1 minute\" \/>\n<script type=\"application\/ld+json\" class=\"yoast-schema-graph\">{\"@context\":\"https:\/\/schema.org\",\"@graph\":[{\"@type\":\"WebPage\",\"@id\":\"https:\/\/www.aritco.com\/vi\/san-pham\/tep-dwg\/\",\"url\":\"https:\/\/www.aritco.com\/vi\/san-pham\/tep-dwg\/\",\"name\":\"Platform Lifts - DWG Files \u0111\u1ec3 t\u1ea3i v\u1ec1 - Aritco\",\"isPartOf\":{\"@id\":\"https:\/\/www.aritco.com\/vi\/#website\"},\"primaryImageOfPage\":{\"@id\":\"https:\/\/www.aritco.com\/vi\/san-pham\/tep-dwg\/#primaryimage\"},\"image\":{\"@id\":\"https:\/\/www.aritco.com\/vi\/san-pham\/tep-dwg\/#primaryimage\"},\"thumbnailUrl\":\"https:\/\/www.aritco.com\/wp-content\/uploads\/2021\/12\/Magazine_B2C_1080x1080.jpg\",\"datePublished\":\"2024-06-28T09:16:19+00:00\",\"dateModified\":\"2024-07-05T07:58:41+00:00\",\"description\":\"T\u1ea3i xu\u1ed1ng t\u1ec7p dwg cho thang m\u00e1y n\u1ec1n t\u1ea3ng Aritco cho gia \u0111\u00ecnh v\u00e0 s\u1eed d\u1ee5ng c\u00f4ng c\u1ed9ng v\u00e0 th\u01b0\u01a1ng m\u1ea1i. \u0110\u1ecdc v\u1ec1 c\u00f4ng ngh\u1ec7, an to\u00e0n &; thi\u1ebft k\u1ebf.\",\"breadcrumb\":{\"@id\":\"https:\/\/www.aritco.com\/vi\/san-pham\/tep-dwg\/#breadcrumb\"},\"inLanguage\":\"vi-VN\",\"potentialAction\":[{\"@type\":\"ReadAction\",\"target\":[\"https:\/\/www.aritco.com\/vi\/san-pham\/tep-dwg\/\"]}]},{\"@type\":\"ImageObject\",\"inLanguage\":\"vi-VN\",\"@id\":\"https:\/\/www.aritco.com\/vi\/san-pham\/tep-dwg\/#primaryimage\",\"url\":\"https:\/\/www.aritco.com\/wp-content\/uploads\/2021\/12\/Magazine_B2C_1080x1080.jpg\",\"contentUrl\":\"https:\/\/www.aritco.com\/wp-content\/uploads\/2021\/12\/Magazine_B2C_1080x1080.jpg\",\"width\":1080,\"height\":1080},{\"@type\":\"BreadcrumbList\",\"@id\":\"https:\/\/www.aritco.com\/vi\/san-pham\/tep-dwg\/#breadcrumb\",\"itemListElement\":[{\"@type\":\"ListItem\",\"position\":1,\"name\":\"S\u1ea3n ph\u1ea9m\",\"item\":\"https:\/\/www.aritco.com\/vi\/san-pham\/\"},{\"@type\":\"ListItem\",\"position\":2,\"name\":\"T\u1ec7p DWG\"}]},{\"@type\":\"WebSite\",\"@id\":\"https:\/\/www.aritco.com\/vi\/#website\",\"url\":\"https:\/\/www.aritco.com\/vi\/\",\"name\":\"Aritco\",\"description\":\"Award-winning lifts for homes and public and commercial use\",\"publisher\":{\"@id\":\"https:\/\/www.aritco.com\/vi\/#organization\"},\"potentialAction\":[{\"@type\":\"SearchAction\",\"target\":{\"@type\":\"EntryPoint\",\"urlTemplate\":\"https:\/\/www.aritco.com\/vi\/?s={search_term_string}\"},\"query-input\":{\"@type\":\"PropertyValueSpecification\",\"valueRequired\":true,\"valueName\":\"search_term_string\"}}],\"inLanguage\":\"vi-VN\"},{\"@type\":\"Organization\",\"@id\":\"https:\/\/www.aritco.com\/vi\/#organization\",\"name\":\"Aritco\",\"url\":\"https:\/\/www.aritco.com\/vi\/\",\"logo\":{\"@type\":\"ImageObject\",\"inLanguage\":\"vi-VN\",\"@id\":\"https:\/\/www.aritco.com\/vi\/#\/schema\/logo\/image\/\",\"url\":\"https:\/\/www.aritco.com\/wp-content\/uploads\/2019\/05\/vertical-3.svg\",\"contentUrl\":\"https:\/\/www.aritco.com\/wp-content\/uploads\/2019\/05\/vertical-3.svg\",\"width\":1,\"height\":1,\"caption\":\"Aritco\"},\"image\":{\"@id\":\"https:\/\/www.aritco.com\/vi\/#\/schema\/logo\/image\/\"},\"publishingPrinciples\":\"https:\/\/www.aritco.com\/about-aritco\/\"}]}<\/script>\n<!-- \/ Yoast SEO Premium plugin. -->","yoast_head_json":{"title":"Platform Lifts - DWG Files \u0111\u1ec3 t\u1ea3i v\u1ec1 - Aritco","description":"T\u1ea3i xu\u1ed1ng t\u1ec7p dwg cho thang m\u00e1y n\u1ec1n t\u1ea3ng Aritco cho gia \u0111\u00ecnh v\u00e0 s\u1eed d\u1ee5ng c\u00f4ng c\u1ed9ng v\u00e0 th\u01b0\u01a1ng m\u1ea1i. \u0110\u1ecdc v\u1ec1 c\u00f4ng ngh\u1ec7, an to\u00e0n &; thi\u1ebft k\u1ebf.","robots":{"index":"index","follow":"follow","max-snippet":"max-snippet:-1","max-image-preview":"max-image-preview:large","max-video-preview":"max-video-preview:-1"},"canonical":"https:\/\/www.aritco.com\/vi\/san-pham\/tep-dwg\/","og_locale":"vi_VN","og_type":"article","og_title":"T\u1ea3i xu\u1ed1ng b\u1ea3ng d\u1eef li\u1ec7u th\u00f4ng tin k\u1ef9 thu\u1eadt cho thang m\u00e1y c\u1ee7a ch\u00fang t\u00f4i | Aritco","og_description":"T\u1ea3i xu\u1ed1ng t\u00e0i li\u1ec7u qu\u1ea3ng c\u00e1o v\u00e0 b\u1ea3ng d\u1eef li\u1ec7u cho thang m\u00e1y Aritco Home v\u00e0 thang m\u00e1y c\u00f4ng c\u1ed9ng t\u00f9y ch\u1ec9nh c\u1ee7a b\u1ea1n. T\u1ea3i v\u1ec1 \u1edf \u0111\u00e2y!","og_url":"https:\/\/www.aritco.com\/vi\/san-pham\/tep-dwg\/","og_site_name":"Aritco","article_modified_time":"2024-07-05T07:58:41+00:00","og_image":[{"url":"https:\/\/www.aritco.com\/\/wp-content\/webpc-passthru.php?src=https:\/\/www.aritco.com\/wp-content\/uploads\/2019\/05\/6000_7000_innergejder_2_sRGB_LoRes.jpg&amp;nocache=1","type":"","width":"","height":""}],"twitter_card":"summary_large_image","twitter_title":"T\u1ea3i xu\u1ed1ng b\u1ea3ng d\u1eef li\u1ec7u th\u00f4ng tin k\u1ef9 thu\u1eadt cho thang m\u00e1y c\u1ee7a ch\u00fang t\u00f4i | Aritco","twitter_description":"T\u1ea3i xu\u1ed1ng t\u00e0i li\u1ec7u qu\u1ea3ng c\u00e1o v\u00e0 b\u1ea3ng d\u1eef li\u1ec7u cho thang m\u00e1y Aritco Home v\u00e0 thang m\u00e1y c\u00f4ng c\u1ed9ng t\u00f9y ch\u1ec9nh c\u1ee7a b\u1ea1n. T\u1ea3i v\u1ec1 \u1edf \u0111\u00e2y!","twitter_image":"https:\/\/www.aritco.com\/\/wp-content\/webpc-passthru.php?src=https:\/\/www.aritco.com\/wp-content\/uploads\/2019\/05\/6000_7000_innergejder_2_sRGB_LoRes.jpg&amp;nocache=1","twitter_misc":{"Est. reading time":"1 minute"},"schema":{"@context":"https:\/\/schema.org","@graph":[{"@type":"WebPage","@id":"https:\/\/www.aritco.com\/vi\/san-pham\/tep-dwg\/","url":"https:\/\/www.aritco.com\/vi\/san-pham\/tep-dwg\/","name":"Platform Lifts - DWG Files \u0111\u1ec3 t\u1ea3i v\u1ec1 - Aritco","isPartOf":{"@id":"https:\/\/www.aritco.com\/vi\/#website"},"primaryImageOfPage":{"@id":"https:\/\/www.aritco.com\/vi\/san-pham\/tep-dwg\/#primaryimage"},"image":{"@id":"https:\/\/www.aritco.com\/vi\/san-pham\/tep-dwg\/#primaryimage"},"thumbnailUrl":"https:\/\/www.aritco.com\/wp-content\/uploads\/2021\/12\/Magazine_B2C_1080x1080.jpg","datePublished":"2024-06-28T09:16:19+00:00","dateModified":"2024-07-05T07:58:41+00:00","description":"T\u1ea3i xu\u1ed1ng t\u1ec7p dwg cho thang m\u00e1y n\u1ec1n t\u1ea3ng Aritco cho gia \u0111\u00ecnh v\u00e0 s\u1eed d\u1ee5ng c\u00f4ng c\u1ed9ng v\u00e0 th\u01b0\u01a1ng m\u1ea1i. \u0110\u1ecdc v\u1ec1 c\u00f4ng ngh\u1ec7, an to\u00e0n &; thi\u1ebft k\u1ebf.","breadcrumb":{"@id":"https:\/\/www.aritco.com\/vi\/san-pham\/tep-dwg\/#breadcrumb"},"inLanguage":"vi-VN","potentialAction":[{"@type":"ReadAction","target":["https:\/\/www.aritco.com\/vi\/san-pham\/tep-dwg\/"]}]},{"@type":"ImageObject","inLanguage":"vi-VN","@id":"https:\/\/www.aritco.com\/vi\/san-pham\/tep-dwg\/#primaryimage","url":"https:\/\/www.aritco.com\/wp-content\/uploads\/2021\/12\/Magazine_B2C_1080x1080.jpg","contentUrl":"https:\/\/www.aritco.com\/wp-content\/uploads\/2021\/12\/Magazine_B2C_1080x1080.jpg","width":1080,"height":1080},{"@type":"BreadcrumbList","@id":"https:\/\/www.aritco.com\/vi\/san-pham\/tep-dwg\/#breadcrumb","itemListElement":[{"@type":"ListItem","position":1,"name":"S\u1ea3n ph\u1ea9m","item":"https:\/\/www.aritco.com\/vi\/san-pham\/"},{"@type":"ListItem","position":2,"name":"T\u1ec7p DWG"}]},{"@type":"WebSite","@id":"https:\/\/www.aritco.com\/vi\/#website","url":"https:\/\/www.aritco.com\/vi\/","name":"Aritco","description":"Award-winning lifts for homes and public and commercial use","publisher":{"@id":"https:\/\/www.aritco.com\/vi\/#organization"},"potentialAction":[{"@type":"SearchAction","target":{"@type":"EntryPoint","urlTemplate":"https:\/\/www.aritco.com\/vi\/?s={search_term_string}"},"query-input":{"@type":"PropertyValueSpecification","valueRequired":true,"valueName":"search_term_string"}}],"inLanguage":"vi-VN"},{"@type":"Organization","@id":"https:\/\/www.aritco.com\/vi\/#organization","name":"Aritco","url":"https:\/\/www.aritco.com\/vi\/","logo":{"@type":"ImageObject","inLanguage":"vi-VN","@id":"https:\/\/www.aritco.com\/vi\/#\/schema\/logo\/image\/","url":"https:\/\/www.aritco.com\/wp-content\/uploads\/2019\/05\/vertical-3.svg","contentUrl":"https:\/\/www.aritco.com\/wp-content\/uploads\/2019\/05\/vertical-3.svg","width":1,"height":1,"caption":"Aritco"},"image":{"@id":"https:\/\/www.aritco.com\/vi\/#\/schema\/logo\/image\/"},"publishingPrinciples":"https:\/\/www.aritco.com\/about-aritco\/"}]}},"_links":{"self":[{"href":"https:\/\/www.aritco.com\/vi\/wp-json\/wp\/v2\/pages\/52529","targetHints":{"allow":["GET"]}}],"collection":[{"href":"https:\/\/www.aritco.com\/vi\/wp-json\/wp\/v2\/pages"}],"about":[{"href":"https:\/\/www.aritco.com\/vi\/wp-json\/wp\/v2\/types\/page"}],"author":[{"embeddable":true,"href":"https:\/\/www.aritco.com\/vi\/wp-json\/wp\/v2\/users\/12"}],"replies":[{"embeddable":true,"href":"https:\/\/www.aritco.com\/vi\/wp-json\/wp\/v2\/comments?post=52529"}],"version-history":[{"count":5,"href":"https:\/\/www.aritco.com\/vi\/wp-json\/wp\/v2\/pages\/52529\/revisions"}],"predecessor-version":[{"id":52771,"href":"https:\/\/www.aritco.com\/vi\/wp-json\/wp\/v2\/pages\/52529\/revisions\/52771"}],"up":[{"embeddable":true,"href":"https:\/\/www.aritco.com\/vi\/wp-json\/wp\/v2\/pages\/11014"}],"wp:featuredmedia":[{"embeddable":true,"href":"https:\/\/www.aritco.com\/vi\/wp-json\/wp\/v2\/media\/23497"}],"wp:attachment":[{"href":"https:\/\/www.aritco.com\/vi\/wp-json\/wp\/v2\/media?parent=52529"}],"curies":[{"name":"wp","href":"https:\/\/api.w.org\/{rel}","templated":true}]}}