{"id":51943,"date":"2024-04-18T16:01:50","date_gmt":"2024-04-18T14:01:50","guid":{"rendered":"https:\/\/aritco.kumpan.dev\/?page_id=51943"},"modified":"2024-04-18T16:01:50","modified_gmt":"2024-04-18T14:01:50","slug":"thang-may-ngoai-troi","status":"publish","type":"page","link":"https:\/\/www.aritco.com\/vi\/san-pham\/thang-may-ngoai-troi\/","title":{"rendered":"Thang m\u00e1y ngo\u00e0i tr\u1eddi"},"content":{"rendered":"","protected":false},"excerpt":{"rendered":"","protected":false},"author":10,"featured_media":0,"parent":11014,"menu_order":0,"comment_status":"closed","ping_status":"closed","template":"","meta":{"_acf_changed":false,"footnotes":""},"class_list":["post-51943","page","type-page","status-publish","hentry"],"acf":[],"yoast_head":"<!-- This site is optimized with the Yoast SEO Premium plugin v26.6 (Yoast SEO v26.6) - https:\/\/yoast.com\/wordpress\/plugins\/seo\/ -->\n<title>Thang m\u00e1y ngo\u00e0i tr\u1eddi - Thang m\u00e1y ch\u1ed1ng ch\u1ecbu th\u1eddi ti\u1ebft v\u00e0 ti\u1ebft ki\u1ec7m kh\u00f4ng gian.<\/title>\n<meta name=\"description\" content=\"Thang m\u00e1y n\u1ec1n t\u1ea3ng ngo\u00e0i tr\u1eddi c\u1ee7a ch\u00fang t\u00f4i \u0111\u01b0\u1ee3c ch\u1ebf t\u1ea1o \u0111\u1eb7c bi\u1ec7t \u0111\u1ec3 ch\u1ecbu \u0111\u01b0\u1ee3c c\u00e1c \u0111i\u1ec1u ki\u1ec7n ngo\u00e0i tr\u1eddi, bao g\u1ed3m c\u1ea3 th\u1eddi ti\u1ebft v\u00e0 nhi\u1ec7t \u0111\u1ed9 kh\u00e1c nhau. Kh\u00e1m ph\u00e1 t\u1ea1i \u0111\u00e2y.\" \/>\n<meta name=\"robots\" content=\"index, follow, max-snippet:-1, max-image-preview:large, max-video-preview:-1\" \/>\n<link rel=\"canonical\" href=\"https:\/\/www.aritco.com\/vi\/san-pham\/thang-may-ngoai-troi\/\" \/>\n<meta property=\"og:locale\" content=\"vi_VN\" \/>\n<meta property=\"og:type\" content=\"article\" \/>\n<meta property=\"og:title\" content=\"Thang m\u00e1y ngo\u00e0i tr\u1eddi\" \/>\n<meta property=\"og:description\" content=\"Thang m\u00e1y n\u1ec1n t\u1ea3ng ngo\u00e0i tr\u1eddi c\u1ee7a ch\u00fang t\u00f4i \u0111\u01b0\u1ee3c ch\u1ebf t\u1ea1o \u0111\u1eb7c bi\u1ec7t \u0111\u1ec3 ch\u1ecbu \u0111\u01b0\u1ee3c c\u00e1c \u0111i\u1ec1u ki\u1ec7n ngo\u00e0i tr\u1eddi, bao g\u1ed3m c\u1ea3 th\u1eddi ti\u1ebft v\u00e0 nhi\u1ec7t \u0111\u1ed9 kh\u00e1c nhau. Kh\u00e1m ph\u00e1 t\u1ea1i \u0111\u00e2y.\" \/>\n<meta property=\"og:url\" content=\"https:\/\/www.aritco.com\/vi\/san-pham\/thang-may-ngoai-troi\/\" \/>\n<meta property=\"og:site_name\" content=\"Aritco\" \/>\n<meta name=\"twitter:card\" content=\"summary_large_image\" \/>\n<script type=\"application\/ld+json\" class=\"yoast-schema-graph\">{\"@context\":\"https:\/\/schema.org\",\"@graph\":[{\"@type\":\"WebPage\",\"@id\":\"https:\/\/www.aritco.com\/vi\/san-pham\/thang-may-ngoai-troi\/\",\"url\":\"https:\/\/www.aritco.com\/vi\/san-pham\/thang-may-ngoai-troi\/\",\"name\":\"Thang m\u00e1y ngo\u00e0i tr\u1eddi - Thang m\u00e1y ch\u1ed1ng ch\u1ecbu th\u1eddi ti\u1ebft v\u00e0 ti\u1ebft ki\u1ec7m kh\u00f4ng gian.\",\"isPartOf\":{\"@id\":\"https:\/\/www.aritco.com\/vi\/#website\"},\"datePublished\":\"2024-04-18T14:01:50+00:00\",\"description\":\"Thang m\u00e1y n\u1ec1n t\u1ea3ng ngo\u00e0i tr\u1eddi c\u1ee7a ch\u00fang t\u00f4i \u0111\u01b0\u1ee3c ch\u1ebf t\u1ea1o \u0111\u1eb7c bi\u1ec7t \u0111\u1ec3 ch\u1ecbu \u0111\u01b0\u1ee3c c\u00e1c \u0111i\u1ec1u ki\u1ec7n ngo\u00e0i tr\u1eddi, bao g\u1ed3m c\u1ea3 th\u1eddi ti\u1ebft v\u00e0 nhi\u1ec7t \u0111\u1ed9 kh\u00e1c nhau. Kh\u00e1m ph\u00e1 t\u1ea1i \u0111\u00e2y.\",\"breadcrumb\":{\"@id\":\"https:\/\/www.aritco.com\/vi\/san-pham\/thang-may-ngoai-troi\/#breadcrumb\"},\"inLanguage\":\"vi-VN\",\"potentialAction\":[{\"@type\":\"ReadAction\",\"target\":[\"https:\/\/www.aritco.com\/vi\/san-pham\/thang-may-ngoai-troi\/\"]}]},{\"@type\":\"BreadcrumbList\",\"@id\":\"https:\/\/www.aritco.com\/vi\/san-pham\/thang-may-ngoai-troi\/#breadcrumb\",\"itemListElement\":[{\"@type\":\"ListItem\",\"position\":1,\"name\":\"S\u1ea3n ph\u1ea9m\",\"item\":\"https:\/\/www.aritco.com\/vi\/san-pham\/\"},{\"@type\":\"ListItem\",\"position\":2,\"name\":\"Thang m\u00e1y ngo\u00e0i tr\u1eddi\"}]},{\"@type\":\"WebSite\",\"@id\":\"https:\/\/www.aritco.com\/vi\/#website\",\"url\":\"https:\/\/www.aritco.com\/vi\/\",\"name\":\"Aritco\",\"description\":\"Award-winning lifts for homes and public and commercial use\",\"publisher\":{\"@id\":\"https:\/\/www.aritco.com\/vi\/#organization\"},\"potentialAction\":[{\"@type\":\"SearchAction\",\"target\":{\"@type\":\"EntryPoint\",\"urlTemplate\":\"https:\/\/www.aritco.com\/vi\/?s={search_term_string}\"},\"query-input\":{\"@type\":\"PropertyValueSpecification\",\"valueRequired\":true,\"valueName\":\"search_term_string\"}}],\"inLanguage\":\"vi-VN\"},{\"@type\":\"Organization\",\"@id\":\"https:\/\/www.aritco.com\/vi\/#organization\",\"name\":\"Aritco\",\"url\":\"https:\/\/www.aritco.com\/vi\/\",\"logo\":{\"@type\":\"ImageObject\",\"inLanguage\":\"vi-VN\",\"@id\":\"https:\/\/www.aritco.com\/vi\/#\/schema\/logo\/image\/\",\"url\":\"https:\/\/www.aritco.com\/wp-content\/uploads\/2019\/05\/vertical-3.svg\",\"contentUrl\":\"https:\/\/www.aritco.com\/wp-content\/uploads\/2019\/05\/vertical-3.svg\",\"width\":1,\"height\":1,\"caption\":\"Aritco\"},\"image\":{\"@id\":\"https:\/\/www.aritco.com\/vi\/#\/schema\/logo\/image\/\"},\"publishingPrinciples\":\"https:\/\/www.aritco.com\/about-aritco\/\"}]}<\/script>\n<!-- \/ Yoast SEO Premium plugin. -->","yoast_head_json":{"title":"Thang m\u00e1y ngo\u00e0i tr\u1eddi - Thang m\u00e1y ch\u1ed1ng ch\u1ecbu th\u1eddi ti\u1ebft v\u00e0 ti\u1ebft ki\u1ec7m kh\u00f4ng gian.","description":"Thang m\u00e1y n\u1ec1n t\u1ea3ng ngo\u00e0i tr\u1eddi c\u1ee7a ch\u00fang t\u00f4i \u0111\u01b0\u1ee3c ch\u1ebf t\u1ea1o \u0111\u1eb7c bi\u1ec7t \u0111\u1ec3 ch\u1ecbu \u0111\u01b0\u1ee3c c\u00e1c \u0111i\u1ec1u ki\u1ec7n ngo\u00e0i tr\u1eddi, bao g\u1ed3m c\u1ea3 th\u1eddi ti\u1ebft v\u00e0 nhi\u1ec7t \u0111\u1ed9 kh\u00e1c nhau. Kh\u00e1m ph\u00e1 t\u1ea1i \u0111\u00e2y.","robots":{"index":"index","follow":"follow","max-snippet":"max-snippet:-1","max-image-preview":"max-image-preview:large","max-video-preview":"max-video-preview:-1"},"canonical":"https:\/\/www.aritco.com\/vi\/san-pham\/thang-may-ngoai-troi\/","og_locale":"vi_VN","og_type":"article","og_title":"Thang m\u00e1y ngo\u00e0i tr\u1eddi","og_description":"Thang m\u00e1y n\u1ec1n t\u1ea3ng ngo\u00e0i tr\u1eddi c\u1ee7a ch\u00fang t\u00f4i \u0111\u01b0\u1ee3c ch\u1ebf t\u1ea1o \u0111\u1eb7c bi\u1ec7t \u0111\u1ec3 ch\u1ecbu \u0111\u01b0\u1ee3c c\u00e1c \u0111i\u1ec1u ki\u1ec7n ngo\u00e0i tr\u1eddi, bao g\u1ed3m c\u1ea3 th\u1eddi ti\u1ebft v\u00e0 nhi\u1ec7t \u0111\u1ed9 kh\u00e1c nhau. Kh\u00e1m ph\u00e1 t\u1ea1i \u0111\u00e2y.","og_url":"https:\/\/www.aritco.com\/vi\/san-pham\/thang-may-ngoai-troi\/","og_site_name":"Aritco","twitter_card":"summary_large_image","schema":{"@context":"https:\/\/schema.org","@graph":[{"@type":"WebPage","@id":"https:\/\/www.aritco.com\/vi\/san-pham\/thang-may-ngoai-troi\/","url":"https:\/\/www.aritco.com\/vi\/san-pham\/thang-may-ngoai-troi\/","name":"Thang m\u00e1y ngo\u00e0i tr\u1eddi - Thang m\u00e1y ch\u1ed1ng ch\u1ecbu th\u1eddi ti\u1ebft v\u00e0 ti\u1ebft ki\u1ec7m kh\u00f4ng gian.","isPartOf":{"@id":"https:\/\/www.aritco.com\/vi\/#website"},"datePublished":"2024-04-18T14:01:50+00:00","description":"Thang m\u00e1y n\u1ec1n t\u1ea3ng ngo\u00e0i tr\u1eddi c\u1ee7a ch\u00fang t\u00f4i \u0111\u01b0\u1ee3c ch\u1ebf t\u1ea1o \u0111\u1eb7c bi\u1ec7t \u0111\u1ec3 ch\u1ecbu \u0111\u01b0\u1ee3c c\u00e1c \u0111i\u1ec1u ki\u1ec7n ngo\u00e0i tr\u1eddi, bao g\u1ed3m c\u1ea3 th\u1eddi ti\u1ebft v\u00e0 nhi\u1ec7t \u0111\u1ed9 kh\u00e1c nhau. Kh\u00e1m ph\u00e1 t\u1ea1i \u0111\u00e2y.","breadcrumb":{"@id":"https:\/\/www.aritco.com\/vi\/san-pham\/thang-may-ngoai-troi\/#breadcrumb"},"inLanguage":"vi-VN","potentialAction":[{"@type":"ReadAction","target":["https:\/\/www.aritco.com\/vi\/san-pham\/thang-may-ngoai-troi\/"]}]},{"@type":"BreadcrumbList","@id":"https:\/\/www.aritco.com\/vi\/san-pham\/thang-may-ngoai-troi\/#breadcrumb","itemListElement":[{"@type":"ListItem","position":1,"name":"S\u1ea3n ph\u1ea9m","item":"https:\/\/www.aritco.com\/vi\/san-pham\/"},{"@type":"ListItem","position":2,"name":"Thang m\u00e1y ngo\u00e0i tr\u1eddi"}]},{"@type":"WebSite","@id":"https:\/\/www.aritco.com\/vi\/#website","url":"https:\/\/www.aritco.com\/vi\/","name":"Aritco","description":"Award-winning lifts for homes and public and commercial use","publisher":{"@id":"https:\/\/www.aritco.com\/vi\/#organization"},"potentialAction":[{"@type":"SearchAction","target":{"@type":"EntryPoint","urlTemplate":"https:\/\/www.aritco.com\/vi\/?s={search_term_string}"},"query-input":{"@type":"PropertyValueSpecification","valueRequired":true,"valueName":"search_term_string"}}],"inLanguage":"vi-VN"},{"@type":"Organization","@id":"https:\/\/www.aritco.com\/vi\/#organization","name":"Aritco","url":"https:\/\/www.aritco.com\/vi\/","logo":{"@type":"ImageObject","inLanguage":"vi-VN","@id":"https:\/\/www.aritco.com\/vi\/#\/schema\/logo\/image\/","url":"https:\/\/www.aritco.com\/wp-content\/uploads\/2019\/05\/vertical-3.svg","contentUrl":"https:\/\/www.aritco.com\/wp-content\/uploads\/2019\/05\/vertical-3.svg","width":1,"height":1,"caption":"Aritco"},"image":{"@id":"https:\/\/www.aritco.com\/vi\/#\/schema\/logo\/image\/"},"publishingPrinciples":"https:\/\/www.aritco.com\/about-aritco\/"}]}},"_links":{"self":[{"href":"https:\/\/www.aritco.com\/vi\/wp-json\/wp\/v2\/pages\/51943","targetHints":{"allow":["GET"]}}],"collection":[{"href":"https:\/\/www.aritco.com\/vi\/wp-json\/wp\/v2\/pages"}],"about":[{"href":"https:\/\/www.aritco.com\/vi\/wp-json\/wp\/v2\/types\/page"}],"author":[{"embeddable":true,"href":"https:\/\/www.aritco.com\/vi\/wp-json\/wp\/v2\/users\/10"}],"replies":[{"embeddable":true,"href":"https:\/\/www.aritco.com\/vi\/wp-json\/wp\/v2\/comments?post=51943"}],"version-history":[{"count":2,"href":"https:\/\/www.aritco.com\/vi\/wp-json\/wp\/v2\/pages\/51943\/revisions"}],"predecessor-version":[{"id":51948,"href":"https:\/\/www.aritco.com\/vi\/wp-json\/wp\/v2\/pages\/51943\/revisions\/51948"}],"up":[{"embeddable":true,"href":"https:\/\/www.aritco.com\/vi\/wp-json\/wp\/v2\/pages\/11014"}],"wp:attachment":[{"href":"https:\/\/www.aritco.com\/vi\/wp-json\/wp\/v2\/media?parent=51943"}],"curies":[{"name":"wp","href":"https:\/\/api.w.org\/{rel}","templated":true}]}}