{"id":51940,"date":"2024-04-18T15:47:17","date_gmt":"2024-04-18T13:47:17","guid":{"rendered":"https:\/\/aritco.kumpan.dev\/?page_id=51940"},"modified":"2024-04-18T16:07:32","modified_gmt":"2024-04-18T14:07:32","slug":"he-thong-an-toan-thong-minh","status":"publish","type":"page","link":"https:\/\/www.aritco.com\/vi\/san-pham\/cong-nghe-va-an-toan\/he-thong-an-toan-thong-minh\/","title":{"rendered":"H\u1ec7 th\u1ed1ng an to\u00e0n th\u00f4ng minh"},"content":{"rendered":"","protected":false},"excerpt":{"rendered":"","protected":false},"author":10,"featured_media":0,"parent":11240,"menu_order":0,"comment_status":"closed","ping_status":"closed","template":"","meta":{"_acf_changed":false,"footnotes":""},"class_list":["post-51940","page","type-page","status-publish","hentry"],"acf":[],"yoast_head":"<!-- This site is optimized with the Yoast SEO Premium plugin v26.6 (Yoast SEO v26.6) - https:\/\/yoast.com\/wordpress\/plugins\/seo\/ -->\n<title>Thang m\u00e1y gia \u0111\u00ecnh an to\u00e0n v\u1edbi h\u1ec7 th\u1ed1ng an to\u00e0n th\u00f4ng minh Aritco - Aritco<\/title>\n<meta name=\"description\" content=\"An to\u00e0n l\u00e0 \u01b0u ti\u00ean h\u00e0ng \u0111\u1ea7u khi ph\u00e1t tri\u1ec3n thang m\u00e1y n\u1ec1n t\u1ea3ng c\u1ee7a ch\u00fang t\u00f4i. Do \u0111\u00f3, ch\u00fang t\u00f4i \u0111\u00e3 ph\u00e1t tri\u1ec3n h\u1ec7 th\u1ed1ng Aritco SmartSafety. \u0110\u1ecdc th\u00eam t\u1ea1i \u0111\u00e2y.\" \/>\n<meta name=\"robots\" content=\"index, follow, max-snippet:-1, max-image-preview:large, max-video-preview:-1\" \/>\n<link rel=\"canonical\" href=\"https:\/\/www.aritco.com\/vi\/san-pham\/cong-nghe-va-an-toan\/he-thong-an-toan-thong-minh\/\" \/>\n<meta property=\"og:locale\" content=\"vi_VN\" \/>\n<meta property=\"og:type\" content=\"article\" \/>\n<meta property=\"og:title\" content=\"H\u1ec7 th\u1ed1ng an to\u00e0n th\u00f4ng minh\" \/>\n<meta property=\"og:description\" content=\"An to\u00e0n l\u00e0 \u01b0u ti\u00ean h\u00e0ng \u0111\u1ea7u khi ph\u00e1t tri\u1ec3n thang m\u00e1y n\u1ec1n t\u1ea3ng c\u1ee7a ch\u00fang t\u00f4i. Do \u0111\u00f3, ch\u00fang t\u00f4i \u0111\u00e3 ph\u00e1t tri\u1ec3n h\u1ec7 th\u1ed1ng Aritco SmartSafety. \u0110\u1ecdc th\u00eam t\u1ea1i \u0111\u00e2y.\" \/>\n<meta property=\"og:url\" content=\"https:\/\/www.aritco.com\/vi\/san-pham\/cong-nghe-va-an-toan\/he-thong-an-toan-thong-minh\/\" \/>\n<meta property=\"og:site_name\" content=\"Aritco\" \/>\n<meta property=\"article:modified_time\" content=\"2024-04-18T14:07:32+00:00\" \/>\n<meta name=\"twitter:card\" content=\"summary_large_image\" \/>\n<script type=\"application\/ld+json\" class=\"yoast-schema-graph\">{\"@context\":\"https:\/\/schema.org\",\"@graph\":[{\"@type\":\"WebPage\",\"@id\":\"https:\/\/www.aritco.com\/vi\/san-pham\/cong-nghe-va-an-toan\/he-thong-an-toan-thong-minh\/\",\"url\":\"https:\/\/www.aritco.com\/vi\/san-pham\/cong-nghe-va-an-toan\/he-thong-an-toan-thong-minh\/\",\"name\":\"Thang m\u00e1y gia \u0111\u00ecnh an to\u00e0n v\u1edbi h\u1ec7 th\u1ed1ng an to\u00e0n th\u00f4ng minh Aritco - Aritco\",\"isPartOf\":{\"@id\":\"https:\/\/www.aritco.com\/vi\/#website\"},\"datePublished\":\"2024-04-18T13:47:17+00:00\",\"dateModified\":\"2024-04-18T14:07:32+00:00\",\"description\":\"An to\u00e0n l\u00e0 \u01b0u ti\u00ean h\u00e0ng \u0111\u1ea7u khi ph\u00e1t tri\u1ec3n thang m\u00e1y n\u1ec1n t\u1ea3ng c\u1ee7a ch\u00fang t\u00f4i. Do \u0111\u00f3, ch\u00fang t\u00f4i \u0111\u00e3 ph\u00e1t tri\u1ec3n h\u1ec7 th\u1ed1ng Aritco SmartSafety. \u0110\u1ecdc th\u00eam t\u1ea1i \u0111\u00e2y.\",\"breadcrumb\":{\"@id\":\"https:\/\/www.aritco.com\/vi\/san-pham\/cong-nghe-va-an-toan\/he-thong-an-toan-thong-minh\/#breadcrumb\"},\"inLanguage\":\"vi-VN\",\"potentialAction\":[{\"@type\":\"ReadAction\",\"target\":[\"https:\/\/www.aritco.com\/vi\/san-pham\/cong-nghe-va-an-toan\/he-thong-an-toan-thong-minh\/\"]}]},{\"@type\":\"BreadcrumbList\",\"@id\":\"https:\/\/www.aritco.com\/vi\/san-pham\/cong-nghe-va-an-toan\/he-thong-an-toan-thong-minh\/#breadcrumb\",\"itemListElement\":[{\"@type\":\"ListItem\",\"position\":1,\"name\":\"S\u1ea3n ph\u1ea9m\",\"item\":\"https:\/\/www.aritco.com\/vi\/san-pham\/\"},{\"@type\":\"ListItem\",\"position\":2,\"name\":\"C\u00f4ng ngh\u1ec7 v\u00e0 an to\u00e0n\",\"item\":\"https:\/\/www.aritco.com\/vi\/san-pham\/cong-nghe-va-an-toan\/\"},{\"@type\":\"ListItem\",\"position\":3,\"name\":\"H\u1ec7 th\u1ed1ng an to\u00e0n th\u00f4ng minh\"}]},{\"@type\":\"WebSite\",\"@id\":\"https:\/\/www.aritco.com\/vi\/#website\",\"url\":\"https:\/\/www.aritco.com\/vi\/\",\"name\":\"Aritco\",\"description\":\"Award-winning lifts for homes and public and commercial use\",\"publisher\":{\"@id\":\"https:\/\/www.aritco.com\/vi\/#organization\"},\"potentialAction\":[{\"@type\":\"SearchAction\",\"target\":{\"@type\":\"EntryPoint\",\"urlTemplate\":\"https:\/\/www.aritco.com\/vi\/?s={search_term_string}\"},\"query-input\":{\"@type\":\"PropertyValueSpecification\",\"valueRequired\":true,\"valueName\":\"search_term_string\"}}],\"inLanguage\":\"vi-VN\"},{\"@type\":\"Organization\",\"@id\":\"https:\/\/www.aritco.com\/vi\/#organization\",\"name\":\"Aritco\",\"url\":\"https:\/\/www.aritco.com\/vi\/\",\"logo\":{\"@type\":\"ImageObject\",\"inLanguage\":\"vi-VN\",\"@id\":\"https:\/\/www.aritco.com\/vi\/#\/schema\/logo\/image\/\",\"url\":\"https:\/\/www.aritco.com\/wp-content\/uploads\/2019\/05\/vertical-3.svg\",\"contentUrl\":\"https:\/\/www.aritco.com\/wp-content\/uploads\/2019\/05\/vertical-3.svg\",\"width\":1,\"height\":1,\"caption\":\"Aritco\"},\"image\":{\"@id\":\"https:\/\/www.aritco.com\/vi\/#\/schema\/logo\/image\/\"},\"publishingPrinciples\":\"https:\/\/www.aritco.com\/about-aritco\/\"}]}<\/script>\n<!-- \/ Yoast SEO Premium plugin. -->","yoast_head_json":{"title":"Thang m\u00e1y gia \u0111\u00ecnh an to\u00e0n v\u1edbi h\u1ec7 th\u1ed1ng an to\u00e0n th\u00f4ng minh Aritco - Aritco","description":"An to\u00e0n l\u00e0 \u01b0u ti\u00ean h\u00e0ng \u0111\u1ea7u khi ph\u00e1t tri\u1ec3n thang m\u00e1y n\u1ec1n t\u1ea3ng c\u1ee7a ch\u00fang t\u00f4i. Do \u0111\u00f3, ch\u00fang t\u00f4i \u0111\u00e3 ph\u00e1t tri\u1ec3n h\u1ec7 th\u1ed1ng Aritco SmartSafety. \u0110\u1ecdc th\u00eam t\u1ea1i \u0111\u00e2y.","robots":{"index":"index","follow":"follow","max-snippet":"max-snippet:-1","max-image-preview":"max-image-preview:large","max-video-preview":"max-video-preview:-1"},"canonical":"https:\/\/www.aritco.com\/vi\/san-pham\/cong-nghe-va-an-toan\/he-thong-an-toan-thong-minh\/","og_locale":"vi_VN","og_type":"article","og_title":"H\u1ec7 th\u1ed1ng an to\u00e0n th\u00f4ng minh","og_description":"An to\u00e0n l\u00e0 \u01b0u ti\u00ean h\u00e0ng \u0111\u1ea7u khi ph\u00e1t tri\u1ec3n thang m\u00e1y n\u1ec1n t\u1ea3ng c\u1ee7a ch\u00fang t\u00f4i. Do \u0111\u00f3, ch\u00fang t\u00f4i \u0111\u00e3 ph\u00e1t tri\u1ec3n h\u1ec7 th\u1ed1ng Aritco SmartSafety. \u0110\u1ecdc th\u00eam t\u1ea1i \u0111\u00e2y.","og_url":"https:\/\/www.aritco.com\/vi\/san-pham\/cong-nghe-va-an-toan\/he-thong-an-toan-thong-minh\/","og_site_name":"Aritco","article_modified_time":"2024-04-18T14:07:32+00:00","twitter_card":"summary_large_image","schema":{"@context":"https:\/\/schema.org","@graph":[{"@type":"WebPage","@id":"https:\/\/www.aritco.com\/vi\/san-pham\/cong-nghe-va-an-toan\/he-thong-an-toan-thong-minh\/","url":"https:\/\/www.aritco.com\/vi\/san-pham\/cong-nghe-va-an-toan\/he-thong-an-toan-thong-minh\/","name":"Thang m\u00e1y gia \u0111\u00ecnh an to\u00e0n v\u1edbi h\u1ec7 th\u1ed1ng an to\u00e0n th\u00f4ng minh Aritco - Aritco","isPartOf":{"@id":"https:\/\/www.aritco.com\/vi\/#website"},"datePublished":"2024-04-18T13:47:17+00:00","dateModified":"2024-04-18T14:07:32+00:00","description":"An to\u00e0n l\u00e0 \u01b0u ti\u00ean h\u00e0ng \u0111\u1ea7u khi ph\u00e1t tri\u1ec3n thang m\u00e1y n\u1ec1n t\u1ea3ng c\u1ee7a ch\u00fang t\u00f4i. Do \u0111\u00f3, ch\u00fang t\u00f4i \u0111\u00e3 ph\u00e1t tri\u1ec3n h\u1ec7 th\u1ed1ng Aritco SmartSafety. \u0110\u1ecdc th\u00eam t\u1ea1i \u0111\u00e2y.","breadcrumb":{"@id":"https:\/\/www.aritco.com\/vi\/san-pham\/cong-nghe-va-an-toan\/he-thong-an-toan-thong-minh\/#breadcrumb"},"inLanguage":"vi-VN","potentialAction":[{"@type":"ReadAction","target":["https:\/\/www.aritco.com\/vi\/san-pham\/cong-nghe-va-an-toan\/he-thong-an-toan-thong-minh\/"]}]},{"@type":"BreadcrumbList","@id":"https:\/\/www.aritco.com\/vi\/san-pham\/cong-nghe-va-an-toan\/he-thong-an-toan-thong-minh\/#breadcrumb","itemListElement":[{"@type":"ListItem","position":1,"name":"S\u1ea3n ph\u1ea9m","item":"https:\/\/www.aritco.com\/vi\/san-pham\/"},{"@type":"ListItem","position":2,"name":"C\u00f4ng ngh\u1ec7 v\u00e0 an to\u00e0n","item":"https:\/\/www.aritco.com\/vi\/san-pham\/cong-nghe-va-an-toan\/"},{"@type":"ListItem","position":3,"name":"H\u1ec7 th\u1ed1ng an to\u00e0n th\u00f4ng minh"}]},{"@type":"WebSite","@id":"https:\/\/www.aritco.com\/vi\/#website","url":"https:\/\/www.aritco.com\/vi\/","name":"Aritco","description":"Award-winning lifts for homes and public and commercial use","publisher":{"@id":"https:\/\/www.aritco.com\/vi\/#organization"},"potentialAction":[{"@type":"SearchAction","target":{"@type":"EntryPoint","urlTemplate":"https:\/\/www.aritco.com\/vi\/?s={search_term_string}"},"query-input":{"@type":"PropertyValueSpecification","valueRequired":true,"valueName":"search_term_string"}}],"inLanguage":"vi-VN"},{"@type":"Organization","@id":"https:\/\/www.aritco.com\/vi\/#organization","name":"Aritco","url":"https:\/\/www.aritco.com\/vi\/","logo":{"@type":"ImageObject","inLanguage":"vi-VN","@id":"https:\/\/www.aritco.com\/vi\/#\/schema\/logo\/image\/","url":"https:\/\/www.aritco.com\/wp-content\/uploads\/2019\/05\/vertical-3.svg","contentUrl":"https:\/\/www.aritco.com\/wp-content\/uploads\/2019\/05\/vertical-3.svg","width":1,"height":1,"caption":"Aritco"},"image":{"@id":"https:\/\/www.aritco.com\/vi\/#\/schema\/logo\/image\/"},"publishingPrinciples":"https:\/\/www.aritco.com\/about-aritco\/"}]}},"_links":{"self":[{"href":"https:\/\/www.aritco.com\/vi\/wp-json\/wp\/v2\/pages\/51940","targetHints":{"allow":["GET"]}}],"collection":[{"href":"https:\/\/www.aritco.com\/vi\/wp-json\/wp\/v2\/pages"}],"about":[{"href":"https:\/\/www.aritco.com\/vi\/wp-json\/wp\/v2\/types\/page"}],"author":[{"embeddable":true,"href":"https:\/\/www.aritco.com\/vi\/wp-json\/wp\/v2\/users\/10"}],"replies":[{"embeddable":true,"href":"https:\/\/www.aritco.com\/vi\/wp-json\/wp\/v2\/comments?post=51940"}],"version-history":[{"count":2,"href":"https:\/\/www.aritco.com\/vi\/wp-json\/wp\/v2\/pages\/51940\/revisions"}],"predecessor-version":[{"id":51950,"href":"https:\/\/www.aritco.com\/vi\/wp-json\/wp\/v2\/pages\/51940\/revisions\/51950"}],"up":[{"embeddable":true,"href":"https:\/\/www.aritco.com\/vi\/wp-json\/wp\/v2\/pages\/11240"}],"wp:attachment":[{"href":"https:\/\/www.aritco.com\/vi\/wp-json\/wp\/v2\/media?parent=51940"}],"curies":[{"name":"wp","href":"https:\/\/api.w.org\/{rel}","templated":true}]}}