{"id":51933,"date":"2024-04-18T15:42:55","date_gmt":"2024-04-18T13:42:55","guid":{"rendered":"https:\/\/aritco.kumpan.dev\/?page_id=51933"},"modified":"2025-08-27T14:17:59","modified_gmt":"2025-08-27T12:17:59","slug":"san","status":"publish","type":"page","link":"https:\/\/www.aritco.com\/vi\/san-pham\/thang-may-gia-dinh\/thiet-ke-va-tuy-chon\/san\/","title":{"rendered":"S\u00e0n"},"content":{"rendered":"","protected":false},"excerpt":{"rendered":"","protected":false},"author":10,"featured_media":46575,"parent":48333,"menu_order":0,"comment_status":"closed","ping_status":"closed","template":"","meta":{"_acf_changed":false,"footnotes":""},"class_list":["post-51933","page","type-page","status-publish","has-post-thumbnail","hentry"],"acf":[],"yoast_head":"<!-- This site is optimized with the Yoast SEO Premium plugin v26.6 (Yoast SEO v26.6) - https:\/\/yoast.com\/wordpress\/plugins\/seo\/ -->\n<title>S\u00e0n thang m\u00e1y gia \u0111\u00ecnh Aritco - T\u00f9y ch\u1ec9nh thang m\u00e1y c\u1ee7a ri\u00eang b\u1ea1n - Aritco<\/title>\n<meta name=\"description\" content=\"S\u00e0n l\u00e0 m\u1ed9t y\u1ebfu t\u1ed1 thi\u1ebft k\u1ebf quan tr\u1ecdng c\u1ee7a thang m\u00e1y Aritco c\u1ee7a b\u1ea1n. B\u1ea1n c\u00f3 th\u1ec3 ch\u1ecdn t\u1eeb t\u1ed1i \u0111a t\u00e1m s\u00e0n kh\u00e1c nhau, t\u00f9y thu\u1ed9c v\u00e0o m\u00f4 h\u00ecnh thang m\u00e1y.\" \/>\n<meta name=\"robots\" content=\"index, follow, max-snippet:-1, max-image-preview:large, max-video-preview:-1\" \/>\n<link rel=\"canonical\" href=\"https:\/\/www.aritco.com\/vi\/san-pham\/thang-may-gia-dinh\/thiet-ke-va-tuy-chon\/san\/\" \/>\n<meta property=\"og:locale\" content=\"vi_VN\" \/>\n<meta property=\"og:type\" content=\"article\" \/>\n<meta property=\"og:title\" content=\"S\u00e0n\" \/>\n<meta property=\"og:description\" content=\"S\u00e0n l\u00e0 m\u1ed9t y\u1ebfu t\u1ed1 thi\u1ebft k\u1ebf quan tr\u1ecdng c\u1ee7a thang m\u00e1y Aritco c\u1ee7a b\u1ea1n. B\u1ea1n c\u00f3 th\u1ec3 ch\u1ecdn t\u1eeb t\u1ed1i \u0111a t\u00e1m s\u00e0n kh\u00e1c nhau, t\u00f9y thu\u1ed9c v\u00e0o m\u00f4 h\u00ecnh thang m\u00e1y.\" \/>\n<meta property=\"og:url\" content=\"https:\/\/www.aritco.com\/vi\/san-pham\/thang-may-gia-dinh\/thiet-ke-va-tuy-chon\/san\/\" \/>\n<meta property=\"og:site_name\" content=\"Aritco\" \/>\n<meta property=\"article:modified_time\" content=\"2025-08-27T12:17:59+00:00\" \/>\n<meta property=\"og:image\" content=\"https:\/\/www.aritco.com\/wp-content\/uploads\/2024\/01\/Flooring_Collage_800x600.jpg\" \/>\n\t<meta property=\"og:image:width\" content=\"800\" \/>\n\t<meta property=\"og:image:height\" content=\"600\" \/>\n\t<meta property=\"og:image:type\" content=\"image\/jpeg\" \/>\n<meta name=\"twitter:card\" content=\"summary_large_image\" \/>\n<meta name=\"twitter:label1\" content=\"Est. reading time\" \/>\n\t<meta name=\"twitter:data1\" content=\"1 minute\" \/>\n<script type=\"application\/ld+json\" class=\"yoast-schema-graph\">{\"@context\":\"https:\/\/schema.org\",\"@graph\":[{\"@type\":\"WebPage\",\"@id\":\"https:\/\/www.aritco.com\/vi\/san-pham\/thang-may-gia-dinh\/thiet-ke-va-tuy-chon\/san\/\",\"url\":\"https:\/\/www.aritco.com\/vi\/san-pham\/thang-may-gia-dinh\/thiet-ke-va-tuy-chon\/san\/\",\"name\":\"S\u00e0n thang m\u00e1y gia \u0111\u00ecnh Aritco - T\u00f9y ch\u1ec9nh thang m\u00e1y c\u1ee7a ri\u00eang b\u1ea1n - Aritco\",\"isPartOf\":{\"@id\":\"https:\/\/www.aritco.com\/vi\/#website\"},\"primaryImageOfPage\":{\"@id\":\"https:\/\/www.aritco.com\/vi\/san-pham\/thang-may-gia-dinh\/thiet-ke-va-tuy-chon\/san\/#primaryimage\"},\"image\":{\"@id\":\"https:\/\/www.aritco.com\/vi\/san-pham\/thang-may-gia-dinh\/thiet-ke-va-tuy-chon\/san\/#primaryimage\"},\"thumbnailUrl\":\"https:\/\/www.aritco.com\/wp-content\/uploads\/2024\/01\/Flooring_Collage_800x600.jpg\",\"datePublished\":\"2024-04-18T13:42:55+00:00\",\"dateModified\":\"2025-08-27T12:17:59+00:00\",\"description\":\"S\u00e0n l\u00e0 m\u1ed9t y\u1ebfu t\u1ed1 thi\u1ebft k\u1ebf quan tr\u1ecdng c\u1ee7a thang m\u00e1y Aritco c\u1ee7a b\u1ea1n. B\u1ea1n c\u00f3 th\u1ec3 ch\u1ecdn t\u1eeb t\u1ed1i \u0111a t\u00e1m s\u00e0n kh\u00e1c nhau, t\u00f9y thu\u1ed9c v\u00e0o m\u00f4 h\u00ecnh thang m\u00e1y.\",\"breadcrumb\":{\"@id\":\"https:\/\/www.aritco.com\/vi\/san-pham\/thang-may-gia-dinh\/thiet-ke-va-tuy-chon\/san\/#breadcrumb\"},\"inLanguage\":\"vi-VN\",\"potentialAction\":[{\"@type\":\"ReadAction\",\"target\":[\"https:\/\/www.aritco.com\/vi\/san-pham\/thang-may-gia-dinh\/thiet-ke-va-tuy-chon\/san\/\"]}]},{\"@type\":\"ImageObject\",\"inLanguage\":\"vi-VN\",\"@id\":\"https:\/\/www.aritco.com\/vi\/san-pham\/thang-may-gia-dinh\/thiet-ke-va-tuy-chon\/san\/#primaryimage\",\"url\":\"https:\/\/www.aritco.com\/wp-content\/uploads\/2024\/01\/Flooring_Collage_800x600.jpg\",\"contentUrl\":\"https:\/\/www.aritco.com\/wp-content\/uploads\/2024\/01\/Flooring_Collage_800x600.jpg\",\"width\":800,\"height\":600,\"caption\":\"Flooring for Aritco home lifts.\"},{\"@type\":\"BreadcrumbList\",\"@id\":\"https:\/\/www.aritco.com\/vi\/san-pham\/thang-may-gia-dinh\/thiet-ke-va-tuy-chon\/san\/#breadcrumb\",\"itemListElement\":[{\"@type\":\"ListItem\",\"position\":1,\"name\":\"S\u1ea3n ph\u1ea9m\",\"item\":\"https:\/\/www.aritco.com\/vi\/san-pham\/\"},{\"@type\":\"ListItem\",\"position\":2,\"name\":\"Thang m\u00e1y gia \u0111\u00ecnh\",\"item\":\"https:\/\/www.aritco.com\/vi\/san-pham\/thang-may-gia-dinh\/\"},{\"@type\":\"ListItem\",\"position\":3,\"name\":\"Thi\u1ebft k\u1ebf v\u00e0 t\u00f9y ch\u1ecdn\",\"item\":\"https:\/\/www.aritco.com\/vi\/san-pham\/thang-may-gia-dinh\/thiet-ke-va-tuy-chon\/\"},{\"@type\":\"ListItem\",\"position\":4,\"name\":\"S\u00e0n\"}]},{\"@type\":\"WebSite\",\"@id\":\"https:\/\/www.aritco.com\/vi\/#website\",\"url\":\"https:\/\/www.aritco.com\/vi\/\",\"name\":\"Aritco\",\"description\":\"Award-winning lifts for homes and public and commercial use\",\"publisher\":{\"@id\":\"https:\/\/www.aritco.com\/vi\/#organization\"},\"potentialAction\":[{\"@type\":\"SearchAction\",\"target\":{\"@type\":\"EntryPoint\",\"urlTemplate\":\"https:\/\/www.aritco.com\/vi\/?s={search_term_string}\"},\"query-input\":{\"@type\":\"PropertyValueSpecification\",\"valueRequired\":true,\"valueName\":\"search_term_string\"}}],\"inLanguage\":\"vi-VN\"},{\"@type\":\"Organization\",\"@id\":\"https:\/\/www.aritco.com\/vi\/#organization\",\"name\":\"Aritco\",\"url\":\"https:\/\/www.aritco.com\/vi\/\",\"logo\":{\"@type\":\"ImageObject\",\"inLanguage\":\"vi-VN\",\"@id\":\"https:\/\/www.aritco.com\/vi\/#\/schema\/logo\/image\/\",\"url\":\"https:\/\/www.aritco.com\/wp-content\/uploads\/2019\/05\/vertical-3.svg\",\"contentUrl\":\"https:\/\/www.aritco.com\/wp-content\/uploads\/2019\/05\/vertical-3.svg\",\"width\":1,\"height\":1,\"caption\":\"Aritco\"},\"image\":{\"@id\":\"https:\/\/www.aritco.com\/vi\/#\/schema\/logo\/image\/\"},\"publishingPrinciples\":\"https:\/\/www.aritco.com\/about-aritco\/\"}]}<\/script>\n<!-- \/ Yoast SEO Premium plugin. -->","yoast_head_json":{"title":"S\u00e0n thang m\u00e1y gia \u0111\u00ecnh Aritco - T\u00f9y ch\u1ec9nh thang m\u00e1y c\u1ee7a ri\u00eang b\u1ea1n - Aritco","description":"S\u00e0n l\u00e0 m\u1ed9t y\u1ebfu t\u1ed1 thi\u1ebft k\u1ebf quan tr\u1ecdng c\u1ee7a thang m\u00e1y Aritco c\u1ee7a b\u1ea1n. B\u1ea1n c\u00f3 th\u1ec3 ch\u1ecdn t\u1eeb t\u1ed1i \u0111a t\u00e1m s\u00e0n kh\u00e1c nhau, t\u00f9y thu\u1ed9c v\u00e0o m\u00f4 h\u00ecnh thang m\u00e1y.","robots":{"index":"index","follow":"follow","max-snippet":"max-snippet:-1","max-image-preview":"max-image-preview:large","max-video-preview":"max-video-preview:-1"},"canonical":"https:\/\/www.aritco.com\/vi\/san-pham\/thang-may-gia-dinh\/thiet-ke-va-tuy-chon\/san\/","og_locale":"vi_VN","og_type":"article","og_title":"S\u00e0n","og_description":"S\u00e0n l\u00e0 m\u1ed9t y\u1ebfu t\u1ed1 thi\u1ebft k\u1ebf quan tr\u1ecdng c\u1ee7a thang m\u00e1y Aritco c\u1ee7a b\u1ea1n. B\u1ea1n c\u00f3 th\u1ec3 ch\u1ecdn t\u1eeb t\u1ed1i \u0111a t\u00e1m s\u00e0n kh\u00e1c nhau, t\u00f9y thu\u1ed9c v\u00e0o m\u00f4 h\u00ecnh thang m\u00e1y.","og_url":"https:\/\/www.aritco.com\/vi\/san-pham\/thang-may-gia-dinh\/thiet-ke-va-tuy-chon\/san\/","og_site_name":"Aritco","article_modified_time":"2025-08-27T12:17:59+00:00","og_image":[{"width":800,"height":600,"url":"https:\/\/www.aritco.com\/wp-content\/uploads\/2024\/01\/Flooring_Collage_800x600.jpg","type":"image\/jpeg"}],"twitter_card":"summary_large_image","twitter_misc":{"Est. reading time":"1 minute"},"schema":{"@context":"https:\/\/schema.org","@graph":[{"@type":"WebPage","@id":"https:\/\/www.aritco.com\/vi\/san-pham\/thang-may-gia-dinh\/thiet-ke-va-tuy-chon\/san\/","url":"https:\/\/www.aritco.com\/vi\/san-pham\/thang-may-gia-dinh\/thiet-ke-va-tuy-chon\/san\/","name":"S\u00e0n thang m\u00e1y gia \u0111\u00ecnh Aritco - T\u00f9y ch\u1ec9nh thang m\u00e1y c\u1ee7a ri\u00eang b\u1ea1n - Aritco","isPartOf":{"@id":"https:\/\/www.aritco.com\/vi\/#website"},"primaryImageOfPage":{"@id":"https:\/\/www.aritco.com\/vi\/san-pham\/thang-may-gia-dinh\/thiet-ke-va-tuy-chon\/san\/#primaryimage"},"image":{"@id":"https:\/\/www.aritco.com\/vi\/san-pham\/thang-may-gia-dinh\/thiet-ke-va-tuy-chon\/san\/#primaryimage"},"thumbnailUrl":"https:\/\/www.aritco.com\/wp-content\/uploads\/2024\/01\/Flooring_Collage_800x600.jpg","datePublished":"2024-04-18T13:42:55+00:00","dateModified":"2025-08-27T12:17:59+00:00","description":"S\u00e0n l\u00e0 m\u1ed9t y\u1ebfu t\u1ed1 thi\u1ebft k\u1ebf quan tr\u1ecdng c\u1ee7a thang m\u00e1y Aritco c\u1ee7a b\u1ea1n. B\u1ea1n c\u00f3 th\u1ec3 ch\u1ecdn t\u1eeb t\u1ed1i \u0111a t\u00e1m s\u00e0n kh\u00e1c nhau, t\u00f9y thu\u1ed9c v\u00e0o m\u00f4 h\u00ecnh thang m\u00e1y.","breadcrumb":{"@id":"https:\/\/www.aritco.com\/vi\/san-pham\/thang-may-gia-dinh\/thiet-ke-va-tuy-chon\/san\/#breadcrumb"},"inLanguage":"vi-VN","potentialAction":[{"@type":"ReadAction","target":["https:\/\/www.aritco.com\/vi\/san-pham\/thang-may-gia-dinh\/thiet-ke-va-tuy-chon\/san\/"]}]},{"@type":"ImageObject","inLanguage":"vi-VN","@id":"https:\/\/www.aritco.com\/vi\/san-pham\/thang-may-gia-dinh\/thiet-ke-va-tuy-chon\/san\/#primaryimage","url":"https:\/\/www.aritco.com\/wp-content\/uploads\/2024\/01\/Flooring_Collage_800x600.jpg","contentUrl":"https:\/\/www.aritco.com\/wp-content\/uploads\/2024\/01\/Flooring_Collage_800x600.jpg","width":800,"height":600,"caption":"Flooring for Aritco home lifts."},{"@type":"BreadcrumbList","@id":"https:\/\/www.aritco.com\/vi\/san-pham\/thang-may-gia-dinh\/thiet-ke-va-tuy-chon\/san\/#breadcrumb","itemListElement":[{"@type":"ListItem","position":1,"name":"S\u1ea3n ph\u1ea9m","item":"https:\/\/www.aritco.com\/vi\/san-pham\/"},{"@type":"ListItem","position":2,"name":"Thang m\u00e1y gia \u0111\u00ecnh","item":"https:\/\/www.aritco.com\/vi\/san-pham\/thang-may-gia-dinh\/"},{"@type":"ListItem","position":3,"name":"Thi\u1ebft k\u1ebf v\u00e0 t\u00f9y ch\u1ecdn","item":"https:\/\/www.aritco.com\/vi\/san-pham\/thang-may-gia-dinh\/thiet-ke-va-tuy-chon\/"},{"@type":"ListItem","position":4,"name":"S\u00e0n"}]},{"@type":"WebSite","@id":"https:\/\/www.aritco.com\/vi\/#website","url":"https:\/\/www.aritco.com\/vi\/","name":"Aritco","description":"Award-winning lifts for homes and public and commercial use","publisher":{"@id":"https:\/\/www.aritco.com\/vi\/#organization"},"potentialAction":[{"@type":"SearchAction","target":{"@type":"EntryPoint","urlTemplate":"https:\/\/www.aritco.com\/vi\/?s={search_term_string}"},"query-input":{"@type":"PropertyValueSpecification","valueRequired":true,"valueName":"search_term_string"}}],"inLanguage":"vi-VN"},{"@type":"Organization","@id":"https:\/\/www.aritco.com\/vi\/#organization","name":"Aritco","url":"https:\/\/www.aritco.com\/vi\/","logo":{"@type":"ImageObject","inLanguage":"vi-VN","@id":"https:\/\/www.aritco.com\/vi\/#\/schema\/logo\/image\/","url":"https:\/\/www.aritco.com\/wp-content\/uploads\/2019\/05\/vertical-3.svg","contentUrl":"https:\/\/www.aritco.com\/wp-content\/uploads\/2019\/05\/vertical-3.svg","width":1,"height":1,"caption":"Aritco"},"image":{"@id":"https:\/\/www.aritco.com\/vi\/#\/schema\/logo\/image\/"},"publishingPrinciples":"https:\/\/www.aritco.com\/about-aritco\/"}]}},"_links":{"self":[{"href":"https:\/\/www.aritco.com\/vi\/wp-json\/wp\/v2\/pages\/51933","targetHints":{"allow":["GET"]}}],"collection":[{"href":"https:\/\/www.aritco.com\/vi\/wp-json\/wp\/v2\/pages"}],"about":[{"href":"https:\/\/www.aritco.com\/vi\/wp-json\/wp\/v2\/types\/page"}],"author":[{"embeddable":true,"href":"https:\/\/www.aritco.com\/vi\/wp-json\/wp\/v2\/users\/10"}],"replies":[{"embeddable":true,"href":"https:\/\/www.aritco.com\/vi\/wp-json\/wp\/v2\/comments?post=51933"}],"version-history":[{"count":4,"href":"https:\/\/www.aritco.com\/vi\/wp-json\/wp\/v2\/pages\/51933\/revisions"}],"predecessor-version":[{"id":61987,"href":"https:\/\/www.aritco.com\/vi\/wp-json\/wp\/v2\/pages\/51933\/revisions\/61987"}],"up":[{"embeddable":true,"href":"https:\/\/www.aritco.com\/vi\/wp-json\/wp\/v2\/pages\/48333"}],"wp:featuredmedia":[{"embeddable":true,"href":"https:\/\/www.aritco.com\/vi\/wp-json\/wp\/v2\/media\/46575"}],"wp:attachment":[{"href":"https:\/\/www.aritco.com\/vi\/wp-json\/wp\/v2\/media?parent=51933"}],"curies":[{"name":"wp","href":"https:\/\/api.w.org\/{rel}","templated":true}]}}