{"id":49112,"date":"2024-03-21T13:38:53","date_gmt":"2024-03-21T12:38:53","guid":{"rendered":"https:\/\/aritco.kumpan.dev\/?page_id=49112"},"modified":"2025-11-18T11:47:31","modified_gmt":"2025-11-18T10:47:31","slug":"phong-trung-bay","status":"publish","type":"page","link":"https:\/\/www.aritco.com\/vi\/phong-trung-bay\/","title":{"rendered":"Ph\u00f2ng tr\u01b0ng b\u00e0y"},"content":{"rendered":"","protected":false},"excerpt":{"rendered":"","protected":false},"author":12,"featured_media":0,"parent":0,"menu_order":0,"comment_status":"closed","ping_status":"closed","template":"","meta":{"_acf_changed":false,"footnotes":""},"class_list":["post-49112","page","type-page","status-publish","hentry"],"acf":[],"yoast_head":"<!-- This site is optimized with the Yoast SEO Premium plugin v26.6 (Yoast SEO v26.6) - https:\/\/yoast.com\/wordpress\/plugins\/seo\/ -->\n<title>Showroom thang m\u00e1y gia \u0111\u00ecnh - Tr\u1ea3i nghi\u1ec7m thang m\u00e1y Aritco ngo\u00e0i \u0111\u1eddi th\u1ef1c - Aritco<\/title>\n<meta name=\"description\" content=\"S\u1eed d\u1ee5ng b\u1ea3n \u0111\u1ed3 t\u01b0\u01a1ng t\u00e1c c\u1ee7a ch\u00fang t\u00f4i \u0111\u1ec3 t\u00ecm m\u1ed9t ph\u00f2ng tr\u01b0ng b\u00e0y Aritco g\u1ea7n b\u1ea1n, n\u01a1i b\u1ea1n c\u00f3 th\u1ec3 tr\u1ea3i nghi\u1ec7m tr\u1ef1c ti\u1ebfp c\u00e1ch thang m\u00e1y c\u1ee7a ch\u00fang t\u00f4i c\u00f3 th\u1ec3 l\u00e0m cho kh\u00f4ng gian c\u1ee7a b\u1ea1n d\u1ec5 ti\u1ebfp c\u1eadn h\u01a1n.\" \/>\n<meta name=\"robots\" content=\"index, follow, max-snippet:-1, max-image-preview:large, max-video-preview:-1\" \/>\n<link rel=\"canonical\" href=\"https:\/\/www.aritco.com\/vi\/phong-trung-bay\/\" \/>\n<meta property=\"og:locale\" content=\"vi_VN\" \/>\n<meta property=\"og:type\" content=\"article\" \/>\n<meta property=\"og:title\" content=\"Ph\u00f2ng tr\u01b0ng b\u00e0y\" \/>\n<meta property=\"og:description\" content=\"\u0110\u00e2y l\u00e0 m\u1ed9t trang v\u1ec1 c\u00e1c ph\u00f2ng tr\u01b0ng b\u00e0y c\u1ee7a ch\u00fang t\u00f4i. \u0110\u1ecdc th\u00eam v\u1ec1 nh\u1eefng g\u00ec b\u1ea1n c\u00f3 th\u1ec3 mong \u0111\u1ee3i t\u00ecm th\u1ea5y khi b\u1ea1n truy c\u1eadp m\u1ed9t v\u00e0 t\u01b0\u01a1ng t\u00e1c v\u1edbi b\u1ea3n \u0111\u1ed3 c\u1ee7a ch\u00fang t\u00f4i b\u00ean d\u01b0\u1edbi \u0111\u1ec3 t\u00ecm b\u1ea3n \u0111\u1ed3 g\u1ea7n b\u1ea1n nh\u1ea5t.\" \/>\n<meta property=\"og:url\" content=\"https:\/\/www.aritco.com\/vi\/phong-trung-bay\/\" \/>\n<meta property=\"og:site_name\" content=\"Aritco\" \/>\n<meta property=\"article:modified_time\" content=\"2025-11-18T10:47:31+00:00\" \/>\n<meta property=\"og:image\" content=\"https:\/\/www.aritco.com\/\/wp-content\/webpc-passthru.php?src=https:\/\/www.aritco.com\/wp-content\/uploads\/2024\/01\/Aritco_HomeLift_Geometric_DW_1200x900.jpg&nocache=1\" \/>\n<meta name=\"twitter:card\" content=\"summary_large_image\" \/>\n<script type=\"application\/ld+json\" class=\"yoast-schema-graph\">{\"@context\":\"https:\/\/schema.org\",\"@graph\":[{\"@type\":\"WebPage\",\"@id\":\"https:\/\/www.aritco.com\/vi\/phong-trung-bay\/\",\"url\":\"https:\/\/www.aritco.com\/vi\/phong-trung-bay\/\",\"name\":\"Showroom thang m\u00e1y gia \u0111\u00ecnh - Tr\u1ea3i nghi\u1ec7m thang m\u00e1y Aritco ngo\u00e0i \u0111\u1eddi th\u1ef1c - Aritco\",\"isPartOf\":{\"@id\":\"https:\/\/www.aritco.com\/vi\/#website\"},\"datePublished\":\"2024-03-21T12:38:53+00:00\",\"dateModified\":\"2025-11-18T10:47:31+00:00\",\"description\":\"S\u1eed d\u1ee5ng b\u1ea3n \u0111\u1ed3 t\u01b0\u01a1ng t\u00e1c c\u1ee7a ch\u00fang t\u00f4i \u0111\u1ec3 t\u00ecm m\u1ed9t ph\u00f2ng tr\u01b0ng b\u00e0y Aritco g\u1ea7n b\u1ea1n, n\u01a1i b\u1ea1n c\u00f3 th\u1ec3 tr\u1ea3i nghi\u1ec7m tr\u1ef1c ti\u1ebfp c\u00e1ch thang m\u00e1y c\u1ee7a ch\u00fang t\u00f4i c\u00f3 th\u1ec3 l\u00e0m cho kh\u00f4ng gian c\u1ee7a b\u1ea1n d\u1ec5 ti\u1ebfp c\u1eadn h\u01a1n.\",\"inLanguage\":\"vi-VN\",\"potentialAction\":[{\"@type\":\"ReadAction\",\"target\":[\"https:\/\/www.aritco.com\/vi\/phong-trung-bay\/\"]}]},{\"@type\":\"WebSite\",\"@id\":\"https:\/\/www.aritco.com\/vi\/#website\",\"url\":\"https:\/\/www.aritco.com\/vi\/\",\"name\":\"Aritco\",\"description\":\"Award-winning lifts for homes and public and commercial use\",\"publisher\":{\"@id\":\"https:\/\/www.aritco.com\/vi\/#organization\"},\"potentialAction\":[{\"@type\":\"SearchAction\",\"target\":{\"@type\":\"EntryPoint\",\"urlTemplate\":\"https:\/\/www.aritco.com\/vi\/?s={search_term_string}\"},\"query-input\":{\"@type\":\"PropertyValueSpecification\",\"valueRequired\":true,\"valueName\":\"search_term_string\"}}],\"inLanguage\":\"vi-VN\"},{\"@type\":\"Organization\",\"@id\":\"https:\/\/www.aritco.com\/vi\/#organization\",\"name\":\"Aritco\",\"url\":\"https:\/\/www.aritco.com\/vi\/\",\"logo\":{\"@type\":\"ImageObject\",\"inLanguage\":\"vi-VN\",\"@id\":\"https:\/\/www.aritco.com\/vi\/#\/schema\/logo\/image\/\",\"url\":\"https:\/\/www.aritco.com\/wp-content\/uploads\/2019\/05\/vertical-3.svg\",\"contentUrl\":\"https:\/\/www.aritco.com\/wp-content\/uploads\/2019\/05\/vertical-3.svg\",\"width\":1,\"height\":1,\"caption\":\"Aritco\"},\"image\":{\"@id\":\"https:\/\/www.aritco.com\/vi\/#\/schema\/logo\/image\/\"},\"publishingPrinciples\":\"https:\/\/www.aritco.com\/about-aritco\/\"}]}<\/script>\n<!-- \/ Yoast SEO Premium plugin. -->","yoast_head_json":{"title":"Showroom thang m\u00e1y gia \u0111\u00ecnh - Tr\u1ea3i nghi\u1ec7m thang m\u00e1y Aritco ngo\u00e0i \u0111\u1eddi th\u1ef1c - Aritco","description":"S\u1eed d\u1ee5ng b\u1ea3n \u0111\u1ed3 t\u01b0\u01a1ng t\u00e1c c\u1ee7a ch\u00fang t\u00f4i \u0111\u1ec3 t\u00ecm m\u1ed9t ph\u00f2ng tr\u01b0ng b\u00e0y Aritco g\u1ea7n b\u1ea1n, n\u01a1i b\u1ea1n c\u00f3 th\u1ec3 tr\u1ea3i nghi\u1ec7m tr\u1ef1c ti\u1ebfp c\u00e1ch thang m\u00e1y c\u1ee7a ch\u00fang t\u00f4i c\u00f3 th\u1ec3 l\u00e0m cho kh\u00f4ng gian c\u1ee7a b\u1ea1n d\u1ec5 ti\u1ebfp c\u1eadn h\u01a1n.","robots":{"index":"index","follow":"follow","max-snippet":"max-snippet:-1","max-image-preview":"max-image-preview:large","max-video-preview":"max-video-preview:-1"},"canonical":"https:\/\/www.aritco.com\/vi\/phong-trung-bay\/","og_locale":"vi_VN","og_type":"article","og_title":"Ph\u00f2ng tr\u01b0ng b\u00e0y","og_description":"\u0110\u00e2y l\u00e0 m\u1ed9t trang v\u1ec1 c\u00e1c ph\u00f2ng tr\u01b0ng b\u00e0y c\u1ee7a ch\u00fang t\u00f4i. \u0110\u1ecdc th\u00eam v\u1ec1 nh\u1eefng g\u00ec b\u1ea1n c\u00f3 th\u1ec3 mong \u0111\u1ee3i t\u00ecm th\u1ea5y khi b\u1ea1n truy c\u1eadp m\u1ed9t v\u00e0 t\u01b0\u01a1ng t\u00e1c v\u1edbi b\u1ea3n \u0111\u1ed3 c\u1ee7a ch\u00fang t\u00f4i b\u00ean d\u01b0\u1edbi \u0111\u1ec3 t\u00ecm b\u1ea3n \u0111\u1ed3 g\u1ea7n b\u1ea1n nh\u1ea5t.","og_url":"https:\/\/www.aritco.com\/vi\/phong-trung-bay\/","og_site_name":"Aritco","article_modified_time":"2025-11-18T10:47:31+00:00","og_image":[{"url":"https:\/\/www.aritco.com\/\/wp-content\/webpc-passthru.php?src=https:\/\/www.aritco.com\/wp-content\/uploads\/2024\/01\/Aritco_HomeLift_Geometric_DW_1200x900.jpg&nocache=1","type":"","width":"","height":""}],"twitter_card":"summary_large_image","schema":{"@context":"https:\/\/schema.org","@graph":[{"@type":"WebPage","@id":"https:\/\/www.aritco.com\/vi\/phong-trung-bay\/","url":"https:\/\/www.aritco.com\/vi\/phong-trung-bay\/","name":"Showroom thang m\u00e1y gia \u0111\u00ecnh - Tr\u1ea3i nghi\u1ec7m thang m\u00e1y Aritco ngo\u00e0i \u0111\u1eddi th\u1ef1c - Aritco","isPartOf":{"@id":"https:\/\/www.aritco.com\/vi\/#website"},"datePublished":"2024-03-21T12:38:53+00:00","dateModified":"2025-11-18T10:47:31+00:00","description":"S\u1eed d\u1ee5ng b\u1ea3n \u0111\u1ed3 t\u01b0\u01a1ng t\u00e1c c\u1ee7a ch\u00fang t\u00f4i \u0111\u1ec3 t\u00ecm m\u1ed9t ph\u00f2ng tr\u01b0ng b\u00e0y Aritco g\u1ea7n b\u1ea1n, n\u01a1i b\u1ea1n c\u00f3 th\u1ec3 tr\u1ea3i nghi\u1ec7m tr\u1ef1c ti\u1ebfp c\u00e1ch thang m\u00e1y c\u1ee7a ch\u00fang t\u00f4i c\u00f3 th\u1ec3 l\u00e0m cho kh\u00f4ng gian c\u1ee7a b\u1ea1n d\u1ec5 ti\u1ebfp c\u1eadn h\u01a1n.","inLanguage":"vi-VN","potentialAction":[{"@type":"ReadAction","target":["https:\/\/www.aritco.com\/vi\/phong-trung-bay\/"]}]},{"@type":"WebSite","@id":"https:\/\/www.aritco.com\/vi\/#website","url":"https:\/\/www.aritco.com\/vi\/","name":"Aritco","description":"Award-winning lifts for homes and public and commercial use","publisher":{"@id":"https:\/\/www.aritco.com\/vi\/#organization"},"potentialAction":[{"@type":"SearchAction","target":{"@type":"EntryPoint","urlTemplate":"https:\/\/www.aritco.com\/vi\/?s={search_term_string}"},"query-input":{"@type":"PropertyValueSpecification","valueRequired":true,"valueName":"search_term_string"}}],"inLanguage":"vi-VN"},{"@type":"Organization","@id":"https:\/\/www.aritco.com\/vi\/#organization","name":"Aritco","url":"https:\/\/www.aritco.com\/vi\/","logo":{"@type":"ImageObject","inLanguage":"vi-VN","@id":"https:\/\/www.aritco.com\/vi\/#\/schema\/logo\/image\/","url":"https:\/\/www.aritco.com\/wp-content\/uploads\/2019\/05\/vertical-3.svg","contentUrl":"https:\/\/www.aritco.com\/wp-content\/uploads\/2019\/05\/vertical-3.svg","width":1,"height":1,"caption":"Aritco"},"image":{"@id":"https:\/\/www.aritco.com\/vi\/#\/schema\/logo\/image\/"},"publishingPrinciples":"https:\/\/www.aritco.com\/about-aritco\/"}]}},"_links":{"self":[{"href":"https:\/\/www.aritco.com\/vi\/wp-json\/wp\/v2\/pages\/49112","targetHints":{"allow":["GET"]}}],"collection":[{"href":"https:\/\/www.aritco.com\/vi\/wp-json\/wp\/v2\/pages"}],"about":[{"href":"https:\/\/www.aritco.com\/vi\/wp-json\/wp\/v2\/types\/page"}],"author":[{"embeddable":true,"href":"https:\/\/www.aritco.com\/vi\/wp-json\/wp\/v2\/users\/12"}],"replies":[{"embeddable":true,"href":"https:\/\/www.aritco.com\/vi\/wp-json\/wp\/v2\/comments?post=49112"}],"version-history":[{"count":5,"href":"https:\/\/www.aritco.com\/vi\/wp-json\/wp\/v2\/pages\/49112\/revisions"}],"predecessor-version":[{"id":63556,"href":"https:\/\/www.aritco.com\/vi\/wp-json\/wp\/v2\/pages\/49112\/revisions\/63556"}],"wp:attachment":[{"href":"https:\/\/www.aritco.com\/vi\/wp-json\/wp\/v2\/media?parent=49112"}],"curies":[{"name":"wp","href":"https:\/\/api.w.org\/{rel}","templated":true}]}}