{"id":48333,"date":"2024-02-20T10:11:46","date_gmt":"2024-02-20T09:11:46","guid":{"rendered":"https:\/\/aritco.kumpan.dev\/thiet-ke-va-tuy-chon\/"},"modified":"2025-08-20T15:25:01","modified_gmt":"2025-08-20T13:25:01","slug":"thiet-ke-va-tuy-chon","status":"publish","type":"page","link":"https:\/\/www.aritco.com\/vi\/san-pham\/thang-may-gia-dinh\/thiet-ke-va-tuy-chon\/","title":{"rendered":"Thi\u1ebft k\u1ebf v\u00e0 t\u00f9y ch\u1ecdn"},"content":{"rendered":"","protected":false},"excerpt":{"rendered":"","protected":false},"author":10,"featured_media":58237,"parent":11068,"menu_order":0,"comment_status":"closed","ping_status":"closed","template":"","meta":{"_acf_changed":false,"footnotes":""},"class_list":["post-48333","page","type-page","status-publish","has-post-thumbnail","hentry"],"acf":[],"yoast_head":"<!-- This site is optimized with the Yoast SEO Premium plugin v26.6 (Yoast SEO v26.6) - https:\/\/yoast.com\/wordpress\/plugins\/seo\/ -->\n<title>Thi\u1ebft k\u1ebf thang m\u00e1y gia \u0111\u00ecnh c\u1ee7a ri\u00eang b\u1ea1n - Thang m\u00e1y Aritco<\/title>\n<meta name=\"description\" content=\"C\u00e1c l\u1ef1a ch\u1ecdn thi\u1ebft k\u1ebf c\u1ee7a ch\u00fang t\u00f4i mang \u0111\u1ebfn cho b\u1ea1n kh\u1ea3 n\u0103ng l\u00e0m cho thang m\u00e1y tr\u1edf n\u00ean n\u1ed5i b\u1eadt ho\u1eb7c h\u00f2a h\u1ee3p v\u1edbi phong c\u00e1ch v\u00e0 ki\u1ec3u trang tr\u00ed trong nh\u00e0 c\u1ee7a b\u1ea1n.\" \/>\n<meta name=\"robots\" content=\"index, follow, max-snippet:-1, max-image-preview:large, max-video-preview:-1\" \/>\n<link rel=\"canonical\" href=\"https:\/\/www.aritco.com\/vi\/san-pham\/thang-may-gia-dinh\/thiet-ke-va-tuy-chon\/\" \/>\n<meta property=\"og:locale\" content=\"vi_VN\" \/>\n<meta property=\"og:type\" content=\"article\" \/>\n<meta property=\"og:title\" content=\"Thi\u1ebft k\u1ebf thang m\u00e1y t\u1ea1i nh\u00e0 c\u1ee7a ri\u00eang b\u1ea1n - T\u00f9y ch\u1ecdn t\u00f9y ch\u1ec9nh cho thang m\u00e1y Aritco\" \/>\n<meta property=\"og:description\" content=\"C\u00e1c l\u1ef1a ch\u1ecdn thi\u1ebft k\u1ebf c\u1ee7a ch\u00fang t\u00f4i mang \u0111\u1ebfn cho b\u1ea1n kh\u1ea3 n\u0103ng l\u00e0m cho thang m\u00e1y tr\u1edf n\u00ean n\u1ed5i b\u1eadt ho\u1eb7c h\u00f2a h\u1ee3p v\u1edbi phong c\u00e1ch v\u00e0 ki\u1ec3u trang tr\u00ed trong nh\u00e0 c\u1ee7a b\u1ea1n.\" \/>\n<meta property=\"og:url\" content=\"https:\/\/www.aritco.com\/vi\/san-pham\/thang-may-gia-dinh\/thiet-ke-va-tuy-chon\/\" \/>\n<meta property=\"og:site_name\" content=\"Aritco\" \/>\n<meta property=\"article:modified_time\" content=\"2025-08-20T13:25:01+00:00\" \/>\n<meta property=\"og:image\" content=\"https:\/\/www.aritco.com\/wp-content\/uploads\/2024\/09\/AHL-DW-Concept-16_9-1.jpg\" \/>\n\t<meta property=\"og:image:width\" content=\"1400\" \/>\n\t<meta property=\"og:image:height\" content=\"788\" \/>\n\t<meta property=\"og:image:type\" content=\"image\/jpeg\" \/>\n<meta name=\"twitter:card\" content=\"summary_large_image\" \/>\n<meta name=\"twitter:title\" content=\"Thi\u1ebft k\u1ebf thang m\u00e1y t\u1ea1i nh\u00e0 c\u1ee7a ri\u00eang b\u1ea1n - T\u00f9y ch\u1ecdn t\u00f9y ch\u1ec9nh cho thang m\u00e1y Aritco\" \/>\n<meta name=\"twitter:label1\" content=\"Est. reading time\" \/>\n\t<meta name=\"twitter:data1\" content=\"1 minute\" \/>\n<script type=\"application\/ld+json\" class=\"yoast-schema-graph\">{\"@context\":\"https:\/\/schema.org\",\"@graph\":[{\"@type\":\"WebPage\",\"@id\":\"https:\/\/www.aritco.com\/vi\/san-pham\/thang-may-gia-dinh\/thiet-ke-va-tuy-chon\/\",\"url\":\"https:\/\/www.aritco.com\/vi\/san-pham\/thang-may-gia-dinh\/thiet-ke-va-tuy-chon\/\",\"name\":\"Thi\u1ebft k\u1ebf thang m\u00e1y gia \u0111\u00ecnh c\u1ee7a ri\u00eang b\u1ea1n - Thang m\u00e1y Aritco\",\"isPartOf\":{\"@id\":\"https:\/\/www.aritco.com\/vi\/#website\"},\"primaryImageOfPage\":{\"@id\":\"https:\/\/www.aritco.com\/vi\/san-pham\/thang-may-gia-dinh\/thiet-ke-va-tuy-chon\/#primaryimage\"},\"image\":{\"@id\":\"https:\/\/www.aritco.com\/vi\/san-pham\/thang-may-gia-dinh\/thiet-ke-va-tuy-chon\/#primaryimage\"},\"thumbnailUrl\":\"https:\/\/www.aritco.com\/wp-content\/uploads\/2024\/12\/AHL-DW-Concept-16_9-small.png\",\"datePublished\":\"2024-02-20T09:11:46+00:00\",\"dateModified\":\"2025-08-20T13:25:01+00:00\",\"description\":\"C\u00e1c l\u1ef1a ch\u1ecdn thi\u1ebft k\u1ebf c\u1ee7a ch\u00fang t\u00f4i mang \u0111\u1ebfn cho b\u1ea1n kh\u1ea3 n\u0103ng l\u00e0m cho thang m\u00e1y tr\u1edf n\u00ean n\u1ed5i b\u1eadt ho\u1eb7c h\u00f2a h\u1ee3p v\u1edbi phong c\u00e1ch v\u00e0 ki\u1ec3u trang tr\u00ed trong nh\u00e0 c\u1ee7a b\u1ea1n.\",\"breadcrumb\":{\"@id\":\"https:\/\/www.aritco.com\/vi\/san-pham\/thang-may-gia-dinh\/thiet-ke-va-tuy-chon\/#breadcrumb\"},\"inLanguage\":\"vi-VN\",\"potentialAction\":[{\"@type\":\"ReadAction\",\"target\":[\"https:\/\/www.aritco.com\/vi\/san-pham\/thang-may-gia-dinh\/thiet-ke-va-tuy-chon\/\"]}]},{\"@type\":\"ImageObject\",\"inLanguage\":\"vi-VN\",\"@id\":\"https:\/\/www.aritco.com\/vi\/san-pham\/thang-may-gia-dinh\/thiet-ke-va-tuy-chon\/#primaryimage\",\"url\":\"https:\/\/www.aritco.com\/wp-content\/uploads\/2024\/12\/AHL-DW-Concept-16_9-small.png\",\"contentUrl\":\"https:\/\/www.aritco.com\/wp-content\/uploads\/2024\/12\/AHL-DW-Concept-16_9-small.png\",\"width\":1000,\"height\":563},{\"@type\":\"BreadcrumbList\",\"@id\":\"https:\/\/www.aritco.com\/vi\/san-pham\/thang-may-gia-dinh\/thiet-ke-va-tuy-chon\/#breadcrumb\",\"itemListElement\":[{\"@type\":\"ListItem\",\"position\":1,\"name\":\"S\u1ea3n ph\u1ea9m\",\"item\":\"https:\/\/www.aritco.com\/vi\/san-pham\/\"},{\"@type\":\"ListItem\",\"position\":2,\"name\":\"Thang m\u00e1y gia \u0111\u00ecnh\",\"item\":\"https:\/\/www.aritco.com\/vi\/san-pham\/thang-may-gia-dinh\/\"},{\"@type\":\"ListItem\",\"position\":3,\"name\":\"Thi\u1ebft k\u1ebf v\u00e0 t\u00f9y ch\u1ecdn\"}]},{\"@type\":\"WebSite\",\"@id\":\"https:\/\/www.aritco.com\/vi\/#website\",\"url\":\"https:\/\/www.aritco.com\/vi\/\",\"name\":\"Aritco\",\"description\":\"Award-winning lifts for homes and public and commercial use\",\"publisher\":{\"@id\":\"https:\/\/www.aritco.com\/vi\/#organization\"},\"potentialAction\":[{\"@type\":\"SearchAction\",\"target\":{\"@type\":\"EntryPoint\",\"urlTemplate\":\"https:\/\/www.aritco.com\/vi\/?s={search_term_string}\"},\"query-input\":{\"@type\":\"PropertyValueSpecification\",\"valueRequired\":true,\"valueName\":\"search_term_string\"}}],\"inLanguage\":\"vi-VN\"},{\"@type\":\"Organization\",\"@id\":\"https:\/\/www.aritco.com\/vi\/#organization\",\"name\":\"Aritco\",\"url\":\"https:\/\/www.aritco.com\/vi\/\",\"logo\":{\"@type\":\"ImageObject\",\"inLanguage\":\"vi-VN\",\"@id\":\"https:\/\/www.aritco.com\/vi\/#\/schema\/logo\/image\/\",\"url\":\"https:\/\/www.aritco.com\/wp-content\/uploads\/2019\/05\/vertical-3.svg\",\"contentUrl\":\"https:\/\/www.aritco.com\/wp-content\/uploads\/2019\/05\/vertical-3.svg\",\"width\":1,\"height\":1,\"caption\":\"Aritco\"},\"image\":{\"@id\":\"https:\/\/www.aritco.com\/vi\/#\/schema\/logo\/image\/\"},\"publishingPrinciples\":\"https:\/\/www.aritco.com\/about-aritco\/\"}]}<\/script>\n<!-- \/ Yoast SEO Premium plugin. -->","yoast_head_json":{"title":"Thi\u1ebft k\u1ebf thang m\u00e1y gia \u0111\u00ecnh c\u1ee7a ri\u00eang b\u1ea1n - Thang m\u00e1y Aritco","description":"C\u00e1c l\u1ef1a ch\u1ecdn thi\u1ebft k\u1ebf c\u1ee7a ch\u00fang t\u00f4i mang \u0111\u1ebfn cho b\u1ea1n kh\u1ea3 n\u0103ng l\u00e0m cho thang m\u00e1y tr\u1edf n\u00ean n\u1ed5i b\u1eadt ho\u1eb7c h\u00f2a h\u1ee3p v\u1edbi phong c\u00e1ch v\u00e0 ki\u1ec3u trang tr\u00ed trong nh\u00e0 c\u1ee7a b\u1ea1n.","robots":{"index":"index","follow":"follow","max-snippet":"max-snippet:-1","max-image-preview":"max-image-preview:large","max-video-preview":"max-video-preview:-1"},"canonical":"https:\/\/www.aritco.com\/vi\/san-pham\/thang-may-gia-dinh\/thiet-ke-va-tuy-chon\/","og_locale":"vi_VN","og_type":"article","og_title":"Thi\u1ebft k\u1ebf thang m\u00e1y t\u1ea1i nh\u00e0 c\u1ee7a ri\u00eang b\u1ea1n - T\u00f9y ch\u1ecdn t\u00f9y ch\u1ec9nh cho thang m\u00e1y Aritco","og_description":"C\u00e1c l\u1ef1a ch\u1ecdn thi\u1ebft k\u1ebf c\u1ee7a ch\u00fang t\u00f4i mang \u0111\u1ebfn cho b\u1ea1n kh\u1ea3 n\u0103ng l\u00e0m cho thang m\u00e1y tr\u1edf n\u00ean n\u1ed5i b\u1eadt ho\u1eb7c h\u00f2a h\u1ee3p v\u1edbi phong c\u00e1ch v\u00e0 ki\u1ec3u trang tr\u00ed trong nh\u00e0 c\u1ee7a b\u1ea1n.","og_url":"https:\/\/www.aritco.com\/vi\/san-pham\/thang-may-gia-dinh\/thiet-ke-va-tuy-chon\/","og_site_name":"Aritco","article_modified_time":"2025-08-20T13:25:01+00:00","og_image":[{"width":1400,"height":788,"url":"https:\/\/www.aritco.com\/wp-content\/uploads\/2024\/09\/AHL-DW-Concept-16_9-1.jpg","type":"image\/jpeg"}],"twitter_card":"summary_large_image","twitter_title":"Thi\u1ebft k\u1ebf thang m\u00e1y t\u1ea1i nh\u00e0 c\u1ee7a ri\u00eang b\u1ea1n - T\u00f9y ch\u1ecdn t\u00f9y ch\u1ec9nh cho thang m\u00e1y Aritco","twitter_misc":{"Est. reading time":"1 minute"},"schema":{"@context":"https:\/\/schema.org","@graph":[{"@type":"WebPage","@id":"https:\/\/www.aritco.com\/vi\/san-pham\/thang-may-gia-dinh\/thiet-ke-va-tuy-chon\/","url":"https:\/\/www.aritco.com\/vi\/san-pham\/thang-may-gia-dinh\/thiet-ke-va-tuy-chon\/","name":"Thi\u1ebft k\u1ebf thang m\u00e1y gia \u0111\u00ecnh c\u1ee7a ri\u00eang b\u1ea1n - Thang m\u00e1y Aritco","isPartOf":{"@id":"https:\/\/www.aritco.com\/vi\/#website"},"primaryImageOfPage":{"@id":"https:\/\/www.aritco.com\/vi\/san-pham\/thang-may-gia-dinh\/thiet-ke-va-tuy-chon\/#primaryimage"},"image":{"@id":"https:\/\/www.aritco.com\/vi\/san-pham\/thang-may-gia-dinh\/thiet-ke-va-tuy-chon\/#primaryimage"},"thumbnailUrl":"https:\/\/www.aritco.com\/wp-content\/uploads\/2024\/12\/AHL-DW-Concept-16_9-small.png","datePublished":"2024-02-20T09:11:46+00:00","dateModified":"2025-08-20T13:25:01+00:00","description":"C\u00e1c l\u1ef1a ch\u1ecdn thi\u1ebft k\u1ebf c\u1ee7a ch\u00fang t\u00f4i mang \u0111\u1ebfn cho b\u1ea1n kh\u1ea3 n\u0103ng l\u00e0m cho thang m\u00e1y tr\u1edf n\u00ean n\u1ed5i b\u1eadt ho\u1eb7c h\u00f2a h\u1ee3p v\u1edbi phong c\u00e1ch v\u00e0 ki\u1ec3u trang tr\u00ed trong nh\u00e0 c\u1ee7a b\u1ea1n.","breadcrumb":{"@id":"https:\/\/www.aritco.com\/vi\/san-pham\/thang-may-gia-dinh\/thiet-ke-va-tuy-chon\/#breadcrumb"},"inLanguage":"vi-VN","potentialAction":[{"@type":"ReadAction","target":["https:\/\/www.aritco.com\/vi\/san-pham\/thang-may-gia-dinh\/thiet-ke-va-tuy-chon\/"]}]},{"@type":"ImageObject","inLanguage":"vi-VN","@id":"https:\/\/www.aritco.com\/vi\/san-pham\/thang-may-gia-dinh\/thiet-ke-va-tuy-chon\/#primaryimage","url":"https:\/\/www.aritco.com\/wp-content\/uploads\/2024\/12\/AHL-DW-Concept-16_9-small.png","contentUrl":"https:\/\/www.aritco.com\/wp-content\/uploads\/2024\/12\/AHL-DW-Concept-16_9-small.png","width":1000,"height":563},{"@type":"BreadcrumbList","@id":"https:\/\/www.aritco.com\/vi\/san-pham\/thang-may-gia-dinh\/thiet-ke-va-tuy-chon\/#breadcrumb","itemListElement":[{"@type":"ListItem","position":1,"name":"S\u1ea3n ph\u1ea9m","item":"https:\/\/www.aritco.com\/vi\/san-pham\/"},{"@type":"ListItem","position":2,"name":"Thang m\u00e1y gia \u0111\u00ecnh","item":"https:\/\/www.aritco.com\/vi\/san-pham\/thang-may-gia-dinh\/"},{"@type":"ListItem","position":3,"name":"Thi\u1ebft k\u1ebf v\u00e0 t\u00f9y ch\u1ecdn"}]},{"@type":"WebSite","@id":"https:\/\/www.aritco.com\/vi\/#website","url":"https:\/\/www.aritco.com\/vi\/","name":"Aritco","description":"Award-winning lifts for homes and public and commercial use","publisher":{"@id":"https:\/\/www.aritco.com\/vi\/#organization"},"potentialAction":[{"@type":"SearchAction","target":{"@type":"EntryPoint","urlTemplate":"https:\/\/www.aritco.com\/vi\/?s={search_term_string}"},"query-input":{"@type":"PropertyValueSpecification","valueRequired":true,"valueName":"search_term_string"}}],"inLanguage":"vi-VN"},{"@type":"Organization","@id":"https:\/\/www.aritco.com\/vi\/#organization","name":"Aritco","url":"https:\/\/www.aritco.com\/vi\/","logo":{"@type":"ImageObject","inLanguage":"vi-VN","@id":"https:\/\/www.aritco.com\/vi\/#\/schema\/logo\/image\/","url":"https:\/\/www.aritco.com\/wp-content\/uploads\/2019\/05\/vertical-3.svg","contentUrl":"https:\/\/www.aritco.com\/wp-content\/uploads\/2019\/05\/vertical-3.svg","width":1,"height":1,"caption":"Aritco"},"image":{"@id":"https:\/\/www.aritco.com\/vi\/#\/schema\/logo\/image\/"},"publishingPrinciples":"https:\/\/www.aritco.com\/about-aritco\/"}]}},"_links":{"self":[{"href":"https:\/\/www.aritco.com\/vi\/wp-json\/wp\/v2\/pages\/48333","targetHints":{"allow":["GET"]}}],"collection":[{"href":"https:\/\/www.aritco.com\/vi\/wp-json\/wp\/v2\/pages"}],"about":[{"href":"https:\/\/www.aritco.com\/vi\/wp-json\/wp\/v2\/types\/page"}],"author":[{"embeddable":true,"href":"https:\/\/www.aritco.com\/vi\/wp-json\/wp\/v2\/users\/10"}],"replies":[{"embeddable":true,"href":"https:\/\/www.aritco.com\/vi\/wp-json\/wp\/v2\/comments?post=48333"}],"version-history":[{"count":8,"href":"https:\/\/www.aritco.com\/vi\/wp-json\/wp\/v2\/pages\/48333\/revisions"}],"predecessor-version":[{"id":61854,"href":"https:\/\/www.aritco.com\/vi\/wp-json\/wp\/v2\/pages\/48333\/revisions\/61854"}],"up":[{"embeddable":true,"href":"https:\/\/www.aritco.com\/vi\/wp-json\/wp\/v2\/pages\/11068"}],"wp:featuredmedia":[{"embeddable":true,"href":"https:\/\/www.aritco.com\/vi\/wp-json\/wp\/v2\/media\/58237"}],"wp:attachment":[{"href":"https:\/\/www.aritco.com\/vi\/wp-json\/wp\/v2\/media?parent=48333"}],"curies":[{"name":"wp","href":"https:\/\/api.w.org\/{rel}","templated":true}]}}