{"id":39788,"date":"2019-05-20T14:10:52","date_gmt":"2019-05-20T12:10:52","guid":{"rendered":"https:\/\/aritco.kumpan.dev\/case-studies\/"},"modified":"2025-01-20T12:55:57","modified_gmt":"2025-01-20T11:55:57","slug":"truong-hop-thuc-te","status":"publish","type":"page","link":"https:\/\/www.aritco.com\/vi\/truong-hop-thuc-te\/","title":{"rendered":"TR\u01af\u1edcNG H\u1ee2P TH\u1ef0C T\u1ebe"},"content":{"rendered":"","protected":false},"excerpt":{"rendered":"","protected":false},"author":1,"featured_media":58577,"parent":0,"menu_order":0,"comment_status":"closed","ping_status":"closed","template":"","meta":{"_acf_changed":false,"footnotes":""},"class_list":["post-39788","page","type-page","status-publish","has-post-thumbnail","hentry"],"acf":[],"yoast_head":"<!-- This site is optimized with the Yoast SEO Premium plugin v26.6 (Yoast SEO v26.6) - https:\/\/yoast.com\/wordpress\/plugins\/seo\/ -->\n<title>Nghi\u00ean c\u1ee9u \u0111i\u1ec3n h\u00ecnh v\u1ec1 thang m\u00e1y gia \u0111\u00ecnh - Aritco<\/title>\n<meta name=\"description\" content=\"T\u00ecnh hu\u1ed1ng th\u1ef1c t\u1ebf c\u1ee7a Aritco. G\u1eb7p g\u1ee1 nh\u00e0 v\u00f4 \u0111\u1ecbch olympic, ng\u01b0\u1eddi \u0111\u00e3 ch\u1ee9ng minh cho ng\u00f4i nh\u00e0 thi\u1ebft k\u1ebf c\u1ee7a m\u00ecnh, nh\u00e0 thi\u1ebft k\u1ebf t\u1eadp trung v\u00e0o thi\u1ebft k\u1ebf v\u00e0 t\u00ednh b\u1ec1n v\u1eefng v\u00e0 h\u01a1n th\u1ebf n\u1eefa.\" \/>\n<meta name=\"robots\" content=\"index, follow, max-snippet:-1, max-image-preview:large, max-video-preview:-1\" \/>\n<link rel=\"canonical\" href=\"https:\/\/www.aritco.com\/vi\/truong-hop-thuc-te\/\" \/>\n<meta property=\"og:locale\" content=\"vi_VN\" \/>\n<meta property=\"og:type\" content=\"article\" \/>\n<meta property=\"og:title\" content=\"Aritco - TR\u01af\u1edcNG H\u1ee2P TH\u1ef0C T\u1ebe\" \/>\n<meta property=\"og:description\" content=\"T\u00ecnh hu\u1ed1ng th\u1ef1c t\u1ebf c\u1ee7a Aritco. G\u1eb7p g\u1ee1 nh\u00e0 v\u00f4 \u0111\u1ecbch olympic, ng\u01b0\u1eddi \u0111\u00e3 ch\u1ee9ng minh cho ng\u00f4i nh\u00e0 thi\u1ebft k\u1ebf c\u1ee7a m\u00ecnh, nh\u00e0 thi\u1ebft k\u1ebf t\u1eadp trung v\u00e0o thi\u1ebft k\u1ebf v\u00e0 t\u00ednh b\u1ec1n v\u1eefng v\u00e0 h\u01a1n th\u1ebf n\u1eefa.\" \/>\n<meta property=\"og:url\" content=\"https:\/\/www.aritco.com\/vi\/truong-hop-thuc-te\/\" \/>\n<meta property=\"og:site_name\" content=\"Aritco\" \/>\n<meta property=\"article:modified_time\" content=\"2025-01-20T11:55:57+00:00\" \/>\n<meta property=\"og:image\" content=\"https:\/\/www.aritco.com\/wp-content\/uploads\/2025\/01\/Aritco-HomeLif-S5-Marbella-1-31-web-scaled.jpg\" \/>\n\t<meta property=\"og:image:width\" content=\"2560\" \/>\n\t<meta property=\"og:image:height\" content=\"1703\" \/>\n\t<meta property=\"og:image:type\" content=\"image\/jpeg\" \/>\n<meta name=\"twitter:card\" content=\"summary_large_image\" \/>\n<meta name=\"twitter:title\" content=\"Aritco - TR\u01af\u1edcNG H\u1ee2P TH\u1ef0C T\u1ebe\" \/>\n<meta name=\"twitter:description\" content=\"T\u00ecnh hu\u1ed1ng th\u1ef1c t\u1ebf c\u1ee7a Aritco. G\u1eb7p g\u1ee1 nh\u00e0 v\u00f4 \u0111\u1ecbch olympic, ng\u01b0\u1eddi \u0111\u00e3 ch\u1ee9ng minh cho ng\u00f4i nh\u00e0 thi\u1ebft k\u1ebf c\u1ee7a m\u00ecnh, nh\u00e0 thi\u1ebft k\u1ebf t\u1eadp trung v\u00e0o thi\u1ebft k\u1ebf v\u00e0 t\u00ednh b\u1ec1n v\u1eefng v\u00e0 h\u01a1n th\u1ebf n\u1eefa.\" \/>\n<meta name=\"twitter:image\" content=\"https:\/\/www.aritco.com\/wp-content\/uploads\/2025\/01\/Aritco-HomeLif-S5-Marbella-1-31-web-scaled.jpg\" \/>\n<meta name=\"twitter:label1\" content=\"Est. reading time\" \/>\n\t<meta name=\"twitter:data1\" content=\"1 minute\" \/>\n<script type=\"application\/ld+json\" class=\"yoast-schema-graph\">{\"@context\":\"https:\/\/schema.org\",\"@graph\":[{\"@type\":\"WebPage\",\"@id\":\"https:\/\/www.aritco.com\/vi\/truong-hop-thuc-te\/\",\"url\":\"https:\/\/www.aritco.com\/vi\/truong-hop-thuc-te\/\",\"name\":\"Nghi\u00ean c\u1ee9u \u0111i\u1ec3n h\u00ecnh v\u1ec1 thang m\u00e1y gia \u0111\u00ecnh - Aritco\",\"isPartOf\":{\"@id\":\"https:\/\/www.aritco.com\/vi\/#website\"},\"primaryImageOfPage\":{\"@id\":\"https:\/\/www.aritco.com\/vi\/truong-hop-thuc-te\/#primaryimage\"},\"image\":{\"@id\":\"https:\/\/www.aritco.com\/vi\/truong-hop-thuc-te\/#primaryimage\"},\"thumbnailUrl\":\"https:\/\/www.aritco.com\/wp-content\/uploads\/2025\/01\/Aritco-HomeLif-S5-Marbella-1-31-web-scaled.jpg\",\"datePublished\":\"2019-05-20T12:10:52+00:00\",\"dateModified\":\"2025-01-20T11:55:57+00:00\",\"description\":\"T\u00ecnh hu\u1ed1ng th\u1ef1c t\u1ebf c\u1ee7a Aritco. G\u1eb7p g\u1ee1 nh\u00e0 v\u00f4 \u0111\u1ecbch olympic, ng\u01b0\u1eddi \u0111\u00e3 ch\u1ee9ng minh cho ng\u00f4i nh\u00e0 thi\u1ebft k\u1ebf c\u1ee7a m\u00ecnh, nh\u00e0 thi\u1ebft k\u1ebf t\u1eadp trung v\u00e0o thi\u1ebft k\u1ebf v\u00e0 t\u00ednh b\u1ec1n v\u1eefng v\u00e0 h\u01a1n th\u1ebf n\u1eefa.\",\"inLanguage\":\"vi-VN\",\"potentialAction\":[{\"@type\":\"ReadAction\",\"target\":[\"https:\/\/www.aritco.com\/vi\/truong-hop-thuc-te\/\"]}]},{\"@type\":\"ImageObject\",\"inLanguage\":\"vi-VN\",\"@id\":\"https:\/\/www.aritco.com\/vi\/truong-hop-thuc-te\/#primaryimage\",\"url\":\"https:\/\/www.aritco.com\/wp-content\/uploads\/2025\/01\/Aritco-HomeLif-S5-Marbella-1-31-web-scaled.jpg\",\"contentUrl\":\"https:\/\/www.aritco.com\/wp-content\/uploads\/2025\/01\/Aritco-HomeLif-S5-Marbella-1-31-web-scaled.jpg\",\"width\":2560,\"height\":1703},{\"@type\":\"WebSite\",\"@id\":\"https:\/\/www.aritco.com\/vi\/#website\",\"url\":\"https:\/\/www.aritco.com\/vi\/\",\"name\":\"Aritco\",\"description\":\"Award-winning lifts for homes and public and commercial use\",\"publisher\":{\"@id\":\"https:\/\/www.aritco.com\/vi\/#organization\"},\"potentialAction\":[{\"@type\":\"SearchAction\",\"target\":{\"@type\":\"EntryPoint\",\"urlTemplate\":\"https:\/\/www.aritco.com\/vi\/?s={search_term_string}\"},\"query-input\":{\"@type\":\"PropertyValueSpecification\",\"valueRequired\":true,\"valueName\":\"search_term_string\"}}],\"inLanguage\":\"vi-VN\"},{\"@type\":\"Organization\",\"@id\":\"https:\/\/www.aritco.com\/vi\/#organization\",\"name\":\"Aritco\",\"url\":\"https:\/\/www.aritco.com\/vi\/\",\"logo\":{\"@type\":\"ImageObject\",\"inLanguage\":\"vi-VN\",\"@id\":\"https:\/\/www.aritco.com\/vi\/#\/schema\/logo\/image\/\",\"url\":\"https:\/\/www.aritco.com\/wp-content\/uploads\/2019\/05\/vertical-3.svg\",\"contentUrl\":\"https:\/\/www.aritco.com\/wp-content\/uploads\/2019\/05\/vertical-3.svg\",\"width\":1,\"height\":1,\"caption\":\"Aritco\"},\"image\":{\"@id\":\"https:\/\/www.aritco.com\/vi\/#\/schema\/logo\/image\/\"},\"publishingPrinciples\":\"https:\/\/www.aritco.com\/about-aritco\/\"}]}<\/script>\n<!-- \/ Yoast SEO Premium plugin. -->","yoast_head_json":{"title":"Nghi\u00ean c\u1ee9u \u0111i\u1ec3n h\u00ecnh v\u1ec1 thang m\u00e1y gia \u0111\u00ecnh - Aritco","description":"T\u00ecnh hu\u1ed1ng th\u1ef1c t\u1ebf c\u1ee7a Aritco. G\u1eb7p g\u1ee1 nh\u00e0 v\u00f4 \u0111\u1ecbch olympic, ng\u01b0\u1eddi \u0111\u00e3 ch\u1ee9ng minh cho ng\u00f4i nh\u00e0 thi\u1ebft k\u1ebf c\u1ee7a m\u00ecnh, nh\u00e0 thi\u1ebft k\u1ebf t\u1eadp trung v\u00e0o thi\u1ebft k\u1ebf v\u00e0 t\u00ednh b\u1ec1n v\u1eefng v\u00e0 h\u01a1n th\u1ebf n\u1eefa.","robots":{"index":"index","follow":"follow","max-snippet":"max-snippet:-1","max-image-preview":"max-image-preview:large","max-video-preview":"max-video-preview:-1"},"canonical":"https:\/\/www.aritco.com\/vi\/truong-hop-thuc-te\/","og_locale":"vi_VN","og_type":"article","og_title":"Aritco - TR\u01af\u1edcNG H\u1ee2P TH\u1ef0C T\u1ebe","og_description":"T\u00ecnh hu\u1ed1ng th\u1ef1c t\u1ebf c\u1ee7a Aritco. G\u1eb7p g\u1ee1 nh\u00e0 v\u00f4 \u0111\u1ecbch olympic, ng\u01b0\u1eddi \u0111\u00e3 ch\u1ee9ng minh cho ng\u00f4i nh\u00e0 thi\u1ebft k\u1ebf c\u1ee7a m\u00ecnh, nh\u00e0 thi\u1ebft k\u1ebf t\u1eadp trung v\u00e0o thi\u1ebft k\u1ebf v\u00e0 t\u00ednh b\u1ec1n v\u1eefng v\u00e0 h\u01a1n th\u1ebf n\u1eefa.","og_url":"https:\/\/www.aritco.com\/vi\/truong-hop-thuc-te\/","og_site_name":"Aritco","article_modified_time":"2025-01-20T11:55:57+00:00","og_image":[{"width":2560,"height":1703,"url":"https:\/\/www.aritco.com\/wp-content\/uploads\/2025\/01\/Aritco-HomeLif-S5-Marbella-1-31-web-scaled.jpg","type":"image\/jpeg"}],"twitter_card":"summary_large_image","twitter_title":"Aritco - TR\u01af\u1edcNG H\u1ee2P TH\u1ef0C T\u1ebe","twitter_description":"T\u00ecnh hu\u1ed1ng th\u1ef1c t\u1ebf c\u1ee7a Aritco. G\u1eb7p g\u1ee1 nh\u00e0 v\u00f4 \u0111\u1ecbch olympic, ng\u01b0\u1eddi \u0111\u00e3 ch\u1ee9ng minh cho ng\u00f4i nh\u00e0 thi\u1ebft k\u1ebf c\u1ee7a m\u00ecnh, nh\u00e0 thi\u1ebft k\u1ebf t\u1eadp trung v\u00e0o thi\u1ebft k\u1ebf v\u00e0 t\u00ednh b\u1ec1n v\u1eefng v\u00e0 h\u01a1n th\u1ebf n\u1eefa.","twitter_image":"https:\/\/www.aritco.com\/wp-content\/uploads\/2025\/01\/Aritco-HomeLif-S5-Marbella-1-31-web-scaled.jpg","twitter_misc":{"Est. reading time":"1 minute"},"schema":{"@context":"https:\/\/schema.org","@graph":[{"@type":"WebPage","@id":"https:\/\/www.aritco.com\/vi\/truong-hop-thuc-te\/","url":"https:\/\/www.aritco.com\/vi\/truong-hop-thuc-te\/","name":"Nghi\u00ean c\u1ee9u \u0111i\u1ec3n h\u00ecnh v\u1ec1 thang m\u00e1y gia \u0111\u00ecnh - Aritco","isPartOf":{"@id":"https:\/\/www.aritco.com\/vi\/#website"},"primaryImageOfPage":{"@id":"https:\/\/www.aritco.com\/vi\/truong-hop-thuc-te\/#primaryimage"},"image":{"@id":"https:\/\/www.aritco.com\/vi\/truong-hop-thuc-te\/#primaryimage"},"thumbnailUrl":"https:\/\/www.aritco.com\/wp-content\/uploads\/2025\/01\/Aritco-HomeLif-S5-Marbella-1-31-web-scaled.jpg","datePublished":"2019-05-20T12:10:52+00:00","dateModified":"2025-01-20T11:55:57+00:00","description":"T\u00ecnh hu\u1ed1ng th\u1ef1c t\u1ebf c\u1ee7a Aritco. G\u1eb7p g\u1ee1 nh\u00e0 v\u00f4 \u0111\u1ecbch olympic, ng\u01b0\u1eddi \u0111\u00e3 ch\u1ee9ng minh cho ng\u00f4i nh\u00e0 thi\u1ebft k\u1ebf c\u1ee7a m\u00ecnh, nh\u00e0 thi\u1ebft k\u1ebf t\u1eadp trung v\u00e0o thi\u1ebft k\u1ebf v\u00e0 t\u00ednh b\u1ec1n v\u1eefng v\u00e0 h\u01a1n th\u1ebf n\u1eefa.","inLanguage":"vi-VN","potentialAction":[{"@type":"ReadAction","target":["https:\/\/www.aritco.com\/vi\/truong-hop-thuc-te\/"]}]},{"@type":"ImageObject","inLanguage":"vi-VN","@id":"https:\/\/www.aritco.com\/vi\/truong-hop-thuc-te\/#primaryimage","url":"https:\/\/www.aritco.com\/wp-content\/uploads\/2025\/01\/Aritco-HomeLif-S5-Marbella-1-31-web-scaled.jpg","contentUrl":"https:\/\/www.aritco.com\/wp-content\/uploads\/2025\/01\/Aritco-HomeLif-S5-Marbella-1-31-web-scaled.jpg","width":2560,"height":1703},{"@type":"WebSite","@id":"https:\/\/www.aritco.com\/vi\/#website","url":"https:\/\/www.aritco.com\/vi\/","name":"Aritco","description":"Award-winning lifts for homes and public and commercial use","publisher":{"@id":"https:\/\/www.aritco.com\/vi\/#organization"},"potentialAction":[{"@type":"SearchAction","target":{"@type":"EntryPoint","urlTemplate":"https:\/\/www.aritco.com\/vi\/?s={search_term_string}"},"query-input":{"@type":"PropertyValueSpecification","valueRequired":true,"valueName":"search_term_string"}}],"inLanguage":"vi-VN"},{"@type":"Organization","@id":"https:\/\/www.aritco.com\/vi\/#organization","name":"Aritco","url":"https:\/\/www.aritco.com\/vi\/","logo":{"@type":"ImageObject","inLanguage":"vi-VN","@id":"https:\/\/www.aritco.com\/vi\/#\/schema\/logo\/image\/","url":"https:\/\/www.aritco.com\/wp-content\/uploads\/2019\/05\/vertical-3.svg","contentUrl":"https:\/\/www.aritco.com\/wp-content\/uploads\/2019\/05\/vertical-3.svg","width":1,"height":1,"caption":"Aritco"},"image":{"@id":"https:\/\/www.aritco.com\/vi\/#\/schema\/logo\/image\/"},"publishingPrinciples":"https:\/\/www.aritco.com\/about-aritco\/"}]}},"_links":{"self":[{"href":"https:\/\/www.aritco.com\/vi\/wp-json\/wp\/v2\/pages\/39788","targetHints":{"allow":["GET"]}}],"collection":[{"href":"https:\/\/www.aritco.com\/vi\/wp-json\/wp\/v2\/pages"}],"about":[{"href":"https:\/\/www.aritco.com\/vi\/wp-json\/wp\/v2\/types\/page"}],"author":[{"embeddable":true,"href":"https:\/\/www.aritco.com\/vi\/wp-json\/wp\/v2\/users\/1"}],"replies":[{"embeddable":true,"href":"https:\/\/www.aritco.com\/vi\/wp-json\/wp\/v2\/comments?post=39788"}],"version-history":[{"count":3,"href":"https:\/\/www.aritco.com\/vi\/wp-json\/wp\/v2\/pages\/39788\/revisions"}],"predecessor-version":[{"id":58588,"href":"https:\/\/www.aritco.com\/vi\/wp-json\/wp\/v2\/pages\/39788\/revisions\/58588"}],"wp:featuredmedia":[{"embeddable":true,"href":"https:\/\/www.aritco.com\/vi\/wp-json\/wp\/v2\/media\/58577"}],"wp:attachment":[{"href":"https:\/\/www.aritco.com\/vi\/wp-json\/wp\/v2\/media?parent=39788"}],"curies":[{"name":"wp","href":"https:\/\/api.w.org\/{rel}","templated":true}]}}