{"id":35876,"date":"2023-03-22T11:56:01","date_gmt":"2023-03-22T10:56:01","guid":{"rendered":"https:\/\/aritco.kumpan.dev\/san-pham\/smartlift-app\/"},"modified":"2024-08-15T14:11:09","modified_gmt":"2024-08-15T12:11:09","slug":"aritco-smartlift-app","status":"publish","type":"page","link":"https:\/\/www.aritco.com\/vi\/san-pham\/aritco-smartlift-app\/","title":{"rendered":"Aritco SmartLift App"},"content":{"rendered":"","protected":false},"excerpt":{"rendered":"","protected":false},"author":12,"featured_media":35480,"parent":11014,"menu_order":0,"comment_status":"closed","ping_status":"closed","template":"","meta":{"_acf_changed":false,"footnotes":""},"class_list":["post-35876","page","type-page","status-publish","has-post-thumbnail","hentry"],"acf":[],"yoast_head":"<!-- This site is optimized with the Yoast SEO Premium plugin v26.6 (Yoast SEO v26.6) - https:\/\/yoast.com\/wordpress\/plugins\/seo\/ -->\n<title>Aritco SmartLift App | Aritco<\/title>\n<meta name=\"description\" content=\"V\u1edbi \u1ee8ng d\u1ee5ng Aritco SmartLift, ch\u00fang t\u00f4i mang \u0111\u1ebfn cho b\u1ea1n tr\u1ea3i nghi\u1ec7m tuy\u1ec7t v\u1eddi khi l\u00e0 ch\u1ee7 s\u1edf h\u1eefu thang m\u00e1y gia \u0111\u00ecnh Aritco c\u1ea3m th\u1ea5y an to\u00e0n v\u00e0 \u0111\u01b0\u1ee3c c\u1eadp nh\u1eadt \u0111\u1ea7y \u0111\u1ee7 v\u1ec1 tr\u1ea1ng th\u00e1i c\u1ee7a thang m\u00e1y. T\u1ea3i v\u1ec1 t\u1ea1i \u0111\u00e2y:\" \/>\n<meta name=\"robots\" content=\"index, follow, max-snippet:-1, max-image-preview:large, max-video-preview:-1\" \/>\n<link rel=\"canonical\" href=\"https:\/\/www.aritco.com\/vi\/san-pham\/aritco-smartlift-app\/\" \/>\n<meta property=\"og:locale\" content=\"vi_VN\" \/>\n<meta property=\"og:type\" content=\"article\" \/>\n<meta property=\"og:title\" content=\"Aritco SmartLift app | Aritco\" \/>\n<meta property=\"og:description\" content=\"V\u1edbi \u1ee8ng d\u1ee5ng Aritco SmartLift, ch\u00fang t\u00f4i mang \u0111\u1ebfn cho b\u1ea1n tr\u1ea3i nghi\u1ec7m tuy\u1ec7t v\u1eddi khi l\u00e0 ch\u1ee7 s\u1edf h\u1eefu thang m\u00e1y gia \u0111\u00ecnh Aritco c\u1ea3m th\u1ea5y an to\u00e0n v\u00e0 \u0111\u01b0\u1ee3c c\u1eadp nh\u1eadt \u0111\u1ea7y \u0111\u1ee7 v\u1ec1 tr\u1ea1ng th\u00e1i c\u1ee7a thang m\u00e1y. T\u1ea3i v\u1ec1 t\u1ea1i \u0111\u00e2y:\" \/>\n<meta property=\"og:url\" content=\"https:\/\/www.aritco.com\/vi\/san-pham\/aritco-smartlift-app\/\" \/>\n<meta property=\"og:site_name\" content=\"Aritco\" \/>\n<meta property=\"article:modified_time\" content=\"2024-08-15T12:11:09+00:00\" \/>\n<meta property=\"og:image\" content=\"https:\/\/www.aritco.com\/wp-content\/uploads\/2023\/03\/SmartLiftApp_LiftStatus_LR.jpg\" \/>\n\t<meta property=\"og:image:width\" content=\"591\" \/>\n\t<meta property=\"og:image:height\" content=\"443\" \/>\n\t<meta property=\"og:image:type\" content=\"image\/jpeg\" \/>\n<meta name=\"twitter:card\" content=\"summary_large_image\" \/>\n<meta name=\"twitter:title\" content=\"Aritco SmartLift App | Aritco\" \/>\n<meta name=\"twitter:description\" content=\"V\u1edbi \u1ee8ng d\u1ee5ng Aritco SmartLift, ch\u00fang t\u00f4i mang \u0111\u1ebfn cho b\u1ea1n tr\u1ea3i nghi\u1ec7m tuy\u1ec7t v\u1eddi khi l\u00e0 ch\u1ee7 s\u1edf h\u1eefu thang m\u00e1y gia \u0111\u00ecnh Aritco c\u1ea3m th\u1ea5y an to\u00e0n v\u00e0 \u0111\u01b0\u1ee3c c\u1eadp nh\u1eadt \u0111\u1ea7y \u0111\u1ee7 v\u1ec1 tr\u1ea1ng th\u00e1i c\u1ee7a thang m\u00e1y. T\u1ea3i v\u1ec1 t\u1ea1i \u0111\u00e2y:\" \/>\n<meta name=\"twitter:image\" content=\"https:\/\/www.aritco.com\/wp-content\/uploads\/2023\/03\/SmartLiftApp_LiftStatus_LR.jpg\" \/>\n<meta name=\"twitter:label1\" content=\"Est. reading time\" \/>\n\t<meta name=\"twitter:data1\" content=\"1 minute\" \/>\n<script type=\"application\/ld+json\" class=\"yoast-schema-graph\">{\"@context\":\"https:\/\/schema.org\",\"@graph\":[{\"@type\":\"WebPage\",\"@id\":\"https:\/\/www.aritco.com\/vi\/san-pham\/aritco-smartlift-app\/\",\"url\":\"https:\/\/www.aritco.com\/vi\/san-pham\/aritco-smartlift-app\/\",\"name\":\"Aritco SmartLift App | Aritco\",\"isPartOf\":{\"@id\":\"https:\/\/www.aritco.com\/vi\/#website\"},\"primaryImageOfPage\":{\"@id\":\"https:\/\/www.aritco.com\/vi\/san-pham\/aritco-smartlift-app\/#primaryimage\"},\"image\":{\"@id\":\"https:\/\/www.aritco.com\/vi\/san-pham\/aritco-smartlift-app\/#primaryimage\"},\"thumbnailUrl\":\"https:\/\/www.aritco.com\/wp-content\/uploads\/2023\/03\/SmartLiftApp_LiftStatus_LR.jpg\",\"datePublished\":\"2023-03-22T10:56:01+00:00\",\"dateModified\":\"2024-08-15T12:11:09+00:00\",\"description\":\"V\u1edbi \u1ee8ng d\u1ee5ng Aritco SmartLift, ch\u00fang t\u00f4i mang \u0111\u1ebfn cho b\u1ea1n tr\u1ea3i nghi\u1ec7m tuy\u1ec7t v\u1eddi khi l\u00e0 ch\u1ee7 s\u1edf h\u1eefu thang m\u00e1y gia \u0111\u00ecnh Aritco c\u1ea3m th\u1ea5y an to\u00e0n v\u00e0 \u0111\u01b0\u1ee3c c\u1eadp nh\u1eadt \u0111\u1ea7y \u0111\u1ee7 v\u1ec1 tr\u1ea1ng th\u00e1i c\u1ee7a thang m\u00e1y. T\u1ea3i v\u1ec1 t\u1ea1i \u0111\u00e2y:\",\"breadcrumb\":{\"@id\":\"https:\/\/www.aritco.com\/vi\/san-pham\/aritco-smartlift-app\/#breadcrumb\"},\"inLanguage\":\"vi-VN\",\"potentialAction\":[{\"@type\":\"ReadAction\",\"target\":[\"https:\/\/www.aritco.com\/vi\/san-pham\/aritco-smartlift-app\/\"]}]},{\"@type\":\"ImageObject\",\"inLanguage\":\"vi-VN\",\"@id\":\"https:\/\/www.aritco.com\/vi\/san-pham\/aritco-smartlift-app\/#primaryimage\",\"url\":\"https:\/\/www.aritco.com\/wp-content\/uploads\/2023\/03\/SmartLiftApp_LiftStatus_LR.jpg\",\"contentUrl\":\"https:\/\/www.aritco.com\/wp-content\/uploads\/2023\/03\/SmartLiftApp_LiftStatus_LR.jpg\",\"width\":591,\"height\":443,\"caption\":\"Smartphone showing Aritco SmartLift App\"},{\"@type\":\"BreadcrumbList\",\"@id\":\"https:\/\/www.aritco.com\/vi\/san-pham\/aritco-smartlift-app\/#breadcrumb\",\"itemListElement\":[{\"@type\":\"ListItem\",\"position\":1,\"name\":\"S\u1ea3n ph\u1ea9m\",\"item\":\"https:\/\/www.aritco.com\/vi\/san-pham\/\"},{\"@type\":\"ListItem\",\"position\":2,\"name\":\"Aritco SmartLift App\"}]},{\"@type\":\"WebSite\",\"@id\":\"https:\/\/www.aritco.com\/vi\/#website\",\"url\":\"https:\/\/www.aritco.com\/vi\/\",\"name\":\"Aritco\",\"description\":\"Award-winning lifts for homes and public and commercial use\",\"publisher\":{\"@id\":\"https:\/\/www.aritco.com\/vi\/#organization\"},\"potentialAction\":[{\"@type\":\"SearchAction\",\"target\":{\"@type\":\"EntryPoint\",\"urlTemplate\":\"https:\/\/www.aritco.com\/vi\/?s={search_term_string}\"},\"query-input\":{\"@type\":\"PropertyValueSpecification\",\"valueRequired\":true,\"valueName\":\"search_term_string\"}}],\"inLanguage\":\"vi-VN\"},{\"@type\":\"Organization\",\"@id\":\"https:\/\/www.aritco.com\/vi\/#organization\",\"name\":\"Aritco\",\"url\":\"https:\/\/www.aritco.com\/vi\/\",\"logo\":{\"@type\":\"ImageObject\",\"inLanguage\":\"vi-VN\",\"@id\":\"https:\/\/www.aritco.com\/vi\/#\/schema\/logo\/image\/\",\"url\":\"https:\/\/www.aritco.com\/wp-content\/uploads\/2019\/05\/vertical-3.svg\",\"contentUrl\":\"https:\/\/www.aritco.com\/wp-content\/uploads\/2019\/05\/vertical-3.svg\",\"width\":1,\"height\":1,\"caption\":\"Aritco\"},\"image\":{\"@id\":\"https:\/\/www.aritco.com\/vi\/#\/schema\/logo\/image\/\"},\"publishingPrinciples\":\"https:\/\/www.aritco.com\/about-aritco\/\"}]}<\/script>\n<!-- \/ Yoast SEO Premium plugin. -->","yoast_head_json":{"title":"Aritco SmartLift App | Aritco","description":"V\u1edbi \u1ee8ng d\u1ee5ng Aritco SmartLift, ch\u00fang t\u00f4i mang \u0111\u1ebfn cho b\u1ea1n tr\u1ea3i nghi\u1ec7m tuy\u1ec7t v\u1eddi khi l\u00e0 ch\u1ee7 s\u1edf h\u1eefu thang m\u00e1y gia \u0111\u00ecnh Aritco c\u1ea3m th\u1ea5y an to\u00e0n v\u00e0 \u0111\u01b0\u1ee3c c\u1eadp nh\u1eadt \u0111\u1ea7y \u0111\u1ee7 v\u1ec1 tr\u1ea1ng th\u00e1i c\u1ee7a thang m\u00e1y. T\u1ea3i v\u1ec1 t\u1ea1i \u0111\u00e2y:","robots":{"index":"index","follow":"follow","max-snippet":"max-snippet:-1","max-image-preview":"max-image-preview:large","max-video-preview":"max-video-preview:-1"},"canonical":"https:\/\/www.aritco.com\/vi\/san-pham\/aritco-smartlift-app\/","og_locale":"vi_VN","og_type":"article","og_title":"Aritco SmartLift app | Aritco","og_description":"V\u1edbi \u1ee8ng d\u1ee5ng Aritco SmartLift, ch\u00fang t\u00f4i mang \u0111\u1ebfn cho b\u1ea1n tr\u1ea3i nghi\u1ec7m tuy\u1ec7t v\u1eddi khi l\u00e0 ch\u1ee7 s\u1edf h\u1eefu thang m\u00e1y gia \u0111\u00ecnh Aritco c\u1ea3m th\u1ea5y an to\u00e0n v\u00e0 \u0111\u01b0\u1ee3c c\u1eadp nh\u1eadt \u0111\u1ea7y \u0111\u1ee7 v\u1ec1 tr\u1ea1ng th\u00e1i c\u1ee7a thang m\u00e1y. T\u1ea3i v\u1ec1 t\u1ea1i \u0111\u00e2y:","og_url":"https:\/\/www.aritco.com\/vi\/san-pham\/aritco-smartlift-app\/","og_site_name":"Aritco","article_modified_time":"2024-08-15T12:11:09+00:00","og_image":[{"width":591,"height":443,"url":"https:\/\/www.aritco.com\/wp-content\/uploads\/2023\/03\/SmartLiftApp_LiftStatus_LR.jpg","type":"image\/jpeg"}],"twitter_card":"summary_large_image","twitter_title":"Aritco SmartLift App | Aritco","twitter_description":"V\u1edbi \u1ee8ng d\u1ee5ng Aritco SmartLift, ch\u00fang t\u00f4i mang \u0111\u1ebfn cho b\u1ea1n tr\u1ea3i nghi\u1ec7m tuy\u1ec7t v\u1eddi khi l\u00e0 ch\u1ee7 s\u1edf h\u1eefu thang m\u00e1y gia \u0111\u00ecnh Aritco c\u1ea3m th\u1ea5y an to\u00e0n v\u00e0 \u0111\u01b0\u1ee3c c\u1eadp nh\u1eadt \u0111\u1ea7y \u0111\u1ee7 v\u1ec1 tr\u1ea1ng th\u00e1i c\u1ee7a thang m\u00e1y. T\u1ea3i v\u1ec1 t\u1ea1i \u0111\u00e2y:","twitter_image":"https:\/\/www.aritco.com\/wp-content\/uploads\/2023\/03\/SmartLiftApp_LiftStatus_LR.jpg","twitter_misc":{"Est. reading time":"1 minute"},"schema":{"@context":"https:\/\/schema.org","@graph":[{"@type":"WebPage","@id":"https:\/\/www.aritco.com\/vi\/san-pham\/aritco-smartlift-app\/","url":"https:\/\/www.aritco.com\/vi\/san-pham\/aritco-smartlift-app\/","name":"Aritco SmartLift App | Aritco","isPartOf":{"@id":"https:\/\/www.aritco.com\/vi\/#website"},"primaryImageOfPage":{"@id":"https:\/\/www.aritco.com\/vi\/san-pham\/aritco-smartlift-app\/#primaryimage"},"image":{"@id":"https:\/\/www.aritco.com\/vi\/san-pham\/aritco-smartlift-app\/#primaryimage"},"thumbnailUrl":"https:\/\/www.aritco.com\/wp-content\/uploads\/2023\/03\/SmartLiftApp_LiftStatus_LR.jpg","datePublished":"2023-03-22T10:56:01+00:00","dateModified":"2024-08-15T12:11:09+00:00","description":"V\u1edbi \u1ee8ng d\u1ee5ng Aritco SmartLift, ch\u00fang t\u00f4i mang \u0111\u1ebfn cho b\u1ea1n tr\u1ea3i nghi\u1ec7m tuy\u1ec7t v\u1eddi khi l\u00e0 ch\u1ee7 s\u1edf h\u1eefu thang m\u00e1y gia \u0111\u00ecnh Aritco c\u1ea3m th\u1ea5y an to\u00e0n v\u00e0 \u0111\u01b0\u1ee3c c\u1eadp nh\u1eadt \u0111\u1ea7y \u0111\u1ee7 v\u1ec1 tr\u1ea1ng th\u00e1i c\u1ee7a thang m\u00e1y. T\u1ea3i v\u1ec1 t\u1ea1i \u0111\u00e2y:","breadcrumb":{"@id":"https:\/\/www.aritco.com\/vi\/san-pham\/aritco-smartlift-app\/#breadcrumb"},"inLanguage":"vi-VN","potentialAction":[{"@type":"ReadAction","target":["https:\/\/www.aritco.com\/vi\/san-pham\/aritco-smartlift-app\/"]}]},{"@type":"ImageObject","inLanguage":"vi-VN","@id":"https:\/\/www.aritco.com\/vi\/san-pham\/aritco-smartlift-app\/#primaryimage","url":"https:\/\/www.aritco.com\/wp-content\/uploads\/2023\/03\/SmartLiftApp_LiftStatus_LR.jpg","contentUrl":"https:\/\/www.aritco.com\/wp-content\/uploads\/2023\/03\/SmartLiftApp_LiftStatus_LR.jpg","width":591,"height":443,"caption":"Smartphone showing Aritco SmartLift App"},{"@type":"BreadcrumbList","@id":"https:\/\/www.aritco.com\/vi\/san-pham\/aritco-smartlift-app\/#breadcrumb","itemListElement":[{"@type":"ListItem","position":1,"name":"S\u1ea3n ph\u1ea9m","item":"https:\/\/www.aritco.com\/vi\/san-pham\/"},{"@type":"ListItem","position":2,"name":"Aritco SmartLift App"}]},{"@type":"WebSite","@id":"https:\/\/www.aritco.com\/vi\/#website","url":"https:\/\/www.aritco.com\/vi\/","name":"Aritco","description":"Award-winning lifts for homes and public and commercial use","publisher":{"@id":"https:\/\/www.aritco.com\/vi\/#organization"},"potentialAction":[{"@type":"SearchAction","target":{"@type":"EntryPoint","urlTemplate":"https:\/\/www.aritco.com\/vi\/?s={search_term_string}"},"query-input":{"@type":"PropertyValueSpecification","valueRequired":true,"valueName":"search_term_string"}}],"inLanguage":"vi-VN"},{"@type":"Organization","@id":"https:\/\/www.aritco.com\/vi\/#organization","name":"Aritco","url":"https:\/\/www.aritco.com\/vi\/","logo":{"@type":"ImageObject","inLanguage":"vi-VN","@id":"https:\/\/www.aritco.com\/vi\/#\/schema\/logo\/image\/","url":"https:\/\/www.aritco.com\/wp-content\/uploads\/2019\/05\/vertical-3.svg","contentUrl":"https:\/\/www.aritco.com\/wp-content\/uploads\/2019\/05\/vertical-3.svg","width":1,"height":1,"caption":"Aritco"},"image":{"@id":"https:\/\/www.aritco.com\/vi\/#\/schema\/logo\/image\/"},"publishingPrinciples":"https:\/\/www.aritco.com\/about-aritco\/"}]}},"_links":{"self":[{"href":"https:\/\/www.aritco.com\/vi\/wp-json\/wp\/v2\/pages\/35876","targetHints":{"allow":["GET"]}}],"collection":[{"href":"https:\/\/www.aritco.com\/vi\/wp-json\/wp\/v2\/pages"}],"about":[{"href":"https:\/\/www.aritco.com\/vi\/wp-json\/wp\/v2\/types\/page"}],"author":[{"embeddable":true,"href":"https:\/\/www.aritco.com\/vi\/wp-json\/wp\/v2\/users\/12"}],"replies":[{"embeddable":true,"href":"https:\/\/www.aritco.com\/vi\/wp-json\/wp\/v2\/comments?post=35876"}],"version-history":[{"count":1,"href":"https:\/\/www.aritco.com\/vi\/wp-json\/wp\/v2\/pages\/35876\/revisions"}],"predecessor-version":[{"id":53080,"href":"https:\/\/www.aritco.com\/vi\/wp-json\/wp\/v2\/pages\/35876\/revisions\/53080"}],"up":[{"embeddable":true,"href":"https:\/\/www.aritco.com\/vi\/wp-json\/wp\/v2\/pages\/11014"}],"wp:featuredmedia":[{"embeddable":true,"href":"https:\/\/www.aritco.com\/vi\/wp-json\/wp\/v2\/media\/35480"}],"wp:attachment":[{"href":"https:\/\/www.aritco.com\/vi\/wp-json\/wp\/v2\/media?parent=35876"}],"curies":[{"name":"wp","href":"https:\/\/api.w.org\/{rel}","templated":true}]}}