{"id":35517,"date":"2023-03-02T10:22:21","date_gmt":"2023-03-02T09:22:21","guid":{"rendered":"https:\/\/aritco.kumpan.dev\/faq\/"},"modified":"2026-01-14T10:55:50","modified_gmt":"2026-01-14T09:55:50","slug":"cac-cau-hoi-thuong-gap","status":"publish","type":"page","link":"https:\/\/www.aritco.com\/vi\/cac-cau-hoi-thuong-gap\/","title":{"rendered":"C\u00e1c c\u00e2u h\u1ecfi th\u01b0\u1eddng g\u1eb7p"},"content":{"rendered":"","protected":false},"excerpt":{"rendered":"","protected":false},"author":12,"featured_media":0,"parent":0,"menu_order":0,"comment_status":"closed","ping_status":"closed","template":"","meta":{"_acf_changed":false,"footnotes":""},"class_list":["post-35517","page","type-page","status-publish","hentry"],"acf":[],"yoast_head":"<!-- This site is optimized with the Yoast SEO Premium plugin v26.6 (Yoast SEO v26.6) - https:\/\/yoast.com\/wordpress\/plugins\/seo\/ -->\n<title>C\u00e1c c\u00e2u h\u1ecfi th\u01b0\u1eddng g\u1eb7p - Aritco<\/title>\n<meta name=\"description\" content=\"Ch\u00fang t\u00f4i \u0111\u00e3 t\u1eadp h\u1ee3p nh\u1eefng c\u00e2u h\u1ecfi th\u01b0\u1eddng g\u1eb7p nh\u1ea5t (FAQ) t\u1ea1i \u0111\u00e2y. Ch\u00fang t\u00f4i hy v\u1ecdng b\u1ea1n t\u00ecm th\u1ea5y c\u00e2u tr\u1ea3 l\u1eddi \u1edf \u0111\u00e2y. N\u1ebfu kh\u00f4ng, li\u00ean h\u1ec7 v\u1edbi ch\u00fang t\u00f4i!\" \/>\n<meta name=\"robots\" content=\"index, follow, max-snippet:-1, max-image-preview:large, max-video-preview:-1\" \/>\n<link rel=\"canonical\" href=\"https:\/\/www.aritco.com\/vi\/cac-cau-hoi-thuong-gap\/\" \/>\n<meta property=\"og:locale\" content=\"vi_VN\" \/>\n<meta property=\"og:type\" content=\"article\" \/>\n<meta property=\"og:title\" content=\"C\u00e1c c\u00e2u h\u1ecfi th\u01b0\u1eddng g\u1eb7p\" \/>\n<meta property=\"og:description\" content=\"Ch\u00fang t\u00f4i \u0111\u00e3 t\u1eadp h\u1ee3p nh\u1eefng c\u00e2u h\u1ecfi th\u01b0\u1eddng g\u1eb7p nh\u1ea5t (FAQ) t\u1ea1i \u0111\u00e2y. Ch\u00fang t\u00f4i hy v\u1ecdng b\u1ea1n t\u00ecm th\u1ea5y c\u00e2u tr\u1ea3 l\u1eddi \u1edf \u0111\u00e2y. N\u1ebfu kh\u00f4ng, li\u00ean h\u1ec7 v\u1edbi ch\u00fang t\u00f4i!\" \/>\n<meta property=\"og:url\" content=\"https:\/\/www.aritco.com\/vi\/cac-cau-hoi-thuong-gap\/\" \/>\n<meta property=\"og:site_name\" content=\"Aritco\" \/>\n<meta property=\"article:modified_time\" content=\"2026-01-14T09:55:50+00:00\" \/>\n<meta name=\"twitter:card\" content=\"summary_large_image\" \/>\n<script type=\"application\/ld+json\" class=\"yoast-schema-graph\">{\"@context\":\"https:\/\/schema.org\",\"@graph\":[{\"@type\":\"WebPage\",\"@id\":\"https:\/\/www.aritco.com\/vi\/cac-cau-hoi-thuong-gap\/\",\"url\":\"https:\/\/www.aritco.com\/vi\/cac-cau-hoi-thuong-gap\/\",\"name\":\"C\u00e1c c\u00e2u h\u1ecfi th\u01b0\u1eddng g\u1eb7p - Aritco\",\"isPartOf\":{\"@id\":\"https:\/\/www.aritco.com\/vi\/#website\"},\"datePublished\":\"2023-03-02T09:22:21+00:00\",\"dateModified\":\"2026-01-14T09:55:50+00:00\",\"description\":\"Ch\u00fang t\u00f4i \u0111\u00e3 t\u1eadp h\u1ee3p nh\u1eefng c\u00e2u h\u1ecfi th\u01b0\u1eddng g\u1eb7p nh\u1ea5t (FAQ) t\u1ea1i \u0111\u00e2y. Ch\u00fang t\u00f4i hy v\u1ecdng b\u1ea1n t\u00ecm th\u1ea5y c\u00e2u tr\u1ea3 l\u1eddi \u1edf \u0111\u00e2y. N\u1ebfu kh\u00f4ng, li\u00ean h\u1ec7 v\u1edbi ch\u00fang t\u00f4i!\",\"inLanguage\":\"vi-VN\",\"potentialAction\":[{\"@type\":\"ReadAction\",\"target\":[\"https:\/\/www.aritco.com\/vi\/cac-cau-hoi-thuong-gap\/\"]}]},{\"@type\":\"WebSite\",\"@id\":\"https:\/\/www.aritco.com\/vi\/#website\",\"url\":\"https:\/\/www.aritco.com\/vi\/\",\"name\":\"Aritco\",\"description\":\"Award-winning lifts for homes and public and commercial use\",\"publisher\":{\"@id\":\"https:\/\/www.aritco.com\/vi\/#organization\"},\"potentialAction\":[{\"@type\":\"SearchAction\",\"target\":{\"@type\":\"EntryPoint\",\"urlTemplate\":\"https:\/\/www.aritco.com\/vi\/?s={search_term_string}\"},\"query-input\":{\"@type\":\"PropertyValueSpecification\",\"valueRequired\":true,\"valueName\":\"search_term_string\"}}],\"inLanguage\":\"vi-VN\"},{\"@type\":\"Organization\",\"@id\":\"https:\/\/www.aritco.com\/vi\/#organization\",\"name\":\"Aritco\",\"url\":\"https:\/\/www.aritco.com\/vi\/\",\"logo\":{\"@type\":\"ImageObject\",\"inLanguage\":\"vi-VN\",\"@id\":\"https:\/\/www.aritco.com\/vi\/#\/schema\/logo\/image\/\",\"url\":\"https:\/\/www.aritco.com\/wp-content\/uploads\/2019\/05\/vertical-3.svg\",\"contentUrl\":\"https:\/\/www.aritco.com\/wp-content\/uploads\/2019\/05\/vertical-3.svg\",\"width\":1,\"height\":1,\"caption\":\"Aritco\"},\"image\":{\"@id\":\"https:\/\/www.aritco.com\/vi\/#\/schema\/logo\/image\/\"},\"publishingPrinciples\":\"https:\/\/www.aritco.com\/about-aritco\/\"}]}<\/script>\n<!-- \/ Yoast SEO Premium plugin. -->","yoast_head_json":{"title":"C\u00e1c c\u00e2u h\u1ecfi th\u01b0\u1eddng g\u1eb7p - Aritco","description":"Ch\u00fang t\u00f4i \u0111\u00e3 t\u1eadp h\u1ee3p nh\u1eefng c\u00e2u h\u1ecfi th\u01b0\u1eddng g\u1eb7p nh\u1ea5t (FAQ) t\u1ea1i \u0111\u00e2y. Ch\u00fang t\u00f4i hy v\u1ecdng b\u1ea1n t\u00ecm th\u1ea5y c\u00e2u tr\u1ea3 l\u1eddi \u1edf \u0111\u00e2y. N\u1ebfu kh\u00f4ng, li\u00ean h\u1ec7 v\u1edbi ch\u00fang t\u00f4i!","robots":{"index":"index","follow":"follow","max-snippet":"max-snippet:-1","max-image-preview":"max-image-preview:large","max-video-preview":"max-video-preview:-1"},"canonical":"https:\/\/www.aritco.com\/vi\/cac-cau-hoi-thuong-gap\/","og_locale":"vi_VN","og_type":"article","og_title":"C\u00e1c c\u00e2u h\u1ecfi th\u01b0\u1eddng g\u1eb7p","og_description":"Ch\u00fang t\u00f4i \u0111\u00e3 t\u1eadp h\u1ee3p nh\u1eefng c\u00e2u h\u1ecfi th\u01b0\u1eddng g\u1eb7p nh\u1ea5t (FAQ) t\u1ea1i \u0111\u00e2y. Ch\u00fang t\u00f4i hy v\u1ecdng b\u1ea1n t\u00ecm th\u1ea5y c\u00e2u tr\u1ea3 l\u1eddi \u1edf \u0111\u00e2y. N\u1ebfu kh\u00f4ng, li\u00ean h\u1ec7 v\u1edbi ch\u00fang t\u00f4i!","og_url":"https:\/\/www.aritco.com\/vi\/cac-cau-hoi-thuong-gap\/","og_site_name":"Aritco","article_modified_time":"2026-01-14T09:55:50+00:00","twitter_card":"summary_large_image","schema":{"@context":"https:\/\/schema.org","@graph":[{"@type":"WebPage","@id":"https:\/\/www.aritco.com\/vi\/cac-cau-hoi-thuong-gap\/","url":"https:\/\/www.aritco.com\/vi\/cac-cau-hoi-thuong-gap\/","name":"C\u00e1c c\u00e2u h\u1ecfi th\u01b0\u1eddng g\u1eb7p - Aritco","isPartOf":{"@id":"https:\/\/www.aritco.com\/vi\/#website"},"datePublished":"2023-03-02T09:22:21+00:00","dateModified":"2026-01-14T09:55:50+00:00","description":"Ch\u00fang t\u00f4i \u0111\u00e3 t\u1eadp h\u1ee3p nh\u1eefng c\u00e2u h\u1ecfi th\u01b0\u1eddng g\u1eb7p nh\u1ea5t (FAQ) t\u1ea1i \u0111\u00e2y. Ch\u00fang t\u00f4i hy v\u1ecdng b\u1ea1n t\u00ecm th\u1ea5y c\u00e2u tr\u1ea3 l\u1eddi \u1edf \u0111\u00e2y. N\u1ebfu kh\u00f4ng, li\u00ean h\u1ec7 v\u1edbi ch\u00fang t\u00f4i!","inLanguage":"vi-VN","potentialAction":[{"@type":"ReadAction","target":["https:\/\/www.aritco.com\/vi\/cac-cau-hoi-thuong-gap\/"]}]},{"@type":"WebSite","@id":"https:\/\/www.aritco.com\/vi\/#website","url":"https:\/\/www.aritco.com\/vi\/","name":"Aritco","description":"Award-winning lifts for homes and public and commercial use","publisher":{"@id":"https:\/\/www.aritco.com\/vi\/#organization"},"potentialAction":[{"@type":"SearchAction","target":{"@type":"EntryPoint","urlTemplate":"https:\/\/www.aritco.com\/vi\/?s={search_term_string}"},"query-input":{"@type":"PropertyValueSpecification","valueRequired":true,"valueName":"search_term_string"}}],"inLanguage":"vi-VN"},{"@type":"Organization","@id":"https:\/\/www.aritco.com\/vi\/#organization","name":"Aritco","url":"https:\/\/www.aritco.com\/vi\/","logo":{"@type":"ImageObject","inLanguage":"vi-VN","@id":"https:\/\/www.aritco.com\/vi\/#\/schema\/logo\/image\/","url":"https:\/\/www.aritco.com\/wp-content\/uploads\/2019\/05\/vertical-3.svg","contentUrl":"https:\/\/www.aritco.com\/wp-content\/uploads\/2019\/05\/vertical-3.svg","width":1,"height":1,"caption":"Aritco"},"image":{"@id":"https:\/\/www.aritco.com\/vi\/#\/schema\/logo\/image\/"},"publishingPrinciples":"https:\/\/www.aritco.com\/about-aritco\/"}]}},"_links":{"self":[{"href":"https:\/\/www.aritco.com\/vi\/wp-json\/wp\/v2\/pages\/35517","targetHints":{"allow":["GET"]}}],"collection":[{"href":"https:\/\/www.aritco.com\/vi\/wp-json\/wp\/v2\/pages"}],"about":[{"href":"https:\/\/www.aritco.com\/vi\/wp-json\/wp\/v2\/types\/page"}],"author":[{"embeddable":true,"href":"https:\/\/www.aritco.com\/vi\/wp-json\/wp\/v2\/users\/12"}],"replies":[{"embeddable":true,"href":"https:\/\/www.aritco.com\/vi\/wp-json\/wp\/v2\/comments?post=35517"}],"version-history":[{"count":4,"href":"https:\/\/www.aritco.com\/vi\/wp-json\/wp\/v2\/pages\/35517\/revisions"}],"predecessor-version":[{"id":64265,"href":"https:\/\/www.aritco.com\/vi\/wp-json\/wp\/v2\/pages\/35517\/revisions\/64265"}],"wp:attachment":[{"href":"https:\/\/www.aritco.com\/vi\/wp-json\/wp\/v2\/media?parent=35517"}],"curies":[{"name":"wp","href":"https:\/\/api.w.org\/{rel}","templated":true}]}}