{"id":30680,"date":"2021-01-11T13:29:36","date_gmt":"2021-01-11T12:29:36","guid":{"rendered":"https:\/\/aritco.kumpan.dev\/ongoingupcoming\/stockholm-design-week-2023\/"},"modified":"2022-11-17T15:27:21","modified_gmt":"2022-11-17T14:27:21","slug":"stockholm-design-week-2023","status":"publish","type":"page","link":"https:\/\/www.aritco.com\/vi\/trien-lam-va-su-kien\/stockholm-design-week-2023\/","title":{"rendered":"Stockholm Design Week 2023"},"content":{"rendered":"","protected":false},"excerpt":{"rendered":"","protected":false},"author":12,"featured_media":10999,"parent":10936,"menu_order":0,"comment_status":"closed","ping_status":"closed","template":"","meta":{"_acf_changed":false,"footnotes":""},"class_list":["post-30680","page","type-page","status-publish","has-post-thumbnail","hentry"],"acf":[],"yoast_head":"<!-- This site is optimized with the Yoast SEO Premium plugin v26.6 (Yoast SEO v26.6) - https:\/\/yoast.com\/wordpress\/plugins\/seo\/ -->\n<title>Stockholm Design Week 2023 - Aritco Lift - Next Level Living<\/title>\n<meta name=\"description\" content=\"Aritco tr\u01b0ng b\u00e0y t\u1ea1i s\u1ef1 ki\u1ec7n h\u00e0ng \u0111\u1ea7u th\u1ebf gi\u1edbi v\u1ec1 thi\u1ebft k\u1ebf Scandinavia ng\u00e0y 6-12 th\u00e1ng 2 n\u0103m 2023. Gh\u00e9 th\u0103m ch\u00fang t\u00f4i!\" \/>\n<meta name=\"robots\" content=\"index, follow, max-snippet:-1, max-image-preview:large, max-video-preview:-1\" \/>\n<link rel=\"canonical\" href=\"https:\/\/www.aritco.com\/vi\/trien-lam-va-su-kien\/stockholm-design-week-2023\/\" \/>\n<meta property=\"og:locale\" content=\"vi_VN\" \/>\n<meta property=\"og:type\" content=\"article\" \/>\n<meta property=\"og:title\" content=\"Stockholm Design Week 2023\" \/>\n<meta property=\"og:description\" content=\"Aritco tr\u01b0ng b\u00e0y t\u1ea1i s\u1ef1 ki\u1ec7n h\u00e0ng \u0111\u1ea7u th\u1ebf gi\u1edbi v\u1ec1 thi\u1ebft k\u1ebf Scandinavia ng\u00e0y 6-12 th\u00e1ng 2 n\u0103m 2023. Gh\u00e9 th\u0103m ch\u00fang t\u00f4i!\" \/>\n<meta property=\"og:url\" content=\"https:\/\/www.aritco.com\/vi\/trien-lam-va-su-kien\/stockholm-design-week-2023\/\" \/>\n<meta property=\"og:site_name\" content=\"Aritco\" \/>\n<meta property=\"article:modified_time\" content=\"2022-11-17T14:27:21+00:00\" \/>\n<meta property=\"og:image\" content=\"https:\/\/www.aritco.com\/wp-content\/uploads\/2020\/01\/Stockholm-view.jpg\" \/>\n\t<meta property=\"og:image:width\" content=\"2048\" \/>\n\t<meta property=\"og:image:height\" content=\"2048\" \/>\n\t<meta property=\"og:image:type\" content=\"image\/jpeg\" \/>\n<meta name=\"twitter:card\" content=\"summary_large_image\" \/>\n<script type=\"application\/ld+json\" class=\"yoast-schema-graph\">{\"@context\":\"https:\/\/schema.org\",\"@graph\":[{\"@type\":\"WebPage\",\"@id\":\"https:\/\/www.aritco.com\/vi\/trien-lam-va-su-kien\/stockholm-design-week-2023\/\",\"url\":\"https:\/\/www.aritco.com\/vi\/trien-lam-va-su-kien\/stockholm-design-week-2023\/\",\"name\":\"Stockholm Design Week 2023 - Aritco Lift - Next Level Living\",\"isPartOf\":{\"@id\":\"https:\/\/www.aritco.com\/vi\/#website\"},\"primaryImageOfPage\":{\"@id\":\"https:\/\/www.aritco.com\/vi\/trien-lam-va-su-kien\/stockholm-design-week-2023\/#primaryimage\"},\"image\":{\"@id\":\"https:\/\/www.aritco.com\/vi\/trien-lam-va-su-kien\/stockholm-design-week-2023\/#primaryimage\"},\"thumbnailUrl\":\"https:\/\/www.aritco.com\/wp-content\/uploads\/2020\/01\/Stockholm-view.jpg\",\"datePublished\":\"2021-01-11T12:29:36+00:00\",\"dateModified\":\"2022-11-17T14:27:21+00:00\",\"description\":\"Aritco tr\u01b0ng b\u00e0y t\u1ea1i s\u1ef1 ki\u1ec7n h\u00e0ng \u0111\u1ea7u th\u1ebf gi\u1edbi v\u1ec1 thi\u1ebft k\u1ebf Scandinavia ng\u00e0y 6-12 th\u00e1ng 2 n\u0103m 2023. Gh\u00e9 th\u0103m ch\u00fang t\u00f4i!\",\"breadcrumb\":{\"@id\":\"https:\/\/www.aritco.com\/vi\/trien-lam-va-su-kien\/stockholm-design-week-2023\/#breadcrumb\"},\"inLanguage\":\"vi-VN\",\"potentialAction\":[{\"@type\":\"ReadAction\",\"target\":[\"https:\/\/www.aritco.com\/vi\/trien-lam-va-su-kien\/stockholm-design-week-2023\/\"]}]},{\"@type\":\"ImageObject\",\"inLanguage\":\"vi-VN\",\"@id\":\"https:\/\/www.aritco.com\/vi\/trien-lam-va-su-kien\/stockholm-design-week-2023\/#primaryimage\",\"url\":\"https:\/\/www.aritco.com\/wp-content\/uploads\/2020\/01\/Stockholm-view.jpg\",\"contentUrl\":\"https:\/\/www.aritco.com\/wp-content\/uploads\/2020\/01\/Stockholm-view.jpg\",\"width\":2048,\"height\":2048,\"caption\":\"View of Stockholm\"},{\"@type\":\"BreadcrumbList\",\"@id\":\"https:\/\/www.aritco.com\/vi\/trien-lam-va-su-kien\/stockholm-design-week-2023\/#breadcrumb\",\"itemListElement\":[{\"@type\":\"ListItem\",\"position\":1,\"name\":\"Tri\u1ec3n l\u00e3m v\u00e0 s\u1ef1 ki\u1ec7n\",\"item\":\"https:\/\/www.aritco.com\/vi\/trien-lam-va-su-kien\/\"},{\"@type\":\"ListItem\",\"position\":2,\"name\":\"Stockholm Design Week 2023\"}]},{\"@type\":\"WebSite\",\"@id\":\"https:\/\/www.aritco.com\/vi\/#website\",\"url\":\"https:\/\/www.aritco.com\/vi\/\",\"name\":\"Aritco\",\"description\":\"Award-winning lifts for homes and public and commercial use\",\"publisher\":{\"@id\":\"https:\/\/www.aritco.com\/vi\/#organization\"},\"potentialAction\":[{\"@type\":\"SearchAction\",\"target\":{\"@type\":\"EntryPoint\",\"urlTemplate\":\"https:\/\/www.aritco.com\/vi\/?s={search_term_string}\"},\"query-input\":{\"@type\":\"PropertyValueSpecification\",\"valueRequired\":true,\"valueName\":\"search_term_string\"}}],\"inLanguage\":\"vi-VN\"},{\"@type\":\"Organization\",\"@id\":\"https:\/\/www.aritco.com\/vi\/#organization\",\"name\":\"Aritco\",\"url\":\"https:\/\/www.aritco.com\/vi\/\",\"logo\":{\"@type\":\"ImageObject\",\"inLanguage\":\"vi-VN\",\"@id\":\"https:\/\/www.aritco.com\/vi\/#\/schema\/logo\/image\/\",\"url\":\"https:\/\/www.aritco.com\/wp-content\/uploads\/2019\/05\/vertical-3.svg\",\"contentUrl\":\"https:\/\/www.aritco.com\/wp-content\/uploads\/2019\/05\/vertical-3.svg\",\"width\":1,\"height\":1,\"caption\":\"Aritco\"},\"image\":{\"@id\":\"https:\/\/www.aritco.com\/vi\/#\/schema\/logo\/image\/\"},\"publishingPrinciples\":\"https:\/\/www.aritco.com\/about-aritco\/\"}]}<\/script>\n<!-- \/ Yoast SEO Premium plugin. -->","yoast_head_json":{"title":"Stockholm Design Week 2023 - Aritco Lift - Next Level Living","description":"Aritco tr\u01b0ng b\u00e0y t\u1ea1i s\u1ef1 ki\u1ec7n h\u00e0ng \u0111\u1ea7u th\u1ebf gi\u1edbi v\u1ec1 thi\u1ebft k\u1ebf Scandinavia ng\u00e0y 6-12 th\u00e1ng 2 n\u0103m 2023. Gh\u00e9 th\u0103m ch\u00fang t\u00f4i!","robots":{"index":"index","follow":"follow","max-snippet":"max-snippet:-1","max-image-preview":"max-image-preview:large","max-video-preview":"max-video-preview:-1"},"canonical":"https:\/\/www.aritco.com\/vi\/trien-lam-va-su-kien\/stockholm-design-week-2023\/","og_locale":"vi_VN","og_type":"article","og_title":"Stockholm Design Week 2023","og_description":"Aritco tr\u01b0ng b\u00e0y t\u1ea1i s\u1ef1 ki\u1ec7n h\u00e0ng \u0111\u1ea7u th\u1ebf gi\u1edbi v\u1ec1 thi\u1ebft k\u1ebf Scandinavia ng\u00e0y 6-12 th\u00e1ng 2 n\u0103m 2023. Gh\u00e9 th\u0103m ch\u00fang t\u00f4i!","og_url":"https:\/\/www.aritco.com\/vi\/trien-lam-va-su-kien\/stockholm-design-week-2023\/","og_site_name":"Aritco","article_modified_time":"2022-11-17T14:27:21+00:00","og_image":[{"width":2048,"height":2048,"url":"https:\/\/www.aritco.com\/wp-content\/uploads\/2020\/01\/Stockholm-view.jpg","type":"image\/jpeg"}],"twitter_card":"summary_large_image","schema":{"@context":"https:\/\/schema.org","@graph":[{"@type":"WebPage","@id":"https:\/\/www.aritco.com\/vi\/trien-lam-va-su-kien\/stockholm-design-week-2023\/","url":"https:\/\/www.aritco.com\/vi\/trien-lam-va-su-kien\/stockholm-design-week-2023\/","name":"Stockholm Design Week 2023 - Aritco Lift - Next Level Living","isPartOf":{"@id":"https:\/\/www.aritco.com\/vi\/#website"},"primaryImageOfPage":{"@id":"https:\/\/www.aritco.com\/vi\/trien-lam-va-su-kien\/stockholm-design-week-2023\/#primaryimage"},"image":{"@id":"https:\/\/www.aritco.com\/vi\/trien-lam-va-su-kien\/stockholm-design-week-2023\/#primaryimage"},"thumbnailUrl":"https:\/\/www.aritco.com\/wp-content\/uploads\/2020\/01\/Stockholm-view.jpg","datePublished":"2021-01-11T12:29:36+00:00","dateModified":"2022-11-17T14:27:21+00:00","description":"Aritco tr\u01b0ng b\u00e0y t\u1ea1i s\u1ef1 ki\u1ec7n h\u00e0ng \u0111\u1ea7u th\u1ebf gi\u1edbi v\u1ec1 thi\u1ebft k\u1ebf Scandinavia ng\u00e0y 6-12 th\u00e1ng 2 n\u0103m 2023. Gh\u00e9 th\u0103m ch\u00fang t\u00f4i!","breadcrumb":{"@id":"https:\/\/www.aritco.com\/vi\/trien-lam-va-su-kien\/stockholm-design-week-2023\/#breadcrumb"},"inLanguage":"vi-VN","potentialAction":[{"@type":"ReadAction","target":["https:\/\/www.aritco.com\/vi\/trien-lam-va-su-kien\/stockholm-design-week-2023\/"]}]},{"@type":"ImageObject","inLanguage":"vi-VN","@id":"https:\/\/www.aritco.com\/vi\/trien-lam-va-su-kien\/stockholm-design-week-2023\/#primaryimage","url":"https:\/\/www.aritco.com\/wp-content\/uploads\/2020\/01\/Stockholm-view.jpg","contentUrl":"https:\/\/www.aritco.com\/wp-content\/uploads\/2020\/01\/Stockholm-view.jpg","width":2048,"height":2048,"caption":"View of Stockholm"},{"@type":"BreadcrumbList","@id":"https:\/\/www.aritco.com\/vi\/trien-lam-va-su-kien\/stockholm-design-week-2023\/#breadcrumb","itemListElement":[{"@type":"ListItem","position":1,"name":"Tri\u1ec3n l\u00e3m v\u00e0 s\u1ef1 ki\u1ec7n","item":"https:\/\/www.aritco.com\/vi\/trien-lam-va-su-kien\/"},{"@type":"ListItem","position":2,"name":"Stockholm Design Week 2023"}]},{"@type":"WebSite","@id":"https:\/\/www.aritco.com\/vi\/#website","url":"https:\/\/www.aritco.com\/vi\/","name":"Aritco","description":"Award-winning lifts for homes and public and commercial use","publisher":{"@id":"https:\/\/www.aritco.com\/vi\/#organization"},"potentialAction":[{"@type":"SearchAction","target":{"@type":"EntryPoint","urlTemplate":"https:\/\/www.aritco.com\/vi\/?s={search_term_string}"},"query-input":{"@type":"PropertyValueSpecification","valueRequired":true,"valueName":"search_term_string"}}],"inLanguage":"vi-VN"},{"@type":"Organization","@id":"https:\/\/www.aritco.com\/vi\/#organization","name":"Aritco","url":"https:\/\/www.aritco.com\/vi\/","logo":{"@type":"ImageObject","inLanguage":"vi-VN","@id":"https:\/\/www.aritco.com\/vi\/#\/schema\/logo\/image\/","url":"https:\/\/www.aritco.com\/wp-content\/uploads\/2019\/05\/vertical-3.svg","contentUrl":"https:\/\/www.aritco.com\/wp-content\/uploads\/2019\/05\/vertical-3.svg","width":1,"height":1,"caption":"Aritco"},"image":{"@id":"https:\/\/www.aritco.com\/vi\/#\/schema\/logo\/image\/"},"publishingPrinciples":"https:\/\/www.aritco.com\/about-aritco\/"}]}},"_links":{"self":[{"href":"https:\/\/www.aritco.com\/vi\/wp-json\/wp\/v2\/pages\/30680","targetHints":{"allow":["GET"]}}],"collection":[{"href":"https:\/\/www.aritco.com\/vi\/wp-json\/wp\/v2\/pages"}],"about":[{"href":"https:\/\/www.aritco.com\/vi\/wp-json\/wp\/v2\/types\/page"}],"author":[{"embeddable":true,"href":"https:\/\/www.aritco.com\/vi\/wp-json\/wp\/v2\/users\/12"}],"replies":[{"embeddable":true,"href":"https:\/\/www.aritco.com\/vi\/wp-json\/wp\/v2\/comments?post=30680"}],"version-history":[{"count":0,"href":"https:\/\/www.aritco.com\/vi\/wp-json\/wp\/v2\/pages\/30680\/revisions"}],"up":[{"embeddable":true,"href":"https:\/\/www.aritco.com\/vi\/wp-json\/wp\/v2\/pages\/10936"}],"wp:featuredmedia":[{"embeddable":true,"href":"https:\/\/www.aritco.com\/vi\/wp-json\/wp\/v2\/media\/10999"}],"wp:attachment":[{"href":"https:\/\/www.aritco.com\/vi\/wp-json\/wp\/v2\/media?parent=30680"}],"curies":[{"name":"wp","href":"https:\/\/api.w.org\/{rel}","templated":true}]}}