{"id":27485,"date":"2021-02-18T09:14:09","date_gmt":"2021-02-18T08:14:09","guid":{"rendered":"https:\/\/aritco.kumpan.dev\/ongoingupcoming\/talks\/"},"modified":"2025-08-20T15:48:26","modified_gmt":"2025-08-20T13:48:26","slug":"talks","status":"publish","type":"page","link":"https:\/\/www.aritco.com\/vi\/talks\/","title":{"rendered":"Aritco Talks"},"content":{"rendered":"","protected":false},"excerpt":{"rendered":"","protected":false},"author":12,"featured_media":12400,"parent":0,"menu_order":0,"comment_status":"closed","ping_status":"closed","template":"","meta":{"_acf_changed":false,"footnotes":""},"class_list":["post-27485","page","type-page","status-publish","has-post-thumbnail","hentry"],"acf":[],"yoast_head":"<!-- This site is optimized with the Yoast SEO Premium plugin v26.6 (Yoast SEO v26.6) - https:\/\/yoast.com\/wordpress\/plugins\/seo\/ -->\n<title>\u0110\u00e0m tho\u1ea1i | T\u1ecda \u0111\u00e0m ki\u1ebfn tr\u00fac v\u00e0 thi\u1ebft k\u1ebf | Tr\u00ecnh b\u00e0y b\u1edfi Aritco Lifts<\/title>\n<meta name=\"description\" content=\"C\u00f9ng v\u1edbi nh\u1eefng di\u1ec5n gi\u1ea3 th\u00fa v\u1ecb, ch\u00fang t\u00f4i \u0111\u01b0a ra ti\u00eau \u0111i\u1ec3m v\u1ec1 c\u00e1ch c\u00f4ng ngh\u1ec7 v\u00e0 thi\u1ebft k\u1ebf \u0111ang thay \u0111\u1ed5i c\u00e1ch s\u1ed1ng trong t\u01b0\u01a1ng lai c\u1ee7a ch\u00fang ta. Xem c\u00e1c cu\u1ed9c n\u00f3i chuy\u1ec7n g\u1ea7n \u0111\u00e2y c\u1ee7a ch\u00fang t\u00f4i \u1edf \u0111\u00e2y.\" \/>\n<meta name=\"robots\" content=\"index, follow, max-snippet:-1, max-image-preview:large, max-video-preview:-1\" \/>\n<link rel=\"canonical\" href=\"https:\/\/www.aritco.com\/vi\/talks\/\" \/>\n<meta property=\"og:locale\" content=\"vi_VN\" \/>\n<meta property=\"og:type\" content=\"article\" \/>\n<meta property=\"og:title\" content=\"\u0110\u00e0m tho\u1ea1i | T\u1ecda \u0111\u00e0m ki\u1ebfn tr\u00fac v\u00e0 thi\u1ebft k\u1ebf | Tr\u00ecnh b\u00e0y b\u1edfi Aritco Lifts\" \/>\n<meta property=\"og:description\" content=\"C\u00f9ng v\u1edbi nh\u1eefng di\u1ec5n gi\u1ea3 th\u00fa v\u1ecb, ch\u00fang t\u00f4i \u0111\u01b0a ra ti\u00eau \u0111i\u1ec3m v\u1ec1 c\u00e1ch c\u00f4ng ngh\u1ec7 v\u00e0 thi\u1ebft k\u1ebf \u0111ang thay \u0111\u1ed5i c\u00e1ch s\u1ed1ng trong t\u01b0\u01a1ng lai c\u1ee7a ch\u00fang ta. Xem c\u00e1c cu\u1ed9c n\u00f3i chuy\u1ec7n g\u1ea7n \u0111\u00e2y c\u1ee7a ch\u00fang t\u00f4i \u1edf \u0111\u00e2y.\" \/>\n<meta property=\"og:url\" content=\"https:\/\/www.aritco.com\/vi\/talks\/\" \/>\n<meta property=\"og:site_name\" content=\"Aritco\" \/>\n<meta property=\"article:modified_time\" content=\"2025-08-20T13:48:26+00:00\" \/>\n<meta name=\"twitter:card\" content=\"summary_large_image\" \/>\n<meta name=\"twitter:title\" content=\"Talks | Architecture and design talks | Presented by Aritco Lifts\" \/>\n<meta name=\"twitter:description\" content=\"Together with interesting speakers we put the spotlight on how technology and design are changing our future ways of living. Watch our recent talks here.\" \/>\n<meta name=\"twitter:label1\" content=\"Est. reading time\" \/>\n\t<meta name=\"twitter:data1\" content=\"1 minute\" \/>\n<script type=\"application\/ld+json\" class=\"yoast-schema-graph\">{\"@context\":\"https:\/\/schema.org\",\"@graph\":[{\"@type\":\"WebPage\",\"@id\":\"https:\/\/www.aritco.com\/vi\/talks\/\",\"url\":\"https:\/\/www.aritco.com\/vi\/talks\/\",\"name\":\"\u0110\u00e0m tho\u1ea1i | T\u1ecda \u0111\u00e0m ki\u1ebfn tr\u00fac v\u00e0 thi\u1ebft k\u1ebf | Tr\u00ecnh b\u00e0y b\u1edfi Aritco Lifts\",\"isPartOf\":{\"@id\":\"https:\/\/www.aritco.com\/vi\/#website\"},\"primaryImageOfPage\":{\"@id\":\"https:\/\/www.aritco.com\/vi\/talks\/#primaryimage\"},\"image\":{\"@id\":\"https:\/\/www.aritco.com\/vi\/talks\/#primaryimage\"},\"thumbnailUrl\":\"https:\/\/www.aritco.com\/wp-content\/uploads\/2021\/01\/iStock-930055472.jpg\",\"datePublished\":\"2021-02-18T08:14:09+00:00\",\"dateModified\":\"2025-08-20T13:48:26+00:00\",\"description\":\"C\u00f9ng v\u1edbi nh\u1eefng di\u1ec5n gi\u1ea3 th\u00fa v\u1ecb, ch\u00fang t\u00f4i \u0111\u01b0a ra ti\u00eau \u0111i\u1ec3m v\u1ec1 c\u00e1ch c\u00f4ng ngh\u1ec7 v\u00e0 thi\u1ebft k\u1ebf \u0111ang thay \u0111\u1ed5i c\u00e1ch s\u1ed1ng trong t\u01b0\u01a1ng lai c\u1ee7a ch\u00fang ta. Xem c\u00e1c cu\u1ed9c n\u00f3i chuy\u1ec7n g\u1ea7n \u0111\u00e2y c\u1ee7a ch\u00fang t\u00f4i \u1edf \u0111\u00e2y.\",\"inLanguage\":\"vi-VN\",\"potentialAction\":[{\"@type\":\"ReadAction\",\"target\":[\"https:\/\/www.aritco.com\/vi\/talks\/\"]}]},{\"@type\":\"ImageObject\",\"inLanguage\":\"vi-VN\",\"@id\":\"https:\/\/www.aritco.com\/vi\/talks\/#primaryimage\",\"url\":\"https:\/\/www.aritco.com\/wp-content\/uploads\/2021\/01\/iStock-930055472.jpg\",\"contentUrl\":\"https:\/\/www.aritco.com\/wp-content\/uploads\/2021\/01\/iStock-930055472.jpg\",\"width\":2048,\"height\":1367,\"caption\":\"Television camera at a press conference\"},{\"@type\":\"WebSite\",\"@id\":\"https:\/\/www.aritco.com\/vi\/#website\",\"url\":\"https:\/\/www.aritco.com\/vi\/\",\"name\":\"Aritco\",\"description\":\"Award-winning lifts for homes and public and commercial use\",\"publisher\":{\"@id\":\"https:\/\/www.aritco.com\/vi\/#organization\"},\"potentialAction\":[{\"@type\":\"SearchAction\",\"target\":{\"@type\":\"EntryPoint\",\"urlTemplate\":\"https:\/\/www.aritco.com\/vi\/?s={search_term_string}\"},\"query-input\":{\"@type\":\"PropertyValueSpecification\",\"valueRequired\":true,\"valueName\":\"search_term_string\"}}],\"inLanguage\":\"vi-VN\"},{\"@type\":\"Organization\",\"@id\":\"https:\/\/www.aritco.com\/vi\/#organization\",\"name\":\"Aritco\",\"url\":\"https:\/\/www.aritco.com\/vi\/\",\"logo\":{\"@type\":\"ImageObject\",\"inLanguage\":\"vi-VN\",\"@id\":\"https:\/\/www.aritco.com\/vi\/#\/schema\/logo\/image\/\",\"url\":\"https:\/\/www.aritco.com\/wp-content\/uploads\/2019\/05\/vertical-3.svg\",\"contentUrl\":\"https:\/\/www.aritco.com\/wp-content\/uploads\/2019\/05\/vertical-3.svg\",\"width\":1,\"height\":1,\"caption\":\"Aritco\"},\"image\":{\"@id\":\"https:\/\/www.aritco.com\/vi\/#\/schema\/logo\/image\/\"},\"publishingPrinciples\":\"https:\/\/www.aritco.com\/about-aritco\/\"}]}<\/script>\n<!-- \/ Yoast SEO Premium plugin. -->","yoast_head_json":{"title":"\u0110\u00e0m tho\u1ea1i | T\u1ecda \u0111\u00e0m ki\u1ebfn tr\u00fac v\u00e0 thi\u1ebft k\u1ebf | Tr\u00ecnh b\u00e0y b\u1edfi Aritco Lifts","description":"C\u00f9ng v\u1edbi nh\u1eefng di\u1ec5n gi\u1ea3 th\u00fa v\u1ecb, ch\u00fang t\u00f4i \u0111\u01b0a ra ti\u00eau \u0111i\u1ec3m v\u1ec1 c\u00e1ch c\u00f4ng ngh\u1ec7 v\u00e0 thi\u1ebft k\u1ebf \u0111ang thay \u0111\u1ed5i c\u00e1ch s\u1ed1ng trong t\u01b0\u01a1ng lai c\u1ee7a ch\u00fang ta. Xem c\u00e1c cu\u1ed9c n\u00f3i chuy\u1ec7n g\u1ea7n \u0111\u00e2y c\u1ee7a ch\u00fang t\u00f4i \u1edf \u0111\u00e2y.","robots":{"index":"index","follow":"follow","max-snippet":"max-snippet:-1","max-image-preview":"max-image-preview:large","max-video-preview":"max-video-preview:-1"},"canonical":"https:\/\/www.aritco.com\/vi\/talks\/","og_locale":"vi_VN","og_type":"article","og_title":"\u0110\u00e0m tho\u1ea1i | T\u1ecda \u0111\u00e0m ki\u1ebfn tr\u00fac v\u00e0 thi\u1ebft k\u1ebf | Tr\u00ecnh b\u00e0y b\u1edfi Aritco Lifts","og_description":"C\u00f9ng v\u1edbi nh\u1eefng di\u1ec5n gi\u1ea3 th\u00fa v\u1ecb, ch\u00fang t\u00f4i \u0111\u01b0a ra ti\u00eau \u0111i\u1ec3m v\u1ec1 c\u00e1ch c\u00f4ng ngh\u1ec7 v\u00e0 thi\u1ebft k\u1ebf \u0111ang thay \u0111\u1ed5i c\u00e1ch s\u1ed1ng trong t\u01b0\u01a1ng lai c\u1ee7a ch\u00fang ta. Xem c\u00e1c cu\u1ed9c n\u00f3i chuy\u1ec7n g\u1ea7n \u0111\u00e2y c\u1ee7a ch\u00fang t\u00f4i \u1edf \u0111\u00e2y.","og_url":"https:\/\/www.aritco.com\/vi\/talks\/","og_site_name":"Aritco","article_modified_time":"2025-08-20T13:48:26+00:00","twitter_card":"summary_large_image","twitter_title":"Talks | Architecture and design talks | Presented by Aritco Lifts","twitter_description":"Together with interesting speakers we put the spotlight on how technology and design are changing our future ways of living. Watch our recent talks here.","twitter_misc":{"Est. reading time":"1 minute"},"schema":{"@context":"https:\/\/schema.org","@graph":[{"@type":"WebPage","@id":"https:\/\/www.aritco.com\/vi\/talks\/","url":"https:\/\/www.aritco.com\/vi\/talks\/","name":"\u0110\u00e0m tho\u1ea1i | T\u1ecda \u0111\u00e0m ki\u1ebfn tr\u00fac v\u00e0 thi\u1ebft k\u1ebf | Tr\u00ecnh b\u00e0y b\u1edfi Aritco Lifts","isPartOf":{"@id":"https:\/\/www.aritco.com\/vi\/#website"},"primaryImageOfPage":{"@id":"https:\/\/www.aritco.com\/vi\/talks\/#primaryimage"},"image":{"@id":"https:\/\/www.aritco.com\/vi\/talks\/#primaryimage"},"thumbnailUrl":"https:\/\/www.aritco.com\/wp-content\/uploads\/2021\/01\/iStock-930055472.jpg","datePublished":"2021-02-18T08:14:09+00:00","dateModified":"2025-08-20T13:48:26+00:00","description":"C\u00f9ng v\u1edbi nh\u1eefng di\u1ec5n gi\u1ea3 th\u00fa v\u1ecb, ch\u00fang t\u00f4i \u0111\u01b0a ra ti\u00eau \u0111i\u1ec3m v\u1ec1 c\u00e1ch c\u00f4ng ngh\u1ec7 v\u00e0 thi\u1ebft k\u1ebf \u0111ang thay \u0111\u1ed5i c\u00e1ch s\u1ed1ng trong t\u01b0\u01a1ng lai c\u1ee7a ch\u00fang ta. Xem c\u00e1c cu\u1ed9c n\u00f3i chuy\u1ec7n g\u1ea7n \u0111\u00e2y c\u1ee7a ch\u00fang t\u00f4i \u1edf \u0111\u00e2y.","inLanguage":"vi-VN","potentialAction":[{"@type":"ReadAction","target":["https:\/\/www.aritco.com\/vi\/talks\/"]}]},{"@type":"ImageObject","inLanguage":"vi-VN","@id":"https:\/\/www.aritco.com\/vi\/talks\/#primaryimage","url":"https:\/\/www.aritco.com\/wp-content\/uploads\/2021\/01\/iStock-930055472.jpg","contentUrl":"https:\/\/www.aritco.com\/wp-content\/uploads\/2021\/01\/iStock-930055472.jpg","width":2048,"height":1367,"caption":"Television camera at a press conference"},{"@type":"WebSite","@id":"https:\/\/www.aritco.com\/vi\/#website","url":"https:\/\/www.aritco.com\/vi\/","name":"Aritco","description":"Award-winning lifts for homes and public and commercial use","publisher":{"@id":"https:\/\/www.aritco.com\/vi\/#organization"},"potentialAction":[{"@type":"SearchAction","target":{"@type":"EntryPoint","urlTemplate":"https:\/\/www.aritco.com\/vi\/?s={search_term_string}"},"query-input":{"@type":"PropertyValueSpecification","valueRequired":true,"valueName":"search_term_string"}}],"inLanguage":"vi-VN"},{"@type":"Organization","@id":"https:\/\/www.aritco.com\/vi\/#organization","name":"Aritco","url":"https:\/\/www.aritco.com\/vi\/","logo":{"@type":"ImageObject","inLanguage":"vi-VN","@id":"https:\/\/www.aritco.com\/vi\/#\/schema\/logo\/image\/","url":"https:\/\/www.aritco.com\/wp-content\/uploads\/2019\/05\/vertical-3.svg","contentUrl":"https:\/\/www.aritco.com\/wp-content\/uploads\/2019\/05\/vertical-3.svg","width":1,"height":1,"caption":"Aritco"},"image":{"@id":"https:\/\/www.aritco.com\/vi\/#\/schema\/logo\/image\/"},"publishingPrinciples":"https:\/\/www.aritco.com\/about-aritco\/"}]}},"_links":{"self":[{"href":"https:\/\/www.aritco.com\/vi\/wp-json\/wp\/v2\/pages\/27485","targetHints":{"allow":["GET"]}}],"collection":[{"href":"https:\/\/www.aritco.com\/vi\/wp-json\/wp\/v2\/pages"}],"about":[{"href":"https:\/\/www.aritco.com\/vi\/wp-json\/wp\/v2\/types\/page"}],"author":[{"embeddable":true,"href":"https:\/\/www.aritco.com\/vi\/wp-json\/wp\/v2\/users\/12"}],"replies":[{"embeddable":true,"href":"https:\/\/www.aritco.com\/vi\/wp-json\/wp\/v2\/comments?post=27485"}],"version-history":[{"count":2,"href":"https:\/\/www.aritco.com\/vi\/wp-json\/wp\/v2\/pages\/27485\/revisions"}],"predecessor-version":[{"id":61865,"href":"https:\/\/www.aritco.com\/vi\/wp-json\/wp\/v2\/pages\/27485\/revisions\/61865"}],"wp:featuredmedia":[{"embeddable":true,"href":"https:\/\/www.aritco.com\/vi\/wp-json\/wp\/v2\/media\/12400"}],"wp:attachment":[{"href":"https:\/\/www.aritco.com\/vi\/wp-json\/wp\/v2\/media?parent=27485"}],"curies":[{"name":"wp","href":"https:\/\/api.w.org\/{rel}","templated":true}]}}