{"id":27385,"date":"2020-12-23T10:24:03","date_gmt":"2020-12-23T09:24:03","guid":{"rendered":"https:\/\/aritco.kumpan.dev\/trendreports\/"},"modified":"2025-04-14T18:45:37","modified_gmt":"2025-04-14T16:45:37","slug":"trendreports","status":"publish","type":"page","link":"https:\/\/www.aritco.com\/vi\/trendreports\/","title":{"rendered":"B\u00e1o c\u00e1o xu h\u01b0\u1edbng"},"content":{"rendered":"","protected":false},"excerpt":{"rendered":"","protected":false},"author":12,"featured_media":57976,"parent":0,"menu_order":0,"comment_status":"closed","ping_status":"closed","template":"","meta":{"_acf_changed":false,"footnotes":""},"class_list":["post-27385","page","type-page","status-publish","has-post-thumbnail","hentry"],"acf":[],"yoast_head":"<!-- This site is optimized with the Yoast SEO Premium plugin v26.6 (Yoast SEO v26.6) - https:\/\/yoast.com\/wordpress\/plugins\/seo\/ -->\n<title>B\u00e1o c\u00e1o Xu h\u01b0\u1edbng - X\u00e2y d\u1ef1ng ng\u00f4i nh\u00e0 100 n\u0103m - Aritco &amp; Springwise<\/title>\n<meta name=\"description\" content=\"Nh\u1eefng \u0111\u1ed5i m\u1edbi v\u1ec1 c\u00f4ng ngh\u1ec7 v\u00e0 thi\u1ebft k\u1ebf d\u00e0nh cho gia \u0111\u00ecnh v\u00e0 v\u0103n ph\u00f2ng m\u1edbi v\u1edbi tr\u1ecdng t\u00e2m l\u00e0 t\u00ednh b\u1ec1n v\u1eefng \u0111\u01b0\u1ee3c mong \u0111\u1ee3i trong n\u0103m nay v\u00e0 h\u01a1n th\u1ebf n\u1eefa. Xem v\u00e0 t\u1ea3i xu\u1ed1ng b\u00e1o c\u00e1o mi\u1ec5n ph\u00ed.V\u1edbi h\u00f3a \u0111\u01a1n n\u0103ng l\u01b0\u1ee3ng ng\u00e0y c\u00e0ng t\u0103ng v\u00e0 th\u1eddi ti\u1ebft kh\u1eafc nghi\u1ec7t do bi\u1ebfn \u0111\u1ed5i kh\u00ed h\u1eadu, l\u00e0m th\u1ebf n\u00e0o ch\u00fang ta c\u00f3 th\u1ec3 trang b\u1ecb th\u00eam nh\u00e0 c\u1eeda, c\u0103n h\u1ed9 v\u00e0 v\u0103n ph\u00f2ng c\u1ee7a m\u00ecnh \u0111\u1ec3 ti\u1ebft ki\u1ec7m v\u00e0 t\u1ea1o ra \u0111i\u1ec7n v\u00e0 tr\u1edf n\u00ean linh ho\u1ea1t h\u01a1n? \u0110\u1ecdc b\u00e1o c\u00e1o m\u1edbi nh\u1ea5t\" \/>\n<meta name=\"robots\" content=\"index, follow, max-snippet:-1, max-image-preview:large, max-video-preview:-1\" \/>\n<link rel=\"canonical\" href=\"https:\/\/www.aritco.com\/vi\/trendreports\/\" \/>\n<meta property=\"og:locale\" content=\"vi_VN\" \/>\n<meta property=\"og:type\" content=\"article\" \/>\n<meta property=\"og:title\" content=\"X\u00e2y d\u1ef1ng ng\u00f4i nh\u00e0 100 n\u0103m\" \/>\n<meta property=\"og:description\" content=\"V\u1edbi h\u00f3a \u0111\u01a1n n\u0103ng l\u01b0\u1ee3ng ng\u00e0y c\u00e0ng t\u0103ng v\u00e0 th\u1eddi ti\u1ebft kh\u1eafc nghi\u1ec7t do bi\u1ebfn \u0111\u1ed5i kh\u00ed h\u1eadu, l\u00e0m th\u1ebf n\u00e0o ch\u00fang ta c\u00f3 th\u1ec3 trang b\u1ecb th\u00eam nh\u00e0 c\u1eeda, c\u0103n h\u1ed9 v\u00e0 v\u0103n ph\u00f2ng c\u1ee7a m\u00ecnh \u0111\u1ec3 ti\u1ebft ki\u1ec7m v\u00e0 t\u1ea1o ra \u0111i\u1ec7n v\u00e0 tr\u1edf n\u00ean linh ho\u1ea1t h\u01a1n? \u0110\u1ecdc b\u00e1o c\u00e1o m\u1edbi nh\u1ea5t\" \/>\n<meta property=\"og:url\" content=\"https:\/\/www.aritco.com\/vi\/trendreports\/\" \/>\n<meta property=\"og:site_name\" content=\"Aritco\" \/>\n<meta property=\"article:modified_time\" content=\"2025-04-14T16:45:37+00:00\" \/>\n<meta property=\"og:image\" content=\"https:\/\/www.aritco.com\/wp-content\/uploads\/2023\/01\/100-year-home-cover-4x3-1.jpg\" \/>\n\t<meta property=\"og:image:width\" content=\"1671\" \/>\n\t<meta property=\"og:image:height\" content=\"1254\" \/>\n\t<meta property=\"og:image:type\" content=\"image\/jpeg\" \/>\n<meta name=\"twitter:card\" content=\"summary_large_image\" \/>\n<meta name=\"twitter:title\" content=\"X\u00e2y d\u1ef1ng ng\u00f4i nh\u00e0 100 n\u0103m\" \/>\n<meta name=\"twitter:description\" content=\"V\u1edbi h\u00f3a \u0111\u01a1n n\u0103ng l\u01b0\u1ee3ng ng\u00e0y c\u00e0ng t\u0103ng v\u00e0 th\u1eddi ti\u1ebft kh\u1eafc nghi\u1ec7t do bi\u1ebfn \u0111\u1ed5i kh\u00ed h\u1eadu, l\u00e0m th\u1ebf n\u00e0o ch\u00fang ta c\u00f3 th\u1ec3 trang b\u1ecb th\u00eam nh\u00e0 c\u1eeda, c\u0103n h\u1ed9 v\u00e0 v\u0103n ph\u00f2ng c\u1ee7a m\u00ecnh \u0111\u1ec3 ti\u1ebft ki\u1ec7m v\u00e0 t\u1ea1o ra \u0111i\u1ec7n v\u00e0 tr\u1edf n\u00ean linh ho\u1ea1t h\u01a1n? \u0110\u1ecdc b\u00e1o c\u00e1o m\u1edbi nh\u1ea5t\" \/>\n<meta name=\"twitter:image\" content=\"https:\/\/www.aritco.com\/wp-content\/uploads\/2023\/01\/100-year-home-cover-4x3-1.jpg\" \/>\n<meta name=\"twitter:label1\" content=\"Est. reading time\" \/>\n\t<meta name=\"twitter:data1\" content=\"1 minute\" \/>\n<script type=\"application\/ld+json\" class=\"yoast-schema-graph\">{\"@context\":\"https:\/\/schema.org\",\"@graph\":[{\"@type\":\"WebPage\",\"@id\":\"https:\/\/www.aritco.com\/vi\/trendreports\/\",\"url\":\"https:\/\/www.aritco.com\/vi\/trendreports\/\",\"name\":\"B\u00e1o c\u00e1o Xu h\u01b0\u1edbng - X\u00e2y d\u1ef1ng ng\u00f4i nh\u00e0 100 n\u0103m - Aritco & Springwise\",\"isPartOf\":{\"@id\":\"https:\/\/www.aritco.com\/vi\/#website\"},\"primaryImageOfPage\":{\"@id\":\"https:\/\/www.aritco.com\/vi\/trendreports\/#primaryimage\"},\"image\":{\"@id\":\"https:\/\/www.aritco.com\/vi\/trendreports\/#primaryimage\"},\"thumbnailUrl\":\"https:\/\/www.aritco.com\/wp-content\/uploads\/2024\/12\/Trend-report-2025.jpg\",\"datePublished\":\"2020-12-23T09:24:03+00:00\",\"dateModified\":\"2025-04-14T16:45:37+00:00\",\"description\":\"Nh\u1eefng \u0111\u1ed5i m\u1edbi v\u1ec1 c\u00f4ng ngh\u1ec7 v\u00e0 thi\u1ebft k\u1ebf d\u00e0nh cho gia \u0111\u00ecnh v\u00e0 v\u0103n ph\u00f2ng m\u1edbi v\u1edbi tr\u1ecdng t\u00e2m l\u00e0 t\u00ednh b\u1ec1n v\u1eefng \u0111\u01b0\u1ee3c mong \u0111\u1ee3i trong n\u0103m nay v\u00e0 h\u01a1n th\u1ebf n\u1eefa. Xem v\u00e0 t\u1ea3i xu\u1ed1ng b\u00e1o c\u00e1o mi\u1ec5n ph\u00ed.V\u1edbi h\u00f3a \u0111\u01a1n n\u0103ng l\u01b0\u1ee3ng ng\u00e0y c\u00e0ng t\u0103ng v\u00e0 th\u1eddi ti\u1ebft kh\u1eafc nghi\u1ec7t do bi\u1ebfn \u0111\u1ed5i kh\u00ed h\u1eadu, l\u00e0m th\u1ebf n\u00e0o ch\u00fang ta c\u00f3 th\u1ec3 trang b\u1ecb th\u00eam nh\u00e0 c\u1eeda, c\u0103n h\u1ed9 v\u00e0 v\u0103n ph\u00f2ng c\u1ee7a m\u00ecnh \u0111\u1ec3 ti\u1ebft ki\u1ec7m v\u00e0 t\u1ea1o ra \u0111i\u1ec7n v\u00e0 tr\u1edf n\u00ean linh ho\u1ea1t h\u01a1n? \u0110\u1ecdc b\u00e1o c\u00e1o m\u1edbi nh\u1ea5t\",\"inLanguage\":\"vi-VN\",\"potentialAction\":[{\"@type\":\"ReadAction\",\"target\":[\"https:\/\/www.aritco.com\/vi\/trendreports\/\"]}]},{\"@type\":\"ImageObject\",\"inLanguage\":\"vi-VN\",\"@id\":\"https:\/\/www.aritco.com\/vi\/trendreports\/#primaryimage\",\"url\":\"https:\/\/www.aritco.com\/wp-content\/uploads\/2024\/12\/Trend-report-2025.jpg\",\"contentUrl\":\"https:\/\/www.aritco.com\/wp-content\/uploads\/2024\/12\/Trend-report-2025.jpg\",\"width\":598,\"height\":473},{\"@type\":\"WebSite\",\"@id\":\"https:\/\/www.aritco.com\/vi\/#website\",\"url\":\"https:\/\/www.aritco.com\/vi\/\",\"name\":\"Aritco\",\"description\":\"Award-winning lifts for homes and public and commercial use\",\"publisher\":{\"@id\":\"https:\/\/www.aritco.com\/vi\/#organization\"},\"potentialAction\":[{\"@type\":\"SearchAction\",\"target\":{\"@type\":\"EntryPoint\",\"urlTemplate\":\"https:\/\/www.aritco.com\/vi\/?s={search_term_string}\"},\"query-input\":{\"@type\":\"PropertyValueSpecification\",\"valueRequired\":true,\"valueName\":\"search_term_string\"}}],\"inLanguage\":\"vi-VN\"},{\"@type\":\"Organization\",\"@id\":\"https:\/\/www.aritco.com\/vi\/#organization\",\"name\":\"Aritco\",\"url\":\"https:\/\/www.aritco.com\/vi\/\",\"logo\":{\"@type\":\"ImageObject\",\"inLanguage\":\"vi-VN\",\"@id\":\"https:\/\/www.aritco.com\/vi\/#\/schema\/logo\/image\/\",\"url\":\"https:\/\/www.aritco.com\/wp-content\/uploads\/2019\/05\/vertical-3.svg\",\"contentUrl\":\"https:\/\/www.aritco.com\/wp-content\/uploads\/2019\/05\/vertical-3.svg\",\"width\":1,\"height\":1,\"caption\":\"Aritco\"},\"image\":{\"@id\":\"https:\/\/www.aritco.com\/vi\/#\/schema\/logo\/image\/\"},\"publishingPrinciples\":\"https:\/\/www.aritco.com\/about-aritco\/\"}]}<\/script>\n<!-- \/ Yoast SEO Premium plugin. -->","yoast_head_json":{"title":"B\u00e1o c\u00e1o Xu h\u01b0\u1edbng - X\u00e2y d\u1ef1ng ng\u00f4i nh\u00e0 100 n\u0103m - Aritco & Springwise","description":"Nh\u1eefng \u0111\u1ed5i m\u1edbi v\u1ec1 c\u00f4ng ngh\u1ec7 v\u00e0 thi\u1ebft k\u1ebf d\u00e0nh cho gia \u0111\u00ecnh v\u00e0 v\u0103n ph\u00f2ng m\u1edbi v\u1edbi tr\u1ecdng t\u00e2m l\u00e0 t\u00ednh b\u1ec1n v\u1eefng \u0111\u01b0\u1ee3c mong \u0111\u1ee3i trong n\u0103m nay v\u00e0 h\u01a1n th\u1ebf n\u1eefa. Xem v\u00e0 t\u1ea3i xu\u1ed1ng b\u00e1o c\u00e1o mi\u1ec5n ph\u00ed.V\u1edbi h\u00f3a \u0111\u01a1n n\u0103ng l\u01b0\u1ee3ng ng\u00e0y c\u00e0ng t\u0103ng v\u00e0 th\u1eddi ti\u1ebft kh\u1eafc nghi\u1ec7t do bi\u1ebfn \u0111\u1ed5i kh\u00ed h\u1eadu, l\u00e0m th\u1ebf n\u00e0o ch\u00fang ta c\u00f3 th\u1ec3 trang b\u1ecb th\u00eam nh\u00e0 c\u1eeda, c\u0103n h\u1ed9 v\u00e0 v\u0103n ph\u00f2ng c\u1ee7a m\u00ecnh \u0111\u1ec3 ti\u1ebft ki\u1ec7m v\u00e0 t\u1ea1o ra \u0111i\u1ec7n v\u00e0 tr\u1edf n\u00ean linh ho\u1ea1t h\u01a1n? \u0110\u1ecdc b\u00e1o c\u00e1o m\u1edbi nh\u1ea5t","robots":{"index":"index","follow":"follow","max-snippet":"max-snippet:-1","max-image-preview":"max-image-preview:large","max-video-preview":"max-video-preview:-1"},"canonical":"https:\/\/www.aritco.com\/vi\/trendreports\/","og_locale":"vi_VN","og_type":"article","og_title":"X\u00e2y d\u1ef1ng ng\u00f4i nh\u00e0 100 n\u0103m","og_description":"V\u1edbi h\u00f3a \u0111\u01a1n n\u0103ng l\u01b0\u1ee3ng ng\u00e0y c\u00e0ng t\u0103ng v\u00e0 th\u1eddi ti\u1ebft kh\u1eafc nghi\u1ec7t do bi\u1ebfn \u0111\u1ed5i kh\u00ed h\u1eadu, l\u00e0m th\u1ebf n\u00e0o ch\u00fang ta c\u00f3 th\u1ec3 trang b\u1ecb th\u00eam nh\u00e0 c\u1eeda, c\u0103n h\u1ed9 v\u00e0 v\u0103n ph\u00f2ng c\u1ee7a m\u00ecnh \u0111\u1ec3 ti\u1ebft ki\u1ec7m v\u00e0 t\u1ea1o ra \u0111i\u1ec7n v\u00e0 tr\u1edf n\u00ean linh ho\u1ea1t h\u01a1n? \u0110\u1ecdc b\u00e1o c\u00e1o m\u1edbi nh\u1ea5t","og_url":"https:\/\/www.aritco.com\/vi\/trendreports\/","og_site_name":"Aritco","article_modified_time":"2025-04-14T16:45:37+00:00","og_image":[{"width":1671,"height":1254,"url":"https:\/\/www.aritco.com\/wp-content\/uploads\/2023\/01\/100-year-home-cover-4x3-1.jpg","type":"image\/jpeg"}],"twitter_card":"summary_large_image","twitter_title":"X\u00e2y d\u1ef1ng ng\u00f4i nh\u00e0 100 n\u0103m","twitter_description":"V\u1edbi h\u00f3a \u0111\u01a1n n\u0103ng l\u01b0\u1ee3ng ng\u00e0y c\u00e0ng t\u0103ng v\u00e0 th\u1eddi ti\u1ebft kh\u1eafc nghi\u1ec7t do bi\u1ebfn \u0111\u1ed5i kh\u00ed h\u1eadu, l\u00e0m th\u1ebf n\u00e0o ch\u00fang ta c\u00f3 th\u1ec3 trang b\u1ecb th\u00eam nh\u00e0 c\u1eeda, c\u0103n h\u1ed9 v\u00e0 v\u0103n ph\u00f2ng c\u1ee7a m\u00ecnh \u0111\u1ec3 ti\u1ebft ki\u1ec7m v\u00e0 t\u1ea1o ra \u0111i\u1ec7n v\u00e0 tr\u1edf n\u00ean linh ho\u1ea1t h\u01a1n? \u0110\u1ecdc b\u00e1o c\u00e1o m\u1edbi nh\u1ea5t","twitter_image":"https:\/\/www.aritco.com\/wp-content\/uploads\/2023\/01\/100-year-home-cover-4x3-1.jpg","twitter_misc":{"Est. reading time":"1 minute"},"schema":{"@context":"https:\/\/schema.org","@graph":[{"@type":"WebPage","@id":"https:\/\/www.aritco.com\/vi\/trendreports\/","url":"https:\/\/www.aritco.com\/vi\/trendreports\/","name":"B\u00e1o c\u00e1o Xu h\u01b0\u1edbng - X\u00e2y d\u1ef1ng ng\u00f4i nh\u00e0 100 n\u0103m - Aritco & Springwise","isPartOf":{"@id":"https:\/\/www.aritco.com\/vi\/#website"},"primaryImageOfPage":{"@id":"https:\/\/www.aritco.com\/vi\/trendreports\/#primaryimage"},"image":{"@id":"https:\/\/www.aritco.com\/vi\/trendreports\/#primaryimage"},"thumbnailUrl":"https:\/\/www.aritco.com\/wp-content\/uploads\/2024\/12\/Trend-report-2025.jpg","datePublished":"2020-12-23T09:24:03+00:00","dateModified":"2025-04-14T16:45:37+00:00","description":"Nh\u1eefng \u0111\u1ed5i m\u1edbi v\u1ec1 c\u00f4ng ngh\u1ec7 v\u00e0 thi\u1ebft k\u1ebf d\u00e0nh cho gia \u0111\u00ecnh v\u00e0 v\u0103n ph\u00f2ng m\u1edbi v\u1edbi tr\u1ecdng t\u00e2m l\u00e0 t\u00ednh b\u1ec1n v\u1eefng \u0111\u01b0\u1ee3c mong \u0111\u1ee3i trong n\u0103m nay v\u00e0 h\u01a1n th\u1ebf n\u1eefa. Xem v\u00e0 t\u1ea3i xu\u1ed1ng b\u00e1o c\u00e1o mi\u1ec5n ph\u00ed.V\u1edbi h\u00f3a \u0111\u01a1n n\u0103ng l\u01b0\u1ee3ng ng\u00e0y c\u00e0ng t\u0103ng v\u00e0 th\u1eddi ti\u1ebft kh\u1eafc nghi\u1ec7t do bi\u1ebfn \u0111\u1ed5i kh\u00ed h\u1eadu, l\u00e0m th\u1ebf n\u00e0o ch\u00fang ta c\u00f3 th\u1ec3 trang b\u1ecb th\u00eam nh\u00e0 c\u1eeda, c\u0103n h\u1ed9 v\u00e0 v\u0103n ph\u00f2ng c\u1ee7a m\u00ecnh \u0111\u1ec3 ti\u1ebft ki\u1ec7m v\u00e0 t\u1ea1o ra \u0111i\u1ec7n v\u00e0 tr\u1edf n\u00ean linh ho\u1ea1t h\u01a1n? \u0110\u1ecdc b\u00e1o c\u00e1o m\u1edbi nh\u1ea5t","inLanguage":"vi-VN","potentialAction":[{"@type":"ReadAction","target":["https:\/\/www.aritco.com\/vi\/trendreports\/"]}]},{"@type":"ImageObject","inLanguage":"vi-VN","@id":"https:\/\/www.aritco.com\/vi\/trendreports\/#primaryimage","url":"https:\/\/www.aritco.com\/wp-content\/uploads\/2024\/12\/Trend-report-2025.jpg","contentUrl":"https:\/\/www.aritco.com\/wp-content\/uploads\/2024\/12\/Trend-report-2025.jpg","width":598,"height":473},{"@type":"WebSite","@id":"https:\/\/www.aritco.com\/vi\/#website","url":"https:\/\/www.aritco.com\/vi\/","name":"Aritco","description":"Award-winning lifts for homes and public and commercial use","publisher":{"@id":"https:\/\/www.aritco.com\/vi\/#organization"},"potentialAction":[{"@type":"SearchAction","target":{"@type":"EntryPoint","urlTemplate":"https:\/\/www.aritco.com\/vi\/?s={search_term_string}"},"query-input":{"@type":"PropertyValueSpecification","valueRequired":true,"valueName":"search_term_string"}}],"inLanguage":"vi-VN"},{"@type":"Organization","@id":"https:\/\/www.aritco.com\/vi\/#organization","name":"Aritco","url":"https:\/\/www.aritco.com\/vi\/","logo":{"@type":"ImageObject","inLanguage":"vi-VN","@id":"https:\/\/www.aritco.com\/vi\/#\/schema\/logo\/image\/","url":"https:\/\/www.aritco.com\/wp-content\/uploads\/2019\/05\/vertical-3.svg","contentUrl":"https:\/\/www.aritco.com\/wp-content\/uploads\/2019\/05\/vertical-3.svg","width":1,"height":1,"caption":"Aritco"},"image":{"@id":"https:\/\/www.aritco.com\/vi\/#\/schema\/logo\/image\/"},"publishingPrinciples":"https:\/\/www.aritco.com\/about-aritco\/"}]}},"_links":{"self":[{"href":"https:\/\/www.aritco.com\/vi\/wp-json\/wp\/v2\/pages\/27385","targetHints":{"allow":["GET"]}}],"collection":[{"href":"https:\/\/www.aritco.com\/vi\/wp-json\/wp\/v2\/pages"}],"about":[{"href":"https:\/\/www.aritco.com\/vi\/wp-json\/wp\/v2\/types\/page"}],"author":[{"embeddable":true,"href":"https:\/\/www.aritco.com\/vi\/wp-json\/wp\/v2\/users\/12"}],"replies":[{"embeddable":true,"href":"https:\/\/www.aritco.com\/vi\/wp-json\/wp\/v2\/comments?post=27385"}],"version-history":[{"count":2,"href":"https:\/\/www.aritco.com\/vi\/wp-json\/wp\/v2\/pages\/27385\/revisions"}],"predecessor-version":[{"id":59534,"href":"https:\/\/www.aritco.com\/vi\/wp-json\/wp\/v2\/pages\/27385\/revisions\/59534"}],"wp:featuredmedia":[{"embeddable":true,"href":"https:\/\/www.aritco.com\/vi\/wp-json\/wp\/v2\/media\/57976"}],"wp:attachment":[{"href":"https:\/\/www.aritco.com\/vi\/wp-json\/wp\/v2\/media?parent=27385"}],"curies":[{"name":"wp","href":"https:\/\/api.w.org\/{rel}","templated":true}]}}