{"id":27364,"date":"2020-09-07T14:30:33","date_gmt":"2020-09-07T12:30:33","guid":{"rendered":"https:\/\/aritco.kumpan.dev\/san-pham\/liftguide\/"},"modified":"2025-10-13T15:34:25","modified_gmt":"2025-10-13T13:34:25","slug":"liftguide","status":"publish","type":"page","link":"https:\/\/www.aritco.com\/vi\/san-pham\/liftguide\/","title":{"rendered":"LiftGuide"},"content":{"rendered":"","protected":false},"excerpt":{"rendered":"","protected":false},"author":12,"featured_media":58913,"parent":11014,"menu_order":0,"comment_status":"closed","ping_status":"closed","template":"","meta":{"_acf_changed":false,"footnotes":""},"class_list":["post-27364","page","type-page","status-publish","has-post-thumbnail","hentry"],"acf":[],"yoast_head":"<!-- This site is optimized with the Yoast SEO Premium plugin v26.6 (Yoast SEO v26.6) - https:\/\/yoast.com\/wordpress\/plugins\/seo\/ -->\n<title>Liftguide - T\u00ecm ra lo\u1ea1i thang m\u00e1y ph\u00f9 h\u1ee3p v\u1edbi b\u1ea1n nh\u1ea5t | Aritco<\/title>\n<meta name=\"description\" content=\"V\u1edbi Aritco Liftguide, b\u1ea1n c\u00f3 th\u1ec3 d\u1ec5 d\u00e0ng t\u00ecm ra thang m\u00e1y n\u00e0o c\u1ee7a ch\u00fang t\u00f4i ph\u00f9 h\u1ee3p v\u1edbi b\u1ea1n v\u00e0 nhu c\u1ea7u c\u1ee7a b\u1ea1n nh\u1ea5t, \u0111\u1ed3ng th\u1eddi c\u0169ng c\u00f3 th\u1ec3 ki\u1ec3m tra n\u00f3 trong th\u1ef1c t\u1ebf t\u0103ng c\u01b0\u1eddng.\" \/>\n<meta name=\"robots\" content=\"index, follow, max-snippet:-1, max-image-preview:large, max-video-preview:-1\" \/>\n<link rel=\"canonical\" href=\"https:\/\/www.aritco.com\/vi\/san-pham\/liftguide\/\" \/>\n<meta property=\"og:locale\" content=\"vi_VN\" \/>\n<meta property=\"og:type\" content=\"article\" \/>\n<meta property=\"og:title\" content=\"LiftGuide - T\u00ecm thang m\u00e1y t\u1ed1t nh\u1ea5t cho b\u1ea1n\" \/>\n<meta property=\"og:description\" content=\"Ch\u00e0o m\u1eebng b\u1ea1n \u0111\u1ebfn v\u1edbi Liftguide c\u1ee7a ch\u00fang t\u00f4i! D\u01b0\u1edbi \u0111\u00e2y b\u1ea1n c\u00f3 th\u1ec3 ch\u1ecdn m\u1ed9t thang m\u00e1y b\u1ea1n th\u00edch v\u00e0 t\u00f9y ch\u1ec9nh n\u00f3 cho ph\u00f9 h\u1ee3p v\u1edbi m\u1ecdi nhu c\u1ea7u c\u1ee7a b\u1ea1n. B\u1ea1n c\u0169ng c\u00f3 th\u1ec3 xem thang m\u00e1y s\u1ebd tr\u00f4ng nh\u01b0 th\u1ebf n\u00e0o trong ng\u00f4i nh\u00e0 c\u1ee7a b\u1ea1n v\u1edbi th\u1ef1c t\u1ebf t\u0103ng c\u01b0\u1eddng. Vui th\u00edch!\" \/>\n<meta property=\"og:url\" content=\"https:\/\/www.aritco.com\/vi\/san-pham\/liftguide\/\" \/>\n<meta property=\"og:site_name\" content=\"Aritco\" \/>\n<meta property=\"article:modified_time\" content=\"2025-10-13T13:34:25+00:00\" \/>\n<meta property=\"og:image\" content=\"https:\/\/www.aritco.com\/wp-content\/uploads\/2025\/02\/LiftGuide-configurator.jpg\" \/>\n\t<meta property=\"og:image:width\" content=\"1400\" \/>\n\t<meta property=\"og:image:height\" content=\"933\" \/>\n\t<meta property=\"og:image:type\" content=\"image\/jpeg\" \/>\n<meta name=\"twitter:card\" content=\"summary_large_image\" \/>\n<meta name=\"twitter:title\" content=\"LiftGuide - T\u00ecm thang m\u00e1y t\u1ed1t nh\u1ea5t cho b\u1ea1n\" \/>\n<meta name=\"twitter:description\" content=\"V\u1edbi Aritco Liftguide, b\u1ea1n c\u00f3 th\u1ec3 d\u1ec5 d\u00e0ng t\u00ecm ra thang m\u00e1y n\u00e0o c\u1ee7a ch\u00fang t\u00f4i ph\u00f9 h\u1ee3p v\u1edbi b\u1ea1n v\u00e0 nhu c\u1ea7u c\u1ee7a b\u1ea1n nh\u1ea5t, \u0111\u1ed3ng th\u1eddi c\u0169ng c\u00f3 th\u1ec3 ki\u1ec3m tra n\u00f3 trong th\u1ef1c t\u1ebf t\u0103ng c\u01b0\u1eddng.\" \/>\n<meta name=\"twitter:image\" content=\"https:\/\/www.aritco.com\/wp-content\/uploads\/2025\/02\/LiftGuide-configurator.jpg\" \/>\n<meta name=\"twitter:label1\" content=\"Est. reading time\" \/>\n\t<meta name=\"twitter:data1\" content=\"1 minute\" \/>\n<script type=\"application\/ld+json\" class=\"yoast-schema-graph\">{\"@context\":\"https:\/\/schema.org\",\"@graph\":[{\"@type\":\"WebPage\",\"@id\":\"https:\/\/www.aritco.com\/vi\/san-pham\/liftguide\/\",\"url\":\"https:\/\/www.aritco.com\/vi\/san-pham\/liftguide\/\",\"name\":\"Liftguide - T\u00ecm ra lo\u1ea1i thang m\u00e1y ph\u00f9 h\u1ee3p v\u1edbi b\u1ea1n nh\u1ea5t | Aritco\",\"isPartOf\":{\"@id\":\"https:\/\/www.aritco.com\/vi\/#website\"},\"primaryImageOfPage\":{\"@id\":\"https:\/\/www.aritco.com\/vi\/san-pham\/liftguide\/#primaryimage\"},\"image\":{\"@id\":\"https:\/\/www.aritco.com\/vi\/san-pham\/liftguide\/#primaryimage\"},\"thumbnailUrl\":\"https:\/\/www.aritco.com\/wp-content\/uploads\/2025\/02\/LiftGuide-configurator.jpg\",\"datePublished\":\"2020-09-07T12:30:33+00:00\",\"dateModified\":\"2025-10-13T13:34:25+00:00\",\"description\":\"V\u1edbi Aritco Liftguide, b\u1ea1n c\u00f3 th\u1ec3 d\u1ec5 d\u00e0ng t\u00ecm ra thang m\u00e1y n\u00e0o c\u1ee7a ch\u00fang t\u00f4i ph\u00f9 h\u1ee3p v\u1edbi b\u1ea1n v\u00e0 nhu c\u1ea7u c\u1ee7a b\u1ea1n nh\u1ea5t, \u0111\u1ed3ng th\u1eddi c\u0169ng c\u00f3 th\u1ec3 ki\u1ec3m tra n\u00f3 trong th\u1ef1c t\u1ebf t\u0103ng c\u01b0\u1eddng.\",\"breadcrumb\":{\"@id\":\"https:\/\/www.aritco.com\/vi\/san-pham\/liftguide\/#breadcrumb\"},\"inLanguage\":\"vi-VN\",\"potentialAction\":[{\"@type\":\"ReadAction\",\"target\":[\"https:\/\/www.aritco.com\/vi\/san-pham\/liftguide\/\"]}]},{\"@type\":\"ImageObject\",\"inLanguage\":\"vi-VN\",\"@id\":\"https:\/\/www.aritco.com\/vi\/san-pham\/liftguide\/#primaryimage\",\"url\":\"https:\/\/www.aritco.com\/wp-content\/uploads\/2025\/02\/LiftGuide-configurator.jpg\",\"contentUrl\":\"https:\/\/www.aritco.com\/wp-content\/uploads\/2025\/02\/LiftGuide-configurator.jpg\",\"width\":1400,\"height\":933},{\"@type\":\"BreadcrumbList\",\"@id\":\"https:\/\/www.aritco.com\/vi\/san-pham\/liftguide\/#breadcrumb\",\"itemListElement\":[{\"@type\":\"ListItem\",\"position\":1,\"name\":\"S\u1ea3n ph\u1ea9m\",\"item\":\"https:\/\/www.aritco.com\/vi\/san-pham\/\"},{\"@type\":\"ListItem\",\"position\":2,\"name\":\"LiftGuide\"}]},{\"@type\":\"WebSite\",\"@id\":\"https:\/\/www.aritco.com\/vi\/#website\",\"url\":\"https:\/\/www.aritco.com\/vi\/\",\"name\":\"Aritco\",\"description\":\"Award-winning lifts for homes and public and commercial use\",\"publisher\":{\"@id\":\"https:\/\/www.aritco.com\/vi\/#organization\"},\"potentialAction\":[{\"@type\":\"SearchAction\",\"target\":{\"@type\":\"EntryPoint\",\"urlTemplate\":\"https:\/\/www.aritco.com\/vi\/?s={search_term_string}\"},\"query-input\":{\"@type\":\"PropertyValueSpecification\",\"valueRequired\":true,\"valueName\":\"search_term_string\"}}],\"inLanguage\":\"vi-VN\"},{\"@type\":\"Organization\",\"@id\":\"https:\/\/www.aritco.com\/vi\/#organization\",\"name\":\"Aritco\",\"url\":\"https:\/\/www.aritco.com\/vi\/\",\"logo\":{\"@type\":\"ImageObject\",\"inLanguage\":\"vi-VN\",\"@id\":\"https:\/\/www.aritco.com\/vi\/#\/schema\/logo\/image\/\",\"url\":\"https:\/\/www.aritco.com\/wp-content\/uploads\/2019\/05\/vertical-3.svg\",\"contentUrl\":\"https:\/\/www.aritco.com\/wp-content\/uploads\/2019\/05\/vertical-3.svg\",\"width\":1,\"height\":1,\"caption\":\"Aritco\"},\"image\":{\"@id\":\"https:\/\/www.aritco.com\/vi\/#\/schema\/logo\/image\/\"},\"publishingPrinciples\":\"https:\/\/www.aritco.com\/about-aritco\/\"}]}<\/script>\n<!-- \/ Yoast SEO Premium plugin. -->","yoast_head_json":{"title":"Liftguide - T\u00ecm ra lo\u1ea1i thang m\u00e1y ph\u00f9 h\u1ee3p v\u1edbi b\u1ea1n nh\u1ea5t | Aritco","description":"V\u1edbi Aritco Liftguide, b\u1ea1n c\u00f3 th\u1ec3 d\u1ec5 d\u00e0ng t\u00ecm ra thang m\u00e1y n\u00e0o c\u1ee7a ch\u00fang t\u00f4i ph\u00f9 h\u1ee3p v\u1edbi b\u1ea1n v\u00e0 nhu c\u1ea7u c\u1ee7a b\u1ea1n nh\u1ea5t, \u0111\u1ed3ng th\u1eddi c\u0169ng c\u00f3 th\u1ec3 ki\u1ec3m tra n\u00f3 trong th\u1ef1c t\u1ebf t\u0103ng c\u01b0\u1eddng.","robots":{"index":"index","follow":"follow","max-snippet":"max-snippet:-1","max-image-preview":"max-image-preview:large","max-video-preview":"max-video-preview:-1"},"canonical":"https:\/\/www.aritco.com\/vi\/san-pham\/liftguide\/","og_locale":"vi_VN","og_type":"article","og_title":"LiftGuide - T\u00ecm thang m\u00e1y t\u1ed1t nh\u1ea5t cho b\u1ea1n","og_description":"Ch\u00e0o m\u1eebng b\u1ea1n \u0111\u1ebfn v\u1edbi Liftguide c\u1ee7a ch\u00fang t\u00f4i! D\u01b0\u1edbi \u0111\u00e2y b\u1ea1n c\u00f3 th\u1ec3 ch\u1ecdn m\u1ed9t thang m\u00e1y b\u1ea1n th\u00edch v\u00e0 t\u00f9y ch\u1ec9nh n\u00f3 cho ph\u00f9 h\u1ee3p v\u1edbi m\u1ecdi nhu c\u1ea7u c\u1ee7a b\u1ea1n. B\u1ea1n c\u0169ng c\u00f3 th\u1ec3 xem thang m\u00e1y s\u1ebd tr\u00f4ng nh\u01b0 th\u1ebf n\u00e0o trong ng\u00f4i nh\u00e0 c\u1ee7a b\u1ea1n v\u1edbi th\u1ef1c t\u1ebf t\u0103ng c\u01b0\u1eddng. Vui th\u00edch!","og_url":"https:\/\/www.aritco.com\/vi\/san-pham\/liftguide\/","og_site_name":"Aritco","article_modified_time":"2025-10-13T13:34:25+00:00","og_image":[{"width":1400,"height":933,"url":"https:\/\/www.aritco.com\/wp-content\/uploads\/2025\/02\/LiftGuide-configurator.jpg","type":"image\/jpeg"}],"twitter_card":"summary_large_image","twitter_title":"LiftGuide - T\u00ecm thang m\u00e1y t\u1ed1t nh\u1ea5t cho b\u1ea1n","twitter_description":"V\u1edbi Aritco Liftguide, b\u1ea1n c\u00f3 th\u1ec3 d\u1ec5 d\u00e0ng t\u00ecm ra thang m\u00e1y n\u00e0o c\u1ee7a ch\u00fang t\u00f4i ph\u00f9 h\u1ee3p v\u1edbi b\u1ea1n v\u00e0 nhu c\u1ea7u c\u1ee7a b\u1ea1n nh\u1ea5t, \u0111\u1ed3ng th\u1eddi c\u0169ng c\u00f3 th\u1ec3 ki\u1ec3m tra n\u00f3 trong th\u1ef1c t\u1ebf t\u0103ng c\u01b0\u1eddng.","twitter_image":"https:\/\/www.aritco.com\/wp-content\/uploads\/2025\/02\/LiftGuide-configurator.jpg","twitter_misc":{"Est. reading time":"1 minute"},"schema":{"@context":"https:\/\/schema.org","@graph":[{"@type":"WebPage","@id":"https:\/\/www.aritco.com\/vi\/san-pham\/liftguide\/","url":"https:\/\/www.aritco.com\/vi\/san-pham\/liftguide\/","name":"Liftguide - T\u00ecm ra lo\u1ea1i thang m\u00e1y ph\u00f9 h\u1ee3p v\u1edbi b\u1ea1n nh\u1ea5t | Aritco","isPartOf":{"@id":"https:\/\/www.aritco.com\/vi\/#website"},"primaryImageOfPage":{"@id":"https:\/\/www.aritco.com\/vi\/san-pham\/liftguide\/#primaryimage"},"image":{"@id":"https:\/\/www.aritco.com\/vi\/san-pham\/liftguide\/#primaryimage"},"thumbnailUrl":"https:\/\/www.aritco.com\/wp-content\/uploads\/2025\/02\/LiftGuide-configurator.jpg","datePublished":"2020-09-07T12:30:33+00:00","dateModified":"2025-10-13T13:34:25+00:00","description":"V\u1edbi Aritco Liftguide, b\u1ea1n c\u00f3 th\u1ec3 d\u1ec5 d\u00e0ng t\u00ecm ra thang m\u00e1y n\u00e0o c\u1ee7a ch\u00fang t\u00f4i ph\u00f9 h\u1ee3p v\u1edbi b\u1ea1n v\u00e0 nhu c\u1ea7u c\u1ee7a b\u1ea1n nh\u1ea5t, \u0111\u1ed3ng th\u1eddi c\u0169ng c\u00f3 th\u1ec3 ki\u1ec3m tra n\u00f3 trong th\u1ef1c t\u1ebf t\u0103ng c\u01b0\u1eddng.","breadcrumb":{"@id":"https:\/\/www.aritco.com\/vi\/san-pham\/liftguide\/#breadcrumb"},"inLanguage":"vi-VN","potentialAction":[{"@type":"ReadAction","target":["https:\/\/www.aritco.com\/vi\/san-pham\/liftguide\/"]}]},{"@type":"ImageObject","inLanguage":"vi-VN","@id":"https:\/\/www.aritco.com\/vi\/san-pham\/liftguide\/#primaryimage","url":"https:\/\/www.aritco.com\/wp-content\/uploads\/2025\/02\/LiftGuide-configurator.jpg","contentUrl":"https:\/\/www.aritco.com\/wp-content\/uploads\/2025\/02\/LiftGuide-configurator.jpg","width":1400,"height":933},{"@type":"BreadcrumbList","@id":"https:\/\/www.aritco.com\/vi\/san-pham\/liftguide\/#breadcrumb","itemListElement":[{"@type":"ListItem","position":1,"name":"S\u1ea3n ph\u1ea9m","item":"https:\/\/www.aritco.com\/vi\/san-pham\/"},{"@type":"ListItem","position":2,"name":"LiftGuide"}]},{"@type":"WebSite","@id":"https:\/\/www.aritco.com\/vi\/#website","url":"https:\/\/www.aritco.com\/vi\/","name":"Aritco","description":"Award-winning lifts for homes and public and commercial use","publisher":{"@id":"https:\/\/www.aritco.com\/vi\/#organization"},"potentialAction":[{"@type":"SearchAction","target":{"@type":"EntryPoint","urlTemplate":"https:\/\/www.aritco.com\/vi\/?s={search_term_string}"},"query-input":{"@type":"PropertyValueSpecification","valueRequired":true,"valueName":"search_term_string"}}],"inLanguage":"vi-VN"},{"@type":"Organization","@id":"https:\/\/www.aritco.com\/vi\/#organization","name":"Aritco","url":"https:\/\/www.aritco.com\/vi\/","logo":{"@type":"ImageObject","inLanguage":"vi-VN","@id":"https:\/\/www.aritco.com\/vi\/#\/schema\/logo\/image\/","url":"https:\/\/www.aritco.com\/wp-content\/uploads\/2019\/05\/vertical-3.svg","contentUrl":"https:\/\/www.aritco.com\/wp-content\/uploads\/2019\/05\/vertical-3.svg","width":1,"height":1,"caption":"Aritco"},"image":{"@id":"https:\/\/www.aritco.com\/vi\/#\/schema\/logo\/image\/"},"publishingPrinciples":"https:\/\/www.aritco.com\/about-aritco\/"}]}},"_links":{"self":[{"href":"https:\/\/www.aritco.com\/vi\/wp-json\/wp\/v2\/pages\/27364","targetHints":{"allow":["GET"]}}],"collection":[{"href":"https:\/\/www.aritco.com\/vi\/wp-json\/wp\/v2\/pages"}],"about":[{"href":"https:\/\/www.aritco.com\/vi\/wp-json\/wp\/v2\/types\/page"}],"author":[{"embeddable":true,"href":"https:\/\/www.aritco.com\/vi\/wp-json\/wp\/v2\/users\/12"}],"replies":[{"embeddable":true,"href":"https:\/\/www.aritco.com\/vi\/wp-json\/wp\/v2\/comments?post=27364"}],"version-history":[{"count":5,"href":"https:\/\/www.aritco.com\/vi\/wp-json\/wp\/v2\/pages\/27364\/revisions"}],"predecessor-version":[{"id":63205,"href":"https:\/\/www.aritco.com\/vi\/wp-json\/wp\/v2\/pages\/27364\/revisions\/63205"}],"up":[{"embeddable":true,"href":"https:\/\/www.aritco.com\/vi\/wp-json\/wp\/v2\/pages\/11014"}],"wp:featuredmedia":[{"embeddable":true,"href":"https:\/\/www.aritco.com\/vi\/wp-json\/wp\/v2\/media\/58913"}],"wp:attachment":[{"href":"https:\/\/www.aritco.com\/vi\/wp-json\/wp\/v2\/media?parent=27364"}],"curies":[{"name":"wp","href":"https:\/\/api.w.org\/{rel}","templated":true}]}}