{"id":26503,"date":"2021-11-29T14:45:18","date_gmt":"2021-11-29T13:45:18","guid":{"rendered":"https:\/\/aritco.kumpan.dev\/ongoingupcoming\/design-shenzhen-2022\/"},"modified":"2022-12-21T13:31:33","modified_gmt":"2022-12-21T12:31:33","slug":"design-shenzhen-2023","status":"publish","type":"page","link":"https:\/\/www.aritco.com\/vi\/trien-lam-va-su-kien\/design-shenzhen-2023\/","title":{"rendered":"Design Shenzhen 2023"},"content":{"rendered":"","protected":false},"excerpt":{"rendered":"","protected":false},"author":10,"featured_media":22670,"parent":10936,"menu_order":0,"comment_status":"closed","ping_status":"closed","template":"","meta":{"_acf_changed":false,"footnotes":""},"class_list":["post-26503","page","type-page","status-publish","has-post-thumbnail","hentry"],"acf":[],"yoast_head":"<!-- This site is optimized with the Yoast SEO Premium plugin v26.6 (Yoast SEO v26.6) - https:\/\/yoast.com\/wordpress\/plugins\/seo\/ -->\n<title>Design Shenzhen 2023 - Home Lifts - Aritco<\/title>\n<meta name=\"description\" content=\"Kh\u00e1m ph\u00e1 thang m\u00e1y gia \u0111\u00ecnh Aritco t\u1ea1i Trung t\u00e2m Tri\u1ec3n l\u00e3m &amp; H\u1ed9i ngh\u1ecb Th\u00e2m Quy\u1ebfn.\" \/>\n<meta name=\"robots\" content=\"index, follow, max-snippet:-1, max-image-preview:large, max-video-preview:-1\" \/>\n<link rel=\"canonical\" href=\"https:\/\/www.aritco.com\/vi\/trien-lam-va-su-kien\/design-shenzhen-2023\/\" \/>\n<meta property=\"og:locale\" content=\"vi_VN\" \/>\n<meta property=\"og:type\" content=\"article\" \/>\n<meta property=\"og:title\" content=\"Design Shenzhen 2023\" \/>\n<meta property=\"og:description\" content=\"Kh\u00e1m ph\u00e1 thang m\u00e1y gia \u0111\u00ecnh Aritco t\u1ea1i Trung t\u00e2m Tri\u1ec3n l\u00e3m &amp; H\u1ed9i ngh\u1ecb Th\u00e2m Quy\u1ebfn.\" \/>\n<meta property=\"og:url\" content=\"https:\/\/www.aritco.com\/vi\/trien-lam-va-su-kien\/design-shenzhen-2023\/\" \/>\n<meta property=\"og:site_name\" content=\"Aritco\" \/>\n<meta property=\"article:modified_time\" content=\"2022-12-21T12:31:33+00:00\" \/>\n<meta property=\"og:image\" content=\"https:\/\/www.aritco.com\/wp-content\/uploads\/2022\/12\/shenzhen-text_optimized.jpg\" \/>\n\t<meta property=\"og:image:width\" content=\"1080\" \/>\n\t<meta property=\"og:image:height\" content=\"1080\" \/>\n\t<meta property=\"og:image:type\" content=\"image\/jpeg\" \/>\n<meta name=\"twitter:card\" content=\"summary_large_image\" \/>\n<meta name=\"twitter:title\" content=\"Design Shenzhen 2023\" \/>\n<meta name=\"twitter:description\" content=\"Kh\u00e1m ph\u00e1 thang m\u00e1y gia \u0111\u00ecnh Aritco t\u1ea1i Trung t\u00e2m Tri\u1ec3n l\u00e3m &amp; H\u1ed9i ngh\u1ecb Th\u00e2m Quy\u1ebfn.\" \/>\n<meta name=\"twitter:image\" content=\"https:\/\/www.aritco.com\/wp-content\/uploads\/2022\/12\/shenzhen-text_optimized.jpg\" \/>\n<script type=\"application\/ld+json\" class=\"yoast-schema-graph\">{\"@context\":\"https:\/\/schema.org\",\"@graph\":[{\"@type\":\"WebPage\",\"@id\":\"https:\/\/www.aritco.com\/vi\/trien-lam-va-su-kien\/design-shenzhen-2023\/\",\"url\":\"https:\/\/www.aritco.com\/vi\/trien-lam-va-su-kien\/design-shenzhen-2023\/\",\"name\":\"Design Shenzhen 2023 - Home Lifts - Aritco\",\"isPartOf\":{\"@id\":\"https:\/\/www.aritco.com\/vi\/#website\"},\"primaryImageOfPage\":{\"@id\":\"https:\/\/www.aritco.com\/vi\/trien-lam-va-su-kien\/design-shenzhen-2023\/#primaryimage\"},\"image\":{\"@id\":\"https:\/\/www.aritco.com\/vi\/trien-lam-va-su-kien\/design-shenzhen-2023\/#primaryimage\"},\"thumbnailUrl\":\"https:\/\/www.aritco.com\/wp-content\/uploads\/2021\/11\/darmau-lee-5-k1_mBljB0-unsplash.jpg\",\"datePublished\":\"2021-11-29T13:45:18+00:00\",\"dateModified\":\"2022-12-21T12:31:33+00:00\",\"description\":\"Kh\u00e1m ph\u00e1 thang m\u00e1y gia \u0111\u00ecnh Aritco t\u1ea1i Trung t\u00e2m Tri\u1ec3n l\u00e3m & H\u1ed9i ngh\u1ecb Th\u00e2m Quy\u1ebfn.\",\"breadcrumb\":{\"@id\":\"https:\/\/www.aritco.com\/vi\/trien-lam-va-su-kien\/design-shenzhen-2023\/#breadcrumb\"},\"inLanguage\":\"vi-VN\",\"potentialAction\":[{\"@type\":\"ReadAction\",\"target\":[\"https:\/\/www.aritco.com\/vi\/trien-lam-va-su-kien\/design-shenzhen-2023\/\"]}]},{\"@type\":\"ImageObject\",\"inLanguage\":\"vi-VN\",\"@id\":\"https:\/\/www.aritco.com\/vi\/trien-lam-va-su-kien\/design-shenzhen-2023\/#primaryimage\",\"url\":\"https:\/\/www.aritco.com\/wp-content\/uploads\/2021\/11\/darmau-lee-5-k1_mBljB0-unsplash.jpg\",\"contentUrl\":\"https:\/\/www.aritco.com\/wp-content\/uploads\/2021\/11\/darmau-lee-5-k1_mBljB0-unsplash.jpg\",\"width\":1920,\"height\":1281,\"caption\":\"Design Shenzhen Skyline\"},{\"@type\":\"BreadcrumbList\",\"@id\":\"https:\/\/www.aritco.com\/vi\/trien-lam-va-su-kien\/design-shenzhen-2023\/#breadcrumb\",\"itemListElement\":[{\"@type\":\"ListItem\",\"position\":1,\"name\":\"Tri\u1ec3n l\u00e3m v\u00e0 s\u1ef1 ki\u1ec7n\",\"item\":\"https:\/\/www.aritco.com\/vi\/trien-lam-va-su-kien\/\"},{\"@type\":\"ListItem\",\"position\":2,\"name\":\"Design Shenzhen 2023\"}]},{\"@type\":\"WebSite\",\"@id\":\"https:\/\/www.aritco.com\/vi\/#website\",\"url\":\"https:\/\/www.aritco.com\/vi\/\",\"name\":\"Aritco\",\"description\":\"Award-winning lifts for homes and public and commercial use\",\"publisher\":{\"@id\":\"https:\/\/www.aritco.com\/vi\/#organization\"},\"potentialAction\":[{\"@type\":\"SearchAction\",\"target\":{\"@type\":\"EntryPoint\",\"urlTemplate\":\"https:\/\/www.aritco.com\/vi\/?s={search_term_string}\"},\"query-input\":{\"@type\":\"PropertyValueSpecification\",\"valueRequired\":true,\"valueName\":\"search_term_string\"}}],\"inLanguage\":\"vi-VN\"},{\"@type\":\"Organization\",\"@id\":\"https:\/\/www.aritco.com\/vi\/#organization\",\"name\":\"Aritco\",\"url\":\"https:\/\/www.aritco.com\/vi\/\",\"logo\":{\"@type\":\"ImageObject\",\"inLanguage\":\"vi-VN\",\"@id\":\"https:\/\/www.aritco.com\/vi\/#\/schema\/logo\/image\/\",\"url\":\"https:\/\/www.aritco.com\/wp-content\/uploads\/2019\/05\/vertical-3.svg\",\"contentUrl\":\"https:\/\/www.aritco.com\/wp-content\/uploads\/2019\/05\/vertical-3.svg\",\"width\":1,\"height\":1,\"caption\":\"Aritco\"},\"image\":{\"@id\":\"https:\/\/www.aritco.com\/vi\/#\/schema\/logo\/image\/\"},\"publishingPrinciples\":\"https:\/\/www.aritco.com\/about-aritco\/\"}]}<\/script>\n<!-- \/ Yoast SEO Premium plugin. -->","yoast_head_json":{"title":"Design Shenzhen 2023 - Home Lifts - Aritco","description":"Kh\u00e1m ph\u00e1 thang m\u00e1y gia \u0111\u00ecnh Aritco t\u1ea1i Trung t\u00e2m Tri\u1ec3n l\u00e3m & H\u1ed9i ngh\u1ecb Th\u00e2m Quy\u1ebfn.","robots":{"index":"index","follow":"follow","max-snippet":"max-snippet:-1","max-image-preview":"max-image-preview:large","max-video-preview":"max-video-preview:-1"},"canonical":"https:\/\/www.aritco.com\/vi\/trien-lam-va-su-kien\/design-shenzhen-2023\/","og_locale":"vi_VN","og_type":"article","og_title":"Design Shenzhen 2023","og_description":"Kh\u00e1m ph\u00e1 thang m\u00e1y gia \u0111\u00ecnh Aritco t\u1ea1i Trung t\u00e2m Tri\u1ec3n l\u00e3m & H\u1ed9i ngh\u1ecb Th\u00e2m Quy\u1ebfn.","og_url":"https:\/\/www.aritco.com\/vi\/trien-lam-va-su-kien\/design-shenzhen-2023\/","og_site_name":"Aritco","article_modified_time":"2022-12-21T12:31:33+00:00","og_image":[{"width":1080,"height":1080,"url":"https:\/\/www.aritco.com\/wp-content\/uploads\/2022\/12\/shenzhen-text_optimized.jpg","type":"image\/jpeg"}],"twitter_card":"summary_large_image","twitter_title":"Design Shenzhen 2023","twitter_description":"Kh\u00e1m ph\u00e1 thang m\u00e1y gia \u0111\u00ecnh Aritco t\u1ea1i Trung t\u00e2m Tri\u1ec3n l\u00e3m & H\u1ed9i ngh\u1ecb Th\u00e2m Quy\u1ebfn.","twitter_image":"https:\/\/www.aritco.com\/wp-content\/uploads\/2022\/12\/shenzhen-text_optimized.jpg","schema":{"@context":"https:\/\/schema.org","@graph":[{"@type":"WebPage","@id":"https:\/\/www.aritco.com\/vi\/trien-lam-va-su-kien\/design-shenzhen-2023\/","url":"https:\/\/www.aritco.com\/vi\/trien-lam-va-su-kien\/design-shenzhen-2023\/","name":"Design Shenzhen 2023 - Home Lifts - Aritco","isPartOf":{"@id":"https:\/\/www.aritco.com\/vi\/#website"},"primaryImageOfPage":{"@id":"https:\/\/www.aritco.com\/vi\/trien-lam-va-su-kien\/design-shenzhen-2023\/#primaryimage"},"image":{"@id":"https:\/\/www.aritco.com\/vi\/trien-lam-va-su-kien\/design-shenzhen-2023\/#primaryimage"},"thumbnailUrl":"https:\/\/www.aritco.com\/wp-content\/uploads\/2021\/11\/darmau-lee-5-k1_mBljB0-unsplash.jpg","datePublished":"2021-11-29T13:45:18+00:00","dateModified":"2022-12-21T12:31:33+00:00","description":"Kh\u00e1m ph\u00e1 thang m\u00e1y gia \u0111\u00ecnh Aritco t\u1ea1i Trung t\u00e2m Tri\u1ec3n l\u00e3m & H\u1ed9i ngh\u1ecb Th\u00e2m Quy\u1ebfn.","breadcrumb":{"@id":"https:\/\/www.aritco.com\/vi\/trien-lam-va-su-kien\/design-shenzhen-2023\/#breadcrumb"},"inLanguage":"vi-VN","potentialAction":[{"@type":"ReadAction","target":["https:\/\/www.aritco.com\/vi\/trien-lam-va-su-kien\/design-shenzhen-2023\/"]}]},{"@type":"ImageObject","inLanguage":"vi-VN","@id":"https:\/\/www.aritco.com\/vi\/trien-lam-va-su-kien\/design-shenzhen-2023\/#primaryimage","url":"https:\/\/www.aritco.com\/wp-content\/uploads\/2021\/11\/darmau-lee-5-k1_mBljB0-unsplash.jpg","contentUrl":"https:\/\/www.aritco.com\/wp-content\/uploads\/2021\/11\/darmau-lee-5-k1_mBljB0-unsplash.jpg","width":1920,"height":1281,"caption":"Design Shenzhen Skyline"},{"@type":"BreadcrumbList","@id":"https:\/\/www.aritco.com\/vi\/trien-lam-va-su-kien\/design-shenzhen-2023\/#breadcrumb","itemListElement":[{"@type":"ListItem","position":1,"name":"Tri\u1ec3n l\u00e3m v\u00e0 s\u1ef1 ki\u1ec7n","item":"https:\/\/www.aritco.com\/vi\/trien-lam-va-su-kien\/"},{"@type":"ListItem","position":2,"name":"Design Shenzhen 2023"}]},{"@type":"WebSite","@id":"https:\/\/www.aritco.com\/vi\/#website","url":"https:\/\/www.aritco.com\/vi\/","name":"Aritco","description":"Award-winning lifts for homes and public and commercial use","publisher":{"@id":"https:\/\/www.aritco.com\/vi\/#organization"},"potentialAction":[{"@type":"SearchAction","target":{"@type":"EntryPoint","urlTemplate":"https:\/\/www.aritco.com\/vi\/?s={search_term_string}"},"query-input":{"@type":"PropertyValueSpecification","valueRequired":true,"valueName":"search_term_string"}}],"inLanguage":"vi-VN"},{"@type":"Organization","@id":"https:\/\/www.aritco.com\/vi\/#organization","name":"Aritco","url":"https:\/\/www.aritco.com\/vi\/","logo":{"@type":"ImageObject","inLanguage":"vi-VN","@id":"https:\/\/www.aritco.com\/vi\/#\/schema\/logo\/image\/","url":"https:\/\/www.aritco.com\/wp-content\/uploads\/2019\/05\/vertical-3.svg","contentUrl":"https:\/\/www.aritco.com\/wp-content\/uploads\/2019\/05\/vertical-3.svg","width":1,"height":1,"caption":"Aritco"},"image":{"@id":"https:\/\/www.aritco.com\/vi\/#\/schema\/logo\/image\/"},"publishingPrinciples":"https:\/\/www.aritco.com\/about-aritco\/"}]}},"_links":{"self":[{"href":"https:\/\/www.aritco.com\/vi\/wp-json\/wp\/v2\/pages\/26503","targetHints":{"allow":["GET"]}}],"collection":[{"href":"https:\/\/www.aritco.com\/vi\/wp-json\/wp\/v2\/pages"}],"about":[{"href":"https:\/\/www.aritco.com\/vi\/wp-json\/wp\/v2\/types\/page"}],"author":[{"embeddable":true,"href":"https:\/\/www.aritco.com\/vi\/wp-json\/wp\/v2\/users\/10"}],"replies":[{"embeddable":true,"href":"https:\/\/www.aritco.com\/vi\/wp-json\/wp\/v2\/comments?post=26503"}],"version-history":[{"count":0,"href":"https:\/\/www.aritco.com\/vi\/wp-json\/wp\/v2\/pages\/26503\/revisions"}],"up":[{"embeddable":true,"href":"https:\/\/www.aritco.com\/vi\/wp-json\/wp\/v2\/pages\/10936"}],"wp:featuredmedia":[{"embeddable":true,"href":"https:\/\/www.aritco.com\/vi\/wp-json\/wp\/v2\/media\/22670"}],"wp:attachment":[{"href":"https:\/\/www.aritco.com\/vi\/wp-json\/wp\/v2\/media?parent=26503"}],"curies":[{"name":"wp","href":"https:\/\/api.w.org\/{rel}","templated":true}]}}