{"id":26483,"date":"2021-08-07T15:46:21","date_gmt":"2021-08-07T13:46:21","guid":{"rendered":"https:\/\/aritco.kumpan.dev\/ongoingupcoming\/design-london-2022\/"},"modified":"2022-05-17T10:06:31","modified_gmt":"2022-05-17T08:06:31","slug":"design-london-2022","status":"publish","type":"page","link":"https:\/\/www.aritco.com\/vi\/trien-lam-va-su-kien\/design-london-2022\/","title":{"rendered":"Design London 2022"},"content":{"rendered":"","protected":false},"excerpt":{"rendered":"","protected":false},"author":10,"featured_media":16112,"parent":10936,"menu_order":0,"comment_status":"closed","ping_status":"closed","template":"","meta":{"_acf_changed":false,"footnotes":""},"class_list":["post-26483","page","type-page","status-publish","has-post-thumbnail","hentry"],"acf":[],"yoast_head":"<!-- This site is optimized with the Yoast SEO Premium plugin v26.6 (Yoast SEO v26.6) - https:\/\/yoast.com\/wordpress\/plugins\/seo\/ -->\n<title>Design London 2022 - Kh\u00e1m ph\u00e1 thang m\u00e1y cao c\u1ea5p c\u1ee7a ch\u00fang t\u00f4i - Aritco<\/title>\n<meta name=\"description\" content=\"Tr\u1ea3i nghi\u1ec7m thang m\u00e1y cao c\u1ea5p Aritco d\u00e0nh cho gia \u0111\u00ecnh v\u00e0 kh\u00f4ng gian c\u00f4ng c\u1ed9ng t\u1ea1i Design London 2021. C\u00e1c gi\u1ea3i ph\u00e1p s\u00e1ng t\u1ea1o v\u00e0 thi\u1ebft k\u1ebf Scandinavian.\" \/>\n<meta name=\"robots\" content=\"index, follow, max-snippet:-1, max-image-preview:large, max-video-preview:-1\" \/>\n<link rel=\"canonical\" href=\"https:\/\/www.aritco.com\/vi\/trien-lam-va-su-kien\/design-london-2022\/\" \/>\n<meta property=\"og:locale\" content=\"vi_VN\" \/>\n<meta property=\"og:type\" content=\"article\" \/>\n<meta property=\"og:title\" content=\"Design London 2022\" \/>\n<meta property=\"og:description\" content=\"Tr\u1ea3i nghi\u1ec7m thang m\u00e1y cao c\u1ea5p Aritco d\u00e0nh cho gia \u0111\u00ecnh v\u00e0 kh\u00f4ng gian c\u00f4ng c\u1ed9ng t\u1ea1i Design London 2021. C\u00e1c gi\u1ea3i ph\u00e1p s\u00e1ng t\u1ea1o v\u00e0 thi\u1ebft k\u1ebf Scandinavian.\" \/>\n<meta property=\"og:url\" content=\"https:\/\/www.aritco.com\/vi\/trien-lam-va-su-kien\/design-london-2022\/\" \/>\n<meta property=\"og:site_name\" content=\"Aritco\" \/>\n<meta property=\"article:modified_time\" content=\"2022-05-17T08:06:31+00:00\" \/>\n<meta property=\"og:image\" content=\"https:\/\/www.aritco.com\/wp-content\/uploads\/2021\/08\/Magazine_3.png\" \/>\n\t<meta property=\"og:image:width\" content=\"1000\" \/>\n\t<meta property=\"og:image:height\" content=\"667\" \/>\n\t<meta property=\"og:image:type\" content=\"image\/png\" \/>\n<meta name=\"twitter:card\" content=\"summary_large_image\" \/>\n<script type=\"application\/ld+json\" class=\"yoast-schema-graph\">{\"@context\":\"https:\/\/schema.org\",\"@graph\":[{\"@type\":\"WebPage\",\"@id\":\"https:\/\/www.aritco.com\/vi\/trien-lam-va-su-kien\/design-london-2022\/\",\"url\":\"https:\/\/www.aritco.com\/vi\/trien-lam-va-su-kien\/design-london-2022\/\",\"name\":\"Design London 2022 - Kh\u00e1m ph\u00e1 thang m\u00e1y cao c\u1ea5p c\u1ee7a ch\u00fang t\u00f4i - Aritco\",\"isPartOf\":{\"@id\":\"https:\/\/www.aritco.com\/vi\/#website\"},\"primaryImageOfPage\":{\"@id\":\"https:\/\/www.aritco.com\/vi\/trien-lam-va-su-kien\/design-london-2022\/#primaryimage\"},\"image\":{\"@id\":\"https:\/\/www.aritco.com\/vi\/trien-lam-va-su-kien\/design-london-2022\/#primaryimage\"},\"thumbnailUrl\":\"https:\/\/www.aritco.com\/wp-content\/uploads\/2021\/08\/Magazine_3.png\",\"datePublished\":\"2021-08-07T13:46:21+00:00\",\"dateModified\":\"2022-05-17T08:06:31+00:00\",\"description\":\"Tr\u1ea3i nghi\u1ec7m thang m\u00e1y cao c\u1ea5p Aritco d\u00e0nh cho gia \u0111\u00ecnh v\u00e0 kh\u00f4ng gian c\u00f4ng c\u1ed9ng t\u1ea1i Design London 2021. C\u00e1c gi\u1ea3i ph\u00e1p s\u00e1ng t\u1ea1o v\u00e0 thi\u1ebft k\u1ebf Scandinavian.\",\"breadcrumb\":{\"@id\":\"https:\/\/www.aritco.com\/vi\/trien-lam-va-su-kien\/design-london-2022\/#breadcrumb\"},\"inLanguage\":\"vi-VN\",\"potentialAction\":[{\"@type\":\"ReadAction\",\"target\":[\"https:\/\/www.aritco.com\/vi\/trien-lam-va-su-kien\/design-london-2022\/\"]}]},{\"@type\":\"ImageObject\",\"inLanguage\":\"vi-VN\",\"@id\":\"https:\/\/www.aritco.com\/vi\/trien-lam-va-su-kien\/design-london-2022\/#primaryimage\",\"url\":\"https:\/\/www.aritco.com\/wp-content\/uploads\/2021\/08\/Magazine_3.png\",\"contentUrl\":\"https:\/\/www.aritco.com\/wp-content\/uploads\/2021\/08\/Magazine_3.png\",\"width\":1000,\"height\":667,\"caption\":\"Interior of the exhibition center The Magazine, London\"},{\"@type\":\"BreadcrumbList\",\"@id\":\"https:\/\/www.aritco.com\/vi\/trien-lam-va-su-kien\/design-london-2022\/#breadcrumb\",\"itemListElement\":[{\"@type\":\"ListItem\",\"position\":1,\"name\":\"Tri\u1ec3n l\u00e3m v\u00e0 s\u1ef1 ki\u1ec7n\",\"item\":\"https:\/\/www.aritco.com\/vi\/trien-lam-va-su-kien\/\"},{\"@type\":\"ListItem\",\"position\":2,\"name\":\"Design London 2022\"}]},{\"@type\":\"WebSite\",\"@id\":\"https:\/\/www.aritco.com\/vi\/#website\",\"url\":\"https:\/\/www.aritco.com\/vi\/\",\"name\":\"Aritco\",\"description\":\"Award-winning lifts for homes and public and commercial use\",\"publisher\":{\"@id\":\"https:\/\/www.aritco.com\/vi\/#organization\"},\"potentialAction\":[{\"@type\":\"SearchAction\",\"target\":{\"@type\":\"EntryPoint\",\"urlTemplate\":\"https:\/\/www.aritco.com\/vi\/?s={search_term_string}\"},\"query-input\":{\"@type\":\"PropertyValueSpecification\",\"valueRequired\":true,\"valueName\":\"search_term_string\"}}],\"inLanguage\":\"vi-VN\"},{\"@type\":\"Organization\",\"@id\":\"https:\/\/www.aritco.com\/vi\/#organization\",\"name\":\"Aritco\",\"url\":\"https:\/\/www.aritco.com\/vi\/\",\"logo\":{\"@type\":\"ImageObject\",\"inLanguage\":\"vi-VN\",\"@id\":\"https:\/\/www.aritco.com\/vi\/#\/schema\/logo\/image\/\",\"url\":\"https:\/\/www.aritco.com\/wp-content\/uploads\/2019\/05\/vertical-3.svg\",\"contentUrl\":\"https:\/\/www.aritco.com\/wp-content\/uploads\/2019\/05\/vertical-3.svg\",\"width\":1,\"height\":1,\"caption\":\"Aritco\"},\"image\":{\"@id\":\"https:\/\/www.aritco.com\/vi\/#\/schema\/logo\/image\/\"},\"publishingPrinciples\":\"https:\/\/www.aritco.com\/about-aritco\/\"}]}<\/script>\n<!-- \/ Yoast SEO Premium plugin. -->","yoast_head_json":{"title":"Design London 2022 - Kh\u00e1m ph\u00e1 thang m\u00e1y cao c\u1ea5p c\u1ee7a ch\u00fang t\u00f4i - Aritco","description":"Tr\u1ea3i nghi\u1ec7m thang m\u00e1y cao c\u1ea5p Aritco d\u00e0nh cho gia \u0111\u00ecnh v\u00e0 kh\u00f4ng gian c\u00f4ng c\u1ed9ng t\u1ea1i Design London 2021. C\u00e1c gi\u1ea3i ph\u00e1p s\u00e1ng t\u1ea1o v\u00e0 thi\u1ebft k\u1ebf Scandinavian.","robots":{"index":"index","follow":"follow","max-snippet":"max-snippet:-1","max-image-preview":"max-image-preview:large","max-video-preview":"max-video-preview:-1"},"canonical":"https:\/\/www.aritco.com\/vi\/trien-lam-va-su-kien\/design-london-2022\/","og_locale":"vi_VN","og_type":"article","og_title":"Design London 2022","og_description":"Tr\u1ea3i nghi\u1ec7m thang m\u00e1y cao c\u1ea5p Aritco d\u00e0nh cho gia \u0111\u00ecnh v\u00e0 kh\u00f4ng gian c\u00f4ng c\u1ed9ng t\u1ea1i Design London 2021. C\u00e1c gi\u1ea3i ph\u00e1p s\u00e1ng t\u1ea1o v\u00e0 thi\u1ebft k\u1ebf Scandinavian.","og_url":"https:\/\/www.aritco.com\/vi\/trien-lam-va-su-kien\/design-london-2022\/","og_site_name":"Aritco","article_modified_time":"2022-05-17T08:06:31+00:00","og_image":[{"width":1000,"height":667,"url":"https:\/\/www.aritco.com\/wp-content\/uploads\/2021\/08\/Magazine_3.png","type":"image\/png"}],"twitter_card":"summary_large_image","schema":{"@context":"https:\/\/schema.org","@graph":[{"@type":"WebPage","@id":"https:\/\/www.aritco.com\/vi\/trien-lam-va-su-kien\/design-london-2022\/","url":"https:\/\/www.aritco.com\/vi\/trien-lam-va-su-kien\/design-london-2022\/","name":"Design London 2022 - Kh\u00e1m ph\u00e1 thang m\u00e1y cao c\u1ea5p c\u1ee7a ch\u00fang t\u00f4i - Aritco","isPartOf":{"@id":"https:\/\/www.aritco.com\/vi\/#website"},"primaryImageOfPage":{"@id":"https:\/\/www.aritco.com\/vi\/trien-lam-va-su-kien\/design-london-2022\/#primaryimage"},"image":{"@id":"https:\/\/www.aritco.com\/vi\/trien-lam-va-su-kien\/design-london-2022\/#primaryimage"},"thumbnailUrl":"https:\/\/www.aritco.com\/wp-content\/uploads\/2021\/08\/Magazine_3.png","datePublished":"2021-08-07T13:46:21+00:00","dateModified":"2022-05-17T08:06:31+00:00","description":"Tr\u1ea3i nghi\u1ec7m thang m\u00e1y cao c\u1ea5p Aritco d\u00e0nh cho gia \u0111\u00ecnh v\u00e0 kh\u00f4ng gian c\u00f4ng c\u1ed9ng t\u1ea1i Design London 2021. C\u00e1c gi\u1ea3i ph\u00e1p s\u00e1ng t\u1ea1o v\u00e0 thi\u1ebft k\u1ebf Scandinavian.","breadcrumb":{"@id":"https:\/\/www.aritco.com\/vi\/trien-lam-va-su-kien\/design-london-2022\/#breadcrumb"},"inLanguage":"vi-VN","potentialAction":[{"@type":"ReadAction","target":["https:\/\/www.aritco.com\/vi\/trien-lam-va-su-kien\/design-london-2022\/"]}]},{"@type":"ImageObject","inLanguage":"vi-VN","@id":"https:\/\/www.aritco.com\/vi\/trien-lam-va-su-kien\/design-london-2022\/#primaryimage","url":"https:\/\/www.aritco.com\/wp-content\/uploads\/2021\/08\/Magazine_3.png","contentUrl":"https:\/\/www.aritco.com\/wp-content\/uploads\/2021\/08\/Magazine_3.png","width":1000,"height":667,"caption":"Interior of the exhibition center The Magazine, London"},{"@type":"BreadcrumbList","@id":"https:\/\/www.aritco.com\/vi\/trien-lam-va-su-kien\/design-london-2022\/#breadcrumb","itemListElement":[{"@type":"ListItem","position":1,"name":"Tri\u1ec3n l\u00e3m v\u00e0 s\u1ef1 ki\u1ec7n","item":"https:\/\/www.aritco.com\/vi\/trien-lam-va-su-kien\/"},{"@type":"ListItem","position":2,"name":"Design London 2022"}]},{"@type":"WebSite","@id":"https:\/\/www.aritco.com\/vi\/#website","url":"https:\/\/www.aritco.com\/vi\/","name":"Aritco","description":"Award-winning lifts for homes and public and commercial use","publisher":{"@id":"https:\/\/www.aritco.com\/vi\/#organization"},"potentialAction":[{"@type":"SearchAction","target":{"@type":"EntryPoint","urlTemplate":"https:\/\/www.aritco.com\/vi\/?s={search_term_string}"},"query-input":{"@type":"PropertyValueSpecification","valueRequired":true,"valueName":"search_term_string"}}],"inLanguage":"vi-VN"},{"@type":"Organization","@id":"https:\/\/www.aritco.com\/vi\/#organization","name":"Aritco","url":"https:\/\/www.aritco.com\/vi\/","logo":{"@type":"ImageObject","inLanguage":"vi-VN","@id":"https:\/\/www.aritco.com\/vi\/#\/schema\/logo\/image\/","url":"https:\/\/www.aritco.com\/wp-content\/uploads\/2019\/05\/vertical-3.svg","contentUrl":"https:\/\/www.aritco.com\/wp-content\/uploads\/2019\/05\/vertical-3.svg","width":1,"height":1,"caption":"Aritco"},"image":{"@id":"https:\/\/www.aritco.com\/vi\/#\/schema\/logo\/image\/"},"publishingPrinciples":"https:\/\/www.aritco.com\/about-aritco\/"}]}},"_links":{"self":[{"href":"https:\/\/www.aritco.com\/vi\/wp-json\/wp\/v2\/pages\/26483","targetHints":{"allow":["GET"]}}],"collection":[{"href":"https:\/\/www.aritco.com\/vi\/wp-json\/wp\/v2\/pages"}],"about":[{"href":"https:\/\/www.aritco.com\/vi\/wp-json\/wp\/v2\/types\/page"}],"author":[{"embeddable":true,"href":"https:\/\/www.aritco.com\/vi\/wp-json\/wp\/v2\/users\/10"}],"replies":[{"embeddable":true,"href":"https:\/\/www.aritco.com\/vi\/wp-json\/wp\/v2\/comments?post=26483"}],"version-history":[{"count":0,"href":"https:\/\/www.aritco.com\/vi\/wp-json\/wp\/v2\/pages\/26483\/revisions"}],"up":[{"embeddable":true,"href":"https:\/\/www.aritco.com\/vi\/wp-json\/wp\/v2\/pages\/10936"}],"wp:featuredmedia":[{"embeddable":true,"href":"https:\/\/www.aritco.com\/vi\/wp-json\/wp\/v2\/media\/16112"}],"wp:attachment":[{"href":"https:\/\/www.aritco.com\/vi\/wp-json\/wp\/v2\/media?parent=26483"}],"curies":[{"name":"wp","href":"https:\/\/api.w.org\/{rel}","templated":true}]}}