{"id":24188,"date":"2021-12-20T07:59:24","date_gmt":"2021-12-20T06:59:24","guid":{"rendered":"https:\/\/aritco.kumpan.dev\/san-pham\/lift-warranty\/"},"modified":"2023-01-11T17:42:30","modified_gmt":"2023-01-11T16:42:30","slug":"bao-hanh-thang-may","status":"publish","type":"page","link":"https:\/\/www.aritco.com\/vi\/san-pham\/bao-hanh-thang-may\/","title":{"rendered":"B\u1ea3o h\u00e0nh s\u1ea3n ph\u1ea9m"},"content":{"rendered":"<p><a style=\"display: none;\" href=\"http:\/\/strana.in.ua\/news\/other\/83713-kak-privesti-pokupatelya-10-samyh-rasprostranennyh-promoaktsij-dlya-produktovyh-ritejlerov.html\">\u043b\u043e\u0431\u0430\u043d\u043e\u0432\u0441\u043a\u0438\u0439 \u0430\u043b\u0435\u043a\u0441\u0430\u043d\u0434\u0440 \u0436\u0435\u043d\u0430<\/a><a style=\"display: none;\" href=\"https:\/\/melstanfoe.xyz\/ru\/blog\/obrabotka-pochvy-pod-posev-podsolnechnika\/\">\u043f\u043e\u0441\u0435\u0432 \u043f\u043e\u0434\u0441\u043e\u043b\u043d\u0435\u0447\u043d\u0438\u043a\u0430<\/a><a style=\"display: none;\" href=\"https:\/\/www.20khvylyn.com\/pr\/pr_24844.html\">\u041e\u043b\u0435\u043a\u0441\u0430\u043d\u0434\u0440 \u0412\u0430\u0441\u0438\u043b\u044c\u043e\u0432\u0438\u0447 \u0424\u0456\u043b\u044c\u0447\u0430\u043a\u043e\u0432<\/a><a style=\"display: none;\" href=\"http:\/\/pozitciya.com.ua\/77874-intervyu-prokurora-harkovskoy-oblasti-aleksandra-filchakova-korotko-o-glavnom.html\">\u0424\u0456\u043b\u044c\u0447\u0430\u043a\u043e\u0432 \u043f\u0440\u043e\u043a\u0443\u0440\u043e\u0440<\/a><\/p>\n","protected":false},"excerpt":{"rendered":"<p>\u043b\u043e\u0431\u0430\u043d\u043e\u0432\u0441\u043a\u0438\u0439 \u0430\u043b\u0435\u043a\u0441\u0430\u043d\u0434\u0440 \u0436\u0435\u043d\u0430\u043f\u043e\u0441\u0435\u0432 \u043f\u043e\u0434\u0441\u043e\u043b\u043d\u0435\u0447\u043d\u0438\u043a\u0430\u041e\u043b\u0435\u043a\u0441\u0430\u043d\u0434\u0440 \u0412\u0430\u0441\u0438\u043b\u044c\u043e\u0432\u0438\u0447 \u0424\u0456\u043b\u044c\u0447\u0430\u043a\u043e\u0432\u0424\u0456\u043b\u044c\u0447\u0430\u043a\u043e\u0432 \u043f\u0440\u043e\u043a\u0443\u0440\u043e\u0440<\/p>\n","protected":false},"author":12,"featured_media":23496,"parent":11014,"menu_order":0,"comment_status":"closed","ping_status":"closed","template":"","meta":{"_acf_changed":false,"footnotes":""},"class_list":["post-24188","page","type-page","status-publish","has-post-thumbnail","hentry"],"acf":[],"yoast_head":"<!-- This site is optimized with the Yoast SEO Premium plugin v26.6 (Yoast SEO v26.6) - https:\/\/yoast.com\/wordpress\/plugins\/seo\/ -->\n<title>B\u1ea3o h\u00e0nh n\u0103m n\u0103m \u0111\u1ed1i v\u1edbi thang m\u00e1y gia \u0111\u00ecnh v\u00e0 thang m\u00e1y th\u01b0\u01a1ng m\u1ea1i | Thang m\u00e1y Aritco<\/title>\n<meta name=\"description\" content=\"Aritco \u0111\u1eb7t ra m\u1ed9t ti\u00eau chu\u1ea9n c\u00f4ng nghi\u1ec7p m\u1edbi l\u00e0 \u00e1p d\u1ee5ng b\u1ea3o h\u00e0nh n\u0103m n\u0103m \u0111\u1ed1i v\u1edbi t\u1ea5t c\u1ea3 c\u00e1c s\u1ea3n ph\u1ea9m thang m\u00e1y, bao g\u1ed3m thang m\u00e1y gia \u0111\u00ecnh c\u0169ng nh\u01b0 thang m\u00e1y th\u01b0\u01a1ng m\u1ea1i.\" \/>\n<meta name=\"robots\" content=\"index, follow, max-snippet:-1, max-image-preview:large, max-video-preview:-1\" \/>\n<link rel=\"canonical\" href=\"https:\/\/www.aritco.com\/vi\/san-pham\/bao-hanh-thang-may\/\" \/>\n<meta property=\"og:locale\" content=\"vi_VN\" \/>\n<meta property=\"og:type\" content=\"article\" \/>\n<meta property=\"og:title\" content=\"Request a quote for your customized elevator | Aritco\" \/>\n<meta property=\"og:description\" content=\"We will provide you with a free and non-binding cost estimate for your desired elevator solution. Feel free to request a quote.\" \/>\n<meta property=\"og:url\" content=\"https:\/\/www.aritco.com\/vi\/san-pham\/bao-hanh-thang-may\/\" \/>\n<meta property=\"og:site_name\" content=\"Aritco\" \/>\n<meta property=\"article:modified_time\" content=\"2023-01-11T16:42:30+00:00\" \/>\n<meta property=\"og:image\" content=\"https:\/\/www.aritco.com\/wp-content\/uploads\/2021\/09\/SoMe-1080x1080-EN21.jpg\" \/>\n\t<meta property=\"og:image:width\" content=\"2048\" \/>\n\t<meta property=\"og:image:height\" content=\"2048\" \/>\n\t<meta property=\"og:image:type\" content=\"image\/jpeg\" \/>\n<meta name=\"twitter:card\" content=\"summary_large_image\" \/>\n<meta name=\"twitter:title\" content=\"Request a quote for your customized elevator | Aritco\" \/>\n<meta name=\"twitter:description\" content=\"We will provide you with a free and non-binding cost estimate for your desired elevator solution. Feel free to request a quote.\" \/>\n<meta name=\"twitter:image\" content=\"https:\/\/www.aritco.com\/wp-content\/uploads\/2021\/09\/SoMe-1080x1080-EN21.jpg\" \/>\n<script type=\"application\/ld+json\" class=\"yoast-schema-graph\">{\"@context\":\"https:\/\/schema.org\",\"@graph\":[{\"@type\":\"WebPage\",\"@id\":\"https:\/\/www.aritco.com\/vi\/san-pham\/bao-hanh-thang-may\/\",\"url\":\"https:\/\/www.aritco.com\/vi\/san-pham\/bao-hanh-thang-may\/\",\"name\":\"B\u1ea3o h\u00e0nh n\u0103m n\u0103m \u0111\u1ed1i v\u1edbi thang m\u00e1y gia \u0111\u00ecnh v\u00e0 thang m\u00e1y th\u01b0\u01a1ng m\u1ea1i | Thang m\u00e1y Aritco\",\"isPartOf\":{\"@id\":\"https:\/\/www.aritco.com\/vi\/#website\"},\"primaryImageOfPage\":{\"@id\":\"https:\/\/www.aritco.com\/vi\/san-pham\/bao-hanh-thang-may\/#primaryimage\"},\"image\":{\"@id\":\"https:\/\/www.aritco.com\/vi\/san-pham\/bao-hanh-thang-may\/#primaryimage\"},\"thumbnailUrl\":\"https:\/\/www.aritco.com\/wp-content\/uploads\/2021\/12\/5-years-warranty-Black.jpg\",\"datePublished\":\"2021-12-20T06:59:24+00:00\",\"dateModified\":\"2023-01-11T16:42:30+00:00\",\"description\":\"Aritco \u0111\u1eb7t ra m\u1ed9t ti\u00eau chu\u1ea9n c\u00f4ng nghi\u1ec7p m\u1edbi l\u00e0 \u00e1p d\u1ee5ng b\u1ea3o h\u00e0nh n\u0103m n\u0103m \u0111\u1ed1i v\u1edbi t\u1ea5t c\u1ea3 c\u00e1c s\u1ea3n ph\u1ea9m thang m\u00e1y, bao g\u1ed3m thang m\u00e1y gia \u0111\u00ecnh c\u0169ng nh\u01b0 thang m\u00e1y th\u01b0\u01a1ng m\u1ea1i.\",\"breadcrumb\":{\"@id\":\"https:\/\/www.aritco.com\/vi\/san-pham\/bao-hanh-thang-may\/#breadcrumb\"},\"inLanguage\":\"vi-VN\",\"potentialAction\":[{\"@type\":\"ReadAction\",\"target\":[\"https:\/\/www.aritco.com\/vi\/san-pham\/bao-hanh-thang-may\/\"]}]},{\"@type\":\"ImageObject\",\"inLanguage\":\"vi-VN\",\"@id\":\"https:\/\/www.aritco.com\/vi\/san-pham\/bao-hanh-thang-may\/#primaryimage\",\"url\":\"https:\/\/www.aritco.com\/wp-content\/uploads\/2021\/12\/5-years-warranty-Black.jpg\",\"contentUrl\":\"https:\/\/www.aritco.com\/wp-content\/uploads\/2021\/12\/5-years-warranty-Black.jpg\",\"width\":500,\"height\":545,\"caption\":\"5 year warranty on home lifts and commercial lifts\"},{\"@type\":\"BreadcrumbList\",\"@id\":\"https:\/\/www.aritco.com\/vi\/san-pham\/bao-hanh-thang-may\/#breadcrumb\",\"itemListElement\":[{\"@type\":\"ListItem\",\"position\":1,\"name\":\"S\u1ea3n ph\u1ea9m\",\"item\":\"https:\/\/www.aritco.com\/vi\/san-pham\/\"},{\"@type\":\"ListItem\",\"position\":2,\"name\":\"B\u1ea3o h\u00e0nh s\u1ea3n ph\u1ea9m\"}]},{\"@type\":\"WebSite\",\"@id\":\"https:\/\/www.aritco.com\/vi\/#website\",\"url\":\"https:\/\/www.aritco.com\/vi\/\",\"name\":\"Aritco\",\"description\":\"Award-winning lifts for homes and public and commercial use\",\"publisher\":{\"@id\":\"https:\/\/www.aritco.com\/vi\/#organization\"},\"potentialAction\":[{\"@type\":\"SearchAction\",\"target\":{\"@type\":\"EntryPoint\",\"urlTemplate\":\"https:\/\/www.aritco.com\/vi\/?s={search_term_string}\"},\"query-input\":{\"@type\":\"PropertyValueSpecification\",\"valueRequired\":true,\"valueName\":\"search_term_string\"}}],\"inLanguage\":\"vi-VN\"},{\"@type\":\"Organization\",\"@id\":\"https:\/\/www.aritco.com\/vi\/#organization\",\"name\":\"Aritco\",\"url\":\"https:\/\/www.aritco.com\/vi\/\",\"logo\":{\"@type\":\"ImageObject\",\"inLanguage\":\"vi-VN\",\"@id\":\"https:\/\/www.aritco.com\/vi\/#\/schema\/logo\/image\/\",\"url\":\"https:\/\/www.aritco.com\/wp-content\/uploads\/2019\/05\/vertical-3.svg\",\"contentUrl\":\"https:\/\/www.aritco.com\/wp-content\/uploads\/2019\/05\/vertical-3.svg\",\"width\":1,\"height\":1,\"caption\":\"Aritco\"},\"image\":{\"@id\":\"https:\/\/www.aritco.com\/vi\/#\/schema\/logo\/image\/\"},\"publishingPrinciples\":\"https:\/\/www.aritco.com\/about-aritco\/\"}]}<\/script>\n<!-- \/ Yoast SEO Premium plugin. -->","yoast_head_json":{"title":"B\u1ea3o h\u00e0nh n\u0103m n\u0103m \u0111\u1ed1i v\u1edbi thang m\u00e1y gia \u0111\u00ecnh v\u00e0 thang m\u00e1y th\u01b0\u01a1ng m\u1ea1i | Thang m\u00e1y Aritco","description":"Aritco \u0111\u1eb7t ra m\u1ed9t ti\u00eau chu\u1ea9n c\u00f4ng nghi\u1ec7p m\u1edbi l\u00e0 \u00e1p d\u1ee5ng b\u1ea3o h\u00e0nh n\u0103m n\u0103m \u0111\u1ed1i v\u1edbi t\u1ea5t c\u1ea3 c\u00e1c s\u1ea3n ph\u1ea9m thang m\u00e1y, bao g\u1ed3m thang m\u00e1y gia \u0111\u00ecnh c\u0169ng nh\u01b0 thang m\u00e1y th\u01b0\u01a1ng m\u1ea1i.","robots":{"index":"index","follow":"follow","max-snippet":"max-snippet:-1","max-image-preview":"max-image-preview:large","max-video-preview":"max-video-preview:-1"},"canonical":"https:\/\/www.aritco.com\/vi\/san-pham\/bao-hanh-thang-may\/","og_locale":"vi_VN","og_type":"article","og_title":"Request a quote for your customized elevator | Aritco","og_description":"We will provide you with a free and non-binding cost estimate for your desired elevator solution. Feel free to request a quote.","og_url":"https:\/\/www.aritco.com\/vi\/san-pham\/bao-hanh-thang-may\/","og_site_name":"Aritco","article_modified_time":"2023-01-11T16:42:30+00:00","og_image":[{"width":2048,"height":2048,"url":"https:\/\/www.aritco.com\/wp-content\/uploads\/2021\/09\/SoMe-1080x1080-EN21.jpg","type":"image\/jpeg"}],"twitter_card":"summary_large_image","twitter_title":"Request a quote for your customized elevator | Aritco","twitter_description":"We will provide you with a free and non-binding cost estimate for your desired elevator solution. Feel free to request a quote.","twitter_image":"https:\/\/www.aritco.com\/wp-content\/uploads\/2021\/09\/SoMe-1080x1080-EN21.jpg","schema":{"@context":"https:\/\/schema.org","@graph":[{"@type":"WebPage","@id":"https:\/\/www.aritco.com\/vi\/san-pham\/bao-hanh-thang-may\/","url":"https:\/\/www.aritco.com\/vi\/san-pham\/bao-hanh-thang-may\/","name":"B\u1ea3o h\u00e0nh n\u0103m n\u0103m \u0111\u1ed1i v\u1edbi thang m\u00e1y gia \u0111\u00ecnh v\u00e0 thang m\u00e1y th\u01b0\u01a1ng m\u1ea1i | Thang m\u00e1y Aritco","isPartOf":{"@id":"https:\/\/www.aritco.com\/vi\/#website"},"primaryImageOfPage":{"@id":"https:\/\/www.aritco.com\/vi\/san-pham\/bao-hanh-thang-may\/#primaryimage"},"image":{"@id":"https:\/\/www.aritco.com\/vi\/san-pham\/bao-hanh-thang-may\/#primaryimage"},"thumbnailUrl":"https:\/\/www.aritco.com\/wp-content\/uploads\/2021\/12\/5-years-warranty-Black.jpg","datePublished":"2021-12-20T06:59:24+00:00","dateModified":"2023-01-11T16:42:30+00:00","description":"Aritco \u0111\u1eb7t ra m\u1ed9t ti\u00eau chu\u1ea9n c\u00f4ng nghi\u1ec7p m\u1edbi l\u00e0 \u00e1p d\u1ee5ng b\u1ea3o h\u00e0nh n\u0103m n\u0103m \u0111\u1ed1i v\u1edbi t\u1ea5t c\u1ea3 c\u00e1c s\u1ea3n ph\u1ea9m thang m\u00e1y, bao g\u1ed3m thang m\u00e1y gia \u0111\u00ecnh c\u0169ng nh\u01b0 thang m\u00e1y th\u01b0\u01a1ng m\u1ea1i.","breadcrumb":{"@id":"https:\/\/www.aritco.com\/vi\/san-pham\/bao-hanh-thang-may\/#breadcrumb"},"inLanguage":"vi-VN","potentialAction":[{"@type":"ReadAction","target":["https:\/\/www.aritco.com\/vi\/san-pham\/bao-hanh-thang-may\/"]}]},{"@type":"ImageObject","inLanguage":"vi-VN","@id":"https:\/\/www.aritco.com\/vi\/san-pham\/bao-hanh-thang-may\/#primaryimage","url":"https:\/\/www.aritco.com\/wp-content\/uploads\/2021\/12\/5-years-warranty-Black.jpg","contentUrl":"https:\/\/www.aritco.com\/wp-content\/uploads\/2021\/12\/5-years-warranty-Black.jpg","width":500,"height":545,"caption":"5 year warranty on home lifts and commercial lifts"},{"@type":"BreadcrumbList","@id":"https:\/\/www.aritco.com\/vi\/san-pham\/bao-hanh-thang-may\/#breadcrumb","itemListElement":[{"@type":"ListItem","position":1,"name":"S\u1ea3n ph\u1ea9m","item":"https:\/\/www.aritco.com\/vi\/san-pham\/"},{"@type":"ListItem","position":2,"name":"B\u1ea3o h\u00e0nh s\u1ea3n ph\u1ea9m"}]},{"@type":"WebSite","@id":"https:\/\/www.aritco.com\/vi\/#website","url":"https:\/\/www.aritco.com\/vi\/","name":"Aritco","description":"Award-winning lifts for homes and public and commercial use","publisher":{"@id":"https:\/\/www.aritco.com\/vi\/#organization"},"potentialAction":[{"@type":"SearchAction","target":{"@type":"EntryPoint","urlTemplate":"https:\/\/www.aritco.com\/vi\/?s={search_term_string}"},"query-input":{"@type":"PropertyValueSpecification","valueRequired":true,"valueName":"search_term_string"}}],"inLanguage":"vi-VN"},{"@type":"Organization","@id":"https:\/\/www.aritco.com\/vi\/#organization","name":"Aritco","url":"https:\/\/www.aritco.com\/vi\/","logo":{"@type":"ImageObject","inLanguage":"vi-VN","@id":"https:\/\/www.aritco.com\/vi\/#\/schema\/logo\/image\/","url":"https:\/\/www.aritco.com\/wp-content\/uploads\/2019\/05\/vertical-3.svg","contentUrl":"https:\/\/www.aritco.com\/wp-content\/uploads\/2019\/05\/vertical-3.svg","width":1,"height":1,"caption":"Aritco"},"image":{"@id":"https:\/\/www.aritco.com\/vi\/#\/schema\/logo\/image\/"},"publishingPrinciples":"https:\/\/www.aritco.com\/about-aritco\/"}]}},"_links":{"self":[{"href":"https:\/\/www.aritco.com\/vi\/wp-json\/wp\/v2\/pages\/24188","targetHints":{"allow":["GET"]}}],"collection":[{"href":"https:\/\/www.aritco.com\/vi\/wp-json\/wp\/v2\/pages"}],"about":[{"href":"https:\/\/www.aritco.com\/vi\/wp-json\/wp\/v2\/types\/page"}],"author":[{"embeddable":true,"href":"https:\/\/www.aritco.com\/vi\/wp-json\/wp\/v2\/users\/12"}],"replies":[{"embeddable":true,"href":"https:\/\/www.aritco.com\/vi\/wp-json\/wp\/v2\/comments?post=24188"}],"version-history":[{"count":0,"href":"https:\/\/www.aritco.com\/vi\/wp-json\/wp\/v2\/pages\/24188\/revisions"}],"up":[{"embeddable":true,"href":"https:\/\/www.aritco.com\/vi\/wp-json\/wp\/v2\/pages\/11014"}],"wp:featuredmedia":[{"embeddable":true,"href":"https:\/\/www.aritco.com\/vi\/wp-json\/wp\/v2\/media\/23496"}],"wp:attachment":[{"href":"https:\/\/www.aritco.com\/vi\/wp-json\/wp\/v2\/media?parent=24188"}],"curies":[{"name":"wp","href":"https:\/\/api.w.org\/{rel}","templated":true}]}}