{"id":22758,"date":"2021-05-21T13:55:24","date_gmt":"2021-05-21T11:55:24","guid":{"rendered":"https:\/\/aritco.kumpan.dev\/get-in-touch-with-us\/"},"modified":"2025-12-03T09:22:50","modified_gmt":"2025-12-03T08:22:50","slug":"lien-he-voi-chung-toi","status":"publish","type":"page","link":"https:\/\/www.aritco.com\/vi\/lien-he-voi-chung-toi\/","title":{"rendered":"Li\u00ean h\u1ec7 v\u1edbi ch\u00fang t\u00f4i"},"content":{"rendered":"","protected":false},"excerpt":{"rendered":"","protected":false},"author":12,"featured_media":0,"parent":0,"menu_order":0,"comment_status":"closed","ping_status":"closed","template":"","meta":{"_acf_changed":false,"footnotes":""},"class_list":["post-22758","page","type-page","status-publish","hentry"],"acf":[],"yoast_head":"<!-- This site is optimized with the Yoast SEO Premium plugin v26.6 (Yoast SEO v26.6) - https:\/\/yoast.com\/wordpress\/plugins\/seo\/ -->\n<title>LI\u00caN H\u1ec6 | Aritco<\/title>\n<meta name=\"description\" content=\"\u0110\u1ec3 nh\u1eadn b\u00e1o gi\u00e1 t\u1eeb ch\u00fang t\u00f4i, h\u00e3y nh\u1eadp th\u00f4ng tin chi ti\u1ebft c\u1ee7a b\u1ea1n v\u00e0o b\u00ean d\u01b0\u1edbi \u2013 100% mi\u1ec5n ph\u00ed v\u00e0 kh\u00f4ng r\u00e0ng bu\u1ed9c!\" \/>\n<meta name=\"robots\" content=\"index, follow, max-snippet:-1, max-image-preview:large, max-video-preview:-1\" \/>\n<link rel=\"canonical\" href=\"https:\/\/www.aritco.com\/vi\/lien-he-voi-chung-toi\/\" \/>\n<meta property=\"og:locale\" content=\"vi_VN\" \/>\n<meta property=\"og:type\" content=\"article\" \/>\n<meta property=\"og:title\" content=\"Get in touch with us about buying a elevator | Aritco\" \/>\n<meta property=\"og:description\" content=\"Reach out if you have questions for us or need assistance regarding your elevator. The Aritco team will repsond swiftly to your queries!\" \/>\n<meta property=\"og:url\" content=\"https:\/\/www.aritco.com\/vi\/lien-he-voi-chung-toi\/\" \/>\n<meta property=\"og:site_name\" content=\"Aritco\" \/>\n<meta property=\"article:modified_time\" content=\"2025-12-03T08:22:50+00:00\" \/>\n<meta property=\"og:image\" content=\"https:\/\/www.aritco.com\/wp-content\/uploads\/2019\/06\/Schakt.jpg\" \/>\n\t<meta property=\"og:image:width\" content=\"1985\" \/>\n\t<meta property=\"og:image:height\" content=\"1488\" \/>\n\t<meta property=\"og:image:type\" content=\"image\/jpeg\" \/>\n<meta name=\"twitter:card\" content=\"summary_large_image\" \/>\n<meta name=\"twitter:title\" content=\"Get in touch with us about buying a elevator | Aritco\" \/>\n<meta name=\"twitter:description\" content=\"Reach out if you have questions for us or need assistance regarding your elevator. The Aritco team will repsond swiftly to your queries!\" \/>\n<meta name=\"twitter:image\" content=\"https:\/\/www.aritco.com\/wp-content\/uploads\/2019\/06\/Schakt.jpg\" \/>\n<script type=\"application\/ld+json\" class=\"yoast-schema-graph\">{\"@context\":\"https:\/\/schema.org\",\"@graph\":[{\"@type\":\"WebPage\",\"@id\":\"https:\/\/www.aritco.com\/vi\/lien-he-voi-chung-toi\/\",\"url\":\"https:\/\/www.aritco.com\/vi\/lien-he-voi-chung-toi\/\",\"name\":\"LI\u00caN H\u1ec6 | Aritco\",\"isPartOf\":{\"@id\":\"https:\/\/www.aritco.com\/vi\/#website\"},\"datePublished\":\"2021-05-21T11:55:24+00:00\",\"dateModified\":\"2025-12-03T08:22:50+00:00\",\"description\":\"\u0110\u1ec3 nh\u1eadn b\u00e1o gi\u00e1 t\u1eeb ch\u00fang t\u00f4i, h\u00e3y nh\u1eadp th\u00f4ng tin chi ti\u1ebft c\u1ee7a b\u1ea1n v\u00e0o b\u00ean d\u01b0\u1edbi \u2013 100% mi\u1ec5n ph\u00ed v\u00e0 kh\u00f4ng r\u00e0ng bu\u1ed9c!\",\"inLanguage\":\"vi-VN\",\"potentialAction\":[{\"@type\":\"ReadAction\",\"target\":[\"https:\/\/www.aritco.com\/vi\/lien-he-voi-chung-toi\/\"]}]},{\"@type\":\"WebSite\",\"@id\":\"https:\/\/www.aritco.com\/vi\/#website\",\"url\":\"https:\/\/www.aritco.com\/vi\/\",\"name\":\"Aritco\",\"description\":\"Award-winning lifts for homes and public and commercial use\",\"publisher\":{\"@id\":\"https:\/\/www.aritco.com\/vi\/#organization\"},\"potentialAction\":[{\"@type\":\"SearchAction\",\"target\":{\"@type\":\"EntryPoint\",\"urlTemplate\":\"https:\/\/www.aritco.com\/vi\/?s={search_term_string}\"},\"query-input\":{\"@type\":\"PropertyValueSpecification\",\"valueRequired\":true,\"valueName\":\"search_term_string\"}}],\"inLanguage\":\"vi-VN\"},{\"@type\":\"Organization\",\"@id\":\"https:\/\/www.aritco.com\/vi\/#organization\",\"name\":\"Aritco\",\"url\":\"https:\/\/www.aritco.com\/vi\/\",\"logo\":{\"@type\":\"ImageObject\",\"inLanguage\":\"vi-VN\",\"@id\":\"https:\/\/www.aritco.com\/vi\/#\/schema\/logo\/image\/\",\"url\":\"https:\/\/www.aritco.com\/wp-content\/uploads\/2019\/05\/vertical-3.svg\",\"contentUrl\":\"https:\/\/www.aritco.com\/wp-content\/uploads\/2019\/05\/vertical-3.svg\",\"width\":1,\"height\":1,\"caption\":\"Aritco\"},\"image\":{\"@id\":\"https:\/\/www.aritco.com\/vi\/#\/schema\/logo\/image\/\"},\"publishingPrinciples\":\"https:\/\/www.aritco.com\/about-aritco\/\"}]}<\/script>\n<!-- \/ Yoast SEO Premium plugin. -->","yoast_head_json":{"title":"LI\u00caN H\u1ec6 | Aritco","description":"\u0110\u1ec3 nh\u1eadn b\u00e1o gi\u00e1 t\u1eeb ch\u00fang t\u00f4i, h\u00e3y nh\u1eadp th\u00f4ng tin chi ti\u1ebft c\u1ee7a b\u1ea1n v\u00e0o b\u00ean d\u01b0\u1edbi \u2013 100% mi\u1ec5n ph\u00ed v\u00e0 kh\u00f4ng r\u00e0ng bu\u1ed9c!","robots":{"index":"index","follow":"follow","max-snippet":"max-snippet:-1","max-image-preview":"max-image-preview:large","max-video-preview":"max-video-preview:-1"},"canonical":"https:\/\/www.aritco.com\/vi\/lien-he-voi-chung-toi\/","og_locale":"vi_VN","og_type":"article","og_title":"Get in touch with us about buying a elevator | Aritco","og_description":"Reach out if you have questions for us or need assistance regarding your elevator. The Aritco team will repsond swiftly to your queries!","og_url":"https:\/\/www.aritco.com\/vi\/lien-he-voi-chung-toi\/","og_site_name":"Aritco","article_modified_time":"2025-12-03T08:22:50+00:00","og_image":[{"width":1985,"height":1488,"url":"https:\/\/www.aritco.com\/wp-content\/uploads\/2019\/06\/Schakt.jpg","type":"image\/jpeg"}],"twitter_card":"summary_large_image","twitter_title":"Get in touch with us about buying a elevator | Aritco","twitter_description":"Reach out if you have questions for us or need assistance regarding your elevator. The Aritco team will repsond swiftly to your queries!","twitter_image":"https:\/\/www.aritco.com\/wp-content\/uploads\/2019\/06\/Schakt.jpg","schema":{"@context":"https:\/\/schema.org","@graph":[{"@type":"WebPage","@id":"https:\/\/www.aritco.com\/vi\/lien-he-voi-chung-toi\/","url":"https:\/\/www.aritco.com\/vi\/lien-he-voi-chung-toi\/","name":"LI\u00caN H\u1ec6 | Aritco","isPartOf":{"@id":"https:\/\/www.aritco.com\/vi\/#website"},"datePublished":"2021-05-21T11:55:24+00:00","dateModified":"2025-12-03T08:22:50+00:00","description":"\u0110\u1ec3 nh\u1eadn b\u00e1o gi\u00e1 t\u1eeb ch\u00fang t\u00f4i, h\u00e3y nh\u1eadp th\u00f4ng tin chi ti\u1ebft c\u1ee7a b\u1ea1n v\u00e0o b\u00ean d\u01b0\u1edbi \u2013 100% mi\u1ec5n ph\u00ed v\u00e0 kh\u00f4ng r\u00e0ng bu\u1ed9c!","inLanguage":"vi-VN","potentialAction":[{"@type":"ReadAction","target":["https:\/\/www.aritco.com\/vi\/lien-he-voi-chung-toi\/"]}]},{"@type":"WebSite","@id":"https:\/\/www.aritco.com\/vi\/#website","url":"https:\/\/www.aritco.com\/vi\/","name":"Aritco","description":"Award-winning lifts for homes and public and commercial use","publisher":{"@id":"https:\/\/www.aritco.com\/vi\/#organization"},"potentialAction":[{"@type":"SearchAction","target":{"@type":"EntryPoint","urlTemplate":"https:\/\/www.aritco.com\/vi\/?s={search_term_string}"},"query-input":{"@type":"PropertyValueSpecification","valueRequired":true,"valueName":"search_term_string"}}],"inLanguage":"vi-VN"},{"@type":"Organization","@id":"https:\/\/www.aritco.com\/vi\/#organization","name":"Aritco","url":"https:\/\/www.aritco.com\/vi\/","logo":{"@type":"ImageObject","inLanguage":"vi-VN","@id":"https:\/\/www.aritco.com\/vi\/#\/schema\/logo\/image\/","url":"https:\/\/www.aritco.com\/wp-content\/uploads\/2019\/05\/vertical-3.svg","contentUrl":"https:\/\/www.aritco.com\/wp-content\/uploads\/2019\/05\/vertical-3.svg","width":1,"height":1,"caption":"Aritco"},"image":{"@id":"https:\/\/www.aritco.com\/vi\/#\/schema\/logo\/image\/"},"publishingPrinciples":"https:\/\/www.aritco.com\/about-aritco\/"}]}},"_links":{"self":[{"href":"https:\/\/www.aritco.com\/vi\/wp-json\/wp\/v2\/pages\/22758","targetHints":{"allow":["GET"]}}],"collection":[{"href":"https:\/\/www.aritco.com\/vi\/wp-json\/wp\/v2\/pages"}],"about":[{"href":"https:\/\/www.aritco.com\/vi\/wp-json\/wp\/v2\/types\/page"}],"author":[{"embeddable":true,"href":"https:\/\/www.aritco.com\/vi\/wp-json\/wp\/v2\/users\/12"}],"replies":[{"embeddable":true,"href":"https:\/\/www.aritco.com\/vi\/wp-json\/wp\/v2\/comments?post=22758"}],"version-history":[{"count":4,"href":"https:\/\/www.aritco.com\/vi\/wp-json\/wp\/v2\/pages\/22758\/revisions"}],"predecessor-version":[{"id":63799,"href":"https:\/\/www.aritco.com\/vi\/wp-json\/wp\/v2\/pages\/22758\/revisions\/63799"}],"wp:attachment":[{"href":"https:\/\/www.aritco.com\/vi\/wp-json\/wp\/v2\/media?parent=22758"}],"curies":[{"name":"wp","href":"https:\/\/api.w.org\/{rel}","templated":true}]}}