{"id":12279,"date":"2020-08-31T13:37:45","date_gmt":"2020-08-31T11:37:45","guid":{"rendered":"https:\/\/aritco.kumpan.dev\/nextlevelliving\/newsletter-signup\/"},"modified":"2025-04-14T19:00:35","modified_gmt":"2025-04-14T17:00:35","slug":"dang-ky-ban-tin","status":"publish","type":"page","link":"https:\/\/www.aritco.com\/vi\/dang-ky-ban-tin\/","title":{"rendered":"\u0110\u0103ng k\u00fd b\u1ea3n tin"},"content":{"rendered":"","protected":false},"excerpt":{"rendered":"","protected":false},"author":12,"featured_media":12280,"parent":0,"menu_order":0,"comment_status":"closed","ping_status":"closed","template":"","meta":{"_acf_changed":false,"footnotes":""},"class_list":["post-12279","page","type-page","status-publish","has-post-thumbnail","hentry"],"acf":[],"yoast_head":"<!-- This site is optimized with the Yoast SEO Premium plugin v26.6 (Yoast SEO v26.6) - https:\/\/yoast.com\/wordpress\/plugins\/seo\/ -->\n<title>Newsletter Signup - Next level living - Aritco<\/title>\n<meta name=\"description\" content=\"Stay tuned for exiting posts and articles about the Next Level Living journey. Our newsletters are written in English. Sign up here!\" \/>\n<meta name=\"robots\" content=\"index, follow, max-snippet:-1, max-image-preview:large, max-video-preview:-1\" \/>\n<link rel=\"canonical\" href=\"https:\/\/www.aritco.com\/vi\/dang-ky-ban-tin\/\" \/>\n<meta property=\"og:locale\" content=\"vi_VN\" \/>\n<meta property=\"og:type\" content=\"article\" \/>\n<meta property=\"og:title\" content=\"\u0110\u0103ng k\u00fd b\u1ea3n tin\" \/>\n<meta property=\"og:description\" content=\"Stay tuned for exiting posts and articles about the Next Level Living journey. Our newsletters are written in English. Sign up here!\" \/>\n<meta property=\"og:url\" content=\"https:\/\/www.aritco.com\/vi\/dang-ky-ban-tin\/\" \/>\n<meta property=\"og:site_name\" content=\"Aritco\" \/>\n<meta property=\"article:modified_time\" content=\"2025-04-14T17:00:35+00:00\" \/>\n<meta property=\"og:image\" content=\"https:\/\/www.aritco.com\/wp-content\/uploads\/2020\/06\/Bolon-pressbild1.jpg\" \/>\n\t<meta property=\"og:image:width\" content=\"1571\" \/>\n\t<meta property=\"og:image:height\" content=\"1045\" \/>\n\t<meta property=\"og:image:type\" content=\"image\/jpeg\" \/>\n<meta name=\"twitter:card\" content=\"summary_large_image\" \/>\n<meta name=\"twitter:label1\" content=\"Est. reading time\" \/>\n\t<meta name=\"twitter:data1\" content=\"1 minute\" \/>\n<script type=\"application\/ld+json\" class=\"yoast-schema-graph\">{\"@context\":\"https:\/\/schema.org\",\"@graph\":[{\"@type\":\"WebPage\",\"@id\":\"https:\/\/www.aritco.com\/vi\/dang-ky-ban-tin\/\",\"url\":\"https:\/\/www.aritco.com\/vi\/dang-ky-ban-tin\/\",\"name\":\"Newsletter Signup - Next level living - Aritco\",\"isPartOf\":{\"@id\":\"https:\/\/www.aritco.com\/vi\/#website\"},\"primaryImageOfPage\":{\"@id\":\"https:\/\/www.aritco.com\/vi\/dang-ky-ban-tin\/#primaryimage\"},\"image\":{\"@id\":\"https:\/\/www.aritco.com\/vi\/dang-ky-ban-tin\/#primaryimage\"},\"thumbnailUrl\":\"https:\/\/www.aritco.com\/wp-content\/uploads\/2020\/06\/Bolon-pressbild1.jpg\",\"datePublished\":\"2020-08-31T11:37:45+00:00\",\"dateModified\":\"2025-04-14T17:00:35+00:00\",\"description\":\"Stay tuned for exiting posts and articles about the Next Level Living journey. Our newsletters are written in English. Sign up here!\",\"inLanguage\":\"vi-VN\",\"potentialAction\":[{\"@type\":\"ReadAction\",\"target\":[\"https:\/\/www.aritco.com\/vi\/dang-ky-ban-tin\/\"]}]},{\"@type\":\"ImageObject\",\"inLanguage\":\"vi-VN\",\"@id\":\"https:\/\/www.aritco.com\/vi\/dang-ky-ban-tin\/#primaryimage\",\"url\":\"https:\/\/www.aritco.com\/wp-content\/uploads\/2020\/06\/Bolon-pressbild1.jpg\",\"contentUrl\":\"https:\/\/www.aritco.com\/wp-content\/uploads\/2020\/06\/Bolon-pressbild1.jpg\",\"width\":1571,\"height\":1045,\"caption\":\"Bolon materialprover\"},{\"@type\":\"WebSite\",\"@id\":\"https:\/\/www.aritco.com\/vi\/#website\",\"url\":\"https:\/\/www.aritco.com\/vi\/\",\"name\":\"Aritco\",\"description\":\"Award-winning lifts for homes and public and commercial use\",\"publisher\":{\"@id\":\"https:\/\/www.aritco.com\/vi\/#organization\"},\"potentialAction\":[{\"@type\":\"SearchAction\",\"target\":{\"@type\":\"EntryPoint\",\"urlTemplate\":\"https:\/\/www.aritco.com\/vi\/?s={search_term_string}\"},\"query-input\":{\"@type\":\"PropertyValueSpecification\",\"valueRequired\":true,\"valueName\":\"search_term_string\"}}],\"inLanguage\":\"vi-VN\"},{\"@type\":\"Organization\",\"@id\":\"https:\/\/www.aritco.com\/vi\/#organization\",\"name\":\"Aritco\",\"url\":\"https:\/\/www.aritco.com\/vi\/\",\"logo\":{\"@type\":\"ImageObject\",\"inLanguage\":\"vi-VN\",\"@id\":\"https:\/\/www.aritco.com\/vi\/#\/schema\/logo\/image\/\",\"url\":\"https:\/\/www.aritco.com\/wp-content\/uploads\/2019\/05\/vertical-3.svg\",\"contentUrl\":\"https:\/\/www.aritco.com\/wp-content\/uploads\/2019\/05\/vertical-3.svg\",\"width\":1,\"height\":1,\"caption\":\"Aritco\"},\"image\":{\"@id\":\"https:\/\/www.aritco.com\/vi\/#\/schema\/logo\/image\/\"},\"publishingPrinciples\":\"https:\/\/www.aritco.com\/about-aritco\/\"}]}<\/script>\n<!-- \/ Yoast SEO Premium plugin. -->","yoast_head_json":{"title":"Newsletter Signup - Next level living - Aritco","description":"Stay tuned for exiting posts and articles about the Next Level Living journey. Our newsletters are written in English. Sign up here!","robots":{"index":"index","follow":"follow","max-snippet":"max-snippet:-1","max-image-preview":"max-image-preview:large","max-video-preview":"max-video-preview:-1"},"canonical":"https:\/\/www.aritco.com\/vi\/dang-ky-ban-tin\/","og_locale":"vi_VN","og_type":"article","og_title":"\u0110\u0103ng k\u00fd b\u1ea3n tin","og_description":"Stay tuned for exiting posts and articles about the Next Level Living journey. Our newsletters are written in English. Sign up here!","og_url":"https:\/\/www.aritco.com\/vi\/dang-ky-ban-tin\/","og_site_name":"Aritco","article_modified_time":"2025-04-14T17:00:35+00:00","og_image":[{"width":1571,"height":1045,"url":"https:\/\/www.aritco.com\/wp-content\/uploads\/2020\/06\/Bolon-pressbild1.jpg","type":"image\/jpeg"}],"twitter_card":"summary_large_image","twitter_misc":{"Est. reading time":"1 minute"},"schema":{"@context":"https:\/\/schema.org","@graph":[{"@type":"WebPage","@id":"https:\/\/www.aritco.com\/vi\/dang-ky-ban-tin\/","url":"https:\/\/www.aritco.com\/vi\/dang-ky-ban-tin\/","name":"Newsletter Signup - Next level living - Aritco","isPartOf":{"@id":"https:\/\/www.aritco.com\/vi\/#website"},"primaryImageOfPage":{"@id":"https:\/\/www.aritco.com\/vi\/dang-ky-ban-tin\/#primaryimage"},"image":{"@id":"https:\/\/www.aritco.com\/vi\/dang-ky-ban-tin\/#primaryimage"},"thumbnailUrl":"https:\/\/www.aritco.com\/wp-content\/uploads\/2020\/06\/Bolon-pressbild1.jpg","datePublished":"2020-08-31T11:37:45+00:00","dateModified":"2025-04-14T17:00:35+00:00","description":"Stay tuned for exiting posts and articles about the Next Level Living journey. Our newsletters are written in English. Sign up here!","inLanguage":"vi-VN","potentialAction":[{"@type":"ReadAction","target":["https:\/\/www.aritco.com\/vi\/dang-ky-ban-tin\/"]}]},{"@type":"ImageObject","inLanguage":"vi-VN","@id":"https:\/\/www.aritco.com\/vi\/dang-ky-ban-tin\/#primaryimage","url":"https:\/\/www.aritco.com\/wp-content\/uploads\/2020\/06\/Bolon-pressbild1.jpg","contentUrl":"https:\/\/www.aritco.com\/wp-content\/uploads\/2020\/06\/Bolon-pressbild1.jpg","width":1571,"height":1045,"caption":"Bolon materialprover"},{"@type":"WebSite","@id":"https:\/\/www.aritco.com\/vi\/#website","url":"https:\/\/www.aritco.com\/vi\/","name":"Aritco","description":"Award-winning lifts for homes and public and commercial use","publisher":{"@id":"https:\/\/www.aritco.com\/vi\/#organization"},"potentialAction":[{"@type":"SearchAction","target":{"@type":"EntryPoint","urlTemplate":"https:\/\/www.aritco.com\/vi\/?s={search_term_string}"},"query-input":{"@type":"PropertyValueSpecification","valueRequired":true,"valueName":"search_term_string"}}],"inLanguage":"vi-VN"},{"@type":"Organization","@id":"https:\/\/www.aritco.com\/vi\/#organization","name":"Aritco","url":"https:\/\/www.aritco.com\/vi\/","logo":{"@type":"ImageObject","inLanguage":"vi-VN","@id":"https:\/\/www.aritco.com\/vi\/#\/schema\/logo\/image\/","url":"https:\/\/www.aritco.com\/wp-content\/uploads\/2019\/05\/vertical-3.svg","contentUrl":"https:\/\/www.aritco.com\/wp-content\/uploads\/2019\/05\/vertical-3.svg","width":1,"height":1,"caption":"Aritco"},"image":{"@id":"https:\/\/www.aritco.com\/vi\/#\/schema\/logo\/image\/"},"publishingPrinciples":"https:\/\/www.aritco.com\/about-aritco\/"}]}},"_links":{"self":[{"href":"https:\/\/www.aritco.com\/vi\/wp-json\/wp\/v2\/pages\/12279","targetHints":{"allow":["GET"]}}],"collection":[{"href":"https:\/\/www.aritco.com\/vi\/wp-json\/wp\/v2\/pages"}],"about":[{"href":"https:\/\/www.aritco.com\/vi\/wp-json\/wp\/v2\/types\/page"}],"author":[{"embeddable":true,"href":"https:\/\/www.aritco.com\/vi\/wp-json\/wp\/v2\/users\/12"}],"replies":[{"embeddable":true,"href":"https:\/\/www.aritco.com\/vi\/wp-json\/wp\/v2\/comments?post=12279"}],"version-history":[{"count":1,"href":"https:\/\/www.aritco.com\/vi\/wp-json\/wp\/v2\/pages\/12279\/revisions"}],"predecessor-version":[{"id":59548,"href":"https:\/\/www.aritco.com\/vi\/wp-json\/wp\/v2\/pages\/12279\/revisions\/59548"}],"wp:featuredmedia":[{"embeddable":true,"href":"https:\/\/www.aritco.com\/vi\/wp-json\/wp\/v2\/media\/12280"}],"wp:attachment":[{"href":"https:\/\/www.aritco.com\/vi\/wp-json\/wp\/v2\/media?parent=12279"}],"curies":[{"name":"wp","href":"https:\/\/api.w.org\/{rel}","templated":true}]}}