{"id":11240,"date":"2020-08-10T11:02:16","date_gmt":"2020-08-10T09:02:16","guid":{"rendered":"https:\/\/aritco.kumpan.dev\/products\/tech-and-safety\/"},"modified":"2025-09-04T12:17:05","modified_gmt":"2025-09-04T10:17:05","slug":"cong-nghe-va-an-toan","status":"publish","type":"page","link":"https:\/\/www.aritco.com\/vi\/san-pham\/cong-nghe-va-an-toan\/","title":{"rendered":"C\u00f4ng ngh\u1ec7 v\u00e0 an to\u00e0n"},"content":{"rendered":"","protected":false},"excerpt":{"rendered":"","protected":false},"author":12,"featured_media":0,"parent":11014,"menu_order":0,"comment_status":"closed","ping_status":"closed","template":"","meta":{"_acf_changed":false,"footnotes":""},"class_list":["post-11240","page","type-page","status-publish","hentry"],"acf":[],"yoast_head":"<!-- This site is optimized with the Yoast SEO Premium plugin v26.6 (Yoast SEO v26.6) - https:\/\/yoast.com\/wordpress\/plugins\/seo\/ -->\n<title>C\u00f4ng ngh\u1ec7 v\u00e0 an to\u00e0n - Aritco<\/title>\n<meta name=\"description\" content=\"Kh\u00e1m ph\u00e1 c\u00e1ch thi\u1ebft k\u1ebf v\u00e0 c\u00f4ng ngh\u1ec7 \u0111\u01b0\u1ee3c k\u1ebft h\u1ee3p trong \u1ee9ng d\u1ee5ng Aritco SmartLift. Thang m\u00e1y nh\u00e0 th\u00f4ng minh \u0111\u1ea7u ti\u00ean tr\u00ean th\u1ebf gi\u1edbi!\" \/>\n<meta name=\"robots\" content=\"index, follow, max-snippet:-1, max-image-preview:large, max-video-preview:-1\" \/>\n<link rel=\"canonical\" href=\"https:\/\/www.aritco.com\/vi\/san-pham\/cong-nghe-va-an-toan\/\" \/>\n<meta property=\"og:locale\" content=\"vi_VN\" \/>\n<meta property=\"og:type\" content=\"article\" \/>\n<meta property=\"og:title\" content=\"C\u00f4ng ngh\u1ec7 v\u00e0 an to\u00e0n\" \/>\n<meta property=\"og:description\" content=\"Kh\u00e1m ph\u00e1 c\u00e1ch thi\u1ebft k\u1ebf v\u00e0 c\u00f4ng ngh\u1ec7 \u0111\u01b0\u1ee3c k\u1ebft h\u1ee3p trong \u1ee9ng d\u1ee5ng Aritco SmartLift. Thang m\u00e1y nh\u00e0 th\u00f4ng minh \u0111\u1ea7u ti\u00ean tr\u00ean th\u1ebf gi\u1edbi!\" \/>\n<meta property=\"og:url\" content=\"https:\/\/www.aritco.com\/vi\/san-pham\/cong-nghe-va-an-toan\/\" \/>\n<meta property=\"og:site_name\" content=\"Aritco\" \/>\n<meta property=\"article:modified_time\" content=\"2025-09-04T10:17:05+00:00\" \/>\n<meta name=\"twitter:card\" content=\"summary_large_image\" \/>\n<script type=\"application\/ld+json\" class=\"yoast-schema-graph\">{\"@context\":\"https:\/\/schema.org\",\"@graph\":[{\"@type\":\"WebPage\",\"@id\":\"https:\/\/www.aritco.com\/vi\/san-pham\/cong-nghe-va-an-toan\/\",\"url\":\"https:\/\/www.aritco.com\/vi\/san-pham\/cong-nghe-va-an-toan\/\",\"name\":\"C\u00f4ng ngh\u1ec7 v\u00e0 an to\u00e0n - Aritco\",\"isPartOf\":{\"@id\":\"https:\/\/www.aritco.com\/vi\/#website\"},\"datePublished\":\"2020-08-10T09:02:16+00:00\",\"dateModified\":\"2025-09-04T10:17:05+00:00\",\"description\":\"Kh\u00e1m ph\u00e1 c\u00e1ch thi\u1ebft k\u1ebf v\u00e0 c\u00f4ng ngh\u1ec7 \u0111\u01b0\u1ee3c k\u1ebft h\u1ee3p trong \u1ee9ng d\u1ee5ng Aritco SmartLift. Thang m\u00e1y nh\u00e0 th\u00f4ng minh \u0111\u1ea7u ti\u00ean tr\u00ean th\u1ebf gi\u1edbi!\",\"breadcrumb\":{\"@id\":\"https:\/\/www.aritco.com\/vi\/san-pham\/cong-nghe-va-an-toan\/#breadcrumb\"},\"inLanguage\":\"vi-VN\",\"potentialAction\":[{\"@type\":\"ReadAction\",\"target\":[\"https:\/\/www.aritco.com\/vi\/san-pham\/cong-nghe-va-an-toan\/\"]}]},{\"@type\":\"BreadcrumbList\",\"@id\":\"https:\/\/www.aritco.com\/vi\/san-pham\/cong-nghe-va-an-toan\/#breadcrumb\",\"itemListElement\":[{\"@type\":\"ListItem\",\"position\":1,\"name\":\"S\u1ea3n ph\u1ea9m\",\"item\":\"https:\/\/www.aritco.com\/vi\/san-pham\/\"},{\"@type\":\"ListItem\",\"position\":2,\"name\":\"C\u00f4ng ngh\u1ec7 v\u00e0 an to\u00e0n\"}]},{\"@type\":\"WebSite\",\"@id\":\"https:\/\/www.aritco.com\/vi\/#website\",\"url\":\"https:\/\/www.aritco.com\/vi\/\",\"name\":\"Aritco\",\"description\":\"Award-winning lifts for homes and public and commercial use\",\"publisher\":{\"@id\":\"https:\/\/www.aritco.com\/vi\/#organization\"},\"potentialAction\":[{\"@type\":\"SearchAction\",\"target\":{\"@type\":\"EntryPoint\",\"urlTemplate\":\"https:\/\/www.aritco.com\/vi\/?s={search_term_string}\"},\"query-input\":{\"@type\":\"PropertyValueSpecification\",\"valueRequired\":true,\"valueName\":\"search_term_string\"}}],\"inLanguage\":\"vi-VN\"},{\"@type\":\"Organization\",\"@id\":\"https:\/\/www.aritco.com\/vi\/#organization\",\"name\":\"Aritco\",\"url\":\"https:\/\/www.aritco.com\/vi\/\",\"logo\":{\"@type\":\"ImageObject\",\"inLanguage\":\"vi-VN\",\"@id\":\"https:\/\/www.aritco.com\/vi\/#\/schema\/logo\/image\/\",\"url\":\"https:\/\/www.aritco.com\/wp-content\/uploads\/2019\/05\/vertical-3.svg\",\"contentUrl\":\"https:\/\/www.aritco.com\/wp-content\/uploads\/2019\/05\/vertical-3.svg\",\"width\":1,\"height\":1,\"caption\":\"Aritco\"},\"image\":{\"@id\":\"https:\/\/www.aritco.com\/vi\/#\/schema\/logo\/image\/\"},\"publishingPrinciples\":\"https:\/\/www.aritco.com\/about-aritco\/\"}]}<\/script>\n<!-- \/ Yoast SEO Premium plugin. -->","yoast_head_json":{"title":"C\u00f4ng ngh\u1ec7 v\u00e0 an to\u00e0n - Aritco","description":"Kh\u00e1m ph\u00e1 c\u00e1ch thi\u1ebft k\u1ebf v\u00e0 c\u00f4ng ngh\u1ec7 \u0111\u01b0\u1ee3c k\u1ebft h\u1ee3p trong \u1ee9ng d\u1ee5ng Aritco SmartLift. Thang m\u00e1y nh\u00e0 th\u00f4ng minh \u0111\u1ea7u ti\u00ean tr\u00ean th\u1ebf gi\u1edbi!","robots":{"index":"index","follow":"follow","max-snippet":"max-snippet:-1","max-image-preview":"max-image-preview:large","max-video-preview":"max-video-preview:-1"},"canonical":"https:\/\/www.aritco.com\/vi\/san-pham\/cong-nghe-va-an-toan\/","og_locale":"vi_VN","og_type":"article","og_title":"C\u00f4ng ngh\u1ec7 v\u00e0 an to\u00e0n","og_description":"Kh\u00e1m ph\u00e1 c\u00e1ch thi\u1ebft k\u1ebf v\u00e0 c\u00f4ng ngh\u1ec7 \u0111\u01b0\u1ee3c k\u1ebft h\u1ee3p trong \u1ee9ng d\u1ee5ng Aritco SmartLift. Thang m\u00e1y nh\u00e0 th\u00f4ng minh \u0111\u1ea7u ti\u00ean tr\u00ean th\u1ebf gi\u1edbi!","og_url":"https:\/\/www.aritco.com\/vi\/san-pham\/cong-nghe-va-an-toan\/","og_site_name":"Aritco","article_modified_time":"2025-09-04T10:17:05+00:00","twitter_card":"summary_large_image","schema":{"@context":"https:\/\/schema.org","@graph":[{"@type":"WebPage","@id":"https:\/\/www.aritco.com\/vi\/san-pham\/cong-nghe-va-an-toan\/","url":"https:\/\/www.aritco.com\/vi\/san-pham\/cong-nghe-va-an-toan\/","name":"C\u00f4ng ngh\u1ec7 v\u00e0 an to\u00e0n - Aritco","isPartOf":{"@id":"https:\/\/www.aritco.com\/vi\/#website"},"datePublished":"2020-08-10T09:02:16+00:00","dateModified":"2025-09-04T10:17:05+00:00","description":"Kh\u00e1m ph\u00e1 c\u00e1ch thi\u1ebft k\u1ebf v\u00e0 c\u00f4ng ngh\u1ec7 \u0111\u01b0\u1ee3c k\u1ebft h\u1ee3p trong \u1ee9ng d\u1ee5ng Aritco SmartLift. Thang m\u00e1y nh\u00e0 th\u00f4ng minh \u0111\u1ea7u ti\u00ean tr\u00ean th\u1ebf gi\u1edbi!","breadcrumb":{"@id":"https:\/\/www.aritco.com\/vi\/san-pham\/cong-nghe-va-an-toan\/#breadcrumb"},"inLanguage":"vi-VN","potentialAction":[{"@type":"ReadAction","target":["https:\/\/www.aritco.com\/vi\/san-pham\/cong-nghe-va-an-toan\/"]}]},{"@type":"BreadcrumbList","@id":"https:\/\/www.aritco.com\/vi\/san-pham\/cong-nghe-va-an-toan\/#breadcrumb","itemListElement":[{"@type":"ListItem","position":1,"name":"S\u1ea3n ph\u1ea9m","item":"https:\/\/www.aritco.com\/vi\/san-pham\/"},{"@type":"ListItem","position":2,"name":"C\u00f4ng ngh\u1ec7 v\u00e0 an to\u00e0n"}]},{"@type":"WebSite","@id":"https:\/\/www.aritco.com\/vi\/#website","url":"https:\/\/www.aritco.com\/vi\/","name":"Aritco","description":"Award-winning lifts for homes and public and commercial use","publisher":{"@id":"https:\/\/www.aritco.com\/vi\/#organization"},"potentialAction":[{"@type":"SearchAction","target":{"@type":"EntryPoint","urlTemplate":"https:\/\/www.aritco.com\/vi\/?s={search_term_string}"},"query-input":{"@type":"PropertyValueSpecification","valueRequired":true,"valueName":"search_term_string"}}],"inLanguage":"vi-VN"},{"@type":"Organization","@id":"https:\/\/www.aritco.com\/vi\/#organization","name":"Aritco","url":"https:\/\/www.aritco.com\/vi\/","logo":{"@type":"ImageObject","inLanguage":"vi-VN","@id":"https:\/\/www.aritco.com\/vi\/#\/schema\/logo\/image\/","url":"https:\/\/www.aritco.com\/wp-content\/uploads\/2019\/05\/vertical-3.svg","contentUrl":"https:\/\/www.aritco.com\/wp-content\/uploads\/2019\/05\/vertical-3.svg","width":1,"height":1,"caption":"Aritco"},"image":{"@id":"https:\/\/www.aritco.com\/vi\/#\/schema\/logo\/image\/"},"publishingPrinciples":"https:\/\/www.aritco.com\/about-aritco\/"}]}},"_links":{"self":[{"href":"https:\/\/www.aritco.com\/vi\/wp-json\/wp\/v2\/pages\/11240","targetHints":{"allow":["GET"]}}],"collection":[{"href":"https:\/\/www.aritco.com\/vi\/wp-json\/wp\/v2\/pages"}],"about":[{"href":"https:\/\/www.aritco.com\/vi\/wp-json\/wp\/v2\/types\/page"}],"author":[{"embeddable":true,"href":"https:\/\/www.aritco.com\/vi\/wp-json\/wp\/v2\/users\/12"}],"replies":[{"embeddable":true,"href":"https:\/\/www.aritco.com\/vi\/wp-json\/wp\/v2\/comments?post=11240"}],"version-history":[{"count":7,"href":"https:\/\/www.aritco.com\/vi\/wp-json\/wp\/v2\/pages\/11240\/revisions"}],"predecessor-version":[{"id":62218,"href":"https:\/\/www.aritco.com\/vi\/wp-json\/wp\/v2\/pages\/11240\/revisions\/62218"}],"up":[{"embeddable":true,"href":"https:\/\/www.aritco.com\/vi\/wp-json\/wp\/v2\/pages\/11014"}],"wp:attachment":[{"href":"https:\/\/www.aritco.com\/vi\/wp-json\/wp\/v2\/media?parent=11240"}],"curies":[{"name":"wp","href":"https:\/\/api.w.org\/{rel}","templated":true}]}}