{"id":11237,"date":"2019-05-09T17:15:26","date_gmt":"2019-05-09T15:15:26","guid":{"rendered":"https:\/\/aritco.kumpan.dev\/solutions\/"},"modified":"2025-08-13T14:33:30","modified_gmt":"2025-08-13T12:33:30","slug":"giai-phap","status":"publish","type":"page","link":"https:\/\/www.aritco.com\/vi\/giai-phap\/","title":{"rendered":"Gi\u1ea3i ph\u00e1p"},"content":{"rendered":"","protected":false},"excerpt":{"rendered":"","protected":false},"author":1,"featured_media":0,"parent":0,"menu_order":0,"comment_status":"closed","ping_status":"closed","template":"","meta":{"_acf_changed":false,"footnotes":""},"class_list":["post-11237","page","type-page","status-publish","hentry"],"acf":[],"yoast_head":"<!-- This site is optimized with the Yoast SEO Premium plugin v26.6 (Yoast SEO v26.6) - https:\/\/yoast.com\/wordpress\/plugins\/seo\/ -->\n<title>Gi\u1ea3i ph\u00e1p cho ng\u00f4i nh\u00e0 ho\u1eb7c khu v\u1ef1c c\u00f4ng c\u1ed9ng d\u1ec5 ti\u1ebfp c\u1eadn h\u01a1n - Aritco<\/title>\n<meta name=\"description\" content=\"Ch\u00fang t\u00f4i c\u00f3 thang m\u00e1y cho m\u1ecdi t\u00ecnh hu\u1ed1ng - d\u00f9 \u0111\u00f3 l\u00e0 ng\u00f4i nh\u00e0 c\u1ee7a b\u1ea1n, trung t\u00e2m mua s\u1eafm, kh\u00e1ch s\u1ea1n hay b\u1ec7nh vi\u1ec7n. H\u00e3y th\u1eed s\u1eed d\u1ee5ng LiftGuide c\u1ee7a ch\u00fang t\u00f4i \u0111\u1ec3 t\u00ecm gi\u1ea3i ph\u00e1p thang m\u00e1y t\u1ed1t nh\u1ea5t cho b\u1ea1n!\" \/>\n<meta name=\"robots\" content=\"index, follow, max-snippet:-1, max-image-preview:large, max-video-preview:-1\" \/>\n<link rel=\"canonical\" href=\"https:\/\/www.aritco.com\/vi\/giai-phap\/\" \/>\n<meta property=\"og:locale\" content=\"vi_VN\" \/>\n<meta property=\"og:type\" content=\"article\" \/>\n<meta property=\"og:title\" content=\"Gi\u1ea3i ph\u00e1p\" \/>\n<meta property=\"og:description\" content=\"Ch\u00fang t\u00f4i c\u00f3 thang m\u00e1y cho m\u1ecdi t\u00ecnh hu\u1ed1ng - d\u00f9 \u0111\u00f3 l\u00e0 ng\u00f4i nh\u00e0 c\u1ee7a b\u1ea1n, trung t\u00e2m mua s\u1eafm, kh\u00e1ch s\u1ea1n hay b\u1ec7nh vi\u1ec7n. H\u00e3y th\u1eed s\u1eed d\u1ee5ng LiftGuide c\u1ee7a ch\u00fang t\u00f4i \u0111\u1ec3 t\u00ecm gi\u1ea3i ph\u00e1p thang m\u00e1y t\u1ed1t nh\u1ea5t cho b\u1ea1n!\" \/>\n<meta property=\"og:url\" content=\"https:\/\/www.aritco.com\/vi\/giai-phap\/\" \/>\n<meta property=\"og:site_name\" content=\"Aritco\" \/>\n<meta property=\"article:modified_time\" content=\"2025-08-13T12:33:30+00:00\" \/>\n<meta name=\"twitter:card\" content=\"summary_large_image\" \/>\n<script type=\"application\/ld+json\" class=\"yoast-schema-graph\">{\"@context\":\"https:\/\/schema.org\",\"@graph\":[{\"@type\":\"WebPage\",\"@id\":\"https:\/\/www.aritco.com\/vi\/giai-phap\/\",\"url\":\"https:\/\/www.aritco.com\/vi\/giai-phap\/\",\"name\":\"Gi\u1ea3i ph\u00e1p cho ng\u00f4i nh\u00e0 ho\u1eb7c khu v\u1ef1c c\u00f4ng c\u1ed9ng d\u1ec5 ti\u1ebfp c\u1eadn h\u01a1n - Aritco\",\"isPartOf\":{\"@id\":\"https:\/\/www.aritco.com\/vi\/#website\"},\"datePublished\":\"2019-05-09T15:15:26+00:00\",\"dateModified\":\"2025-08-13T12:33:30+00:00\",\"description\":\"Ch\u00fang t\u00f4i c\u00f3 thang m\u00e1y cho m\u1ecdi t\u00ecnh hu\u1ed1ng - d\u00f9 \u0111\u00f3 l\u00e0 ng\u00f4i nh\u00e0 c\u1ee7a b\u1ea1n, trung t\u00e2m mua s\u1eafm, kh\u00e1ch s\u1ea1n hay b\u1ec7nh vi\u1ec7n. H\u00e3y th\u1eed s\u1eed d\u1ee5ng LiftGuide c\u1ee7a ch\u00fang t\u00f4i \u0111\u1ec3 t\u00ecm gi\u1ea3i ph\u00e1p thang m\u00e1y t\u1ed1t nh\u1ea5t cho b\u1ea1n!\",\"inLanguage\":\"vi-VN\",\"potentialAction\":[{\"@type\":\"ReadAction\",\"target\":[\"https:\/\/www.aritco.com\/vi\/giai-phap\/\"]}]},{\"@type\":\"WebSite\",\"@id\":\"https:\/\/www.aritco.com\/vi\/#website\",\"url\":\"https:\/\/www.aritco.com\/vi\/\",\"name\":\"Aritco\",\"description\":\"Award-winning lifts for homes and public and commercial use\",\"publisher\":{\"@id\":\"https:\/\/www.aritco.com\/vi\/#organization\"},\"potentialAction\":[{\"@type\":\"SearchAction\",\"target\":{\"@type\":\"EntryPoint\",\"urlTemplate\":\"https:\/\/www.aritco.com\/vi\/?s={search_term_string}\"},\"query-input\":{\"@type\":\"PropertyValueSpecification\",\"valueRequired\":true,\"valueName\":\"search_term_string\"}}],\"inLanguage\":\"vi-VN\"},{\"@type\":\"Organization\",\"@id\":\"https:\/\/www.aritco.com\/vi\/#organization\",\"name\":\"Aritco\",\"url\":\"https:\/\/www.aritco.com\/vi\/\",\"logo\":{\"@type\":\"ImageObject\",\"inLanguage\":\"vi-VN\",\"@id\":\"https:\/\/www.aritco.com\/vi\/#\/schema\/logo\/image\/\",\"url\":\"https:\/\/www.aritco.com\/wp-content\/uploads\/2019\/05\/vertical-3.svg\",\"contentUrl\":\"https:\/\/www.aritco.com\/wp-content\/uploads\/2019\/05\/vertical-3.svg\",\"width\":1,\"height\":1,\"caption\":\"Aritco\"},\"image\":{\"@id\":\"https:\/\/www.aritco.com\/vi\/#\/schema\/logo\/image\/\"},\"publishingPrinciples\":\"https:\/\/www.aritco.com\/about-aritco\/\"}]}<\/script>\n<!-- \/ Yoast SEO Premium plugin. -->","yoast_head_json":{"title":"Gi\u1ea3i ph\u00e1p cho ng\u00f4i nh\u00e0 ho\u1eb7c khu v\u1ef1c c\u00f4ng c\u1ed9ng d\u1ec5 ti\u1ebfp c\u1eadn h\u01a1n - Aritco","description":"Ch\u00fang t\u00f4i c\u00f3 thang m\u00e1y cho m\u1ecdi t\u00ecnh hu\u1ed1ng - d\u00f9 \u0111\u00f3 l\u00e0 ng\u00f4i nh\u00e0 c\u1ee7a b\u1ea1n, trung t\u00e2m mua s\u1eafm, kh\u00e1ch s\u1ea1n hay b\u1ec7nh vi\u1ec7n. H\u00e3y th\u1eed s\u1eed d\u1ee5ng LiftGuide c\u1ee7a ch\u00fang t\u00f4i \u0111\u1ec3 t\u00ecm gi\u1ea3i ph\u00e1p thang m\u00e1y t\u1ed1t nh\u1ea5t cho b\u1ea1n!","robots":{"index":"index","follow":"follow","max-snippet":"max-snippet:-1","max-image-preview":"max-image-preview:large","max-video-preview":"max-video-preview:-1"},"canonical":"https:\/\/www.aritco.com\/vi\/giai-phap\/","og_locale":"vi_VN","og_type":"article","og_title":"Gi\u1ea3i ph\u00e1p","og_description":"Ch\u00fang t\u00f4i c\u00f3 thang m\u00e1y cho m\u1ecdi t\u00ecnh hu\u1ed1ng - d\u00f9 \u0111\u00f3 l\u00e0 ng\u00f4i nh\u00e0 c\u1ee7a b\u1ea1n, trung t\u00e2m mua s\u1eafm, kh\u00e1ch s\u1ea1n hay b\u1ec7nh vi\u1ec7n. H\u00e3y th\u1eed s\u1eed d\u1ee5ng LiftGuide c\u1ee7a ch\u00fang t\u00f4i \u0111\u1ec3 t\u00ecm gi\u1ea3i ph\u00e1p thang m\u00e1y t\u1ed1t nh\u1ea5t cho b\u1ea1n!","og_url":"https:\/\/www.aritco.com\/vi\/giai-phap\/","og_site_name":"Aritco","article_modified_time":"2025-08-13T12:33:30+00:00","twitter_card":"summary_large_image","schema":{"@context":"https:\/\/schema.org","@graph":[{"@type":"WebPage","@id":"https:\/\/www.aritco.com\/vi\/giai-phap\/","url":"https:\/\/www.aritco.com\/vi\/giai-phap\/","name":"Gi\u1ea3i ph\u00e1p cho ng\u00f4i nh\u00e0 ho\u1eb7c khu v\u1ef1c c\u00f4ng c\u1ed9ng d\u1ec5 ti\u1ebfp c\u1eadn h\u01a1n - Aritco","isPartOf":{"@id":"https:\/\/www.aritco.com\/vi\/#website"},"datePublished":"2019-05-09T15:15:26+00:00","dateModified":"2025-08-13T12:33:30+00:00","description":"Ch\u00fang t\u00f4i c\u00f3 thang m\u00e1y cho m\u1ecdi t\u00ecnh hu\u1ed1ng - d\u00f9 \u0111\u00f3 l\u00e0 ng\u00f4i nh\u00e0 c\u1ee7a b\u1ea1n, trung t\u00e2m mua s\u1eafm, kh\u00e1ch s\u1ea1n hay b\u1ec7nh vi\u1ec7n. H\u00e3y th\u1eed s\u1eed d\u1ee5ng LiftGuide c\u1ee7a ch\u00fang t\u00f4i \u0111\u1ec3 t\u00ecm gi\u1ea3i ph\u00e1p thang m\u00e1y t\u1ed1t nh\u1ea5t cho b\u1ea1n!","inLanguage":"vi-VN","potentialAction":[{"@type":"ReadAction","target":["https:\/\/www.aritco.com\/vi\/giai-phap\/"]}]},{"@type":"WebSite","@id":"https:\/\/www.aritco.com\/vi\/#website","url":"https:\/\/www.aritco.com\/vi\/","name":"Aritco","description":"Award-winning lifts for homes and public and commercial use","publisher":{"@id":"https:\/\/www.aritco.com\/vi\/#organization"},"potentialAction":[{"@type":"SearchAction","target":{"@type":"EntryPoint","urlTemplate":"https:\/\/www.aritco.com\/vi\/?s={search_term_string}"},"query-input":{"@type":"PropertyValueSpecification","valueRequired":true,"valueName":"search_term_string"}}],"inLanguage":"vi-VN"},{"@type":"Organization","@id":"https:\/\/www.aritco.com\/vi\/#organization","name":"Aritco","url":"https:\/\/www.aritco.com\/vi\/","logo":{"@type":"ImageObject","inLanguage":"vi-VN","@id":"https:\/\/www.aritco.com\/vi\/#\/schema\/logo\/image\/","url":"https:\/\/www.aritco.com\/wp-content\/uploads\/2019\/05\/vertical-3.svg","contentUrl":"https:\/\/www.aritco.com\/wp-content\/uploads\/2019\/05\/vertical-3.svg","width":1,"height":1,"caption":"Aritco"},"image":{"@id":"https:\/\/www.aritco.com\/vi\/#\/schema\/logo\/image\/"},"publishingPrinciples":"https:\/\/www.aritco.com\/about-aritco\/"}]}},"_links":{"self":[{"href":"https:\/\/www.aritco.com\/vi\/wp-json\/wp\/v2\/pages\/11237","targetHints":{"allow":["GET"]}}],"collection":[{"href":"https:\/\/www.aritco.com\/vi\/wp-json\/wp\/v2\/pages"}],"about":[{"href":"https:\/\/www.aritco.com\/vi\/wp-json\/wp\/v2\/types\/page"}],"author":[{"embeddable":true,"href":"https:\/\/www.aritco.com\/vi\/wp-json\/wp\/v2\/users\/1"}],"replies":[{"embeddable":true,"href":"https:\/\/www.aritco.com\/vi\/wp-json\/wp\/v2\/comments?post=11237"}],"version-history":[{"count":5,"href":"https:\/\/www.aritco.com\/vi\/wp-json\/wp\/v2\/pages\/11237\/revisions"}],"predecessor-version":[{"id":61672,"href":"https:\/\/www.aritco.com\/vi\/wp-json\/wp\/v2\/pages\/11237\/revisions\/61672"}],"wp:attachment":[{"href":"https:\/\/www.aritco.com\/vi\/wp-json\/wp\/v2\/media?parent=11237"}],"curies":[{"name":"wp","href":"https:\/\/api.w.org\/{rel}","templated":true}]}}