{"id":11176,"date":"2020-09-21T09:31:28","date_gmt":"2020-09-21T07:31:28","guid":{"rendered":"https:\/\/aritco.kumpan.dev\/products\/public-lifts\/aritco-publiclift-access\/"},"modified":"2026-02-06T13:42:24","modified_gmt":"2026-02-06T12:42:24","slug":"aritco-publiclift-access","status":"publish","type":"page","link":"https:\/\/www.aritco.com\/vi\/san-pham\/thang-may-cong-cong\/aritco-publiclift-access\/","title":{"rendered":"Aritco PublicLift Access"},"content":{"rendered":"","protected":false},"excerpt":{"rendered":"","protected":false},"author":12,"featured_media":0,"parent":11155,"menu_order":0,"comment_status":"closed","ping_status":"closed","template":"","meta":{"_acf_changed":false,"footnotes":""},"class_list":["post-11176","page","type-page","status-publish","hentry"],"acf":[],"yoast_head":"<!-- This site is optimized with the Yoast SEO Premium plugin v26.6 (Yoast SEO v26.6) - https:\/\/yoast.com\/wordpress\/plugins\/seo\/ -->\n<title>Aritco PublicLift Access - Aritco Aritco<\/title>\n<meta name=\"description\" content=\"Aritco PublicLift Access \u0111\u01b0\u1ee3c thi\u1ebft k\u1ebf \u0111\u1ec3 m\u1ecdi ng\u01b0\u1eddi \u0111\u1ec1u c\u00f3 th\u1ec3 s\u1eed d\u1ee5ng t\u1ea1i c\u00e1c t\u00f2a nh\u00e0 th\u01b0\u01a1ng m\u1ea1i v\u00e0 c\u00f4ng c\u1ed9ng. Thang m\u00e1y th\u1ec3 hi\u1ec7n phong c\u00e1ch thi\u1ebft k\u1ebf Scandinavia v\u1edbi \u0111i\u1ec3m nh\u1ea5n l\u00e0 b\u1ea3ng \u0111i\u1ec1u khi\u1ec3n h\u1eaft s\u00e1ng v\u00e0 tay v\u1ecbn c\u00f3 \u0111\u00e8n.\" \/>\n<meta name=\"robots\" content=\"index, follow, max-snippet:-1, max-image-preview:large, max-video-preview:-1\" \/>\n<link rel=\"canonical\" href=\"https:\/\/www.aritco.com\/vi\/san-pham\/thang-may-cong-cong\/aritco-publiclift-access\/\" \/>\n<meta property=\"og:locale\" content=\"vi_VN\" \/>\n<meta property=\"og:type\" content=\"article\" \/>\n<meta property=\"og:title\" content=\"Aritco PublicLift Access\" \/>\n<meta property=\"og:description\" content=\"Aritco PublicLift Access \u0111\u01b0\u1ee3c thi\u1ebft k\u1ebf \u0111\u1ec3 m\u1ecdi ng\u01b0\u1eddi \u0111\u1ec1u c\u00f3 th\u1ec3 s\u1eed d\u1ee5ng t\u1ea1i c\u00e1c t\u00f2a nh\u00e0 th\u01b0\u01a1ng m\u1ea1i v\u00e0 c\u00f4ng c\u1ed9ng. Thang m\u00e1y th\u1ec3 hi\u1ec7n phong c\u00e1ch thi\u1ebft k\u1ebf Scandinavia v\u1edbi \u0111i\u1ec3m nh\u1ea5n l\u00e0 b\u1ea3ng \u0111i\u1ec1u khi\u1ec3n h\u1eaft s\u00e1ng v\u00e0 tay v\u1ecbn c\u00f3 \u0111\u00e8n.\" \/>\n<meta property=\"og:url\" content=\"https:\/\/www.aritco.com\/vi\/san-pham\/thang-may-cong-cong\/aritco-publiclift-access\/\" \/>\n<meta property=\"og:site_name\" content=\"Aritco\" \/>\n<meta property=\"article:modified_time\" content=\"2026-02-06T12:42:24+00:00\" \/>\n<meta name=\"twitter:card\" content=\"summary_large_image\" \/>\n<script type=\"application\/ld+json\" class=\"yoast-schema-graph\">{\"@context\":\"https:\/\/schema.org\",\"@graph\":[{\"@type\":\"WebPage\",\"@id\":\"https:\/\/www.aritco.com\/vi\/san-pham\/thang-may-cong-cong\/aritco-publiclift-access\/\",\"url\":\"https:\/\/www.aritco.com\/vi\/san-pham\/thang-may-cong-cong\/aritco-publiclift-access\/\",\"name\":\"Aritco PublicLift Access - Aritco Aritco\",\"isPartOf\":{\"@id\":\"https:\/\/www.aritco.com\/vi\/#website\"},\"datePublished\":\"2020-09-21T07:31:28+00:00\",\"dateModified\":\"2026-02-06T12:42:24+00:00\",\"description\":\"Aritco PublicLift Access \u0111\u01b0\u1ee3c thi\u1ebft k\u1ebf \u0111\u1ec3 m\u1ecdi ng\u01b0\u1eddi \u0111\u1ec1u c\u00f3 th\u1ec3 s\u1eed d\u1ee5ng t\u1ea1i c\u00e1c t\u00f2a nh\u00e0 th\u01b0\u01a1ng m\u1ea1i v\u00e0 c\u00f4ng c\u1ed9ng. Thang m\u00e1y th\u1ec3 hi\u1ec7n phong c\u00e1ch thi\u1ebft k\u1ebf Scandinavia v\u1edbi \u0111i\u1ec3m nh\u1ea5n l\u00e0 b\u1ea3ng \u0111i\u1ec1u khi\u1ec3n h\u1eaft s\u00e1ng v\u00e0 tay v\u1ecbn c\u00f3 \u0111\u00e8n.\",\"breadcrumb\":{\"@id\":\"https:\/\/www.aritco.com\/vi\/san-pham\/thang-may-cong-cong\/aritco-publiclift-access\/#breadcrumb\"},\"inLanguage\":\"vi-VN\",\"potentialAction\":[{\"@type\":\"ReadAction\",\"target\":[\"https:\/\/www.aritco.com\/vi\/san-pham\/thang-may-cong-cong\/aritco-publiclift-access\/\"]}]},{\"@type\":\"BreadcrumbList\",\"@id\":\"https:\/\/www.aritco.com\/vi\/san-pham\/thang-may-cong-cong\/aritco-publiclift-access\/#breadcrumb\",\"itemListElement\":[{\"@type\":\"ListItem\",\"position\":1,\"name\":\"S\u1ea3n ph\u1ea9m\",\"item\":\"https:\/\/www.aritco.com\/vi\/san-pham\/\"},{\"@type\":\"ListItem\",\"position\":2,\"name\":\"Thang m\u00e1y c\u00f4ng c\u1ed9ng\",\"item\":\"https:\/\/www.aritco.com\/vi\/san-pham\/thang-may-cong-cong\/\"},{\"@type\":\"ListItem\",\"position\":3,\"name\":\"Aritco PublicLift Access\"}]},{\"@type\":\"WebSite\",\"@id\":\"https:\/\/www.aritco.com\/vi\/#website\",\"url\":\"https:\/\/www.aritco.com\/vi\/\",\"name\":\"Aritco\",\"description\":\"Award-winning lifts for homes and public and commercial use\",\"publisher\":{\"@id\":\"https:\/\/www.aritco.com\/vi\/#organization\"},\"potentialAction\":[{\"@type\":\"SearchAction\",\"target\":{\"@type\":\"EntryPoint\",\"urlTemplate\":\"https:\/\/www.aritco.com\/vi\/?s={search_term_string}\"},\"query-input\":{\"@type\":\"PropertyValueSpecification\",\"valueRequired\":true,\"valueName\":\"search_term_string\"}}],\"inLanguage\":\"vi-VN\"},{\"@type\":\"Organization\",\"@id\":\"https:\/\/www.aritco.com\/vi\/#organization\",\"name\":\"Aritco\",\"url\":\"https:\/\/www.aritco.com\/vi\/\",\"logo\":{\"@type\":\"ImageObject\",\"inLanguage\":\"vi-VN\",\"@id\":\"https:\/\/www.aritco.com\/vi\/#\/schema\/logo\/image\/\",\"url\":\"https:\/\/www.aritco.com\/wp-content\/uploads\/2019\/05\/vertical-3.svg\",\"contentUrl\":\"https:\/\/www.aritco.com\/wp-content\/uploads\/2019\/05\/vertical-3.svg\",\"width\":1,\"height\":1,\"caption\":\"Aritco\"},\"image\":{\"@id\":\"https:\/\/www.aritco.com\/vi\/#\/schema\/logo\/image\/\"},\"publishingPrinciples\":\"https:\/\/www.aritco.com\/about-aritco\/\"}]}<\/script>\n<!-- \/ Yoast SEO Premium plugin. -->","yoast_head_json":{"title":"Aritco PublicLift Access - Aritco Aritco","description":"Aritco PublicLift Access \u0111\u01b0\u1ee3c thi\u1ebft k\u1ebf \u0111\u1ec3 m\u1ecdi ng\u01b0\u1eddi \u0111\u1ec1u c\u00f3 th\u1ec3 s\u1eed d\u1ee5ng t\u1ea1i c\u00e1c t\u00f2a nh\u00e0 th\u01b0\u01a1ng m\u1ea1i v\u00e0 c\u00f4ng c\u1ed9ng. Thang m\u00e1y th\u1ec3 hi\u1ec7n phong c\u00e1ch thi\u1ebft k\u1ebf Scandinavia v\u1edbi \u0111i\u1ec3m nh\u1ea5n l\u00e0 b\u1ea3ng \u0111i\u1ec1u khi\u1ec3n h\u1eaft s\u00e1ng v\u00e0 tay v\u1ecbn c\u00f3 \u0111\u00e8n.","robots":{"index":"index","follow":"follow","max-snippet":"max-snippet:-1","max-image-preview":"max-image-preview:large","max-video-preview":"max-video-preview:-1"},"canonical":"https:\/\/www.aritco.com\/vi\/san-pham\/thang-may-cong-cong\/aritco-publiclift-access\/","og_locale":"vi_VN","og_type":"article","og_title":"Aritco PublicLift Access","og_description":"Aritco PublicLift Access \u0111\u01b0\u1ee3c thi\u1ebft k\u1ebf \u0111\u1ec3 m\u1ecdi ng\u01b0\u1eddi \u0111\u1ec1u c\u00f3 th\u1ec3 s\u1eed d\u1ee5ng t\u1ea1i c\u00e1c t\u00f2a nh\u00e0 th\u01b0\u01a1ng m\u1ea1i v\u00e0 c\u00f4ng c\u1ed9ng. Thang m\u00e1y th\u1ec3 hi\u1ec7n phong c\u00e1ch thi\u1ebft k\u1ebf Scandinavia v\u1edbi \u0111i\u1ec3m nh\u1ea5n l\u00e0 b\u1ea3ng \u0111i\u1ec1u khi\u1ec3n h\u1eaft s\u00e1ng v\u00e0 tay v\u1ecbn c\u00f3 \u0111\u00e8n.","og_url":"https:\/\/www.aritco.com\/vi\/san-pham\/thang-may-cong-cong\/aritco-publiclift-access\/","og_site_name":"Aritco","article_modified_time":"2026-02-06T12:42:24+00:00","twitter_card":"summary_large_image","schema":{"@context":"https:\/\/schema.org","@graph":[{"@type":"WebPage","@id":"https:\/\/www.aritco.com\/vi\/san-pham\/thang-may-cong-cong\/aritco-publiclift-access\/","url":"https:\/\/www.aritco.com\/vi\/san-pham\/thang-may-cong-cong\/aritco-publiclift-access\/","name":"Aritco PublicLift Access - Aritco Aritco","isPartOf":{"@id":"https:\/\/www.aritco.com\/vi\/#website"},"datePublished":"2020-09-21T07:31:28+00:00","dateModified":"2026-02-06T12:42:24+00:00","description":"Aritco PublicLift Access \u0111\u01b0\u1ee3c thi\u1ebft k\u1ebf \u0111\u1ec3 m\u1ecdi ng\u01b0\u1eddi \u0111\u1ec1u c\u00f3 th\u1ec3 s\u1eed d\u1ee5ng t\u1ea1i c\u00e1c t\u00f2a nh\u00e0 th\u01b0\u01a1ng m\u1ea1i v\u00e0 c\u00f4ng c\u1ed9ng. Thang m\u00e1y th\u1ec3 hi\u1ec7n phong c\u00e1ch thi\u1ebft k\u1ebf Scandinavia v\u1edbi \u0111i\u1ec3m nh\u1ea5n l\u00e0 b\u1ea3ng \u0111i\u1ec1u khi\u1ec3n h\u1eaft s\u00e1ng v\u00e0 tay v\u1ecbn c\u00f3 \u0111\u00e8n.","breadcrumb":{"@id":"https:\/\/www.aritco.com\/vi\/san-pham\/thang-may-cong-cong\/aritco-publiclift-access\/#breadcrumb"},"inLanguage":"vi-VN","potentialAction":[{"@type":"ReadAction","target":["https:\/\/www.aritco.com\/vi\/san-pham\/thang-may-cong-cong\/aritco-publiclift-access\/"]}]},{"@type":"BreadcrumbList","@id":"https:\/\/www.aritco.com\/vi\/san-pham\/thang-may-cong-cong\/aritco-publiclift-access\/#breadcrumb","itemListElement":[{"@type":"ListItem","position":1,"name":"S\u1ea3n ph\u1ea9m","item":"https:\/\/www.aritco.com\/vi\/san-pham\/"},{"@type":"ListItem","position":2,"name":"Thang m\u00e1y c\u00f4ng c\u1ed9ng","item":"https:\/\/www.aritco.com\/vi\/san-pham\/thang-may-cong-cong\/"},{"@type":"ListItem","position":3,"name":"Aritco PublicLift Access"}]},{"@type":"WebSite","@id":"https:\/\/www.aritco.com\/vi\/#website","url":"https:\/\/www.aritco.com\/vi\/","name":"Aritco","description":"Award-winning lifts for homes and public and commercial use","publisher":{"@id":"https:\/\/www.aritco.com\/vi\/#organization"},"potentialAction":[{"@type":"SearchAction","target":{"@type":"EntryPoint","urlTemplate":"https:\/\/www.aritco.com\/vi\/?s={search_term_string}"},"query-input":{"@type":"PropertyValueSpecification","valueRequired":true,"valueName":"search_term_string"}}],"inLanguage":"vi-VN"},{"@type":"Organization","@id":"https:\/\/www.aritco.com\/vi\/#organization","name":"Aritco","url":"https:\/\/www.aritco.com\/vi\/","logo":{"@type":"ImageObject","inLanguage":"vi-VN","@id":"https:\/\/www.aritco.com\/vi\/#\/schema\/logo\/image\/","url":"https:\/\/www.aritco.com\/wp-content\/uploads\/2019\/05\/vertical-3.svg","contentUrl":"https:\/\/www.aritco.com\/wp-content\/uploads\/2019\/05\/vertical-3.svg","width":1,"height":1,"caption":"Aritco"},"image":{"@id":"https:\/\/www.aritco.com\/vi\/#\/schema\/logo\/image\/"},"publishingPrinciples":"https:\/\/www.aritco.com\/about-aritco\/"}]}},"_links":{"self":[{"href":"https:\/\/www.aritco.com\/vi\/wp-json\/wp\/v2\/pages\/11176","targetHints":{"allow":["GET"]}}],"collection":[{"href":"https:\/\/www.aritco.com\/vi\/wp-json\/wp\/v2\/pages"}],"about":[{"href":"https:\/\/www.aritco.com\/vi\/wp-json\/wp\/v2\/types\/page"}],"author":[{"embeddable":true,"href":"https:\/\/www.aritco.com\/vi\/wp-json\/wp\/v2\/users\/12"}],"replies":[{"embeddable":true,"href":"https:\/\/www.aritco.com\/vi\/wp-json\/wp\/v2\/comments?post=11176"}],"version-history":[{"count":11,"href":"https:\/\/www.aritco.com\/vi\/wp-json\/wp\/v2\/pages\/11176\/revisions"}],"predecessor-version":[{"id":65853,"href":"https:\/\/www.aritco.com\/vi\/wp-json\/wp\/v2\/pages\/11176\/revisions\/65853"}],"up":[{"embeddable":true,"href":"https:\/\/www.aritco.com\/vi\/wp-json\/wp\/v2\/pages\/11155"}],"wp:attachment":[{"href":"https:\/\/www.aritco.com\/vi\/wp-json\/wp\/v2\/media?parent=11176"}],"curies":[{"name":"wp","href":"https:\/\/api.w.org\/{rel}","templated":true}]}}