{"id":11155,"date":"2019-05-10T12:44:40","date_gmt":"2019-05-10T10:44:40","guid":{"rendered":"https:\/\/aritco.kumpan.dev\/products\/public-lifts\/"},"modified":"2025-05-22T11:11:22","modified_gmt":"2025-05-22T09:11:22","slug":"thang-may-cong-cong","status":"publish","type":"page","link":"https:\/\/www.aritco.com\/vi\/san-pham\/thang-may-cong-cong\/","title":{"rendered":"Thang m\u00e1y c\u00f4ng c\u1ed9ng"},"content":{"rendered":"<p>Our home lifts can be adapted to your home\u2019s interior and your personal taste. They combine style and functionality for any house or apartment, whether you are looking to future-proof your home or simply enjoy a modern way of life.<\/p>\n","protected":false},"excerpt":{"rendered":"<p>Our home lifts can be adapted to your home\u2019s interior and your personal taste. They combine style and functionality for any house or apartment, whether you are looking to future-proof your home or simply enjoy a modern way of life.<\/p>\n","protected":false},"author":1,"featured_media":52083,"parent":11014,"menu_order":0,"comment_status":"closed","ping_status":"closed","template":"","meta":{"_acf_changed":false,"footnotes":""},"class_list":["post-11155","page","type-page","status-publish","has-post-thumbnail","hentry"],"acf":[],"yoast_head":"<!-- This site is optimized with the Yoast SEO Premium plugin v26.6 (Yoast SEO v26.6) - https:\/\/yoast.com\/wordpress\/plugins\/seo\/ -->\n<title>Thang m\u00e1y c\u00f4ng c\u1ed9ng v\u1eeba thanh l\u1ecbch v\u1eeba ti\u1ec7n d\u1ee5ng - Aritco<\/title>\n<meta name=\"description\" content=\"T\u1ea7m nh\u00ecn c\u1ee7a ch\u00fang t\u00f4i l\u00e0 t\u1ea1o ra thang m\u00e1y cho kh\u00f4ng gian c\u00f4ng c\u1ed9ng v\u00e0 th\u01b0\u01a1ng m\u1ea1i v\u1eeba thanh l\u1ecbch v\u1eeba ti\u1ec7n d\u1ee5ng.\" \/>\n<meta name=\"robots\" content=\"index, follow, max-snippet:-1, max-image-preview:large, max-video-preview:-1\" \/>\n<link rel=\"canonical\" href=\"https:\/\/www.aritco.com\/vi\/san-pham\/thang-may-cong-cong\/\" \/>\n<meta property=\"og:locale\" content=\"vi_VN\" \/>\n<meta property=\"og:type\" content=\"article\" \/>\n<meta property=\"og:title\" content=\"Thang m\u00e1y c\u00f4ng c\u1ed9ng\" \/>\n<meta property=\"og:description\" content=\"T\u1ea7m nh\u00ecn c\u1ee7a ch\u00fang t\u00f4i l\u00e0 t\u1ea1o ra thang m\u00e1y cho kh\u00f4ng gian c\u00f4ng c\u1ed9ng v\u00e0 th\u01b0\u01a1ng m\u1ea1i v\u1eeba thanh l\u1ecbch v\u1eeba ti\u1ec7n d\u1ee5ng.\" \/>\n<meta property=\"og:url\" content=\"https:\/\/www.aritco.com\/vi\/san-pham\/thang-may-cong-cong\/\" \/>\n<meta property=\"og:site_name\" content=\"Aritco\" \/>\n<meta property=\"article:modified_time\" content=\"2025-05-22T09:11:22+00:00\" \/>\n<meta property=\"og:image\" content=\"https:\/\/www.aritco.com\/\/wp-content\/webpc-passthru.php?src=https:\/\/www.aritco.com\/wp-content\/uploads\/2020\/09\/Aritco_PublicLift_Cabin_Goteborg_11_L.jpg&nocache=1\" \/>\n<meta name=\"twitter:card\" content=\"summary_large_image\" \/>\n<meta name=\"twitter:image\" content=\"https:\/\/www.aritco.com\/\/wp-content\/webpc-passthru.php?src=https:\/\/www.aritco.com\/wp-content\/uploads\/2020\/09\/Aritco_PublicLift_Cabin_Goteborg_11_L.jpg&nocache=1\" \/>\n<meta name=\"twitter:label1\" content=\"Est. reading time\" \/>\n\t<meta name=\"twitter:data1\" content=\"1 minute\" \/>\n<script type=\"application\/ld+json\" class=\"yoast-schema-graph\">{\"@context\":\"https:\/\/schema.org\",\"@graph\":[{\"@type\":\"WebPage\",\"@id\":\"https:\/\/www.aritco.com\/vi\/san-pham\/thang-may-cong-cong\/\",\"url\":\"https:\/\/www.aritco.com\/vi\/san-pham\/thang-may-cong-cong\/\",\"name\":\"Thang m\u00e1y c\u00f4ng c\u1ed9ng v\u1eeba thanh l\u1ecbch v\u1eeba ti\u1ec7n d\u1ee5ng - Aritco\",\"isPartOf\":{\"@id\":\"https:\/\/www.aritco.com\/vi\/#website\"},\"primaryImageOfPage\":{\"@id\":\"https:\/\/www.aritco.com\/vi\/san-pham\/thang-may-cong-cong\/#primaryimage\"},\"image\":{\"@id\":\"https:\/\/www.aritco.com\/vi\/san-pham\/thang-may-cong-cong\/#primaryimage\"},\"thumbnailUrl\":\"https:\/\/www.aritco.com\/wp-content\/uploads\/2024\/05\/Aritco-PublicLift-Access-Sumo-Oslo.jpg\",\"datePublished\":\"2019-05-10T10:44:40+00:00\",\"dateModified\":\"2025-05-22T09:11:22+00:00\",\"description\":\"T\u1ea7m nh\u00ecn c\u1ee7a ch\u00fang t\u00f4i l\u00e0 t\u1ea1o ra thang m\u00e1y cho kh\u00f4ng gian c\u00f4ng c\u1ed9ng v\u00e0 th\u01b0\u01a1ng m\u1ea1i v\u1eeba thanh l\u1ecbch v\u1eeba ti\u1ec7n d\u1ee5ng.\",\"breadcrumb\":{\"@id\":\"https:\/\/www.aritco.com\/vi\/san-pham\/thang-may-cong-cong\/#breadcrumb\"},\"inLanguage\":\"vi-VN\",\"potentialAction\":[{\"@type\":\"ReadAction\",\"target\":[\"https:\/\/www.aritco.com\/vi\/san-pham\/thang-may-cong-cong\/\"]}]},{\"@type\":\"ImageObject\",\"inLanguage\":\"vi-VN\",\"@id\":\"https:\/\/www.aritco.com\/vi\/san-pham\/thang-may-cong-cong\/#primaryimage\",\"url\":\"https:\/\/www.aritco.com\/wp-content\/uploads\/2024\/05\/Aritco-PublicLift-Access-Sumo-Oslo.jpg\",\"contentUrl\":\"https:\/\/www.aritco.com\/wp-content\/uploads\/2024\/05\/Aritco-PublicLift-Access-Sumo-Oslo.jpg\",\"width\":2480,\"height\":1983},{\"@type\":\"BreadcrumbList\",\"@id\":\"https:\/\/www.aritco.com\/vi\/san-pham\/thang-may-cong-cong\/#breadcrumb\",\"itemListElement\":[{\"@type\":\"ListItem\",\"position\":1,\"name\":\"S\u1ea3n ph\u1ea9m\",\"item\":\"https:\/\/www.aritco.com\/vi\/san-pham\/\"},{\"@type\":\"ListItem\",\"position\":2,\"name\":\"Thang m\u00e1y c\u00f4ng c\u1ed9ng\"}]},{\"@type\":\"WebSite\",\"@id\":\"https:\/\/www.aritco.com\/vi\/#website\",\"url\":\"https:\/\/www.aritco.com\/vi\/\",\"name\":\"Aritco\",\"description\":\"Award-winning lifts for homes and public and commercial use\",\"publisher\":{\"@id\":\"https:\/\/www.aritco.com\/vi\/#organization\"},\"potentialAction\":[{\"@type\":\"SearchAction\",\"target\":{\"@type\":\"EntryPoint\",\"urlTemplate\":\"https:\/\/www.aritco.com\/vi\/?s={search_term_string}\"},\"query-input\":{\"@type\":\"PropertyValueSpecification\",\"valueRequired\":true,\"valueName\":\"search_term_string\"}}],\"inLanguage\":\"vi-VN\"},{\"@type\":\"Organization\",\"@id\":\"https:\/\/www.aritco.com\/vi\/#organization\",\"name\":\"Aritco\",\"url\":\"https:\/\/www.aritco.com\/vi\/\",\"logo\":{\"@type\":\"ImageObject\",\"inLanguage\":\"vi-VN\",\"@id\":\"https:\/\/www.aritco.com\/vi\/#\/schema\/logo\/image\/\",\"url\":\"https:\/\/www.aritco.com\/wp-content\/uploads\/2019\/05\/vertical-3.svg\",\"contentUrl\":\"https:\/\/www.aritco.com\/wp-content\/uploads\/2019\/05\/vertical-3.svg\",\"width\":1,\"height\":1,\"caption\":\"Aritco\"},\"image\":{\"@id\":\"https:\/\/www.aritco.com\/vi\/#\/schema\/logo\/image\/\"},\"publishingPrinciples\":\"https:\/\/www.aritco.com\/about-aritco\/\"}]}<\/script>\n<!-- \/ Yoast SEO Premium plugin. -->","yoast_head_json":{"title":"Thang m\u00e1y c\u00f4ng c\u1ed9ng v\u1eeba thanh l\u1ecbch v\u1eeba ti\u1ec7n d\u1ee5ng - Aritco","description":"T\u1ea7m nh\u00ecn c\u1ee7a ch\u00fang t\u00f4i l\u00e0 t\u1ea1o ra thang m\u00e1y cho kh\u00f4ng gian c\u00f4ng c\u1ed9ng v\u00e0 th\u01b0\u01a1ng m\u1ea1i v\u1eeba thanh l\u1ecbch v\u1eeba ti\u1ec7n d\u1ee5ng.","robots":{"index":"index","follow":"follow","max-snippet":"max-snippet:-1","max-image-preview":"max-image-preview:large","max-video-preview":"max-video-preview:-1"},"canonical":"https:\/\/www.aritco.com\/vi\/san-pham\/thang-may-cong-cong\/","og_locale":"vi_VN","og_type":"article","og_title":"Thang m\u00e1y c\u00f4ng c\u1ed9ng","og_description":"T\u1ea7m nh\u00ecn c\u1ee7a ch\u00fang t\u00f4i l\u00e0 t\u1ea1o ra thang m\u00e1y cho kh\u00f4ng gian c\u00f4ng c\u1ed9ng v\u00e0 th\u01b0\u01a1ng m\u1ea1i v\u1eeba thanh l\u1ecbch v\u1eeba ti\u1ec7n d\u1ee5ng.","og_url":"https:\/\/www.aritco.com\/vi\/san-pham\/thang-may-cong-cong\/","og_site_name":"Aritco","article_modified_time":"2025-05-22T09:11:22+00:00","og_image":[{"url":"https:\/\/www.aritco.com\/\/wp-content\/webpc-passthru.php?src=https:\/\/www.aritco.com\/wp-content\/uploads\/2020\/09\/Aritco_PublicLift_Cabin_Goteborg_11_L.jpg&nocache=1","type":"","width":"","height":""}],"twitter_card":"summary_large_image","twitter_image":"https:\/\/www.aritco.com\/\/wp-content\/webpc-passthru.php?src=https:\/\/www.aritco.com\/wp-content\/uploads\/2020\/09\/Aritco_PublicLift_Cabin_Goteborg_11_L.jpg&nocache=1","twitter_misc":{"Est. reading time":"1 minute"},"schema":{"@context":"https:\/\/schema.org","@graph":[{"@type":"WebPage","@id":"https:\/\/www.aritco.com\/vi\/san-pham\/thang-may-cong-cong\/","url":"https:\/\/www.aritco.com\/vi\/san-pham\/thang-may-cong-cong\/","name":"Thang m\u00e1y c\u00f4ng c\u1ed9ng v\u1eeba thanh l\u1ecbch v\u1eeba ti\u1ec7n d\u1ee5ng - Aritco","isPartOf":{"@id":"https:\/\/www.aritco.com\/vi\/#website"},"primaryImageOfPage":{"@id":"https:\/\/www.aritco.com\/vi\/san-pham\/thang-may-cong-cong\/#primaryimage"},"image":{"@id":"https:\/\/www.aritco.com\/vi\/san-pham\/thang-may-cong-cong\/#primaryimage"},"thumbnailUrl":"https:\/\/www.aritco.com\/wp-content\/uploads\/2024\/05\/Aritco-PublicLift-Access-Sumo-Oslo.jpg","datePublished":"2019-05-10T10:44:40+00:00","dateModified":"2025-05-22T09:11:22+00:00","description":"T\u1ea7m nh\u00ecn c\u1ee7a ch\u00fang t\u00f4i l\u00e0 t\u1ea1o ra thang m\u00e1y cho kh\u00f4ng gian c\u00f4ng c\u1ed9ng v\u00e0 th\u01b0\u01a1ng m\u1ea1i v\u1eeba thanh l\u1ecbch v\u1eeba ti\u1ec7n d\u1ee5ng.","breadcrumb":{"@id":"https:\/\/www.aritco.com\/vi\/san-pham\/thang-may-cong-cong\/#breadcrumb"},"inLanguage":"vi-VN","potentialAction":[{"@type":"ReadAction","target":["https:\/\/www.aritco.com\/vi\/san-pham\/thang-may-cong-cong\/"]}]},{"@type":"ImageObject","inLanguage":"vi-VN","@id":"https:\/\/www.aritco.com\/vi\/san-pham\/thang-may-cong-cong\/#primaryimage","url":"https:\/\/www.aritco.com\/wp-content\/uploads\/2024\/05\/Aritco-PublicLift-Access-Sumo-Oslo.jpg","contentUrl":"https:\/\/www.aritco.com\/wp-content\/uploads\/2024\/05\/Aritco-PublicLift-Access-Sumo-Oslo.jpg","width":2480,"height":1983},{"@type":"BreadcrumbList","@id":"https:\/\/www.aritco.com\/vi\/san-pham\/thang-may-cong-cong\/#breadcrumb","itemListElement":[{"@type":"ListItem","position":1,"name":"S\u1ea3n ph\u1ea9m","item":"https:\/\/www.aritco.com\/vi\/san-pham\/"},{"@type":"ListItem","position":2,"name":"Thang m\u00e1y c\u00f4ng c\u1ed9ng"}]},{"@type":"WebSite","@id":"https:\/\/www.aritco.com\/vi\/#website","url":"https:\/\/www.aritco.com\/vi\/","name":"Aritco","description":"Award-winning lifts for homes and public and commercial use","publisher":{"@id":"https:\/\/www.aritco.com\/vi\/#organization"},"potentialAction":[{"@type":"SearchAction","target":{"@type":"EntryPoint","urlTemplate":"https:\/\/www.aritco.com\/vi\/?s={search_term_string}"},"query-input":{"@type":"PropertyValueSpecification","valueRequired":true,"valueName":"search_term_string"}}],"inLanguage":"vi-VN"},{"@type":"Organization","@id":"https:\/\/www.aritco.com\/vi\/#organization","name":"Aritco","url":"https:\/\/www.aritco.com\/vi\/","logo":{"@type":"ImageObject","inLanguage":"vi-VN","@id":"https:\/\/www.aritco.com\/vi\/#\/schema\/logo\/image\/","url":"https:\/\/www.aritco.com\/wp-content\/uploads\/2019\/05\/vertical-3.svg","contentUrl":"https:\/\/www.aritco.com\/wp-content\/uploads\/2019\/05\/vertical-3.svg","width":1,"height":1,"caption":"Aritco"},"image":{"@id":"https:\/\/www.aritco.com\/vi\/#\/schema\/logo\/image\/"},"publishingPrinciples":"https:\/\/www.aritco.com\/about-aritco\/"}]}},"_links":{"self":[{"href":"https:\/\/www.aritco.com\/vi\/wp-json\/wp\/v2\/pages\/11155","targetHints":{"allow":["GET"]}}],"collection":[{"href":"https:\/\/www.aritco.com\/vi\/wp-json\/wp\/v2\/pages"}],"about":[{"href":"https:\/\/www.aritco.com\/vi\/wp-json\/wp\/v2\/types\/page"}],"author":[{"embeddable":true,"href":"https:\/\/www.aritco.com\/vi\/wp-json\/wp\/v2\/users\/1"}],"replies":[{"embeddable":true,"href":"https:\/\/www.aritco.com\/vi\/wp-json\/wp\/v2\/comments?post=11155"}],"version-history":[{"count":8,"href":"https:\/\/www.aritco.com\/vi\/wp-json\/wp\/v2\/pages\/11155\/revisions"}],"predecessor-version":[{"id":60407,"href":"https:\/\/www.aritco.com\/vi\/wp-json\/wp\/v2\/pages\/11155\/revisions\/60407"}],"up":[{"embeddable":true,"href":"https:\/\/www.aritco.com\/vi\/wp-json\/wp\/v2\/pages\/11014"}],"wp:featuredmedia":[{"embeddable":true,"href":"https:\/\/www.aritco.com\/vi\/wp-json\/wp\/v2\/media\/52083"}],"wp:attachment":[{"href":"https:\/\/www.aritco.com\/vi\/wp-json\/wp\/v2\/media?parent=11155"}],"curies":[{"name":"wp","href":"https:\/\/api.w.org\/{rel}","templated":true}]}}