{"id":11135,"date":"2020-06-11T16:25:41","date_gmt":"2020-06-11T14:25:41","guid":{"rendered":"https:\/\/aritco.kumpan.dev\/products\/home-lifts\/order-homekit\/"},"modified":"2025-08-29T16:49:17","modified_gmt":"2025-08-29T14:49:17","slug":"dat-mot-homekit","status":"publish","type":"page","link":"https:\/\/www.aritco.com\/vi\/san-pham\/thang-may-gia-dinh\/dat-mot-homekit\/","title":{"rendered":"\u0110\u1eb7t mua Digital HomeKit"},"content":{"rendered":"","protected":false},"excerpt":{"rendered":"","protected":false},"author":12,"featured_media":0,"parent":11068,"menu_order":0,"comment_status":"closed","ping_status":"closed","template":"","meta":{"_acf_changed":false,"footnotes":""},"class_list":["post-11135","page","type-page","status-publish","hentry"],"acf":[],"yoast_head":"<!-- This site is optimized with the Yoast SEO Premium plugin v26.6 (Yoast SEO v26.6) - https:\/\/yoast.com\/wordpress\/plugins\/seo\/ -->\n<title>\u0110\u1eb7t mua HomeKit \u0111\u1ec3 d\u1ec5 d\u00e0ng l\u00ean k\u1ebf ho\u1ea1ch cho thang m\u00e1y t\u1ea1i nh\u00e0 m\u1edbi | Aritco<\/title>\n<meta name=\"description\" content=\"Nh\u1eadn HomeKit k\u1ef9 thu\u1eadt s\u1ed1 gi\u00fap b\u1ea1n l\u1eadp k\u1ebf ho\u1ea1ch cho thang m\u00e1y n\u1ed9i \u0111\u1ecba m\u1edbi d\u1ec5 d\u00e0ng h\u01a1n. \u0110\u1eb7t mua HomeKit k\u1ef9 thu\u1eadt s\u1ed1 c\u1ee7a ch\u00fang t\u00f4i ngay h\u00f4m nay!\" \/>\n<meta name=\"robots\" content=\"index, follow, max-snippet:-1, max-image-preview:large, max-video-preview:-1\" \/>\n<link rel=\"canonical\" href=\"https:\/\/www.aritco.com\/vi\/san-pham\/thang-may-gia-dinh\/dat-mot-homekit\/\" \/>\n<meta property=\"og:locale\" content=\"vi_VN\" \/>\n<meta property=\"og:type\" content=\"article\" \/>\n<meta property=\"og:title\" content=\"\u0110\u1eb7t mua HomeKit \u0111\u1ec3 d\u1ec5 d\u00e0ng l\u00ean k\u1ebf ho\u1ea1ch cho thang m\u00e1y t\u1ea1i nh\u00e0 m\u1edbi | Aritco\" \/>\n<meta property=\"og:description\" content=\"\u0110\u1eb7t h\u00e0ng Aritco HomeKit! Nh\u1eadn HomeKit k\u1ef9 thu\u1eadt s\u1ed1 gi\u00fap b\u1ea1n l\u1eadp k\u1ebf ho\u1ea1ch cho thang m\u00e1y n\u1ed9i \u0111\u1ecba m\u1edbi d\u1ec5 d\u00e0ng h\u01a1n. \u0110\u1eb7t mua HomeKit k\u1ef9 thu\u1eadt s\u1ed1 c\u1ee7a ch\u00fang t\u00f4i ngay h\u00f4m nay!\" \/>\n<meta property=\"og:url\" content=\"https:\/\/www.aritco.com\/vi\/san-pham\/thang-may-gia-dinh\/dat-mot-homekit\/\" \/>\n<meta property=\"og:site_name\" content=\"Aritco\" \/>\n<meta property=\"article:modified_time\" content=\"2025-08-29T14:49:17+00:00\" \/>\n<meta property=\"og:image\" content=\"https:\/\/www.aritco.com\/\/wp-content\/webpc-passthru.php?src=https:\/\/www.aritco.com\/wp-content\/uploads\/2020\/02\/AHL-Sollentuna-kitchen-entrance-2.jpg&nocache=1\" \/>\n<meta name=\"twitter:card\" content=\"summary_large_image\" \/>\n<meta name=\"twitter:title\" content=\"\u0110\u1eb7t mua HomeKit \u0111\u1ec3 d\u1ec5 d\u00e0ng l\u00ean k\u1ebf ho\u1ea1ch cho thang m\u00e1y t\u1ea1i nh\u00e0 m\u1edbi | Aritco\" \/>\n<meta name=\"twitter:description\" content=\"\u0110\u1eb7t h\u00e0ng Aritco HomeKit! Nh\u1eadn HomeKit k\u1ef9 thu\u1eadt s\u1ed1 gi\u00fap b\u1ea1n l\u1eadp k\u1ebf ho\u1ea1ch cho thang m\u00e1y n\u1ed9i \u0111\u1ecba m\u1edbi d\u1ec5 d\u00e0ng h\u01a1n. \u0110\u1eb7t mua HomeKit k\u1ef9 thu\u1eadt s\u1ed1 c\u1ee7a ch\u00fang t\u00f4i ngay h\u00f4m nay!\" \/>\n<meta name=\"twitter:image\" content=\"https:\/\/www.aritco.com\/\/wp-content\/webpc-passthru.php?src=https:\/\/www.aritco.com\/wp-content\/uploads\/2020\/02\/AHL-Sollentuna-kitchen-entrance-2.jpg&nocache=1\" \/>\n<script type=\"application\/ld+json\" class=\"yoast-schema-graph\">{\"@context\":\"https:\/\/schema.org\",\"@graph\":[{\"@type\":\"WebPage\",\"@id\":\"https:\/\/www.aritco.com\/vi\/san-pham\/thang-may-gia-dinh\/dat-mot-homekit\/\",\"url\":\"https:\/\/www.aritco.com\/vi\/san-pham\/thang-may-gia-dinh\/dat-mot-homekit\/\",\"name\":\"\u0110\u1eb7t mua HomeKit \u0111\u1ec3 d\u1ec5 d\u00e0ng l\u00ean k\u1ebf ho\u1ea1ch cho thang m\u00e1y t\u1ea1i nh\u00e0 m\u1edbi | Aritco\",\"isPartOf\":{\"@id\":\"https:\/\/www.aritco.com\/vi\/#website\"},\"datePublished\":\"2020-06-11T14:25:41+00:00\",\"dateModified\":\"2025-08-29T14:49:17+00:00\",\"description\":\"Nh\u1eadn HomeKit k\u1ef9 thu\u1eadt s\u1ed1 gi\u00fap b\u1ea1n l\u1eadp k\u1ebf ho\u1ea1ch cho thang m\u00e1y n\u1ed9i \u0111\u1ecba m\u1edbi d\u1ec5 d\u00e0ng h\u01a1n. \u0110\u1eb7t mua HomeKit k\u1ef9 thu\u1eadt s\u1ed1 c\u1ee7a ch\u00fang t\u00f4i ngay h\u00f4m nay!\",\"breadcrumb\":{\"@id\":\"https:\/\/www.aritco.com\/vi\/san-pham\/thang-may-gia-dinh\/dat-mot-homekit\/#breadcrumb\"},\"inLanguage\":\"vi-VN\",\"potentialAction\":[{\"@type\":\"ReadAction\",\"target\":[\"https:\/\/www.aritco.com\/vi\/san-pham\/thang-may-gia-dinh\/dat-mot-homekit\/\"]}]},{\"@type\":\"BreadcrumbList\",\"@id\":\"https:\/\/www.aritco.com\/vi\/san-pham\/thang-may-gia-dinh\/dat-mot-homekit\/#breadcrumb\",\"itemListElement\":[{\"@type\":\"ListItem\",\"position\":1,\"name\":\"S\u1ea3n ph\u1ea9m\",\"item\":\"https:\/\/www.aritco.com\/vi\/san-pham\/\"},{\"@type\":\"ListItem\",\"position\":2,\"name\":\"Thang m\u00e1y gia \u0111\u00ecnh\",\"item\":\"https:\/\/www.aritco.com\/vi\/san-pham\/thang-may-gia-dinh\/\"},{\"@type\":\"ListItem\",\"position\":3,\"name\":\"\u0110\u1eb7t mua Digital HomeKit\"}]},{\"@type\":\"WebSite\",\"@id\":\"https:\/\/www.aritco.com\/vi\/#website\",\"url\":\"https:\/\/www.aritco.com\/vi\/\",\"name\":\"Aritco\",\"description\":\"Award-winning lifts for homes and public and commercial use\",\"publisher\":{\"@id\":\"https:\/\/www.aritco.com\/vi\/#organization\"},\"potentialAction\":[{\"@type\":\"SearchAction\",\"target\":{\"@type\":\"EntryPoint\",\"urlTemplate\":\"https:\/\/www.aritco.com\/vi\/?s={search_term_string}\"},\"query-input\":{\"@type\":\"PropertyValueSpecification\",\"valueRequired\":true,\"valueName\":\"search_term_string\"}}],\"inLanguage\":\"vi-VN\"},{\"@type\":\"Organization\",\"@id\":\"https:\/\/www.aritco.com\/vi\/#organization\",\"name\":\"Aritco\",\"url\":\"https:\/\/www.aritco.com\/vi\/\",\"logo\":{\"@type\":\"ImageObject\",\"inLanguage\":\"vi-VN\",\"@id\":\"https:\/\/www.aritco.com\/vi\/#\/schema\/logo\/image\/\",\"url\":\"https:\/\/www.aritco.com\/wp-content\/uploads\/2019\/05\/vertical-3.svg\",\"contentUrl\":\"https:\/\/www.aritco.com\/wp-content\/uploads\/2019\/05\/vertical-3.svg\",\"width\":1,\"height\":1,\"caption\":\"Aritco\"},\"image\":{\"@id\":\"https:\/\/www.aritco.com\/vi\/#\/schema\/logo\/image\/\"},\"publishingPrinciples\":\"https:\/\/www.aritco.com\/about-aritco\/\"}]}<\/script>\n<!-- \/ Yoast SEO Premium plugin. -->","yoast_head_json":{"title":"\u0110\u1eb7t mua HomeKit \u0111\u1ec3 d\u1ec5 d\u00e0ng l\u00ean k\u1ebf ho\u1ea1ch cho thang m\u00e1y t\u1ea1i nh\u00e0 m\u1edbi | Aritco","description":"Nh\u1eadn HomeKit k\u1ef9 thu\u1eadt s\u1ed1 gi\u00fap b\u1ea1n l\u1eadp k\u1ebf ho\u1ea1ch cho thang m\u00e1y n\u1ed9i \u0111\u1ecba m\u1edbi d\u1ec5 d\u00e0ng h\u01a1n. \u0110\u1eb7t mua HomeKit k\u1ef9 thu\u1eadt s\u1ed1 c\u1ee7a ch\u00fang t\u00f4i ngay h\u00f4m nay!","robots":{"index":"index","follow":"follow","max-snippet":"max-snippet:-1","max-image-preview":"max-image-preview:large","max-video-preview":"max-video-preview:-1"},"canonical":"https:\/\/www.aritco.com\/vi\/san-pham\/thang-may-gia-dinh\/dat-mot-homekit\/","og_locale":"vi_VN","og_type":"article","og_title":"\u0110\u1eb7t mua HomeKit \u0111\u1ec3 d\u1ec5 d\u00e0ng l\u00ean k\u1ebf ho\u1ea1ch cho thang m\u00e1y t\u1ea1i nh\u00e0 m\u1edbi | Aritco","og_description":"\u0110\u1eb7t h\u00e0ng Aritco HomeKit! Nh\u1eadn HomeKit k\u1ef9 thu\u1eadt s\u1ed1 gi\u00fap b\u1ea1n l\u1eadp k\u1ebf ho\u1ea1ch cho thang m\u00e1y n\u1ed9i \u0111\u1ecba m\u1edbi d\u1ec5 d\u00e0ng h\u01a1n. \u0110\u1eb7t mua HomeKit k\u1ef9 thu\u1eadt s\u1ed1 c\u1ee7a ch\u00fang t\u00f4i ngay h\u00f4m nay!","og_url":"https:\/\/www.aritco.com\/vi\/san-pham\/thang-may-gia-dinh\/dat-mot-homekit\/","og_site_name":"Aritco","article_modified_time":"2025-08-29T14:49:17+00:00","og_image":[{"url":"https:\/\/www.aritco.com\/\/wp-content\/webpc-passthru.php?src=https:\/\/www.aritco.com\/wp-content\/uploads\/2020\/02\/AHL-Sollentuna-kitchen-entrance-2.jpg&nocache=1","type":"","width":"","height":""}],"twitter_card":"summary_large_image","twitter_title":"\u0110\u1eb7t mua HomeKit \u0111\u1ec3 d\u1ec5 d\u00e0ng l\u00ean k\u1ebf ho\u1ea1ch cho thang m\u00e1y t\u1ea1i nh\u00e0 m\u1edbi | Aritco","twitter_description":"\u0110\u1eb7t h\u00e0ng Aritco HomeKit! Nh\u1eadn HomeKit k\u1ef9 thu\u1eadt s\u1ed1 gi\u00fap b\u1ea1n l\u1eadp k\u1ebf ho\u1ea1ch cho thang m\u00e1y n\u1ed9i \u0111\u1ecba m\u1edbi d\u1ec5 d\u00e0ng h\u01a1n. \u0110\u1eb7t mua HomeKit k\u1ef9 thu\u1eadt s\u1ed1 c\u1ee7a ch\u00fang t\u00f4i ngay h\u00f4m nay!","twitter_image":"https:\/\/www.aritco.com\/\/wp-content\/webpc-passthru.php?src=https:\/\/www.aritco.com\/wp-content\/uploads\/2020\/02\/AHL-Sollentuna-kitchen-entrance-2.jpg&nocache=1","schema":{"@context":"https:\/\/schema.org","@graph":[{"@type":"WebPage","@id":"https:\/\/www.aritco.com\/vi\/san-pham\/thang-may-gia-dinh\/dat-mot-homekit\/","url":"https:\/\/www.aritco.com\/vi\/san-pham\/thang-may-gia-dinh\/dat-mot-homekit\/","name":"\u0110\u1eb7t mua HomeKit \u0111\u1ec3 d\u1ec5 d\u00e0ng l\u00ean k\u1ebf ho\u1ea1ch cho thang m\u00e1y t\u1ea1i nh\u00e0 m\u1edbi | Aritco","isPartOf":{"@id":"https:\/\/www.aritco.com\/vi\/#website"},"datePublished":"2020-06-11T14:25:41+00:00","dateModified":"2025-08-29T14:49:17+00:00","description":"Nh\u1eadn HomeKit k\u1ef9 thu\u1eadt s\u1ed1 gi\u00fap b\u1ea1n l\u1eadp k\u1ebf ho\u1ea1ch cho thang m\u00e1y n\u1ed9i \u0111\u1ecba m\u1edbi d\u1ec5 d\u00e0ng h\u01a1n. \u0110\u1eb7t mua HomeKit k\u1ef9 thu\u1eadt s\u1ed1 c\u1ee7a ch\u00fang t\u00f4i ngay h\u00f4m nay!","breadcrumb":{"@id":"https:\/\/www.aritco.com\/vi\/san-pham\/thang-may-gia-dinh\/dat-mot-homekit\/#breadcrumb"},"inLanguage":"vi-VN","potentialAction":[{"@type":"ReadAction","target":["https:\/\/www.aritco.com\/vi\/san-pham\/thang-may-gia-dinh\/dat-mot-homekit\/"]}]},{"@type":"BreadcrumbList","@id":"https:\/\/www.aritco.com\/vi\/san-pham\/thang-may-gia-dinh\/dat-mot-homekit\/#breadcrumb","itemListElement":[{"@type":"ListItem","position":1,"name":"S\u1ea3n ph\u1ea9m","item":"https:\/\/www.aritco.com\/vi\/san-pham\/"},{"@type":"ListItem","position":2,"name":"Thang m\u00e1y gia \u0111\u00ecnh","item":"https:\/\/www.aritco.com\/vi\/san-pham\/thang-may-gia-dinh\/"},{"@type":"ListItem","position":3,"name":"\u0110\u1eb7t mua Digital HomeKit"}]},{"@type":"WebSite","@id":"https:\/\/www.aritco.com\/vi\/#website","url":"https:\/\/www.aritco.com\/vi\/","name":"Aritco","description":"Award-winning lifts for homes and public and commercial use","publisher":{"@id":"https:\/\/www.aritco.com\/vi\/#organization"},"potentialAction":[{"@type":"SearchAction","target":{"@type":"EntryPoint","urlTemplate":"https:\/\/www.aritco.com\/vi\/?s={search_term_string}"},"query-input":{"@type":"PropertyValueSpecification","valueRequired":true,"valueName":"search_term_string"}}],"inLanguage":"vi-VN"},{"@type":"Organization","@id":"https:\/\/www.aritco.com\/vi\/#organization","name":"Aritco","url":"https:\/\/www.aritco.com\/vi\/","logo":{"@type":"ImageObject","inLanguage":"vi-VN","@id":"https:\/\/www.aritco.com\/vi\/#\/schema\/logo\/image\/","url":"https:\/\/www.aritco.com\/wp-content\/uploads\/2019\/05\/vertical-3.svg","contentUrl":"https:\/\/www.aritco.com\/wp-content\/uploads\/2019\/05\/vertical-3.svg","width":1,"height":1,"caption":"Aritco"},"image":{"@id":"https:\/\/www.aritco.com\/vi\/#\/schema\/logo\/image\/"},"publishingPrinciples":"https:\/\/www.aritco.com\/about-aritco\/"}]}},"_links":{"self":[{"href":"https:\/\/www.aritco.com\/vi\/wp-json\/wp\/v2\/pages\/11135","targetHints":{"allow":["GET"]}}],"collection":[{"href":"https:\/\/www.aritco.com\/vi\/wp-json\/wp\/v2\/pages"}],"about":[{"href":"https:\/\/www.aritco.com\/vi\/wp-json\/wp\/v2\/types\/page"}],"author":[{"embeddable":true,"href":"https:\/\/www.aritco.com\/vi\/wp-json\/wp\/v2\/users\/12"}],"replies":[{"embeddable":true,"href":"https:\/\/www.aritco.com\/vi\/wp-json\/wp\/v2\/comments?post=11135"}],"version-history":[{"count":3,"href":"https:\/\/www.aritco.com\/vi\/wp-json\/wp\/v2\/pages\/11135\/revisions"}],"predecessor-version":[{"id":62008,"href":"https:\/\/www.aritco.com\/vi\/wp-json\/wp\/v2\/pages\/11135\/revisions\/62008"}],"up":[{"embeddable":true,"href":"https:\/\/www.aritco.com\/vi\/wp-json\/wp\/v2\/pages\/11068"}],"wp:attachment":[{"href":"https:\/\/www.aritco.com\/vi\/wp-json\/wp\/v2\/media?parent=11135"}],"curies":[{"name":"wp","href":"https:\/\/api.w.org\/{rel}","templated":true}]}}