{"id":11119,"date":"2023-09-08T11:06:20","date_gmt":"2023-09-08T09:06:20","guid":{"rendered":"https:\/\/aritco.kumpan.dev\/products\/home-lifts\/buy-home-lift\/"},"modified":"2025-08-20T16:11:43","modified_gmt":"2025-08-20T14:11:43","slug":"cach-mua-thang-may-gia-dinh","status":"publish","type":"page","link":"https:\/\/www.aritco.com\/vi\/san-pham\/thang-may-gia-dinh\/cach-mua-thang-may-gia-dinh\/","title":{"rendered":"C\u00e1ch mua thang m\u00e1y gia \u0111\u00ecnh"},"content":{"rendered":"","protected":false},"excerpt":{"rendered":"","protected":false},"author":12,"featured_media":29688,"parent":11068,"menu_order":0,"comment_status":"closed","ping_status":"closed","template":"","meta":{"_acf_changed":false,"footnotes":""},"class_list":["post-11119","page","type-page","status-publish","has-post-thumbnail","hentry"],"acf":[],"yoast_head":"<!-- This site is optimized with the Yoast SEO Premium plugin v26.6 (Yoast SEO v26.6) - https:\/\/yoast.com\/wordpress\/plugins\/seo\/ -->\n<title>L\u00e0m th\u1ebf n\u00e0o \u0111\u1ec3 mua thang m\u00e1y nh\u00e0? - Ki\u1ec3m tra h\u01b0\u1edbng d\u1eabn c\u1ee7a ch\u00fang t\u00f4i - Aritco<\/title>\n<meta name=\"description\" content=\"L\u00e0m quen v\u1edbi c\u00e1c b\u01b0\u1edbc mua thang m\u00e1y nh\u00e0 c\u1ee7a ri\u00eang b\u1ea1n. Ch\u00fang t\u00f4i \u1edf \u0111\u00e2y \u0111\u1ec3 gi\u00fap b\u1ea1n trong h\u00e0nh tr\u00ecnh s\u1edf h\u1eefu m\u1ed9t ng\u00f4i nh\u00e0 ti\u1ec7n nghi h\u01a1n!\" \/>\n<meta name=\"robots\" content=\"index, follow, max-snippet:-1, max-image-preview:large, max-video-preview:-1\" \/>\n<link rel=\"canonical\" href=\"https:\/\/www.aritco.com\/vi\/san-pham\/thang-may-gia-dinh\/cach-mua-thang-may-gia-dinh\/\" \/>\n<meta property=\"og:locale\" content=\"vi_VN\" \/>\n<meta property=\"og:type\" content=\"article\" \/>\n<meta property=\"og:title\" content=\"How to buy a home elevator - we are here to help you | Aritco\" \/>\n<meta property=\"og:description\" content=\"Become familiar with the simple steps of buying your very own home elevator. We are here to help you on your journey to a more convenient home!\" \/>\n<meta property=\"og:url\" content=\"https:\/\/www.aritco.com\/vi\/san-pham\/thang-may-gia-dinh\/cach-mua-thang-may-gia-dinh\/\" \/>\n<meta property=\"og:site_name\" content=\"Aritco\" \/>\n<meta property=\"article:modified_time\" content=\"2025-08-20T14:11:43+00:00\" \/>\n<meta property=\"og:image\" content=\"https:\/\/www.aritco.com\/wp-content\/uploads\/2019\/04\/Photo-1-1018x1024.png\" \/>\n\t<meta property=\"og:image:width\" content=\"1018\" \/>\n\t<meta property=\"og:image:height\" content=\"1024\" \/>\n\t<meta property=\"og:image:type\" content=\"image\/png\" \/>\n<meta name=\"twitter:card\" content=\"summary_large_image\" \/>\n<meta name=\"twitter:title\" content=\"How to buy a home elevator - we are here to help you | Aritco\" \/>\n<meta name=\"twitter:description\" content=\"Become familiar with the simple steps of buying your very own home elevator. We are here to help you on your journey to a more convenient home!\" \/>\n<meta name=\"twitter:image\" content=\"https:\/\/www.aritco.com\/wp-content\/uploads\/2019\/04\/Photo-1.png\" \/>\n<meta name=\"twitter:label1\" content=\"Est. reading time\" \/>\n\t<meta name=\"twitter:data1\" content=\"1 minute\" \/>\n<script type=\"application\/ld+json\" class=\"yoast-schema-graph\">{\"@context\":\"https:\/\/schema.org\",\"@graph\":[{\"@type\":\"WebPage\",\"@id\":\"https:\/\/www.aritco.com\/vi\/san-pham\/thang-may-gia-dinh\/cach-mua-thang-may-gia-dinh\/\",\"url\":\"https:\/\/www.aritco.com\/vi\/san-pham\/thang-may-gia-dinh\/cach-mua-thang-may-gia-dinh\/\",\"name\":\"L\u00e0m th\u1ebf n\u00e0o \u0111\u1ec3 mua thang m\u00e1y nh\u00e0? - Ki\u1ec3m tra h\u01b0\u1edbng d\u1eabn c\u1ee7a ch\u00fang t\u00f4i - Aritco\",\"isPartOf\":{\"@id\":\"https:\/\/www.aritco.com\/vi\/#website\"},\"primaryImageOfPage\":{\"@id\":\"https:\/\/www.aritco.com\/vi\/san-pham\/thang-may-gia-dinh\/cach-mua-thang-may-gia-dinh\/#primaryimage\"},\"image\":{\"@id\":\"https:\/\/www.aritco.com\/vi\/san-pham\/thang-may-gia-dinh\/cach-mua-thang-may-gia-dinh\/#primaryimage\"},\"thumbnailUrl\":\"https:\/\/www.aritco.com\/wp-content\/uploads\/2022\/10\/SoMe-AHLCO-kitchen-large-1600x1200-1.jpg\",\"datePublished\":\"2023-09-08T09:06:20+00:00\",\"dateModified\":\"2025-08-20T14:11:43+00:00\",\"description\":\"L\u00e0m quen v\u1edbi c\u00e1c b\u01b0\u1edbc mua thang m\u00e1y nh\u00e0 c\u1ee7a ri\u00eang b\u1ea1n. Ch\u00fang t\u00f4i \u1edf \u0111\u00e2y \u0111\u1ec3 gi\u00fap b\u1ea1n trong h\u00e0nh tr\u00ecnh s\u1edf h\u1eefu m\u1ed9t ng\u00f4i nh\u00e0 ti\u1ec7n nghi h\u01a1n!\",\"breadcrumb\":{\"@id\":\"https:\/\/www.aritco.com\/vi\/san-pham\/thang-may-gia-dinh\/cach-mua-thang-may-gia-dinh\/#breadcrumb\"},\"inLanguage\":\"vi-VN\",\"potentialAction\":[{\"@type\":\"ReadAction\",\"target\":[\"https:\/\/www.aritco.com\/vi\/san-pham\/thang-may-gia-dinh\/cach-mua-thang-may-gia-dinh\/\"]}]},{\"@type\":\"ImageObject\",\"inLanguage\":\"vi-VN\",\"@id\":\"https:\/\/www.aritco.com\/vi\/san-pham\/thang-may-gia-dinh\/cach-mua-thang-may-gia-dinh\/#primaryimage\",\"url\":\"https:\/\/www.aritco.com\/wp-content\/uploads\/2022\/10\/SoMe-AHLCO-kitchen-large-1600x1200-1.jpg\",\"contentUrl\":\"https:\/\/www.aritco.com\/wp-content\/uploads\/2022\/10\/SoMe-AHLCO-kitchen-large-1600x1200-1.jpg\",\"width\":1600,\"height\":1200,\"caption\":\"Aritco HomeLift Compact in kitchen\"},{\"@type\":\"BreadcrumbList\",\"@id\":\"https:\/\/www.aritco.com\/vi\/san-pham\/thang-may-gia-dinh\/cach-mua-thang-may-gia-dinh\/#breadcrumb\",\"itemListElement\":[{\"@type\":\"ListItem\",\"position\":1,\"name\":\"S\u1ea3n ph\u1ea9m\",\"item\":\"https:\/\/www.aritco.com\/vi\/san-pham\/\"},{\"@type\":\"ListItem\",\"position\":2,\"name\":\"Thang m\u00e1y gia \u0111\u00ecnh\",\"item\":\"https:\/\/www.aritco.com\/vi\/san-pham\/thang-may-gia-dinh\/\"},{\"@type\":\"ListItem\",\"position\":3,\"name\":\"C\u00e1ch mua thang m\u00e1y gia \u0111\u00ecnh\"}]},{\"@type\":\"WebSite\",\"@id\":\"https:\/\/www.aritco.com\/vi\/#website\",\"url\":\"https:\/\/www.aritco.com\/vi\/\",\"name\":\"Aritco\",\"description\":\"Award-winning lifts for homes and public and commercial use\",\"publisher\":{\"@id\":\"https:\/\/www.aritco.com\/vi\/#organization\"},\"potentialAction\":[{\"@type\":\"SearchAction\",\"target\":{\"@type\":\"EntryPoint\",\"urlTemplate\":\"https:\/\/www.aritco.com\/vi\/?s={search_term_string}\"},\"query-input\":{\"@type\":\"PropertyValueSpecification\",\"valueRequired\":true,\"valueName\":\"search_term_string\"}}],\"inLanguage\":\"vi-VN\"},{\"@type\":\"Organization\",\"@id\":\"https:\/\/www.aritco.com\/vi\/#organization\",\"name\":\"Aritco\",\"url\":\"https:\/\/www.aritco.com\/vi\/\",\"logo\":{\"@type\":\"ImageObject\",\"inLanguage\":\"vi-VN\",\"@id\":\"https:\/\/www.aritco.com\/vi\/#\/schema\/logo\/image\/\",\"url\":\"https:\/\/www.aritco.com\/wp-content\/uploads\/2019\/05\/vertical-3.svg\",\"contentUrl\":\"https:\/\/www.aritco.com\/wp-content\/uploads\/2019\/05\/vertical-3.svg\",\"width\":1,\"height\":1,\"caption\":\"Aritco\"},\"image\":{\"@id\":\"https:\/\/www.aritco.com\/vi\/#\/schema\/logo\/image\/\"},\"publishingPrinciples\":\"https:\/\/www.aritco.com\/about-aritco\/\"}]}<\/script>\n<!-- \/ Yoast SEO Premium plugin. -->","yoast_head_json":{"title":"L\u00e0m th\u1ebf n\u00e0o \u0111\u1ec3 mua thang m\u00e1y nh\u00e0? - Ki\u1ec3m tra h\u01b0\u1edbng d\u1eabn c\u1ee7a ch\u00fang t\u00f4i - Aritco","description":"L\u00e0m quen v\u1edbi c\u00e1c b\u01b0\u1edbc mua thang m\u00e1y nh\u00e0 c\u1ee7a ri\u00eang b\u1ea1n. Ch\u00fang t\u00f4i \u1edf \u0111\u00e2y \u0111\u1ec3 gi\u00fap b\u1ea1n trong h\u00e0nh tr\u00ecnh s\u1edf h\u1eefu m\u1ed9t ng\u00f4i nh\u00e0 ti\u1ec7n nghi h\u01a1n!","robots":{"index":"index","follow":"follow","max-snippet":"max-snippet:-1","max-image-preview":"max-image-preview:large","max-video-preview":"max-video-preview:-1"},"canonical":"https:\/\/www.aritco.com\/vi\/san-pham\/thang-may-gia-dinh\/cach-mua-thang-may-gia-dinh\/","og_locale":"vi_VN","og_type":"article","og_title":"How to buy a home elevator - we are here to help you | Aritco","og_description":"Become familiar with the simple steps of buying your very own home elevator. We are here to help you on your journey to a more convenient home!","og_url":"https:\/\/www.aritco.com\/vi\/san-pham\/thang-may-gia-dinh\/cach-mua-thang-may-gia-dinh\/","og_site_name":"Aritco","article_modified_time":"2025-08-20T14:11:43+00:00","og_image":[{"width":1018,"height":1024,"url":"https:\/\/www.aritco.com\/wp-content\/uploads\/2019\/04\/Photo-1-1018x1024.png","type":"image\/png"}],"twitter_card":"summary_large_image","twitter_title":"How to buy a home elevator - we are here to help you | Aritco","twitter_description":"Become familiar with the simple steps of buying your very own home elevator. We are here to help you on your journey to a more convenient home!","twitter_image":"https:\/\/www.aritco.com\/wp-content\/uploads\/2019\/04\/Photo-1.png","twitter_misc":{"Est. reading time":"1 minute"},"schema":{"@context":"https:\/\/schema.org","@graph":[{"@type":"WebPage","@id":"https:\/\/www.aritco.com\/vi\/san-pham\/thang-may-gia-dinh\/cach-mua-thang-may-gia-dinh\/","url":"https:\/\/www.aritco.com\/vi\/san-pham\/thang-may-gia-dinh\/cach-mua-thang-may-gia-dinh\/","name":"L\u00e0m th\u1ebf n\u00e0o \u0111\u1ec3 mua thang m\u00e1y nh\u00e0? - Ki\u1ec3m tra h\u01b0\u1edbng d\u1eabn c\u1ee7a ch\u00fang t\u00f4i - Aritco","isPartOf":{"@id":"https:\/\/www.aritco.com\/vi\/#website"},"primaryImageOfPage":{"@id":"https:\/\/www.aritco.com\/vi\/san-pham\/thang-may-gia-dinh\/cach-mua-thang-may-gia-dinh\/#primaryimage"},"image":{"@id":"https:\/\/www.aritco.com\/vi\/san-pham\/thang-may-gia-dinh\/cach-mua-thang-may-gia-dinh\/#primaryimage"},"thumbnailUrl":"https:\/\/www.aritco.com\/wp-content\/uploads\/2022\/10\/SoMe-AHLCO-kitchen-large-1600x1200-1.jpg","datePublished":"2023-09-08T09:06:20+00:00","dateModified":"2025-08-20T14:11:43+00:00","description":"L\u00e0m quen v\u1edbi c\u00e1c b\u01b0\u1edbc mua thang m\u00e1y nh\u00e0 c\u1ee7a ri\u00eang b\u1ea1n. Ch\u00fang t\u00f4i \u1edf \u0111\u00e2y \u0111\u1ec3 gi\u00fap b\u1ea1n trong h\u00e0nh tr\u00ecnh s\u1edf h\u1eefu m\u1ed9t ng\u00f4i nh\u00e0 ti\u1ec7n nghi h\u01a1n!","breadcrumb":{"@id":"https:\/\/www.aritco.com\/vi\/san-pham\/thang-may-gia-dinh\/cach-mua-thang-may-gia-dinh\/#breadcrumb"},"inLanguage":"vi-VN","potentialAction":[{"@type":"ReadAction","target":["https:\/\/www.aritco.com\/vi\/san-pham\/thang-may-gia-dinh\/cach-mua-thang-may-gia-dinh\/"]}]},{"@type":"ImageObject","inLanguage":"vi-VN","@id":"https:\/\/www.aritco.com\/vi\/san-pham\/thang-may-gia-dinh\/cach-mua-thang-may-gia-dinh\/#primaryimage","url":"https:\/\/www.aritco.com\/wp-content\/uploads\/2022\/10\/SoMe-AHLCO-kitchen-large-1600x1200-1.jpg","contentUrl":"https:\/\/www.aritco.com\/wp-content\/uploads\/2022\/10\/SoMe-AHLCO-kitchen-large-1600x1200-1.jpg","width":1600,"height":1200,"caption":"Aritco HomeLift Compact in kitchen"},{"@type":"BreadcrumbList","@id":"https:\/\/www.aritco.com\/vi\/san-pham\/thang-may-gia-dinh\/cach-mua-thang-may-gia-dinh\/#breadcrumb","itemListElement":[{"@type":"ListItem","position":1,"name":"S\u1ea3n ph\u1ea9m","item":"https:\/\/www.aritco.com\/vi\/san-pham\/"},{"@type":"ListItem","position":2,"name":"Thang m\u00e1y gia \u0111\u00ecnh","item":"https:\/\/www.aritco.com\/vi\/san-pham\/thang-may-gia-dinh\/"},{"@type":"ListItem","position":3,"name":"C\u00e1ch mua thang m\u00e1y gia \u0111\u00ecnh"}]},{"@type":"WebSite","@id":"https:\/\/www.aritco.com\/vi\/#website","url":"https:\/\/www.aritco.com\/vi\/","name":"Aritco","description":"Award-winning lifts for homes and public and commercial use","publisher":{"@id":"https:\/\/www.aritco.com\/vi\/#organization"},"potentialAction":[{"@type":"SearchAction","target":{"@type":"EntryPoint","urlTemplate":"https:\/\/www.aritco.com\/vi\/?s={search_term_string}"},"query-input":{"@type":"PropertyValueSpecification","valueRequired":true,"valueName":"search_term_string"}}],"inLanguage":"vi-VN"},{"@type":"Organization","@id":"https:\/\/www.aritco.com\/vi\/#organization","name":"Aritco","url":"https:\/\/www.aritco.com\/vi\/","logo":{"@type":"ImageObject","inLanguage":"vi-VN","@id":"https:\/\/www.aritco.com\/vi\/#\/schema\/logo\/image\/","url":"https:\/\/www.aritco.com\/wp-content\/uploads\/2019\/05\/vertical-3.svg","contentUrl":"https:\/\/www.aritco.com\/wp-content\/uploads\/2019\/05\/vertical-3.svg","width":1,"height":1,"caption":"Aritco"},"image":{"@id":"https:\/\/www.aritco.com\/vi\/#\/schema\/logo\/image\/"},"publishingPrinciples":"https:\/\/www.aritco.com\/about-aritco\/"}]}},"_links":{"self":[{"href":"https:\/\/www.aritco.com\/vi\/wp-json\/wp\/v2\/pages\/11119","targetHints":{"allow":["GET"]}}],"collection":[{"href":"https:\/\/www.aritco.com\/vi\/wp-json\/wp\/v2\/pages"}],"about":[{"href":"https:\/\/www.aritco.com\/vi\/wp-json\/wp\/v2\/types\/page"}],"author":[{"embeddable":true,"href":"https:\/\/www.aritco.com\/vi\/wp-json\/wp\/v2\/users\/12"}],"replies":[{"embeddable":true,"href":"https:\/\/www.aritco.com\/vi\/wp-json\/wp\/v2\/comments?post=11119"}],"version-history":[{"count":6,"href":"https:\/\/www.aritco.com\/vi\/wp-json\/wp\/v2\/pages\/11119\/revisions"}],"predecessor-version":[{"id":61882,"href":"https:\/\/www.aritco.com\/vi\/wp-json\/wp\/v2\/pages\/11119\/revisions\/61882"}],"up":[{"embeddable":true,"href":"https:\/\/www.aritco.com\/vi\/wp-json\/wp\/v2\/pages\/11068"}],"wp:featuredmedia":[{"embeddable":true,"href":"https:\/\/www.aritco.com\/vi\/wp-json\/wp\/v2\/media\/29688"}],"wp:attachment":[{"href":"https:\/\/www.aritco.com\/vi\/wp-json\/wp\/v2\/media?parent=11119"}],"curies":[{"name":"wp","href":"https:\/\/api.w.org\/{rel}","templated":true}]}}