{"id":11068,"date":"2019-05-10T12:43:27","date_gmt":"2019-05-10T10:43:27","guid":{"rendered":"https:\/\/aritco.kumpan.dev\/products\/home-lifts\/"},"modified":"2025-06-05T14:03:21","modified_gmt":"2025-06-05T12:03:21","slug":"thang-may-gia-dinh","status":"publish","type":"page","link":"https:\/\/www.aritco.com\/vi\/san-pham\/thang-may-gia-dinh\/","title":{"rendered":"Thang m\u00e1y gia \u0111\u00ecnh"},"content":{"rendered":"","protected":false},"excerpt":{"rendered":"","protected":false},"author":1,"featured_media":58198,"parent":11014,"menu_order":0,"comment_status":"closed","ping_status":"closed","template":"","meta":{"_acf_changed":false,"footnotes":""},"class_list":["post-11068","page","type-page","status-publish","has-post-thumbnail","hentry"],"acf":[],"yoast_head":"<!-- This site is optimized with the Yoast SEO Premium plugin v26.6 (Yoast SEO v26.6) - https:\/\/yoast.com\/wordpress\/plugins\/seo\/ -->\n<title>Thang m\u00e1y gia \u0111\u00ecnh \u0111\u00e1p \u1ee9ng nhu c\u1ea7u ti\u1ec7n l\u1ee3i v\u00e0 ti\u1ebfp c\u1eadn - Aritco<\/title>\n<meta name=\"description\" content=\"C\u00e1c lo\u1ea1i thang m\u00e1y gia \u0111\u00ecnh c\u1ee7a ch\u00fang t\u00f4i \u0111\u00e1p \u1ee9ng y\u00eau c\u1ea7u c\u1ee7a b\u1ea1n v\u1ec1 kh\u1ea3 n\u0103ng ti\u1ebfp c\u1eadn v\u00e0 thi\u1ebft k\u1ebf. Xem c\u00e1c m\u00f4 h\u00ecnh c\u1ee7a ch\u00fang t\u00f4i \u1edf \u0111\u00e2y.\" \/>\n<meta name=\"robots\" content=\"index, follow, max-snippet:-1, max-image-preview:large, max-video-preview:-1\" \/>\n<link rel=\"canonical\" href=\"https:\/\/www.aritco.com\/vi\/san-pham\/thang-may-gia-dinh\/\" \/>\n<meta property=\"og:locale\" content=\"vi_VN\" \/>\n<meta property=\"og:type\" content=\"article\" \/>\n<meta property=\"og:title\" content=\"Thang m\u00e1y gia \u0111\u00ecnh - thang m\u00e1y cho m\u1ecdi nh\u00e0 | Aritco\" \/>\n<meta property=\"og:description\" content=\"Ch\u00fang t\u00f4i s\u1ea3n xu\u1ea5t ba m\u1eabu thang m\u00e1y cho gia \u0111\u00ecnh. Xem c\u00e1c lo\u1ea1i thang m\u00e1y gia \u0111\u00ecnh c\u1ee7a ch\u00fang t\u00f4i v\u00e0 ch\u1ecdn l\u1ef1a m\u1eabu ph\u00f9 h\u1ee3p nh\u1ea5t \u0111\u00e1p \u1ee9ng nhu c\u1ea7u v\u1ec1 s\u1ef1 ti\u1ec7n nghi c\u1ee7a b\u1ea1n!\" \/>\n<meta property=\"og:url\" content=\"https:\/\/www.aritco.com\/vi\/san-pham\/thang-may-gia-dinh\/\" \/>\n<meta property=\"og:site_name\" content=\"Aritco\" \/>\n<meta property=\"article:modified_time\" content=\"2025-06-05T12:03:21+00:00\" \/>\n<meta property=\"og:image\" content=\"https:\/\/www.aritco.com\/wp-content\/uploads\/2024\/12\/Taizhou-Jiangnan-Villa-hero-scaled.jpg\" \/>\n\t<meta property=\"og:image:width\" content=\"2560\" \/>\n\t<meta property=\"og:image:height\" content=\"1252\" \/>\n\t<meta property=\"og:image:type\" content=\"image\/jpeg\" \/>\n<meta name=\"twitter:card\" content=\"summary_large_image\" \/>\n<meta name=\"twitter:title\" content=\"Thang m\u00e1y gia \u0111\u00ecnh - thang m\u00e1y cho m\u1ecdi nh\u00e0 | Aritco\" \/>\n<meta name=\"twitter:description\" content=\"Ch\u00fang t\u00f4i s\u1ea3n xu\u1ea5t ba m\u1eabu thang m\u00e1y cho gia \u0111\u00ecnh. Xem c\u00e1c lo\u1ea1i thang m\u00e1y gia \u0111\u00ecnh c\u1ee7a ch\u00fang t\u00f4i v\u00e0 ch\u1ecdn l\u1ef1a m\u1eabu ph\u00f9 h\u1ee3p nh\u1ea5t \u0111\u00e1p \u1ee9ng nhu c\u1ea7u v\u1ec1 s\u1ef1 ti\u1ec7n nghi c\u1ee7a b\u1ea1n!\" \/>\n<meta name=\"twitter:label1\" content=\"Est. reading time\" \/>\n\t<meta name=\"twitter:data1\" content=\"1 minute\" \/>\n<script type=\"application\/ld+json\" class=\"yoast-schema-graph\">{\"@context\":\"https:\/\/schema.org\",\"@graph\":[{\"@type\":\"WebPage\",\"@id\":\"https:\/\/www.aritco.com\/vi\/san-pham\/thang-may-gia-dinh\/\",\"url\":\"https:\/\/www.aritco.com\/vi\/san-pham\/thang-may-gia-dinh\/\",\"name\":\"Thang m\u00e1y gia \u0111\u00ecnh \u0111\u00e1p \u1ee9ng nhu c\u1ea7u ti\u1ec7n l\u1ee3i v\u00e0 ti\u1ebfp c\u1eadn - Aritco\",\"isPartOf\":{\"@id\":\"https:\/\/www.aritco.com\/vi\/#website\"},\"primaryImageOfPage\":{\"@id\":\"https:\/\/www.aritco.com\/vi\/san-pham\/thang-may-gia-dinh\/#primaryimage\"},\"image\":{\"@id\":\"https:\/\/www.aritco.com\/vi\/san-pham\/thang-may-gia-dinh\/#primaryimage\"},\"thumbnailUrl\":\"https:\/\/www.aritco.com\/wp-content\/uploads\/2024\/12\/Taizhou-Jiangnan-Villa-hero-scaled.jpg\",\"datePublished\":\"2019-05-10T10:43:27+00:00\",\"dateModified\":\"2025-06-05T12:03:21+00:00\",\"description\":\"C\u00e1c lo\u1ea1i thang m\u00e1y gia \u0111\u00ecnh c\u1ee7a ch\u00fang t\u00f4i \u0111\u00e1p \u1ee9ng y\u00eau c\u1ea7u c\u1ee7a b\u1ea1n v\u1ec1 kh\u1ea3 n\u0103ng ti\u1ebfp c\u1eadn v\u00e0 thi\u1ebft k\u1ebf. Xem c\u00e1c m\u00f4 h\u00ecnh c\u1ee7a ch\u00fang t\u00f4i \u1edf \u0111\u00e2y.\",\"breadcrumb\":{\"@id\":\"https:\/\/www.aritco.com\/vi\/san-pham\/thang-may-gia-dinh\/#breadcrumb\"},\"inLanguage\":\"vi-VN\",\"potentialAction\":[{\"@type\":\"ReadAction\",\"target\":[\"https:\/\/www.aritco.com\/vi\/san-pham\/thang-may-gia-dinh\/\"]}]},{\"@type\":\"ImageObject\",\"inLanguage\":\"vi-VN\",\"@id\":\"https:\/\/www.aritco.com\/vi\/san-pham\/thang-may-gia-dinh\/#primaryimage\",\"url\":\"https:\/\/www.aritco.com\/wp-content\/uploads\/2024\/12\/Taizhou-Jiangnan-Villa-hero-scaled.jpg\",\"contentUrl\":\"https:\/\/www.aritco.com\/wp-content\/uploads\/2024\/12\/Taizhou-Jiangnan-Villa-hero-scaled.jpg\",\"width\":2560,\"height\":1252},{\"@type\":\"BreadcrumbList\",\"@id\":\"https:\/\/www.aritco.com\/vi\/san-pham\/thang-may-gia-dinh\/#breadcrumb\",\"itemListElement\":[{\"@type\":\"ListItem\",\"position\":1,\"name\":\"S\u1ea3n ph\u1ea9m\",\"item\":\"https:\/\/www.aritco.com\/vi\/san-pham\/\"},{\"@type\":\"ListItem\",\"position\":2,\"name\":\"Thang m\u00e1y gia \u0111\u00ecnh\"}]},{\"@type\":\"WebSite\",\"@id\":\"https:\/\/www.aritco.com\/vi\/#website\",\"url\":\"https:\/\/www.aritco.com\/vi\/\",\"name\":\"Aritco\",\"description\":\"Award-winning lifts for homes and public and commercial use\",\"publisher\":{\"@id\":\"https:\/\/www.aritco.com\/vi\/#organization\"},\"potentialAction\":[{\"@type\":\"SearchAction\",\"target\":{\"@type\":\"EntryPoint\",\"urlTemplate\":\"https:\/\/www.aritco.com\/vi\/?s={search_term_string}\"},\"query-input\":{\"@type\":\"PropertyValueSpecification\",\"valueRequired\":true,\"valueName\":\"search_term_string\"}}],\"inLanguage\":\"vi-VN\"},{\"@type\":\"Organization\",\"@id\":\"https:\/\/www.aritco.com\/vi\/#organization\",\"name\":\"Aritco\",\"url\":\"https:\/\/www.aritco.com\/vi\/\",\"logo\":{\"@type\":\"ImageObject\",\"inLanguage\":\"vi-VN\",\"@id\":\"https:\/\/www.aritco.com\/vi\/#\/schema\/logo\/image\/\",\"url\":\"https:\/\/www.aritco.com\/wp-content\/uploads\/2019\/05\/vertical-3.svg\",\"contentUrl\":\"https:\/\/www.aritco.com\/wp-content\/uploads\/2019\/05\/vertical-3.svg\",\"width\":1,\"height\":1,\"caption\":\"Aritco\"},\"image\":{\"@id\":\"https:\/\/www.aritco.com\/vi\/#\/schema\/logo\/image\/\"},\"publishingPrinciples\":\"https:\/\/www.aritco.com\/about-aritco\/\"}]}<\/script>\n<!-- \/ Yoast SEO Premium plugin. -->","yoast_head_json":{"title":"Thang m\u00e1y gia \u0111\u00ecnh \u0111\u00e1p \u1ee9ng nhu c\u1ea7u ti\u1ec7n l\u1ee3i v\u00e0 ti\u1ebfp c\u1eadn - Aritco","description":"C\u00e1c lo\u1ea1i thang m\u00e1y gia \u0111\u00ecnh c\u1ee7a ch\u00fang t\u00f4i \u0111\u00e1p \u1ee9ng y\u00eau c\u1ea7u c\u1ee7a b\u1ea1n v\u1ec1 kh\u1ea3 n\u0103ng ti\u1ebfp c\u1eadn v\u00e0 thi\u1ebft k\u1ebf. Xem c\u00e1c m\u00f4 h\u00ecnh c\u1ee7a ch\u00fang t\u00f4i \u1edf \u0111\u00e2y.","robots":{"index":"index","follow":"follow","max-snippet":"max-snippet:-1","max-image-preview":"max-image-preview:large","max-video-preview":"max-video-preview:-1"},"canonical":"https:\/\/www.aritco.com\/vi\/san-pham\/thang-may-gia-dinh\/","og_locale":"vi_VN","og_type":"article","og_title":"Thang m\u00e1y gia \u0111\u00ecnh - thang m\u00e1y cho m\u1ecdi nh\u00e0 | Aritco","og_description":"Ch\u00fang t\u00f4i s\u1ea3n xu\u1ea5t ba m\u1eabu thang m\u00e1y cho gia \u0111\u00ecnh. Xem c\u00e1c lo\u1ea1i thang m\u00e1y gia \u0111\u00ecnh c\u1ee7a ch\u00fang t\u00f4i v\u00e0 ch\u1ecdn l\u1ef1a m\u1eabu ph\u00f9 h\u1ee3p nh\u1ea5t \u0111\u00e1p \u1ee9ng nhu c\u1ea7u v\u1ec1 s\u1ef1 ti\u1ec7n nghi c\u1ee7a b\u1ea1n!","og_url":"https:\/\/www.aritco.com\/vi\/san-pham\/thang-may-gia-dinh\/","og_site_name":"Aritco","article_modified_time":"2025-06-05T12:03:21+00:00","og_image":[{"width":2560,"height":1252,"url":"https:\/\/www.aritco.com\/wp-content\/uploads\/2024\/12\/Taizhou-Jiangnan-Villa-hero-scaled.jpg","type":"image\/jpeg"}],"twitter_card":"summary_large_image","twitter_title":"Thang m\u00e1y gia \u0111\u00ecnh - thang m\u00e1y cho m\u1ecdi nh\u00e0 | Aritco","twitter_description":"Ch\u00fang t\u00f4i s\u1ea3n xu\u1ea5t ba m\u1eabu thang m\u00e1y cho gia \u0111\u00ecnh. Xem c\u00e1c lo\u1ea1i thang m\u00e1y gia \u0111\u00ecnh c\u1ee7a ch\u00fang t\u00f4i v\u00e0 ch\u1ecdn l\u1ef1a m\u1eabu ph\u00f9 h\u1ee3p nh\u1ea5t \u0111\u00e1p \u1ee9ng nhu c\u1ea7u v\u1ec1 s\u1ef1 ti\u1ec7n nghi c\u1ee7a b\u1ea1n!","twitter_misc":{"Est. reading time":"1 minute"},"schema":{"@context":"https:\/\/schema.org","@graph":[{"@type":"WebPage","@id":"https:\/\/www.aritco.com\/vi\/san-pham\/thang-may-gia-dinh\/","url":"https:\/\/www.aritco.com\/vi\/san-pham\/thang-may-gia-dinh\/","name":"Thang m\u00e1y gia \u0111\u00ecnh \u0111\u00e1p \u1ee9ng nhu c\u1ea7u ti\u1ec7n l\u1ee3i v\u00e0 ti\u1ebfp c\u1eadn - Aritco","isPartOf":{"@id":"https:\/\/www.aritco.com\/vi\/#website"},"primaryImageOfPage":{"@id":"https:\/\/www.aritco.com\/vi\/san-pham\/thang-may-gia-dinh\/#primaryimage"},"image":{"@id":"https:\/\/www.aritco.com\/vi\/san-pham\/thang-may-gia-dinh\/#primaryimage"},"thumbnailUrl":"https:\/\/www.aritco.com\/wp-content\/uploads\/2024\/12\/Taizhou-Jiangnan-Villa-hero-scaled.jpg","datePublished":"2019-05-10T10:43:27+00:00","dateModified":"2025-06-05T12:03:21+00:00","description":"C\u00e1c lo\u1ea1i thang m\u00e1y gia \u0111\u00ecnh c\u1ee7a ch\u00fang t\u00f4i \u0111\u00e1p \u1ee9ng y\u00eau c\u1ea7u c\u1ee7a b\u1ea1n v\u1ec1 kh\u1ea3 n\u0103ng ti\u1ebfp c\u1eadn v\u00e0 thi\u1ebft k\u1ebf. Xem c\u00e1c m\u00f4 h\u00ecnh c\u1ee7a ch\u00fang t\u00f4i \u1edf \u0111\u00e2y.","breadcrumb":{"@id":"https:\/\/www.aritco.com\/vi\/san-pham\/thang-may-gia-dinh\/#breadcrumb"},"inLanguage":"vi-VN","potentialAction":[{"@type":"ReadAction","target":["https:\/\/www.aritco.com\/vi\/san-pham\/thang-may-gia-dinh\/"]}]},{"@type":"ImageObject","inLanguage":"vi-VN","@id":"https:\/\/www.aritco.com\/vi\/san-pham\/thang-may-gia-dinh\/#primaryimage","url":"https:\/\/www.aritco.com\/wp-content\/uploads\/2024\/12\/Taizhou-Jiangnan-Villa-hero-scaled.jpg","contentUrl":"https:\/\/www.aritco.com\/wp-content\/uploads\/2024\/12\/Taizhou-Jiangnan-Villa-hero-scaled.jpg","width":2560,"height":1252},{"@type":"BreadcrumbList","@id":"https:\/\/www.aritco.com\/vi\/san-pham\/thang-may-gia-dinh\/#breadcrumb","itemListElement":[{"@type":"ListItem","position":1,"name":"S\u1ea3n ph\u1ea9m","item":"https:\/\/www.aritco.com\/vi\/san-pham\/"},{"@type":"ListItem","position":2,"name":"Thang m\u00e1y gia \u0111\u00ecnh"}]},{"@type":"WebSite","@id":"https:\/\/www.aritco.com\/vi\/#website","url":"https:\/\/www.aritco.com\/vi\/","name":"Aritco","description":"Award-winning lifts for homes and public and commercial use","publisher":{"@id":"https:\/\/www.aritco.com\/vi\/#organization"},"potentialAction":[{"@type":"SearchAction","target":{"@type":"EntryPoint","urlTemplate":"https:\/\/www.aritco.com\/vi\/?s={search_term_string}"},"query-input":{"@type":"PropertyValueSpecification","valueRequired":true,"valueName":"search_term_string"}}],"inLanguage":"vi-VN"},{"@type":"Organization","@id":"https:\/\/www.aritco.com\/vi\/#organization","name":"Aritco","url":"https:\/\/www.aritco.com\/vi\/","logo":{"@type":"ImageObject","inLanguage":"vi-VN","@id":"https:\/\/www.aritco.com\/vi\/#\/schema\/logo\/image\/","url":"https:\/\/www.aritco.com\/wp-content\/uploads\/2019\/05\/vertical-3.svg","contentUrl":"https:\/\/www.aritco.com\/wp-content\/uploads\/2019\/05\/vertical-3.svg","width":1,"height":1,"caption":"Aritco"},"image":{"@id":"https:\/\/www.aritco.com\/vi\/#\/schema\/logo\/image\/"},"publishingPrinciples":"https:\/\/www.aritco.com\/about-aritco\/"}]}},"_links":{"self":[{"href":"https:\/\/www.aritco.com\/vi\/wp-json\/wp\/v2\/pages\/11068","targetHints":{"allow":["GET"]}}],"collection":[{"href":"https:\/\/www.aritco.com\/vi\/wp-json\/wp\/v2\/pages"}],"about":[{"href":"https:\/\/www.aritco.com\/vi\/wp-json\/wp\/v2\/types\/page"}],"author":[{"embeddable":true,"href":"https:\/\/www.aritco.com\/vi\/wp-json\/wp\/v2\/users\/1"}],"replies":[{"embeddable":true,"href":"https:\/\/www.aritco.com\/vi\/wp-json\/wp\/v2\/comments?post=11068"}],"version-history":[{"count":13,"href":"https:\/\/www.aritco.com\/vi\/wp-json\/wp\/v2\/pages\/11068\/revisions"}],"predecessor-version":[{"id":60785,"href":"https:\/\/www.aritco.com\/vi\/wp-json\/wp\/v2\/pages\/11068\/revisions\/60785"}],"up":[{"embeddable":true,"href":"https:\/\/www.aritco.com\/vi\/wp-json\/wp\/v2\/pages\/11014"}],"wp:featuredmedia":[{"embeddable":true,"href":"https:\/\/www.aritco.com\/vi\/wp-json\/wp\/v2\/media\/58198"}],"wp:attachment":[{"href":"https:\/\/www.aritco.com\/vi\/wp-json\/wp\/v2\/media?parent=11068"}],"curies":[{"name":"wp","href":"https:\/\/api.w.org\/{rel}","templated":true}]}}