{"id":11014,"date":"2019-05-09T19:28:08","date_gmt":"2019-05-09T17:28:08","guid":{"rendered":"https:\/\/aritco.kumpan.dev\/products\/"},"modified":"2025-05-26T13:56:49","modified_gmt":"2025-05-26T11:56:49","slug":"san-pham","status":"publish","type":"page","link":"https:\/\/www.aritco.com\/vi\/san-pham\/","title":{"rendered":"S\u1ea3n ph\u1ea9m"},"content":{"rendered":"","protected":false},"excerpt":{"rendered":"","protected":false},"author":1,"featured_media":58198,"parent":0,"menu_order":0,"comment_status":"closed","ping_status":"closed","template":"","meta":{"_acf_changed":false,"footnotes":""},"class_list":["post-11014","page","type-page","status-publish","has-post-thumbnail","hentry"],"acf":[],"yoast_head":"<!-- This site is optimized with the Yoast SEO Premium plugin v26.6 (Yoast SEO v26.6) - https:\/\/yoast.com\/wordpress\/plugins\/seo\/ -->\n<title>Thang m\u00e1y s\u1eed d\u1ee5ng cho m\u1ee5c \u0111\u00edch c\u00e1 nh\u00e2n v\u00e0 th\u01b0\u01a1ng m\u1ea1i - Aritco<\/title>\n<meta name=\"description\" content=\"Thang m\u00e1y c\u1ee7a ch\u00fang t\u00f4i l\u00e0 l\u00fd t\u01b0\u1edfng cho m\u1ed9t cu\u1ed9c s\u1ed1ng tho\u1ea3i m\u00e1i h\u01a1n \u1edf nh\u00e0 ho\u1eb7c m\u1ed9t thang m\u00e1y an to\u00e0n trong m\u00f4i tr\u01b0\u1eddng c\u00f4ng c\u1ed9ng v\u00e0 th\u01b0\u01a1ng m\u1ea1i.\" \/>\n<meta name=\"robots\" content=\"index, follow, max-snippet:-1, max-image-preview:large, max-video-preview:-1\" \/>\n<link rel=\"canonical\" href=\"https:\/\/www.aritco.com\/vi\/san-pham\/\" \/>\n<meta property=\"og:locale\" content=\"vi_VN\" \/>\n<meta property=\"og:type\" content=\"article\" \/>\n<meta property=\"og:title\" content=\"S\u1ea3n ph\u1ea9m D\u00f2ng s\u1ea3n ph\u1ea9m thang m\u00e1y b\u1ec7 c\u1ee7a ch\u00fang t\u00f4i\" \/>\n<meta property=\"og:description\" content=\"Ch\u00fang t\u00f4i cung c\u1ea5p nhi\u1ec1u lo\u1ea1i thang m\u00e1y cho gia \u0111\u00ecnh v\u00e0 kh\u00f4ng gian c\u00f4ng c\u1ed9ng v\u00e0 th\u01b0\u01a1ng m\u1ea1i.\" \/>\n<meta property=\"og:url\" content=\"https:\/\/www.aritco.com\/vi\/san-pham\/\" \/>\n<meta property=\"og:site_name\" content=\"Aritco\" \/>\n<meta property=\"article:modified_time\" content=\"2025-05-26T11:56:49+00:00\" \/>\n<meta property=\"og:image\" content=\"https:\/\/www.aritco.com\/wp-content\/uploads\/2024\/12\/Taizhou-Jiangnan-Villa-hero-scaled.jpg\" \/>\n\t<meta property=\"og:image:width\" content=\"2560\" \/>\n\t<meta property=\"og:image:height\" content=\"1252\" \/>\n\t<meta property=\"og:image:type\" content=\"image\/jpeg\" \/>\n<meta name=\"twitter:card\" content=\"summary_large_image\" \/>\n<meta name=\"twitter:title\" content=\"S\u1ea3n ph\u1ea9m D\u00f2ng s\u1ea3n ph\u1ea9m thang m\u00e1y b\u1ec7 c\u1ee7a ch\u00fang t\u00f4i\" \/>\n<meta name=\"twitter:description\" content=\"Ch\u00fang t\u00f4i cung c\u1ea5p nhi\u1ec1u lo\u1ea1i thang m\u00e1y cho gia \u0111\u00ecnh v\u00e0 kh\u00f4ng gian c\u00f4ng c\u1ed9ng v\u00e0 th\u01b0\u01a1ng m\u1ea1i.\" \/>\n<meta name=\"twitter:image\" content=\"https:\/\/www.aritco.com\/wp-content\/uploads\/2024\/12\/Taizhou-Jiangnan-Villa-hero-scaled.jpg\" \/>\n<meta name=\"twitter:label1\" content=\"Est. reading time\" \/>\n\t<meta name=\"twitter:data1\" content=\"1 minute\" \/>\n<script type=\"application\/ld+json\" class=\"yoast-schema-graph\">{\"@context\":\"https:\/\/schema.org\",\"@graph\":[{\"@type\":\"WebPage\",\"@id\":\"https:\/\/www.aritco.com\/vi\/san-pham\/\",\"url\":\"https:\/\/www.aritco.com\/vi\/san-pham\/\",\"name\":\"Thang m\u00e1y s\u1eed d\u1ee5ng cho m\u1ee5c \u0111\u00edch c\u00e1 nh\u00e2n v\u00e0 th\u01b0\u01a1ng m\u1ea1i - Aritco\",\"isPartOf\":{\"@id\":\"https:\/\/www.aritco.com\/vi\/#website\"},\"primaryImageOfPage\":{\"@id\":\"https:\/\/www.aritco.com\/vi\/san-pham\/#primaryimage\"},\"image\":{\"@id\":\"https:\/\/www.aritco.com\/vi\/san-pham\/#primaryimage\"},\"thumbnailUrl\":\"https:\/\/www.aritco.com\/wp-content\/uploads\/2024\/12\/Taizhou-Jiangnan-Villa-hero-scaled.jpg\",\"datePublished\":\"2019-05-09T17:28:08+00:00\",\"dateModified\":\"2025-05-26T11:56:49+00:00\",\"description\":\"Thang m\u00e1y c\u1ee7a ch\u00fang t\u00f4i l\u00e0 l\u00fd t\u01b0\u1edfng cho m\u1ed9t cu\u1ed9c s\u1ed1ng tho\u1ea3i m\u00e1i h\u01a1n \u1edf nh\u00e0 ho\u1eb7c m\u1ed9t thang m\u00e1y an to\u00e0n trong m\u00f4i tr\u01b0\u1eddng c\u00f4ng c\u1ed9ng v\u00e0 th\u01b0\u01a1ng m\u1ea1i.\",\"inLanguage\":\"vi-VN\",\"potentialAction\":[{\"@type\":\"ReadAction\",\"target\":[\"https:\/\/www.aritco.com\/vi\/san-pham\/\"]}]},{\"@type\":\"ImageObject\",\"inLanguage\":\"vi-VN\",\"@id\":\"https:\/\/www.aritco.com\/vi\/san-pham\/#primaryimage\",\"url\":\"https:\/\/www.aritco.com\/wp-content\/uploads\/2024\/12\/Taizhou-Jiangnan-Villa-hero-scaled.jpg\",\"contentUrl\":\"https:\/\/www.aritco.com\/wp-content\/uploads\/2024\/12\/Taizhou-Jiangnan-Villa-hero-scaled.jpg\",\"width\":2560,\"height\":1252},{\"@type\":\"WebSite\",\"@id\":\"https:\/\/www.aritco.com\/vi\/#website\",\"url\":\"https:\/\/www.aritco.com\/vi\/\",\"name\":\"Aritco\",\"description\":\"Award-winning lifts for homes and public and commercial use\",\"publisher\":{\"@id\":\"https:\/\/www.aritco.com\/vi\/#organization\"},\"potentialAction\":[{\"@type\":\"SearchAction\",\"target\":{\"@type\":\"EntryPoint\",\"urlTemplate\":\"https:\/\/www.aritco.com\/vi\/?s={search_term_string}\"},\"query-input\":{\"@type\":\"PropertyValueSpecification\",\"valueRequired\":true,\"valueName\":\"search_term_string\"}}],\"inLanguage\":\"vi-VN\"},{\"@type\":\"Organization\",\"@id\":\"https:\/\/www.aritco.com\/vi\/#organization\",\"name\":\"Aritco\",\"url\":\"https:\/\/www.aritco.com\/vi\/\",\"logo\":{\"@type\":\"ImageObject\",\"inLanguage\":\"vi-VN\",\"@id\":\"https:\/\/www.aritco.com\/vi\/#\/schema\/logo\/image\/\",\"url\":\"https:\/\/www.aritco.com\/wp-content\/uploads\/2019\/05\/vertical-3.svg\",\"contentUrl\":\"https:\/\/www.aritco.com\/wp-content\/uploads\/2019\/05\/vertical-3.svg\",\"width\":1,\"height\":1,\"caption\":\"Aritco\"},\"image\":{\"@id\":\"https:\/\/www.aritco.com\/vi\/#\/schema\/logo\/image\/\"},\"publishingPrinciples\":\"https:\/\/www.aritco.com\/about-aritco\/\"}]}<\/script>\n<!-- \/ Yoast SEO Premium plugin. -->","yoast_head_json":{"title":"Thang m\u00e1y s\u1eed d\u1ee5ng cho m\u1ee5c \u0111\u00edch c\u00e1 nh\u00e2n v\u00e0 th\u01b0\u01a1ng m\u1ea1i - Aritco","description":"Thang m\u00e1y c\u1ee7a ch\u00fang t\u00f4i l\u00e0 l\u00fd t\u01b0\u1edfng cho m\u1ed9t cu\u1ed9c s\u1ed1ng tho\u1ea3i m\u00e1i h\u01a1n \u1edf nh\u00e0 ho\u1eb7c m\u1ed9t thang m\u00e1y an to\u00e0n trong m\u00f4i tr\u01b0\u1eddng c\u00f4ng c\u1ed9ng v\u00e0 th\u01b0\u01a1ng m\u1ea1i.","robots":{"index":"index","follow":"follow","max-snippet":"max-snippet:-1","max-image-preview":"max-image-preview:large","max-video-preview":"max-video-preview:-1"},"canonical":"https:\/\/www.aritco.com\/vi\/san-pham\/","og_locale":"vi_VN","og_type":"article","og_title":"S\u1ea3n ph\u1ea9m D\u00f2ng s\u1ea3n ph\u1ea9m thang m\u00e1y b\u1ec7 c\u1ee7a ch\u00fang t\u00f4i","og_description":"Ch\u00fang t\u00f4i cung c\u1ea5p nhi\u1ec1u lo\u1ea1i thang m\u00e1y cho gia \u0111\u00ecnh v\u00e0 kh\u00f4ng gian c\u00f4ng c\u1ed9ng v\u00e0 th\u01b0\u01a1ng m\u1ea1i.","og_url":"https:\/\/www.aritco.com\/vi\/san-pham\/","og_site_name":"Aritco","article_modified_time":"2025-05-26T11:56:49+00:00","og_image":[{"width":2560,"height":1252,"url":"https:\/\/www.aritco.com\/wp-content\/uploads\/2024\/12\/Taizhou-Jiangnan-Villa-hero-scaled.jpg","type":"image\/jpeg"}],"twitter_card":"summary_large_image","twitter_title":"S\u1ea3n ph\u1ea9m D\u00f2ng s\u1ea3n ph\u1ea9m thang m\u00e1y b\u1ec7 c\u1ee7a ch\u00fang t\u00f4i","twitter_description":"Ch\u00fang t\u00f4i cung c\u1ea5p nhi\u1ec1u lo\u1ea1i thang m\u00e1y cho gia \u0111\u00ecnh v\u00e0 kh\u00f4ng gian c\u00f4ng c\u1ed9ng v\u00e0 th\u01b0\u01a1ng m\u1ea1i.","twitter_image":"https:\/\/www.aritco.com\/wp-content\/uploads\/2024\/12\/Taizhou-Jiangnan-Villa-hero-scaled.jpg","twitter_misc":{"Est. reading time":"1 minute"},"schema":{"@context":"https:\/\/schema.org","@graph":[{"@type":"WebPage","@id":"https:\/\/www.aritco.com\/vi\/san-pham\/","url":"https:\/\/www.aritco.com\/vi\/san-pham\/","name":"Thang m\u00e1y s\u1eed d\u1ee5ng cho m\u1ee5c \u0111\u00edch c\u00e1 nh\u00e2n v\u00e0 th\u01b0\u01a1ng m\u1ea1i - Aritco","isPartOf":{"@id":"https:\/\/www.aritco.com\/vi\/#website"},"primaryImageOfPage":{"@id":"https:\/\/www.aritco.com\/vi\/san-pham\/#primaryimage"},"image":{"@id":"https:\/\/www.aritco.com\/vi\/san-pham\/#primaryimage"},"thumbnailUrl":"https:\/\/www.aritco.com\/wp-content\/uploads\/2024\/12\/Taizhou-Jiangnan-Villa-hero-scaled.jpg","datePublished":"2019-05-09T17:28:08+00:00","dateModified":"2025-05-26T11:56:49+00:00","description":"Thang m\u00e1y c\u1ee7a ch\u00fang t\u00f4i l\u00e0 l\u00fd t\u01b0\u1edfng cho m\u1ed9t cu\u1ed9c s\u1ed1ng tho\u1ea3i m\u00e1i h\u01a1n \u1edf nh\u00e0 ho\u1eb7c m\u1ed9t thang m\u00e1y an to\u00e0n trong m\u00f4i tr\u01b0\u1eddng c\u00f4ng c\u1ed9ng v\u00e0 th\u01b0\u01a1ng m\u1ea1i.","inLanguage":"vi-VN","potentialAction":[{"@type":"ReadAction","target":["https:\/\/www.aritco.com\/vi\/san-pham\/"]}]},{"@type":"ImageObject","inLanguage":"vi-VN","@id":"https:\/\/www.aritco.com\/vi\/san-pham\/#primaryimage","url":"https:\/\/www.aritco.com\/wp-content\/uploads\/2024\/12\/Taizhou-Jiangnan-Villa-hero-scaled.jpg","contentUrl":"https:\/\/www.aritco.com\/wp-content\/uploads\/2024\/12\/Taizhou-Jiangnan-Villa-hero-scaled.jpg","width":2560,"height":1252},{"@type":"WebSite","@id":"https:\/\/www.aritco.com\/vi\/#website","url":"https:\/\/www.aritco.com\/vi\/","name":"Aritco","description":"Award-winning lifts for homes and public and commercial use","publisher":{"@id":"https:\/\/www.aritco.com\/vi\/#organization"},"potentialAction":[{"@type":"SearchAction","target":{"@type":"EntryPoint","urlTemplate":"https:\/\/www.aritco.com\/vi\/?s={search_term_string}"},"query-input":{"@type":"PropertyValueSpecification","valueRequired":true,"valueName":"search_term_string"}}],"inLanguage":"vi-VN"},{"@type":"Organization","@id":"https:\/\/www.aritco.com\/vi\/#organization","name":"Aritco","url":"https:\/\/www.aritco.com\/vi\/","logo":{"@type":"ImageObject","inLanguage":"vi-VN","@id":"https:\/\/www.aritco.com\/vi\/#\/schema\/logo\/image\/","url":"https:\/\/www.aritco.com\/wp-content\/uploads\/2019\/05\/vertical-3.svg","contentUrl":"https:\/\/www.aritco.com\/wp-content\/uploads\/2019\/05\/vertical-3.svg","width":1,"height":1,"caption":"Aritco"},"image":{"@id":"https:\/\/www.aritco.com\/vi\/#\/schema\/logo\/image\/"},"publishingPrinciples":"https:\/\/www.aritco.com\/about-aritco\/"}]}},"_links":{"self":[{"href":"https:\/\/www.aritco.com\/vi\/wp-json\/wp\/v2\/pages\/11014","targetHints":{"allow":["GET"]}}],"collection":[{"href":"https:\/\/www.aritco.com\/vi\/wp-json\/wp\/v2\/pages"}],"about":[{"href":"https:\/\/www.aritco.com\/vi\/wp-json\/wp\/v2\/types\/page"}],"author":[{"embeddable":true,"href":"https:\/\/www.aritco.com\/vi\/wp-json\/wp\/v2\/users\/1"}],"replies":[{"embeddable":true,"href":"https:\/\/www.aritco.com\/vi\/wp-json\/wp\/v2\/comments?post=11014"}],"version-history":[{"count":5,"href":"https:\/\/www.aritco.com\/vi\/wp-json\/wp\/v2\/pages\/11014\/revisions"}],"predecessor-version":[{"id":60599,"href":"https:\/\/www.aritco.com\/vi\/wp-json\/wp\/v2\/pages\/11014\/revisions\/60599"}],"wp:featuredmedia":[{"embeddable":true,"href":"https:\/\/www.aritco.com\/vi\/wp-json\/wp\/v2\/media\/58198"}],"wp:attachment":[{"href":"https:\/\/www.aritco.com\/vi\/wp-json\/wp\/v2\/media?parent=11014"}],"curies":[{"name":"wp","href":"https:\/\/api.w.org\/{rel}","templated":true}]}}