{"id":10936,"date":"2020-01-20T08:31:25","date_gmt":"2020-01-20T07:31:25","guid":{"rendered":"https:\/\/aritco.kumpan.dev\/nextlevelliving\/"},"modified":"2025-09-02T11:00:03","modified_gmt":"2025-09-02T09:00:03","slug":"trien-lam-va-su-kien","status":"publish","type":"page","link":"https:\/\/www.aritco.com\/vi\/trien-lam-va-su-kien\/","title":{"rendered":"Tri\u1ec3n l\u00e3m v\u00e0 s\u1ef1 ki\u1ec7n"},"content":{"rendered":"","protected":false},"excerpt":{"rendered":"","protected":false},"author":12,"featured_media":10977,"parent":0,"menu_order":0,"comment_status":"closed","ping_status":"closed","template":"","meta":{"_acf_changed":false,"footnotes":""},"class_list":["post-10936","page","type-page","status-publish","has-post-thumbnail","hentry"],"acf":[],"yoast_head":"<!-- This site is optimized with the Yoast SEO Premium plugin v26.6 (Yoast SEO v26.6) - https:\/\/yoast.com\/wordpress\/plugins\/seo\/ -->\n<title>Tri\u1ec3n l\u00e3m v\u00e0 s\u1ef1 ki\u1ec7n - Thang m\u00e1y gia \u0111\u00ecnh v\u00e0 thang m\u00e1y n\u1ec1n t\u1ea3ng - Aritco<\/title>\n<meta name=\"description\" content=\"Aritco tr\u01b0ng b\u00e0y t\u1ea1i c\u00e1c s\u1ef1 ki\u1ec7n thi\u1ebft k\u1ebf tr\u00ean kh\u1eafp th\u1ebf gi\u1edbi, nh\u01b0 Milan, London, Stockholm, Th\u01b0\u1ee3ng H\u1ea3i, Th\u00e2m Quy\u1ebfn v\u00e0 Dubai. Xem \u1edf \u0111\u00e2u v\u00e0 khi n\u00e0o \u1edf \u0111\u00e2y.\" \/>\n<meta name=\"robots\" content=\"index, follow, max-snippet:-1, max-image-preview:large, max-video-preview:-1\" \/>\n<link rel=\"canonical\" href=\"https:\/\/www.aritco.com\/vi\/trien-lam-va-su-kien\/\" \/>\n<meta property=\"og:locale\" content=\"vi_VN\" \/>\n<meta property=\"og:type\" content=\"article\" \/>\n<meta property=\"og:title\" content=\"Next Level Living - H\u00e0nh tr\u00ecnh C\u00f4ng ngh\u1ec7 v\u00e0 Thi\u1ebft k\u1ebf |\u00a0Aritco\" \/>\n<meta property=\"og:description\" content=\"C\u00f4ng ngh\u1ec7 \u0111\u00e3 thay \u0111\u1ed5i c\u00e1ch s\u1ed1ng c\u1ee7a ch\u00fang ta. Tham gia c\u00f9ng Aritco trong h\u00e0nh tr\u00ecnh t\u00ecm hi\u1ec3u c\u00e1ch c\u00f4ng ngh\u1ec7 v\u00e0 thi\u1ebft k\u1ebf thay \u0111\u1ed5i c\u00e1ch s\u1ed1ng c\u1ee7a ch\u00fang ta. \u0110\u0103ng k\u00fd nh\u1eadn tin t\u1ee9c!\" \/>\n<meta property=\"og:url\" content=\"https:\/\/www.aritco.com\/vi\/trien-lam-va-su-kien\/\" \/>\n<meta property=\"og:site_name\" content=\"Aritco\" \/>\n<meta property=\"article:modified_time\" content=\"2025-09-02T09:00:03+00:00\" \/>\n<meta property=\"og:image\" content=\"https:\/\/www.aritco.com\/\/wp-content\/webpc-passthru.php?src=https:\/\/www.aritco.com\/wp-content\/uploads\/2021\/02\/P.1-House-Illustration-iStock.jpg&nocache=1\" \/>\n<meta name=\"twitter:card\" content=\"summary_large_image\" \/>\n<meta name=\"twitter:title\" content=\"Next Level Living - H\u00e0nh tr\u00ecnh C\u00f4ng ngh\u1ec7 v\u00e0 Thi\u1ebft k\u1ebf |\u00a0Aritco\" \/>\n<meta name=\"twitter:description\" content=\"C\u00f4ng ngh\u1ec7 \u0111\u00e3 thay \u0111\u1ed5i c\u00e1ch s\u1ed1ng c\u1ee7a ch\u00fang ta. Tham gia c\u00f9ng Aritco trong h\u00e0nh tr\u00ecnh t\u00ecm hi\u1ec3u c\u00e1ch c\u00f4ng ngh\u1ec7 v\u00e0 thi\u1ebft k\u1ebf thay \u0111\u1ed5i c\u00e1ch s\u1ed1ng c\u1ee7a ch\u00fang ta. \u0110\u0103ng k\u00fd nh\u1eadn tin t\u1ee9c!\" \/>\n<meta name=\"twitter:image\" content=\"https:\/\/www.aritco.com\/\/wp-content\/webpc-passthru.php?src=https:\/\/www.aritco.com\/wp-content\/uploads\/2021\/02\/P.1-House-Illustration-iStock.jpg&nocache=1\" \/>\n<meta name=\"twitter:label1\" content=\"Est. reading time\" \/>\n\t<meta name=\"twitter:data1\" content=\"1 minute\" \/>\n<script type=\"application\/ld+json\" class=\"yoast-schema-graph\">{\"@context\":\"https:\/\/schema.org\",\"@graph\":[{\"@type\":\"WebPage\",\"@id\":\"https:\/\/www.aritco.com\/vi\/trien-lam-va-su-kien\/\",\"url\":\"https:\/\/www.aritco.com\/vi\/trien-lam-va-su-kien\/\",\"name\":\"Tri\u1ec3n l\u00e3m v\u00e0 s\u1ef1 ki\u1ec7n - Thang m\u00e1y gia \u0111\u00ecnh v\u00e0 thang m\u00e1y n\u1ec1n t\u1ea3ng - Aritco\",\"isPartOf\":{\"@id\":\"https:\/\/www.aritco.com\/vi\/#website\"},\"primaryImageOfPage\":{\"@id\":\"https:\/\/www.aritco.com\/vi\/trien-lam-va-su-kien\/#primaryimage\"},\"image\":{\"@id\":\"https:\/\/www.aritco.com\/vi\/trien-lam-va-su-kien\/#primaryimage\"},\"thumbnailUrl\":\"https:\/\/www.aritco.com\/wp-content\/uploads\/2020\/01\/Shanghai.jpg\",\"datePublished\":\"2020-01-20T07:31:25+00:00\",\"dateModified\":\"2025-09-02T09:00:03+00:00\",\"description\":\"Aritco tr\u01b0ng b\u00e0y t\u1ea1i c\u00e1c s\u1ef1 ki\u1ec7n thi\u1ebft k\u1ebf tr\u00ean kh\u1eafp th\u1ebf gi\u1edbi, nh\u01b0 Milan, London, Stockholm, Th\u01b0\u1ee3ng H\u1ea3i, Th\u00e2m Quy\u1ebfn v\u00e0 Dubai. Xem \u1edf \u0111\u00e2u v\u00e0 khi n\u00e0o \u1edf \u0111\u00e2y.\",\"inLanguage\":\"vi-VN\",\"potentialAction\":[{\"@type\":\"ReadAction\",\"target\":[\"https:\/\/www.aritco.com\/vi\/trien-lam-va-su-kien\/\"]}]},{\"@type\":\"ImageObject\",\"inLanguage\":\"vi-VN\",\"@id\":\"https:\/\/www.aritco.com\/vi\/trien-lam-va-su-kien\/#primaryimage\",\"url\":\"https:\/\/www.aritco.com\/wp-content\/uploads\/2020\/01\/Shanghai.jpg\",\"contentUrl\":\"https:\/\/www.aritco.com\/wp-content\/uploads\/2020\/01\/Shanghai.jpg\",\"width\":2048,\"height\":2048,\"caption\":\"View over Shanghai\"},{\"@type\":\"WebSite\",\"@id\":\"https:\/\/www.aritco.com\/vi\/#website\",\"url\":\"https:\/\/www.aritco.com\/vi\/\",\"name\":\"Aritco\",\"description\":\"Award-winning lifts for homes and public and commercial use\",\"publisher\":{\"@id\":\"https:\/\/www.aritco.com\/vi\/#organization\"},\"potentialAction\":[{\"@type\":\"SearchAction\",\"target\":{\"@type\":\"EntryPoint\",\"urlTemplate\":\"https:\/\/www.aritco.com\/vi\/?s={search_term_string}\"},\"query-input\":{\"@type\":\"PropertyValueSpecification\",\"valueRequired\":true,\"valueName\":\"search_term_string\"}}],\"inLanguage\":\"vi-VN\"},{\"@type\":\"Organization\",\"@id\":\"https:\/\/www.aritco.com\/vi\/#organization\",\"name\":\"Aritco\",\"url\":\"https:\/\/www.aritco.com\/vi\/\",\"logo\":{\"@type\":\"ImageObject\",\"inLanguage\":\"vi-VN\",\"@id\":\"https:\/\/www.aritco.com\/vi\/#\/schema\/logo\/image\/\",\"url\":\"https:\/\/www.aritco.com\/wp-content\/uploads\/2019\/05\/vertical-3.svg\",\"contentUrl\":\"https:\/\/www.aritco.com\/wp-content\/uploads\/2019\/05\/vertical-3.svg\",\"width\":1,\"height\":1,\"caption\":\"Aritco\"},\"image\":{\"@id\":\"https:\/\/www.aritco.com\/vi\/#\/schema\/logo\/image\/\"},\"publishingPrinciples\":\"https:\/\/www.aritco.com\/about-aritco\/\"}]}<\/script>\n<!-- \/ Yoast SEO Premium plugin. -->","yoast_head_json":{"title":"Tri\u1ec3n l\u00e3m v\u00e0 s\u1ef1 ki\u1ec7n - Thang m\u00e1y gia \u0111\u00ecnh v\u00e0 thang m\u00e1y n\u1ec1n t\u1ea3ng - Aritco","description":"Aritco tr\u01b0ng b\u00e0y t\u1ea1i c\u00e1c s\u1ef1 ki\u1ec7n thi\u1ebft k\u1ebf tr\u00ean kh\u1eafp th\u1ebf gi\u1edbi, nh\u01b0 Milan, London, Stockholm, Th\u01b0\u1ee3ng H\u1ea3i, Th\u00e2m Quy\u1ebfn v\u00e0 Dubai. Xem \u1edf \u0111\u00e2u v\u00e0 khi n\u00e0o \u1edf \u0111\u00e2y.","robots":{"index":"index","follow":"follow","max-snippet":"max-snippet:-1","max-image-preview":"max-image-preview:large","max-video-preview":"max-video-preview:-1"},"canonical":"https:\/\/www.aritco.com\/vi\/trien-lam-va-su-kien\/","og_locale":"vi_VN","og_type":"article","og_title":"Next Level Living - H\u00e0nh tr\u00ecnh C\u00f4ng ngh\u1ec7 v\u00e0 Thi\u1ebft k\u1ebf |\u00a0Aritco","og_description":"C\u00f4ng ngh\u1ec7 \u0111\u00e3 thay \u0111\u1ed5i c\u00e1ch s\u1ed1ng c\u1ee7a ch\u00fang ta. Tham gia c\u00f9ng Aritco trong h\u00e0nh tr\u00ecnh t\u00ecm hi\u1ec3u c\u00e1ch c\u00f4ng ngh\u1ec7 v\u00e0 thi\u1ebft k\u1ebf thay \u0111\u1ed5i c\u00e1ch s\u1ed1ng c\u1ee7a ch\u00fang ta. \u0110\u0103ng k\u00fd nh\u1eadn tin t\u1ee9c!","og_url":"https:\/\/www.aritco.com\/vi\/trien-lam-va-su-kien\/","og_site_name":"Aritco","article_modified_time":"2025-09-02T09:00:03+00:00","og_image":[{"url":"https:\/\/www.aritco.com\/\/wp-content\/webpc-passthru.php?src=https:\/\/www.aritco.com\/wp-content\/uploads\/2021\/02\/P.1-House-Illustration-iStock.jpg&nocache=1","type":"","width":"","height":""}],"twitter_card":"summary_large_image","twitter_title":"Next Level Living - H\u00e0nh tr\u00ecnh C\u00f4ng ngh\u1ec7 v\u00e0 Thi\u1ebft k\u1ebf |\u00a0Aritco","twitter_description":"C\u00f4ng ngh\u1ec7 \u0111\u00e3 thay \u0111\u1ed5i c\u00e1ch s\u1ed1ng c\u1ee7a ch\u00fang ta. Tham gia c\u00f9ng Aritco trong h\u00e0nh tr\u00ecnh t\u00ecm hi\u1ec3u c\u00e1ch c\u00f4ng ngh\u1ec7 v\u00e0 thi\u1ebft k\u1ebf thay \u0111\u1ed5i c\u00e1ch s\u1ed1ng c\u1ee7a ch\u00fang ta. \u0110\u0103ng k\u00fd nh\u1eadn tin t\u1ee9c!","twitter_image":"https:\/\/www.aritco.com\/\/wp-content\/webpc-passthru.php?src=https:\/\/www.aritco.com\/wp-content\/uploads\/2021\/02\/P.1-House-Illustration-iStock.jpg&nocache=1","twitter_misc":{"Est. reading time":"1 minute"},"schema":{"@context":"https:\/\/schema.org","@graph":[{"@type":"WebPage","@id":"https:\/\/www.aritco.com\/vi\/trien-lam-va-su-kien\/","url":"https:\/\/www.aritco.com\/vi\/trien-lam-va-su-kien\/","name":"Tri\u1ec3n l\u00e3m v\u00e0 s\u1ef1 ki\u1ec7n - Thang m\u00e1y gia \u0111\u00ecnh v\u00e0 thang m\u00e1y n\u1ec1n t\u1ea3ng - Aritco","isPartOf":{"@id":"https:\/\/www.aritco.com\/vi\/#website"},"primaryImageOfPage":{"@id":"https:\/\/www.aritco.com\/vi\/trien-lam-va-su-kien\/#primaryimage"},"image":{"@id":"https:\/\/www.aritco.com\/vi\/trien-lam-va-su-kien\/#primaryimage"},"thumbnailUrl":"https:\/\/www.aritco.com\/wp-content\/uploads\/2020\/01\/Shanghai.jpg","datePublished":"2020-01-20T07:31:25+00:00","dateModified":"2025-09-02T09:00:03+00:00","description":"Aritco tr\u01b0ng b\u00e0y t\u1ea1i c\u00e1c s\u1ef1 ki\u1ec7n thi\u1ebft k\u1ebf tr\u00ean kh\u1eafp th\u1ebf gi\u1edbi, nh\u01b0 Milan, London, Stockholm, Th\u01b0\u1ee3ng H\u1ea3i, Th\u00e2m Quy\u1ebfn v\u00e0 Dubai. Xem \u1edf \u0111\u00e2u v\u00e0 khi n\u00e0o \u1edf \u0111\u00e2y.","inLanguage":"vi-VN","potentialAction":[{"@type":"ReadAction","target":["https:\/\/www.aritco.com\/vi\/trien-lam-va-su-kien\/"]}]},{"@type":"ImageObject","inLanguage":"vi-VN","@id":"https:\/\/www.aritco.com\/vi\/trien-lam-va-su-kien\/#primaryimage","url":"https:\/\/www.aritco.com\/wp-content\/uploads\/2020\/01\/Shanghai.jpg","contentUrl":"https:\/\/www.aritco.com\/wp-content\/uploads\/2020\/01\/Shanghai.jpg","width":2048,"height":2048,"caption":"View over Shanghai"},{"@type":"WebSite","@id":"https:\/\/www.aritco.com\/vi\/#website","url":"https:\/\/www.aritco.com\/vi\/","name":"Aritco","description":"Award-winning lifts for homes and public and commercial use","publisher":{"@id":"https:\/\/www.aritco.com\/vi\/#organization"},"potentialAction":[{"@type":"SearchAction","target":{"@type":"EntryPoint","urlTemplate":"https:\/\/www.aritco.com\/vi\/?s={search_term_string}"},"query-input":{"@type":"PropertyValueSpecification","valueRequired":true,"valueName":"search_term_string"}}],"inLanguage":"vi-VN"},{"@type":"Organization","@id":"https:\/\/www.aritco.com\/vi\/#organization","name":"Aritco","url":"https:\/\/www.aritco.com\/vi\/","logo":{"@type":"ImageObject","inLanguage":"vi-VN","@id":"https:\/\/www.aritco.com\/vi\/#\/schema\/logo\/image\/","url":"https:\/\/www.aritco.com\/wp-content\/uploads\/2019\/05\/vertical-3.svg","contentUrl":"https:\/\/www.aritco.com\/wp-content\/uploads\/2019\/05\/vertical-3.svg","width":1,"height":1,"caption":"Aritco"},"image":{"@id":"https:\/\/www.aritco.com\/vi\/#\/schema\/logo\/image\/"},"publishingPrinciples":"https:\/\/www.aritco.com\/about-aritco\/"}]}},"_links":{"self":[{"href":"https:\/\/www.aritco.com\/vi\/wp-json\/wp\/v2\/pages\/10936","targetHints":{"allow":["GET"]}}],"collection":[{"href":"https:\/\/www.aritco.com\/vi\/wp-json\/wp\/v2\/pages"}],"about":[{"href":"https:\/\/www.aritco.com\/vi\/wp-json\/wp\/v2\/types\/page"}],"author":[{"embeddable":true,"href":"https:\/\/www.aritco.com\/vi\/wp-json\/wp\/v2\/users\/12"}],"replies":[{"embeddable":true,"href":"https:\/\/www.aritco.com\/vi\/wp-json\/wp\/v2\/comments?post=10936"}],"version-history":[{"count":13,"href":"https:\/\/www.aritco.com\/vi\/wp-json\/wp\/v2\/pages\/10936\/revisions"}],"predecessor-version":[{"id":62116,"href":"https:\/\/www.aritco.com\/vi\/wp-json\/wp\/v2\/pages\/10936\/revisions\/62116"}],"wp:featuredmedia":[{"embeddable":true,"href":"https:\/\/www.aritco.com\/vi\/wp-json\/wp\/v2\/media\/10977"}],"wp:attachment":[{"href":"https:\/\/www.aritco.com\/vi\/wp-json\/wp\/v2\/media?parent=10936"}],"curies":[{"name":"wp","href":"https:\/\/api.w.org\/{rel}","templated":true}]}}