{"id":10933,"date":"2019-03-13T14:26:54","date_gmt":"2019-03-13T13:26:54","guid":{"rendered":"https:\/\/aritco.kumpan.dev\/home\/"},"modified":"2026-01-22T11:57:37","modified_gmt":"2026-01-22T10:57:37","slug":"home","status":"publish","type":"page","link":"https:\/\/www.aritco.com\/vi\/","title":{"rendered":"Home"},"content":{"rendered":"","protected":false},"excerpt":{"rendered":"","protected":false},"author":1,"featured_media":58064,"parent":0,"menu_order":0,"comment_status":"closed","ping_status":"closed","template":"","meta":{"_acf_changed":false,"footnotes":""},"class_list":["post-10933","page","type-page","status-publish","has-post-thumbnail","hentry"],"acf":[],"yoast_head":"<!-- This site is optimized with the Yoast SEO Premium plugin v26.6 (Yoast SEO v26.6) - https:\/\/yoast.com\/wordpress\/plugins\/seo\/ -->\n<title>Thang m\u00e1y \u0111\u1ea1t gi\u1ea3i th\u01b0\u1edfng d\u00e0nh cho gia \u0111\u00ecnh v\u00e0 c\u00f4ng c\u1ed9ng - Aritco<\/title>\n<meta name=\"description\" content=\"C\u00e1c lo\u1ea1i thang m\u00e1y \u0111a d\u1ea1ng c\u1ee7a ch\u00fang t\u00f4i \u0111\u00e1p \u1ee9ng c\u00e1c y\u00eau c\u1ea7u cao v\u1ec1 kh\u1ea3 n\u0103ng ti\u1ebfp c\u1eadn, s\u1ef1 tho\u1ea3i m\u00e1i v\u00e0 thi\u1ebft k\u1ebf. Kh\u00e1m ph\u00e1 c\u00e1c m\u00f4 h\u00ecnh \u1edf \u0111\u00e2y.\" \/>\n<meta name=\"robots\" content=\"index, follow, max-snippet:-1, max-image-preview:large, max-video-preview:-1\" \/>\n<link rel=\"canonical\" href=\"https:\/\/www.aritco.com\/vi\/\" \/>\n<meta property=\"og:locale\" content=\"vi_VN\" \/>\n<meta property=\"og:type\" content=\"article\" \/>\n<meta property=\"og:title\" content=\"Home\" \/>\n<meta property=\"og:description\" content=\"C\u00e1c lo\u1ea1i thang m\u00e1y \u0111a d\u1ea1ng c\u1ee7a ch\u00fang t\u00f4i \u0111\u00e1p \u1ee9ng c\u00e1c y\u00eau c\u1ea7u cao v\u1ec1 kh\u1ea3 n\u0103ng ti\u1ebfp c\u1eadn, s\u1ef1 tho\u1ea3i m\u00e1i v\u00e0 thi\u1ebft k\u1ebf. Kh\u00e1m ph\u00e1 c\u00e1c m\u00f4 h\u00ecnh \u1edf \u0111\u00e2y.\" \/>\n<meta property=\"og:url\" content=\"https:\/\/www.aritco.com\/vi\/\" \/>\n<meta property=\"og:site_name\" content=\"Aritco\" \/>\n<meta property=\"article:modified_time\" content=\"2026-01-22T10:57:37+00:00\" \/>\n<meta property=\"og:image\" content=\"https:\/\/www.aritco.com\/wp-content\/uploads\/2024\/12\/Aritco-HomeLift-S5-Marbella-2-36-hero-scaled.jpg\" \/>\n\t<meta property=\"og:image:width\" content=\"2560\" \/>\n\t<meta property=\"og:image:height\" content=\"1703\" \/>\n\t<meta property=\"og:image:type\" content=\"image\/jpeg\" \/>\n<meta name=\"twitter:card\" content=\"summary_large_image\" \/>\n<meta name=\"twitter:label1\" content=\"Est. reading time\" \/>\n\t<meta name=\"twitter:data1\" content=\"1 minute\" \/>\n<script type=\"application\/ld+json\" class=\"yoast-schema-graph\">{\"@context\":\"https:\/\/schema.org\",\"@graph\":[{\"@type\":\"WebPage\",\"@id\":\"https:\/\/www.aritco.com\/vi\/\",\"url\":\"https:\/\/www.aritco.com\/vi\/\",\"name\":\"Thang m\u00e1y \u0111\u1ea1t gi\u1ea3i th\u01b0\u1edfng d\u00e0nh cho gia \u0111\u00ecnh v\u00e0 c\u00f4ng c\u1ed9ng - Aritco\",\"isPartOf\":{\"@id\":\"https:\/\/www.aritco.com\/vi\/#website\"},\"primaryImageOfPage\":{\"@id\":\"https:\/\/www.aritco.com\/vi\/#primaryimage\"},\"image\":{\"@id\":\"https:\/\/www.aritco.com\/vi\/#primaryimage\"},\"thumbnailUrl\":\"https:\/\/www.aritco.com\/wp-content\/uploads\/2024\/12\/Aritco-HomeLift-S5-Marbella-2-36-hero-scaled.jpg\",\"datePublished\":\"2019-03-13T13:26:54+00:00\",\"dateModified\":\"2026-01-22T10:57:37+00:00\",\"description\":\"C\u00e1c lo\u1ea1i thang m\u00e1y \u0111a d\u1ea1ng c\u1ee7a ch\u00fang t\u00f4i \u0111\u00e1p \u1ee9ng c\u00e1c y\u00eau c\u1ea7u cao v\u1ec1 kh\u1ea3 n\u0103ng ti\u1ebfp c\u1eadn, s\u1ef1 tho\u1ea3i m\u00e1i v\u00e0 thi\u1ebft k\u1ebf. Kh\u00e1m ph\u00e1 c\u00e1c m\u00f4 h\u00ecnh \u1edf \u0111\u00e2y.\",\"inLanguage\":\"vi-VN\",\"potentialAction\":[{\"@type\":\"ReadAction\",\"target\":[\"https:\/\/www.aritco.com\/vi\/\"]}]},{\"@type\":\"ImageObject\",\"inLanguage\":\"vi-VN\",\"@id\":\"https:\/\/www.aritco.com\/vi\/#primaryimage\",\"url\":\"https:\/\/www.aritco.com\/wp-content\/uploads\/2024\/12\/Aritco-HomeLift-S5-Marbella-2-36-hero-scaled.jpg\",\"contentUrl\":\"https:\/\/www.aritco.com\/wp-content\/uploads\/2024\/12\/Aritco-HomeLift-S5-Marbella-2-36-hero-scaled.jpg\",\"width\":2560,\"height\":1703},{\"@type\":\"WebSite\",\"@id\":\"https:\/\/www.aritco.com\/vi\/#website\",\"url\":\"https:\/\/www.aritco.com\/vi\/\",\"name\":\"Aritco\",\"description\":\"Award-winning lifts for homes and public and commercial use\",\"publisher\":{\"@id\":\"https:\/\/www.aritco.com\/vi\/#organization\"},\"potentialAction\":[{\"@type\":\"SearchAction\",\"target\":{\"@type\":\"EntryPoint\",\"urlTemplate\":\"https:\/\/www.aritco.com\/vi\/?s={search_term_string}\"},\"query-input\":{\"@type\":\"PropertyValueSpecification\",\"valueRequired\":true,\"valueName\":\"search_term_string\"}}],\"inLanguage\":\"vi-VN\"},{\"@type\":\"Organization\",\"@id\":\"https:\/\/www.aritco.com\/vi\/#organization\",\"name\":\"Aritco\",\"url\":\"https:\/\/www.aritco.com\/vi\/\",\"logo\":{\"@type\":\"ImageObject\",\"inLanguage\":\"vi-VN\",\"@id\":\"https:\/\/www.aritco.com\/vi\/#\/schema\/logo\/image\/\",\"url\":\"https:\/\/www.aritco.com\/wp-content\/uploads\/2019\/05\/vertical-3.svg\",\"contentUrl\":\"https:\/\/www.aritco.com\/wp-content\/uploads\/2019\/05\/vertical-3.svg\",\"width\":1,\"height\":1,\"caption\":\"Aritco\"},\"image\":{\"@id\":\"https:\/\/www.aritco.com\/vi\/#\/schema\/logo\/image\/\"},\"publishingPrinciples\":\"https:\/\/www.aritco.com\/about-aritco\/\"}]}<\/script>\n<!-- \/ Yoast SEO Premium plugin. -->","yoast_head_json":{"title":"Thang m\u00e1y \u0111\u1ea1t gi\u1ea3i th\u01b0\u1edfng d\u00e0nh cho gia \u0111\u00ecnh v\u00e0 c\u00f4ng c\u1ed9ng - Aritco","description":"C\u00e1c lo\u1ea1i thang m\u00e1y \u0111a d\u1ea1ng c\u1ee7a ch\u00fang t\u00f4i \u0111\u00e1p \u1ee9ng c\u00e1c y\u00eau c\u1ea7u cao v\u1ec1 kh\u1ea3 n\u0103ng ti\u1ebfp c\u1eadn, s\u1ef1 tho\u1ea3i m\u00e1i v\u00e0 thi\u1ebft k\u1ebf. Kh\u00e1m ph\u00e1 c\u00e1c m\u00f4 h\u00ecnh \u1edf \u0111\u00e2y.","robots":{"index":"index","follow":"follow","max-snippet":"max-snippet:-1","max-image-preview":"max-image-preview:large","max-video-preview":"max-video-preview:-1"},"canonical":"https:\/\/www.aritco.com\/vi\/","og_locale":"vi_VN","og_type":"article","og_title":"Home","og_description":"C\u00e1c lo\u1ea1i thang m\u00e1y \u0111a d\u1ea1ng c\u1ee7a ch\u00fang t\u00f4i \u0111\u00e1p \u1ee9ng c\u00e1c y\u00eau c\u1ea7u cao v\u1ec1 kh\u1ea3 n\u0103ng ti\u1ebfp c\u1eadn, s\u1ef1 tho\u1ea3i m\u00e1i v\u00e0 thi\u1ebft k\u1ebf. Kh\u00e1m ph\u00e1 c\u00e1c m\u00f4 h\u00ecnh \u1edf \u0111\u00e2y.","og_url":"https:\/\/www.aritco.com\/vi\/","og_site_name":"Aritco","article_modified_time":"2026-01-22T10:57:37+00:00","og_image":[{"width":2560,"height":1703,"url":"https:\/\/www.aritco.com\/wp-content\/uploads\/2024\/12\/Aritco-HomeLift-S5-Marbella-2-36-hero-scaled.jpg","type":"image\/jpeg"}],"twitter_card":"summary_large_image","twitter_misc":{"Est. reading time":"1 minute"},"schema":{"@context":"https:\/\/schema.org","@graph":[{"@type":"WebPage","@id":"https:\/\/www.aritco.com\/vi\/","url":"https:\/\/www.aritco.com\/vi\/","name":"Thang m\u00e1y \u0111\u1ea1t gi\u1ea3i th\u01b0\u1edfng d\u00e0nh cho gia \u0111\u00ecnh v\u00e0 c\u00f4ng c\u1ed9ng - Aritco","isPartOf":{"@id":"https:\/\/www.aritco.com\/vi\/#website"},"primaryImageOfPage":{"@id":"https:\/\/www.aritco.com\/vi\/#primaryimage"},"image":{"@id":"https:\/\/www.aritco.com\/vi\/#primaryimage"},"thumbnailUrl":"https:\/\/www.aritco.com\/wp-content\/uploads\/2024\/12\/Aritco-HomeLift-S5-Marbella-2-36-hero-scaled.jpg","datePublished":"2019-03-13T13:26:54+00:00","dateModified":"2026-01-22T10:57:37+00:00","description":"C\u00e1c lo\u1ea1i thang m\u00e1y \u0111a d\u1ea1ng c\u1ee7a ch\u00fang t\u00f4i \u0111\u00e1p \u1ee9ng c\u00e1c y\u00eau c\u1ea7u cao v\u1ec1 kh\u1ea3 n\u0103ng ti\u1ebfp c\u1eadn, s\u1ef1 tho\u1ea3i m\u00e1i v\u00e0 thi\u1ebft k\u1ebf. Kh\u00e1m ph\u00e1 c\u00e1c m\u00f4 h\u00ecnh \u1edf \u0111\u00e2y.","inLanguage":"vi-VN","potentialAction":[{"@type":"ReadAction","target":["https:\/\/www.aritco.com\/vi\/"]}]},{"@type":"ImageObject","inLanguage":"vi-VN","@id":"https:\/\/www.aritco.com\/vi\/#primaryimage","url":"https:\/\/www.aritco.com\/wp-content\/uploads\/2024\/12\/Aritco-HomeLift-S5-Marbella-2-36-hero-scaled.jpg","contentUrl":"https:\/\/www.aritco.com\/wp-content\/uploads\/2024\/12\/Aritco-HomeLift-S5-Marbella-2-36-hero-scaled.jpg","width":2560,"height":1703},{"@type":"WebSite","@id":"https:\/\/www.aritco.com\/vi\/#website","url":"https:\/\/www.aritco.com\/vi\/","name":"Aritco","description":"Award-winning lifts for homes and public and commercial use","publisher":{"@id":"https:\/\/www.aritco.com\/vi\/#organization"},"potentialAction":[{"@type":"SearchAction","target":{"@type":"EntryPoint","urlTemplate":"https:\/\/www.aritco.com\/vi\/?s={search_term_string}"},"query-input":{"@type":"PropertyValueSpecification","valueRequired":true,"valueName":"search_term_string"}}],"inLanguage":"vi-VN"},{"@type":"Organization","@id":"https:\/\/www.aritco.com\/vi\/#organization","name":"Aritco","url":"https:\/\/www.aritco.com\/vi\/","logo":{"@type":"ImageObject","inLanguage":"vi-VN","@id":"https:\/\/www.aritco.com\/vi\/#\/schema\/logo\/image\/","url":"https:\/\/www.aritco.com\/wp-content\/uploads\/2019\/05\/vertical-3.svg","contentUrl":"https:\/\/www.aritco.com\/wp-content\/uploads\/2019\/05\/vertical-3.svg","width":1,"height":1,"caption":"Aritco"},"image":{"@id":"https:\/\/www.aritco.com\/vi\/#\/schema\/logo\/image\/"},"publishingPrinciples":"https:\/\/www.aritco.com\/about-aritco\/"}]}},"_links":{"self":[{"href":"https:\/\/www.aritco.com\/vi\/wp-json\/wp\/v2\/pages\/10933","targetHints":{"allow":["GET"]}}],"collection":[{"href":"https:\/\/www.aritco.com\/vi\/wp-json\/wp\/v2\/pages"}],"about":[{"href":"https:\/\/www.aritco.com\/vi\/wp-json\/wp\/v2\/types\/page"}],"author":[{"embeddable":true,"href":"https:\/\/www.aritco.com\/vi\/wp-json\/wp\/v2\/users\/1"}],"replies":[{"embeddable":true,"href":"https:\/\/www.aritco.com\/vi\/wp-json\/wp\/v2\/comments?post=10933"}],"version-history":[{"count":15,"href":"https:\/\/www.aritco.com\/vi\/wp-json\/wp\/v2\/pages\/10933\/revisions"}],"predecessor-version":[{"id":64340,"href":"https:\/\/www.aritco.com\/vi\/wp-json\/wp\/v2\/pages\/10933\/revisions\/64340"}],"wp:featuredmedia":[{"embeddable":true,"href":"https:\/\/www.aritco.com\/vi\/wp-json\/wp\/v2\/media\/58064"}],"wp:attachment":[{"href":"https:\/\/www.aritco.com\/vi\/wp-json\/wp\/v2\/media?parent=10933"}],"curies":[{"name":"wp","href":"https:\/\/api.w.org\/{rel}","templated":true}]}}