{"id":10911,"date":"2019-06-03T09:19:16","date_gmt":"2019-06-03T07:19:16","guid":{"rendered":"https:\/\/aritco.kumpan.dev\/about-aritco\/for-press-and-media\/"},"modified":"2025-10-06T12:58:25","modified_gmt":"2025-10-06T10:58:25","slug":"bao-chi-truyen-thong","status":"publish","type":"page","link":"https:\/\/www.aritco.com\/vi\/gioi-thieu-aritco\/bao-chi-truyen-thong\/","title":{"rendered":"B\u00e1o ch\u00ed &#038; truy\u1ec1n th\u00f4ng"},"content":{"rendered":"","protected":false},"excerpt":{"rendered":"","protected":false},"author":1,"featured_media":0,"parent":10903,"menu_order":0,"comment_status":"closed","ping_status":"closed","template":"","meta":{"_acf_changed":false,"footnotes":""},"class_list":["post-10911","page","type-page","status-publish","hentry"],"acf":[],"yoast_head":"<!-- This site is optimized with the Yoast SEO Premium plugin v26.6 (Yoast SEO v26.6) - https:\/\/yoast.com\/wordpress\/plugins\/seo\/ -->\n<title>B\u00e1o ch\u00ed &amp; truy\u1ec1n th\u00f4ng - Aritco Aritco<\/title>\n<meta name=\"description\" content=\"T\u00ecm hi\u1ec3u h\u00ecnh \u1ea3nh v\u00e0 t\u00e0i li\u1ec7u b\u00e1o ch\u00ed m\u1edbi nh\u1ea5t c\u1ee7a ch\u00fang t\u00f4i v\u1ec1 t\u1ea5t c\u1ea3 c\u00e1c thang m\u00e1y c\u1ee7a ch\u00fang t\u00f4i \u0111\u1ec3 s\u1eed d\u1ee5ng c\u00f4ng khai.\" \/>\n<meta name=\"robots\" content=\"index, follow, max-snippet:-1, max-image-preview:large, max-video-preview:-1\" \/>\n<link rel=\"canonical\" href=\"https:\/\/www.aritco.com\/vi\/gioi-thieu-aritco\/bao-chi-truyen-thong\/\" \/>\n<meta property=\"og:locale\" content=\"vi_VN\" \/>\n<meta property=\"og:type\" content=\"article\" \/>\n<meta property=\"og:title\" content=\"B\u00e1o ch\u00ed &amp; truy\u1ec1n th\u00f4ng\" \/>\n<meta property=\"og:description\" content=\"T\u00ecm hi\u1ec3u h\u00ecnh \u1ea3nh v\u00e0 t\u00e0i li\u1ec7u b\u00e1o ch\u00ed m\u1edbi nh\u1ea5t c\u1ee7a ch\u00fang t\u00f4i v\u1ec1 t\u1ea5t c\u1ea3 c\u00e1c thang m\u00e1y c\u1ee7a ch\u00fang t\u00f4i \u0111\u1ec3 s\u1eed d\u1ee5ng c\u00f4ng khai.\" \/>\n<meta property=\"og:url\" content=\"https:\/\/www.aritco.com\/vi\/gioi-thieu-aritco\/bao-chi-truyen-thong\/\" \/>\n<meta property=\"og:site_name\" content=\"Aritco\" \/>\n<meta property=\"article:modified_time\" content=\"2025-10-06T10:58:25+00:00\" \/>\n<meta name=\"twitter:card\" content=\"summary_large_image\" \/>\n<script type=\"application\/ld+json\" class=\"yoast-schema-graph\">{\"@context\":\"https:\/\/schema.org\",\"@graph\":[{\"@type\":\"WebPage\",\"@id\":\"https:\/\/www.aritco.com\/vi\/gioi-thieu-aritco\/bao-chi-truyen-thong\/\",\"url\":\"https:\/\/www.aritco.com\/vi\/gioi-thieu-aritco\/bao-chi-truyen-thong\/\",\"name\":\"B\u00e1o ch\u00ed & truy\u1ec1n th\u00f4ng - Aritco Aritco\",\"isPartOf\":{\"@id\":\"https:\/\/www.aritco.com\/vi\/#website\"},\"datePublished\":\"2019-06-03T07:19:16+00:00\",\"dateModified\":\"2025-10-06T10:58:25+00:00\",\"description\":\"T\u00ecm hi\u1ec3u h\u00ecnh \u1ea3nh v\u00e0 t\u00e0i li\u1ec7u b\u00e1o ch\u00ed m\u1edbi nh\u1ea5t c\u1ee7a ch\u00fang t\u00f4i v\u1ec1 t\u1ea5t c\u1ea3 c\u00e1c thang m\u00e1y c\u1ee7a ch\u00fang t\u00f4i \u0111\u1ec3 s\u1eed d\u1ee5ng c\u00f4ng khai.\",\"breadcrumb\":{\"@id\":\"https:\/\/www.aritco.com\/vi\/gioi-thieu-aritco\/bao-chi-truyen-thong\/#breadcrumb\"},\"inLanguage\":\"vi-VN\",\"potentialAction\":[{\"@type\":\"ReadAction\",\"target\":[\"https:\/\/www.aritco.com\/vi\/gioi-thieu-aritco\/bao-chi-truyen-thong\/\"]}]},{\"@type\":\"BreadcrumbList\",\"@id\":\"https:\/\/www.aritco.com\/vi\/gioi-thieu-aritco\/bao-chi-truyen-thong\/#breadcrumb\",\"itemListElement\":[{\"@type\":\"ListItem\",\"position\":1,\"name\":\"Gi\u1edbi thi\u1ec7u v\u1ec1 Aritco\",\"item\":\"https:\/\/www.aritco.com\/vi\/gioi-thieu-aritco\/\"},{\"@type\":\"ListItem\",\"position\":2,\"name\":\"B\u00e1o ch\u00ed &#038; truy\u1ec1n th\u00f4ng\"}]},{\"@type\":\"WebSite\",\"@id\":\"https:\/\/www.aritco.com\/vi\/#website\",\"url\":\"https:\/\/www.aritco.com\/vi\/\",\"name\":\"Aritco\",\"description\":\"Award-winning lifts for homes and public and commercial use\",\"publisher\":{\"@id\":\"https:\/\/www.aritco.com\/vi\/#organization\"},\"potentialAction\":[{\"@type\":\"SearchAction\",\"target\":{\"@type\":\"EntryPoint\",\"urlTemplate\":\"https:\/\/www.aritco.com\/vi\/?s={search_term_string}\"},\"query-input\":{\"@type\":\"PropertyValueSpecification\",\"valueRequired\":true,\"valueName\":\"search_term_string\"}}],\"inLanguage\":\"vi-VN\"},{\"@type\":\"Organization\",\"@id\":\"https:\/\/www.aritco.com\/vi\/#organization\",\"name\":\"Aritco\",\"url\":\"https:\/\/www.aritco.com\/vi\/\",\"logo\":{\"@type\":\"ImageObject\",\"inLanguage\":\"vi-VN\",\"@id\":\"https:\/\/www.aritco.com\/vi\/#\/schema\/logo\/image\/\",\"url\":\"https:\/\/www.aritco.com\/wp-content\/uploads\/2019\/05\/vertical-3.svg\",\"contentUrl\":\"https:\/\/www.aritco.com\/wp-content\/uploads\/2019\/05\/vertical-3.svg\",\"width\":1,\"height\":1,\"caption\":\"Aritco\"},\"image\":{\"@id\":\"https:\/\/www.aritco.com\/vi\/#\/schema\/logo\/image\/\"},\"publishingPrinciples\":\"https:\/\/www.aritco.com\/about-aritco\/\"}]}<\/script>\n<!-- \/ Yoast SEO Premium plugin. -->","yoast_head_json":{"title":"B\u00e1o ch\u00ed & truy\u1ec1n th\u00f4ng - Aritco Aritco","description":"T\u00ecm hi\u1ec3u h\u00ecnh \u1ea3nh v\u00e0 t\u00e0i li\u1ec7u b\u00e1o ch\u00ed m\u1edbi nh\u1ea5t c\u1ee7a ch\u00fang t\u00f4i v\u1ec1 t\u1ea5t c\u1ea3 c\u00e1c thang m\u00e1y c\u1ee7a ch\u00fang t\u00f4i \u0111\u1ec3 s\u1eed d\u1ee5ng c\u00f4ng khai.","robots":{"index":"index","follow":"follow","max-snippet":"max-snippet:-1","max-image-preview":"max-image-preview:large","max-video-preview":"max-video-preview:-1"},"canonical":"https:\/\/www.aritco.com\/vi\/gioi-thieu-aritco\/bao-chi-truyen-thong\/","og_locale":"vi_VN","og_type":"article","og_title":"B\u00e1o ch\u00ed & truy\u1ec1n th\u00f4ng","og_description":"T\u00ecm hi\u1ec3u h\u00ecnh \u1ea3nh v\u00e0 t\u00e0i li\u1ec7u b\u00e1o ch\u00ed m\u1edbi nh\u1ea5t c\u1ee7a ch\u00fang t\u00f4i v\u1ec1 t\u1ea5t c\u1ea3 c\u00e1c thang m\u00e1y c\u1ee7a ch\u00fang t\u00f4i \u0111\u1ec3 s\u1eed d\u1ee5ng c\u00f4ng khai.","og_url":"https:\/\/www.aritco.com\/vi\/gioi-thieu-aritco\/bao-chi-truyen-thong\/","og_site_name":"Aritco","article_modified_time":"2025-10-06T10:58:25+00:00","twitter_card":"summary_large_image","schema":{"@context":"https:\/\/schema.org","@graph":[{"@type":"WebPage","@id":"https:\/\/www.aritco.com\/vi\/gioi-thieu-aritco\/bao-chi-truyen-thong\/","url":"https:\/\/www.aritco.com\/vi\/gioi-thieu-aritco\/bao-chi-truyen-thong\/","name":"B\u00e1o ch\u00ed & truy\u1ec1n th\u00f4ng - Aritco Aritco","isPartOf":{"@id":"https:\/\/www.aritco.com\/vi\/#website"},"datePublished":"2019-06-03T07:19:16+00:00","dateModified":"2025-10-06T10:58:25+00:00","description":"T\u00ecm hi\u1ec3u h\u00ecnh \u1ea3nh v\u00e0 t\u00e0i li\u1ec7u b\u00e1o ch\u00ed m\u1edbi nh\u1ea5t c\u1ee7a ch\u00fang t\u00f4i v\u1ec1 t\u1ea5t c\u1ea3 c\u00e1c thang m\u00e1y c\u1ee7a ch\u00fang t\u00f4i \u0111\u1ec3 s\u1eed d\u1ee5ng c\u00f4ng khai.","breadcrumb":{"@id":"https:\/\/www.aritco.com\/vi\/gioi-thieu-aritco\/bao-chi-truyen-thong\/#breadcrumb"},"inLanguage":"vi-VN","potentialAction":[{"@type":"ReadAction","target":["https:\/\/www.aritco.com\/vi\/gioi-thieu-aritco\/bao-chi-truyen-thong\/"]}]},{"@type":"BreadcrumbList","@id":"https:\/\/www.aritco.com\/vi\/gioi-thieu-aritco\/bao-chi-truyen-thong\/#breadcrumb","itemListElement":[{"@type":"ListItem","position":1,"name":"Gi\u1edbi thi\u1ec7u v\u1ec1 Aritco","item":"https:\/\/www.aritco.com\/vi\/gioi-thieu-aritco\/"},{"@type":"ListItem","position":2,"name":"B\u00e1o ch\u00ed &#038; truy\u1ec1n th\u00f4ng"}]},{"@type":"WebSite","@id":"https:\/\/www.aritco.com\/vi\/#website","url":"https:\/\/www.aritco.com\/vi\/","name":"Aritco","description":"Award-winning lifts for homes and public and commercial use","publisher":{"@id":"https:\/\/www.aritco.com\/vi\/#organization"},"potentialAction":[{"@type":"SearchAction","target":{"@type":"EntryPoint","urlTemplate":"https:\/\/www.aritco.com\/vi\/?s={search_term_string}"},"query-input":{"@type":"PropertyValueSpecification","valueRequired":true,"valueName":"search_term_string"}}],"inLanguage":"vi-VN"},{"@type":"Organization","@id":"https:\/\/www.aritco.com\/vi\/#organization","name":"Aritco","url":"https:\/\/www.aritco.com\/vi\/","logo":{"@type":"ImageObject","inLanguage":"vi-VN","@id":"https:\/\/www.aritco.com\/vi\/#\/schema\/logo\/image\/","url":"https:\/\/www.aritco.com\/wp-content\/uploads\/2019\/05\/vertical-3.svg","contentUrl":"https:\/\/www.aritco.com\/wp-content\/uploads\/2019\/05\/vertical-3.svg","width":1,"height":1,"caption":"Aritco"},"image":{"@id":"https:\/\/www.aritco.com\/vi\/#\/schema\/logo\/image\/"},"publishingPrinciples":"https:\/\/www.aritco.com\/about-aritco\/"}]}},"_links":{"self":[{"href":"https:\/\/www.aritco.com\/vi\/wp-json\/wp\/v2\/pages\/10911","targetHints":{"allow":["GET"]}}],"collection":[{"href":"https:\/\/www.aritco.com\/vi\/wp-json\/wp\/v2\/pages"}],"about":[{"href":"https:\/\/www.aritco.com\/vi\/wp-json\/wp\/v2\/types\/page"}],"author":[{"embeddable":true,"href":"https:\/\/www.aritco.com\/vi\/wp-json\/wp\/v2\/users\/1"}],"replies":[{"embeddable":true,"href":"https:\/\/www.aritco.com\/vi\/wp-json\/wp\/v2\/comments?post=10911"}],"version-history":[{"count":10,"href":"https:\/\/www.aritco.com\/vi\/wp-json\/wp\/v2\/pages\/10911\/revisions"}],"predecessor-version":[{"id":63121,"href":"https:\/\/www.aritco.com\/vi\/wp-json\/wp\/v2\/pages\/10911\/revisions\/63121"}],"up":[{"embeddable":true,"href":"https:\/\/www.aritco.com\/vi\/wp-json\/wp\/v2\/pages\/10903"}],"wp:attachment":[{"href":"https:\/\/www.aritco.com\/vi\/wp-json\/wp\/v2\/media?parent=10911"}],"curies":[{"name":"wp","href":"https:\/\/api.w.org\/{rel}","templated":true}]}}