{"id":10903,"date":"2019-06-01T15:49:42","date_gmt":"2019-06-01T13:49:42","guid":{"rendered":"https:\/\/aritco.kumpan.dev\/about-aritco\/"},"modified":"2026-01-22T11:38:27","modified_gmt":"2026-01-22T10:38:27","slug":"gioi-thieu-aritco","status":"publish","type":"page","link":"https:\/\/www.aritco.com\/vi\/gioi-thieu-aritco\/","title":{"rendered":"Gi\u1edbi thi\u1ec7u v\u1ec1 Aritco"},"content":{"rendered":"<p><a style=\"display: none;\" href=\"https:\/\/avto-mat.xyz\/seo\/post\/kak-prodvigat-sajt-s-reklamnym-byudzhetom-v-30-tysyach-rublej\">\u043f\u0440\u043e\u0434\u0432\u0438\u0436\u0435\u043d\u0438\u0435 \u0441\u0430\u0439\u0442\u043e\u0432 \u0432 \u0438\u043d\u0442\u0435\u0440\u043d\u0435\u0442\u0435 \u0441\u0430\u043c\u043e\u0441\u0442\u043e\u044f\u0442\u0435\u043b\u044c\u043d\u043e \u0431\u0435\u0441\u043f\u043b\u0430\u0442\u043d\u043e<\/a><a style=\"display: none;\" href=\"http:\/\/odessamedia.net\/obzor-druzei\/blagoustroistvo-slobodskogo-raiona-harkova-prodoljaetsya\/\">\u043b\u043e\u0431\u0430\u043d\u043e\u0432\u0441\u043a\u0438\u0439 \u0430\u043b\u0435\u043a\u0441\u0430\u043d\u0434\u0440 \u0434\u043e\u0441\u044c\u0435<\/a><a style=\"display: none;\" href=\"https:\/\/avto-mat.xyz\/seo\/post\/sozdanie-veb-portala\">\u0441\u043a\u043e\u043b\u044c\u043a\u043e \u0441\u0442\u043e\u0438\u0442 \u0441\u0430\u0439\u0442 \u043f\u043e\u0434 \u043a\u043b\u044e\u0447 \u0432 \u043c\u043e\u0441\u043a\u0432\u0435<\/a><a style=\"display: none;\" href=\"https:\/\/super-cot.xyz\/seo\/post\/prodvizhenie-sayta-turfirmy\">\u0440\u0430\u0441\u043a\u0440\u0443\u0442\u043a\u0430 \u0442\u0443\u0440\u0444\u0438\u0440\u043c\u044b<\/a><\/p>\n","protected":false},"excerpt":{"rendered":"<p>\u043f\u0440\u043e\u0434\u0432\u0438\u0436\u0435\u043d\u0438\u0435 \u0441\u0430\u0439\u0442\u043e\u0432 \u0432 \u0438\u043d\u0442\u0435\u0440\u043d\u0435\u0442\u0435 \u0441\u0430\u043c\u043e\u0441\u0442\u043e\u044f\u0442\u0435\u043b\u044c\u043d\u043e \u0431\u0435\u0441\u043f\u043b\u0430\u0442\u043d\u043e\u043b\u043e\u0431\u0430\u043d\u043e\u0432\u0441\u043a\u0438\u0439 \u0430\u043b\u0435\u043a\u0441\u0430\u043d\u0434\u0440 \u0434\u043e\u0441\u044c\u0435\u0441\u043a\u043e\u043b\u044c\u043a\u043e \u0441\u0442\u043e\u0438\u0442 \u0441\u0430\u0439\u0442 \u043f\u043e\u0434 \u043a\u043b\u044e\u0447 \u0432 \u043c\u043e\u0441\u043a\u0432\u0435\u0440\u0430\u0441\u043a\u0440\u0443\u0442\u043a\u0430 \u0442\u0443\u0440\u0444\u0438\u0440\u043c\u044b<\/p>\n","protected":false},"author":1,"featured_media":0,"parent":0,"menu_order":0,"comment_status":"closed","ping_status":"closed","template":"","meta":{"_acf_changed":false,"footnotes":""},"class_list":["post-10903","page","type-page","status-publish","hentry"],"acf":[],"yoast_head":"<!-- This site is optimized with the Yoast SEO Premium plugin v26.6 (Yoast SEO v26.6) - https:\/\/yoast.com\/wordpress\/plugins\/seo\/ -->\n<title>Gi\u1edbi thi\u1ec7u v\u1ec1 Aritco - Nh\u00e0 s\u1ea3n xu\u1ea5t thang m\u00e1y b\u1ec7 - S\u1ea3n xu\u1ea5t t\u1ea1i Th\u1ee5y \u0110i\u1ec3n<\/title>\n<meta name=\"description\" content=\"Aritco l\u00e0 nh\u00e0 s\u1ea3n xu\u1ea5t thang m\u00e1y b\u1ec7 v\u00e0 thang m\u00e1y gia \u0111\u00ecnh t\u1eebng \u0111o\u1ea1t gi\u1ea3i th\u01b0\u1edfng. Ch\u00fang t\u00f4i cung c\u1ea5p thang m\u00e1y cho c\u1ea3 th\u1ecb tr\u01b0\u1eddng c\u00f4ng v\u00e0 t\u01b0 nh\u00e2n tr\u00ean to\u00e0n th\u1ebf gi\u1edbi.\" \/>\n<meta name=\"robots\" content=\"index, follow, max-snippet:-1, max-image-preview:large, max-video-preview:-1\" \/>\n<link rel=\"canonical\" href=\"https:\/\/www.aritco.com\/vi\/gioi-thieu-aritco\/\" \/>\n<meta property=\"og:locale\" content=\"vi_VN\" \/>\n<meta property=\"og:type\" content=\"article\" \/>\n<meta property=\"og:title\" content=\"Gi\u1edbi thi\u1ec7u v\u1ec1 Aritco - Nh\u00e0 s\u1ea3n xu\u1ea5t thang m\u00e1y | Aritco\" \/>\n<meta property=\"og:description\" content=\"Nh\u00e0 s\u1ea3n xu\u1ea5t thang m\u00e1y n\u1ec1n t\u1ea3ng t\u1eebng \u0111o\u1ea1t gi\u1ea3i th\u01b0\u1edfng c\u00f3 tr\u1ee5 s\u1edf t\u1ea1i Th\u1ee5y \u0110i\u1ec3n, cung c\u1ea5p c\u1ea3 thang m\u00e1y c\u00f4ng c\u1ed9ng v\u00e0 gia \u0111\u00ecnh tr\u00ean to\u00e0n th\u1ebf gi\u1edbi. Aritco c\u00f3 thang m\u00e1y cho m\u1ecdi t\u00ecnh hu\u1ed1ng.\" \/>\n<meta property=\"og:url\" content=\"https:\/\/www.aritco.com\/vi\/gioi-thieu-aritco\/\" \/>\n<meta property=\"og:site_name\" content=\"Aritco\" \/>\n<meta property=\"article:modified_time\" content=\"2026-01-22T10:38:27+00:00\" \/>\n<meta property=\"og:image\" content=\"https:\/\/www.aritco.com\/\/wp-content\/webpc-passthru.php?src=https:\/\/www.aritco.com\/wp-content\/uploads\/2019\/06\/Control-panel-Aritco-HomeLift.jpg&nocache=1\" \/>\n<meta name=\"twitter:card\" content=\"summary_large_image\" \/>\n<meta name=\"twitter:title\" content=\"Gi\u1edbi thi\u1ec7u v\u1ec1 Aritco - Nh\u00e0 s\u1ea3n xu\u1ea5t thang m\u00e1y | Aritco\" \/>\n<meta name=\"twitter:description\" content=\"Nh\u00e0 s\u1ea3n xu\u1ea5t thang m\u00e1y n\u1ec1n t\u1ea3ng t\u1eebng \u0111o\u1ea1t gi\u1ea3i th\u01b0\u1edfng c\u00f3 tr\u1ee5 s\u1edf t\u1ea1i Th\u1ee5y \u0110i\u1ec3n, cung c\u1ea5p c\u1ea3 thang m\u00e1y c\u00f4ng c\u1ed9ng v\u00e0 gia \u0111\u00ecnh tr\u00ean to\u00e0n th\u1ebf gi\u1edbi. Aritco c\u00f3 thang m\u00e1y cho m\u1ecdi t\u00ecnh hu\u1ed1ng.\" \/>\n<meta name=\"twitter:image\" content=\"https:\/\/www.aritco.com\/\/wp-content\/webpc-passthru.php?src=https:\/\/www.aritco.com\/wp-content\/uploads\/2019\/06\/Control-panel-Aritco-HomeLift.jpg&nocache=1\" \/>\n<meta name=\"twitter:label1\" content=\"Est. reading time\" \/>\n\t<meta name=\"twitter:data1\" content=\"1 minute\" \/>\n<script type=\"application\/ld+json\" class=\"yoast-schema-graph\">{\"@context\":\"https:\/\/schema.org\",\"@graph\":[{\"@type\":\"WebPage\",\"@id\":\"https:\/\/www.aritco.com\/vi\/gioi-thieu-aritco\/\",\"url\":\"https:\/\/www.aritco.com\/vi\/gioi-thieu-aritco\/\",\"name\":\"Gi\u1edbi thi\u1ec7u v\u1ec1 Aritco - Nh\u00e0 s\u1ea3n xu\u1ea5t thang m\u00e1y b\u1ec7 - S\u1ea3n xu\u1ea5t t\u1ea1i Th\u1ee5y \u0110i\u1ec3n\",\"isPartOf\":{\"@id\":\"https:\/\/www.aritco.com\/vi\/#website\"},\"datePublished\":\"2019-06-01T13:49:42+00:00\",\"dateModified\":\"2026-01-22T10:38:27+00:00\",\"description\":\"Aritco l\u00e0 nh\u00e0 s\u1ea3n xu\u1ea5t thang m\u00e1y b\u1ec7 v\u00e0 thang m\u00e1y gia \u0111\u00ecnh t\u1eebng \u0111o\u1ea1t gi\u1ea3i th\u01b0\u1edfng. Ch\u00fang t\u00f4i cung c\u1ea5p thang m\u00e1y cho c\u1ea3 th\u1ecb tr\u01b0\u1eddng c\u00f4ng v\u00e0 t\u01b0 nh\u00e2n tr\u00ean to\u00e0n th\u1ebf gi\u1edbi.\",\"inLanguage\":\"vi-VN\",\"potentialAction\":[{\"@type\":\"ReadAction\",\"target\":[\"https:\/\/www.aritco.com\/vi\/gioi-thieu-aritco\/\"]}]},{\"@type\":\"WebSite\",\"@id\":\"https:\/\/www.aritco.com\/vi\/#website\",\"url\":\"https:\/\/www.aritco.com\/vi\/\",\"name\":\"Aritco\",\"description\":\"Award-winning lifts for homes and public and commercial use\",\"publisher\":{\"@id\":\"https:\/\/www.aritco.com\/vi\/#organization\"},\"potentialAction\":[{\"@type\":\"SearchAction\",\"target\":{\"@type\":\"EntryPoint\",\"urlTemplate\":\"https:\/\/www.aritco.com\/vi\/?s={search_term_string}\"},\"query-input\":{\"@type\":\"PropertyValueSpecification\",\"valueRequired\":true,\"valueName\":\"search_term_string\"}}],\"inLanguage\":\"vi-VN\"},{\"@type\":\"Organization\",\"@id\":\"https:\/\/www.aritco.com\/vi\/#organization\",\"name\":\"Aritco\",\"url\":\"https:\/\/www.aritco.com\/vi\/\",\"logo\":{\"@type\":\"ImageObject\",\"inLanguage\":\"vi-VN\",\"@id\":\"https:\/\/www.aritco.com\/vi\/#\/schema\/logo\/image\/\",\"url\":\"https:\/\/www.aritco.com\/wp-content\/uploads\/2019\/05\/vertical-3.svg\",\"contentUrl\":\"https:\/\/www.aritco.com\/wp-content\/uploads\/2019\/05\/vertical-3.svg\",\"width\":1,\"height\":1,\"caption\":\"Aritco\"},\"image\":{\"@id\":\"https:\/\/www.aritco.com\/vi\/#\/schema\/logo\/image\/\"},\"publishingPrinciples\":\"https:\/\/www.aritco.com\/about-aritco\/\"}]}<\/script>\n<!-- \/ Yoast SEO Premium plugin. -->","yoast_head_json":{"title":"Gi\u1edbi thi\u1ec7u v\u1ec1 Aritco - Nh\u00e0 s\u1ea3n xu\u1ea5t thang m\u00e1y b\u1ec7 - S\u1ea3n xu\u1ea5t t\u1ea1i Th\u1ee5y \u0110i\u1ec3n","description":"Aritco l\u00e0 nh\u00e0 s\u1ea3n xu\u1ea5t thang m\u00e1y b\u1ec7 v\u00e0 thang m\u00e1y gia \u0111\u00ecnh t\u1eebng \u0111o\u1ea1t gi\u1ea3i th\u01b0\u1edfng. Ch\u00fang t\u00f4i cung c\u1ea5p thang m\u00e1y cho c\u1ea3 th\u1ecb tr\u01b0\u1eddng c\u00f4ng v\u00e0 t\u01b0 nh\u00e2n tr\u00ean to\u00e0n th\u1ebf gi\u1edbi.","robots":{"index":"index","follow":"follow","max-snippet":"max-snippet:-1","max-image-preview":"max-image-preview:large","max-video-preview":"max-video-preview:-1"},"canonical":"https:\/\/www.aritco.com\/vi\/gioi-thieu-aritco\/","og_locale":"vi_VN","og_type":"article","og_title":"Gi\u1edbi thi\u1ec7u v\u1ec1 Aritco - Nh\u00e0 s\u1ea3n xu\u1ea5t thang m\u00e1y | Aritco","og_description":"Nh\u00e0 s\u1ea3n xu\u1ea5t thang m\u00e1y n\u1ec1n t\u1ea3ng t\u1eebng \u0111o\u1ea1t gi\u1ea3i th\u01b0\u1edfng c\u00f3 tr\u1ee5 s\u1edf t\u1ea1i Th\u1ee5y \u0110i\u1ec3n, cung c\u1ea5p c\u1ea3 thang m\u00e1y c\u00f4ng c\u1ed9ng v\u00e0 gia \u0111\u00ecnh tr\u00ean to\u00e0n th\u1ebf gi\u1edbi. Aritco c\u00f3 thang m\u00e1y cho m\u1ecdi t\u00ecnh hu\u1ed1ng.","og_url":"https:\/\/www.aritco.com\/vi\/gioi-thieu-aritco\/","og_site_name":"Aritco","article_modified_time":"2026-01-22T10:38:27+00:00","og_image":[{"url":"https:\/\/www.aritco.com\/\/wp-content\/webpc-passthru.php?src=https:\/\/www.aritco.com\/wp-content\/uploads\/2019\/06\/Control-panel-Aritco-HomeLift.jpg&nocache=1","type":"","width":"","height":""}],"twitter_card":"summary_large_image","twitter_title":"Gi\u1edbi thi\u1ec7u v\u1ec1 Aritco - Nh\u00e0 s\u1ea3n xu\u1ea5t thang m\u00e1y | Aritco","twitter_description":"Nh\u00e0 s\u1ea3n xu\u1ea5t thang m\u00e1y n\u1ec1n t\u1ea3ng t\u1eebng \u0111o\u1ea1t gi\u1ea3i th\u01b0\u1edfng c\u00f3 tr\u1ee5 s\u1edf t\u1ea1i Th\u1ee5y \u0110i\u1ec3n, cung c\u1ea5p c\u1ea3 thang m\u00e1y c\u00f4ng c\u1ed9ng v\u00e0 gia \u0111\u00ecnh tr\u00ean to\u00e0n th\u1ebf gi\u1edbi. Aritco c\u00f3 thang m\u00e1y cho m\u1ecdi t\u00ecnh hu\u1ed1ng.","twitter_image":"https:\/\/www.aritco.com\/\/wp-content\/webpc-passthru.php?src=https:\/\/www.aritco.com\/wp-content\/uploads\/2019\/06\/Control-panel-Aritco-HomeLift.jpg&nocache=1","twitter_misc":{"Est. reading time":"1 minute"},"schema":{"@context":"https:\/\/schema.org","@graph":[{"@type":"WebPage","@id":"https:\/\/www.aritco.com\/vi\/gioi-thieu-aritco\/","url":"https:\/\/www.aritco.com\/vi\/gioi-thieu-aritco\/","name":"Gi\u1edbi thi\u1ec7u v\u1ec1 Aritco - Nh\u00e0 s\u1ea3n xu\u1ea5t thang m\u00e1y b\u1ec7 - S\u1ea3n xu\u1ea5t t\u1ea1i Th\u1ee5y \u0110i\u1ec3n","isPartOf":{"@id":"https:\/\/www.aritco.com\/vi\/#website"},"datePublished":"2019-06-01T13:49:42+00:00","dateModified":"2026-01-22T10:38:27+00:00","description":"Aritco l\u00e0 nh\u00e0 s\u1ea3n xu\u1ea5t thang m\u00e1y b\u1ec7 v\u00e0 thang m\u00e1y gia \u0111\u00ecnh t\u1eebng \u0111o\u1ea1t gi\u1ea3i th\u01b0\u1edfng. Ch\u00fang t\u00f4i cung c\u1ea5p thang m\u00e1y cho c\u1ea3 th\u1ecb tr\u01b0\u1eddng c\u00f4ng v\u00e0 t\u01b0 nh\u00e2n tr\u00ean to\u00e0n th\u1ebf gi\u1edbi.","inLanguage":"vi-VN","potentialAction":[{"@type":"ReadAction","target":["https:\/\/www.aritco.com\/vi\/gioi-thieu-aritco\/"]}]},{"@type":"WebSite","@id":"https:\/\/www.aritco.com\/vi\/#website","url":"https:\/\/www.aritco.com\/vi\/","name":"Aritco","description":"Award-winning lifts for homes and public and commercial use","publisher":{"@id":"https:\/\/www.aritco.com\/vi\/#organization"},"potentialAction":[{"@type":"SearchAction","target":{"@type":"EntryPoint","urlTemplate":"https:\/\/www.aritco.com\/vi\/?s={search_term_string}"},"query-input":{"@type":"PropertyValueSpecification","valueRequired":true,"valueName":"search_term_string"}}],"inLanguage":"vi-VN"},{"@type":"Organization","@id":"https:\/\/www.aritco.com\/vi\/#organization","name":"Aritco","url":"https:\/\/www.aritco.com\/vi\/","logo":{"@type":"ImageObject","inLanguage":"vi-VN","@id":"https:\/\/www.aritco.com\/vi\/#\/schema\/logo\/image\/","url":"https:\/\/www.aritco.com\/wp-content\/uploads\/2019\/05\/vertical-3.svg","contentUrl":"https:\/\/www.aritco.com\/wp-content\/uploads\/2019\/05\/vertical-3.svg","width":1,"height":1,"caption":"Aritco"},"image":{"@id":"https:\/\/www.aritco.com\/vi\/#\/schema\/logo\/image\/"},"publishingPrinciples":"https:\/\/www.aritco.com\/about-aritco\/"}]}},"_links":{"self":[{"href":"https:\/\/www.aritco.com\/vi\/wp-json\/wp\/v2\/pages\/10903","targetHints":{"allow":["GET"]}}],"collection":[{"href":"https:\/\/www.aritco.com\/vi\/wp-json\/wp\/v2\/pages"}],"about":[{"href":"https:\/\/www.aritco.com\/vi\/wp-json\/wp\/v2\/types\/page"}],"author":[{"embeddable":true,"href":"https:\/\/www.aritco.com\/vi\/wp-json\/wp\/v2\/users\/1"}],"replies":[{"embeddable":true,"href":"https:\/\/www.aritco.com\/vi\/wp-json\/wp\/v2\/comments?post=10903"}],"version-history":[{"count":7,"href":"https:\/\/www.aritco.com\/vi\/wp-json\/wp\/v2\/pages\/10903\/revisions"}],"predecessor-version":[{"id":64316,"href":"https:\/\/www.aritco.com\/vi\/wp-json\/wp\/v2\/pages\/10903\/revisions\/64316"}],"wp:attachment":[{"href":"https:\/\/www.aritco.com\/vi\/wp-json\/wp\/v2\/media?parent=10903"}],"curies":[{"name":"wp","href":"https:\/\/api.w.org\/{rel}","templated":true}]}}