{"id":6934,"date":"2019-06-08T17:44:45","date_gmt":"2019-06-08T15:44:45","guid":{"rendered":"https:\/\/aritco.kumpan.dev\/for-partners\/bli-en-partner-2\/"},"modified":"2025-10-02T09:25:02","modified_gmt":"2025-10-02T07:25:02","slug":"bli-en-partner","status":"publish","type":"page","link":"https:\/\/www.aritco.com\/sv\/for-partners\/bli-en-partner\/","title":{"rendered":"Bli en partner"},"content":{"rendered":"","protected":false},"excerpt":{"rendered":"","protected":false},"author":1,"featured_media":0,"parent":6613,"menu_order":0,"comment_status":"closed","ping_status":"closed","template":"","meta":{"_acf_changed":false,"footnotes":""},"class_list":["post-6934","page","type-page","status-publish","hentry"],"acf":[],"yoast_head":"<!-- This site is optimized with the Yoast SEO Premium plugin v26.6 (Yoast SEO v26.6) - https:\/\/yoast.com\/wordpress\/plugins\/seo\/ -->\n<title>Bli en \u00e5terf\u00f6rs\u00e4ljarpartner- Aritco<\/title>\n<meta name=\"description\" content=\"Som en p\u00e5litlig och flexibel leverant\u00f6r av hissar s\u00f6ker vi st\u00e4ndigt nya partner p\u00e5 befintliga och nya marknader. Ans\u00f6k om att bli en partner h\u00e4r!\" \/>\n<meta name=\"robots\" content=\"index, follow, max-snippet:-1, max-image-preview:large, max-video-preview:-1\" \/>\n<link rel=\"canonical\" href=\"https:\/\/www.aritco.com\/sv\/for-partners\/bli-en-partner\/\" \/>\n<meta property=\"og:locale\" content=\"sv_SE\" \/>\n<meta property=\"og:type\" content=\"article\" \/>\n<meta property=\"og:title\" content=\"Bli en partner\" \/>\n<meta property=\"og:description\" content=\"Som en p\u00e5litlig och flexibel leverant\u00f6r av hissar s\u00f6ker vi st\u00e4ndigt nya partner p\u00e5 befintliga och nya marknader. Ans\u00f6k om att bli en partner h\u00e4r!\" \/>\n<meta property=\"og:url\" content=\"https:\/\/www.aritco.com\/sv\/for-partners\/bli-en-partner\/\" \/>\n<meta property=\"og:site_name\" content=\"Aritco\" \/>\n<meta property=\"article:modified_time\" content=\"2025-10-02T07:25:02+00:00\" \/>\n<meta name=\"twitter:card\" content=\"summary_large_image\" \/>\n<script type=\"application\/ld+json\" class=\"yoast-schema-graph\">{\"@context\":\"https:\/\/schema.org\",\"@graph\":[{\"@type\":\"WebPage\",\"@id\":\"https:\/\/www.aritco.com\/sv\/for-partners\/bli-en-partner\/\",\"url\":\"https:\/\/www.aritco.com\/sv\/for-partners\/bli-en-partner\/\",\"name\":\"Bli en \u00e5terf\u00f6rs\u00e4ljarpartner- Aritco\",\"isPartOf\":{\"@id\":\"https:\/\/www.aritco.com\/sv\/#website\"},\"datePublished\":\"2019-06-08T15:44:45+00:00\",\"dateModified\":\"2025-10-02T07:25:02+00:00\",\"description\":\"Som en p\u00e5litlig och flexibel leverant\u00f6r av hissar s\u00f6ker vi st\u00e4ndigt nya partner p\u00e5 befintliga och nya marknader. Ans\u00f6k om att bli en partner h\u00e4r!\",\"breadcrumb\":{\"@id\":\"https:\/\/www.aritco.com\/sv\/for-partners\/bli-en-partner\/#breadcrumb\"},\"inLanguage\":\"sv-SE\",\"potentialAction\":[{\"@type\":\"ReadAction\",\"target\":[\"https:\/\/www.aritco.com\/sv\/for-partners\/bli-en-partner\/\"]}]},{\"@type\":\"BreadcrumbList\",\"@id\":\"https:\/\/www.aritco.com\/sv\/for-partners\/bli-en-partner\/#breadcrumb\",\"itemListElement\":[{\"@type\":\"ListItem\",\"position\":1,\"name\":\"F\u00f6r partners\",\"item\":\"https:\/\/www.aritco.com\/sv\/for-partners\/\"},{\"@type\":\"ListItem\",\"position\":2,\"name\":\"Bli en partner\"}]},{\"@type\":\"WebSite\",\"@id\":\"https:\/\/www.aritco.com\/sv\/#website\",\"url\":\"https:\/\/www.aritco.com\/sv\/\",\"name\":\"Aritco\",\"description\":\"Award-winning lifts for homes and public and commercial use\",\"publisher\":{\"@id\":\"https:\/\/www.aritco.com\/sv\/#organization\"},\"potentialAction\":[{\"@type\":\"SearchAction\",\"target\":{\"@type\":\"EntryPoint\",\"urlTemplate\":\"https:\/\/www.aritco.com\/sv\/?s={search_term_string}\"},\"query-input\":{\"@type\":\"PropertyValueSpecification\",\"valueRequired\":true,\"valueName\":\"search_term_string\"}}],\"inLanguage\":\"sv-SE\"},{\"@type\":\"Organization\",\"@id\":\"https:\/\/www.aritco.com\/sv\/#organization\",\"name\":\"Aritco\",\"url\":\"https:\/\/www.aritco.com\/sv\/\",\"logo\":{\"@type\":\"ImageObject\",\"inLanguage\":\"sv-SE\",\"@id\":\"https:\/\/www.aritco.com\/sv\/#\/schema\/logo\/image\/\",\"url\":\"https:\/\/www.aritco.com\/wp-content\/uploads\/2019\/05\/vertical-3.svg\",\"contentUrl\":\"https:\/\/www.aritco.com\/wp-content\/uploads\/2019\/05\/vertical-3.svg\",\"width\":1,\"height\":1,\"caption\":\"Aritco\"},\"image\":{\"@id\":\"https:\/\/www.aritco.com\/sv\/#\/schema\/logo\/image\/\"},\"publishingPrinciples\":\"https:\/\/www.aritco.com\/about-aritco\/\"}]}<\/script>\n<!-- \/ Yoast SEO Premium plugin. -->","yoast_head_json":{"title":"Bli en \u00e5terf\u00f6rs\u00e4ljarpartner- Aritco","description":"Som en p\u00e5litlig och flexibel leverant\u00f6r av hissar s\u00f6ker vi st\u00e4ndigt nya partner p\u00e5 befintliga och nya marknader. Ans\u00f6k om att bli en partner h\u00e4r!","robots":{"index":"index","follow":"follow","max-snippet":"max-snippet:-1","max-image-preview":"max-image-preview:large","max-video-preview":"max-video-preview:-1"},"canonical":"https:\/\/www.aritco.com\/sv\/for-partners\/bli-en-partner\/","og_locale":"sv_SE","og_type":"article","og_title":"Bli en partner","og_description":"Som en p\u00e5litlig och flexibel leverant\u00f6r av hissar s\u00f6ker vi st\u00e4ndigt nya partner p\u00e5 befintliga och nya marknader. Ans\u00f6k om att bli en partner h\u00e4r!","og_url":"https:\/\/www.aritco.com\/sv\/for-partners\/bli-en-partner\/","og_site_name":"Aritco","article_modified_time":"2025-10-02T07:25:02+00:00","twitter_card":"summary_large_image","schema":{"@context":"https:\/\/schema.org","@graph":[{"@type":"WebPage","@id":"https:\/\/www.aritco.com\/sv\/for-partners\/bli-en-partner\/","url":"https:\/\/www.aritco.com\/sv\/for-partners\/bli-en-partner\/","name":"Bli en \u00e5terf\u00f6rs\u00e4ljarpartner- Aritco","isPartOf":{"@id":"https:\/\/www.aritco.com\/sv\/#website"},"datePublished":"2019-06-08T15:44:45+00:00","dateModified":"2025-10-02T07:25:02+00:00","description":"Som en p\u00e5litlig och flexibel leverant\u00f6r av hissar s\u00f6ker vi st\u00e4ndigt nya partner p\u00e5 befintliga och nya marknader. Ans\u00f6k om att bli en partner h\u00e4r!","breadcrumb":{"@id":"https:\/\/www.aritco.com\/sv\/for-partners\/bli-en-partner\/#breadcrumb"},"inLanguage":"sv-SE","potentialAction":[{"@type":"ReadAction","target":["https:\/\/www.aritco.com\/sv\/for-partners\/bli-en-partner\/"]}]},{"@type":"BreadcrumbList","@id":"https:\/\/www.aritco.com\/sv\/for-partners\/bli-en-partner\/#breadcrumb","itemListElement":[{"@type":"ListItem","position":1,"name":"F\u00f6r partners","item":"https:\/\/www.aritco.com\/sv\/for-partners\/"},{"@type":"ListItem","position":2,"name":"Bli en partner"}]},{"@type":"WebSite","@id":"https:\/\/www.aritco.com\/sv\/#website","url":"https:\/\/www.aritco.com\/sv\/","name":"Aritco","description":"Award-winning lifts for homes and public and commercial use","publisher":{"@id":"https:\/\/www.aritco.com\/sv\/#organization"},"potentialAction":[{"@type":"SearchAction","target":{"@type":"EntryPoint","urlTemplate":"https:\/\/www.aritco.com\/sv\/?s={search_term_string}"},"query-input":{"@type":"PropertyValueSpecification","valueRequired":true,"valueName":"search_term_string"}}],"inLanguage":"sv-SE"},{"@type":"Organization","@id":"https:\/\/www.aritco.com\/sv\/#organization","name":"Aritco","url":"https:\/\/www.aritco.com\/sv\/","logo":{"@type":"ImageObject","inLanguage":"sv-SE","@id":"https:\/\/www.aritco.com\/sv\/#\/schema\/logo\/image\/","url":"https:\/\/www.aritco.com\/wp-content\/uploads\/2019\/05\/vertical-3.svg","contentUrl":"https:\/\/www.aritco.com\/wp-content\/uploads\/2019\/05\/vertical-3.svg","width":1,"height":1,"caption":"Aritco"},"image":{"@id":"https:\/\/www.aritco.com\/sv\/#\/schema\/logo\/image\/"},"publishingPrinciples":"https:\/\/www.aritco.com\/about-aritco\/"}]}},"_links":{"self":[{"href":"https:\/\/www.aritco.com\/sv\/wp-json\/wp\/v2\/pages\/6934","targetHints":{"allow":["GET"]}}],"collection":[{"href":"https:\/\/www.aritco.com\/sv\/wp-json\/wp\/v2\/pages"}],"about":[{"href":"https:\/\/www.aritco.com\/sv\/wp-json\/wp\/v2\/types\/page"}],"author":[{"embeddable":true,"href":"https:\/\/www.aritco.com\/sv\/wp-json\/wp\/v2\/users\/1"}],"replies":[{"embeddable":true,"href":"https:\/\/www.aritco.com\/sv\/wp-json\/wp\/v2\/comments?post=6934"}],"version-history":[{"count":2,"href":"https:\/\/www.aritco.com\/sv\/wp-json\/wp\/v2\/pages\/6934\/revisions"}],"predecessor-version":[{"id":62995,"href":"https:\/\/www.aritco.com\/sv\/wp-json\/wp\/v2\/pages\/6934\/revisions\/62995"}],"up":[{"embeddable":true,"href":"https:\/\/www.aritco.com\/sv\/wp-json\/wp\/v2\/pages\/6613"}],"wp:attachment":[{"href":"https:\/\/www.aritco.com\/sv\/wp-json\/wp\/v2\/media?parent=6934"}],"curies":[{"name":"wp","href":"https:\/\/api.w.org\/{rel}","templated":true}]}}