{"id":6751,"date":"2020-01-20T16:57:52","date_gmt":"2020-01-20T15:57:52","guid":{"rendered":"https:\/\/aritco.kumpan.dev\/nextlevelliving\/london-design-festival-2020\/"},"modified":"2020-11-27T19:24:26","modified_gmt":"2020-11-27T18:24:26","slug":"london-design-festival-2020","status":"publish","type":"page","link":"https:\/\/www.aritco.com\/sv\/massor-och-evenemang\/london-design-festival-2020\/","title":{"rendered":"London Design Festival 2020"},"content":{"rendered":"","protected":false},"excerpt":{"rendered":"","protected":false},"author":12,"featured_media":0,"parent":6733,"menu_order":0,"comment_status":"closed","ping_status":"closed","template":"","meta":{"_acf_changed":false,"footnotes":""},"class_list":["post-6751","page","type-page","status-publish","hentry"],"acf":[],"yoast_head":"<!-- This site is optimized with the Yoast SEO Premium plugin v26.6 (Yoast SEO v26.6) - https:\/\/yoast.com\/wordpress\/plugins\/seo\/ -->\n<title>London design festival - Next level living - Aritco<\/title>\n<meta name=\"description\" content=\"F\u00f6lj med oss i s\u00f6kandet efter framtidens funktion och design p\u00e5 100% Design London!\" \/>\n<meta name=\"robots\" content=\"index, follow, max-snippet:-1, max-image-preview:large, max-video-preview:-1\" \/>\n<link rel=\"canonical\" href=\"https:\/\/www.aritco.com\/sv\/massor-och-evenemang\/london-design-festival-2020\/\" \/>\n<meta property=\"og:locale\" content=\"sv_SE\" \/>\n<meta property=\"og:type\" content=\"article\" \/>\n<meta property=\"og:title\" content=\"London Design Festival 2020\" \/>\n<meta property=\"og:description\" content=\"F\u00f6lj med oss i s\u00f6kandet efter framtidens funktion och design p\u00e5 100% Design London!\" \/>\n<meta property=\"og:url\" content=\"https:\/\/www.aritco.com\/sv\/massor-och-evenemang\/london-design-festival-2020\/\" \/>\n<meta property=\"og:site_name\" content=\"Aritco\" \/>\n<meta property=\"article:modified_time\" content=\"2020-11-27T18:24:26+00:00\" \/>\n<meta name=\"twitter:card\" content=\"summary_large_image\" \/>\n<script type=\"application\/ld+json\" class=\"yoast-schema-graph\">{\"@context\":\"https:\/\/schema.org\",\"@graph\":[{\"@type\":\"WebPage\",\"@id\":\"https:\/\/www.aritco.com\/sv\/massor-och-evenemang\/london-design-festival-2020\/\",\"url\":\"https:\/\/www.aritco.com\/sv\/massor-och-evenemang\/london-design-festival-2020\/\",\"name\":\"London design festival - Next level living - Aritco\",\"isPartOf\":{\"@id\":\"https:\/\/www.aritco.com\/sv\/#website\"},\"datePublished\":\"2020-01-20T15:57:52+00:00\",\"dateModified\":\"2020-11-27T18:24:26+00:00\",\"description\":\"F\u00f6lj med oss i s\u00f6kandet efter framtidens funktion och design p\u00e5 100% Design London!\",\"breadcrumb\":{\"@id\":\"https:\/\/www.aritco.com\/sv\/massor-och-evenemang\/london-design-festival-2020\/#breadcrumb\"},\"inLanguage\":\"sv-SE\",\"potentialAction\":[{\"@type\":\"ReadAction\",\"target\":[\"https:\/\/www.aritco.com\/sv\/massor-och-evenemang\/london-design-festival-2020\/\"]}]},{\"@type\":\"BreadcrumbList\",\"@id\":\"https:\/\/www.aritco.com\/sv\/massor-och-evenemang\/london-design-festival-2020\/#breadcrumb\",\"itemListElement\":[{\"@type\":\"ListItem\",\"position\":1,\"name\":\"M\u00e4ssor &#038; Evenemang\",\"item\":\"https:\/\/www.aritco.com\/sv\/massor-och-evenemang\/\"},{\"@type\":\"ListItem\",\"position\":2,\"name\":\"London Design Festival 2020\"}]},{\"@type\":\"WebSite\",\"@id\":\"https:\/\/www.aritco.com\/sv\/#website\",\"url\":\"https:\/\/www.aritco.com\/sv\/\",\"name\":\"Aritco\",\"description\":\"Award-winning lifts for homes and public and commercial use\",\"publisher\":{\"@id\":\"https:\/\/www.aritco.com\/sv\/#organization\"},\"potentialAction\":[{\"@type\":\"SearchAction\",\"target\":{\"@type\":\"EntryPoint\",\"urlTemplate\":\"https:\/\/www.aritco.com\/sv\/?s={search_term_string}\"},\"query-input\":{\"@type\":\"PropertyValueSpecification\",\"valueRequired\":true,\"valueName\":\"search_term_string\"}}],\"inLanguage\":\"sv-SE\"},{\"@type\":\"Organization\",\"@id\":\"https:\/\/www.aritco.com\/sv\/#organization\",\"name\":\"Aritco\",\"url\":\"https:\/\/www.aritco.com\/sv\/\",\"logo\":{\"@type\":\"ImageObject\",\"inLanguage\":\"sv-SE\",\"@id\":\"https:\/\/www.aritco.com\/sv\/#\/schema\/logo\/image\/\",\"url\":\"https:\/\/www.aritco.com\/wp-content\/uploads\/2019\/05\/vertical-3.svg\",\"contentUrl\":\"https:\/\/www.aritco.com\/wp-content\/uploads\/2019\/05\/vertical-3.svg\",\"width\":1,\"height\":1,\"caption\":\"Aritco\"},\"image\":{\"@id\":\"https:\/\/www.aritco.com\/sv\/#\/schema\/logo\/image\/\"},\"publishingPrinciples\":\"https:\/\/www.aritco.com\/about-aritco\/\"}]}<\/script>\n<!-- \/ Yoast SEO Premium plugin. -->","yoast_head_json":{"title":"London design festival - Next level living - Aritco","description":"F\u00f6lj med oss i s\u00f6kandet efter framtidens funktion och design p\u00e5 100% Design London!","robots":{"index":"index","follow":"follow","max-snippet":"max-snippet:-1","max-image-preview":"max-image-preview:large","max-video-preview":"max-video-preview:-1"},"canonical":"https:\/\/www.aritco.com\/sv\/massor-och-evenemang\/london-design-festival-2020\/","og_locale":"sv_SE","og_type":"article","og_title":"London Design Festival 2020","og_description":"F\u00f6lj med oss i s\u00f6kandet efter framtidens funktion och design p\u00e5 100% Design London!","og_url":"https:\/\/www.aritco.com\/sv\/massor-och-evenemang\/london-design-festival-2020\/","og_site_name":"Aritco","article_modified_time":"2020-11-27T18:24:26+00:00","twitter_card":"summary_large_image","schema":{"@context":"https:\/\/schema.org","@graph":[{"@type":"WebPage","@id":"https:\/\/www.aritco.com\/sv\/massor-och-evenemang\/london-design-festival-2020\/","url":"https:\/\/www.aritco.com\/sv\/massor-och-evenemang\/london-design-festival-2020\/","name":"London design festival - Next level living - Aritco","isPartOf":{"@id":"https:\/\/www.aritco.com\/sv\/#website"},"datePublished":"2020-01-20T15:57:52+00:00","dateModified":"2020-11-27T18:24:26+00:00","description":"F\u00f6lj med oss i s\u00f6kandet efter framtidens funktion och design p\u00e5 100% Design London!","breadcrumb":{"@id":"https:\/\/www.aritco.com\/sv\/massor-och-evenemang\/london-design-festival-2020\/#breadcrumb"},"inLanguage":"sv-SE","potentialAction":[{"@type":"ReadAction","target":["https:\/\/www.aritco.com\/sv\/massor-och-evenemang\/london-design-festival-2020\/"]}]},{"@type":"BreadcrumbList","@id":"https:\/\/www.aritco.com\/sv\/massor-och-evenemang\/london-design-festival-2020\/#breadcrumb","itemListElement":[{"@type":"ListItem","position":1,"name":"M\u00e4ssor &#038; Evenemang","item":"https:\/\/www.aritco.com\/sv\/massor-och-evenemang\/"},{"@type":"ListItem","position":2,"name":"London Design Festival 2020"}]},{"@type":"WebSite","@id":"https:\/\/www.aritco.com\/sv\/#website","url":"https:\/\/www.aritco.com\/sv\/","name":"Aritco","description":"Award-winning lifts for homes and public and commercial use","publisher":{"@id":"https:\/\/www.aritco.com\/sv\/#organization"},"potentialAction":[{"@type":"SearchAction","target":{"@type":"EntryPoint","urlTemplate":"https:\/\/www.aritco.com\/sv\/?s={search_term_string}"},"query-input":{"@type":"PropertyValueSpecification","valueRequired":true,"valueName":"search_term_string"}}],"inLanguage":"sv-SE"},{"@type":"Organization","@id":"https:\/\/www.aritco.com\/sv\/#organization","name":"Aritco","url":"https:\/\/www.aritco.com\/sv\/","logo":{"@type":"ImageObject","inLanguage":"sv-SE","@id":"https:\/\/www.aritco.com\/sv\/#\/schema\/logo\/image\/","url":"https:\/\/www.aritco.com\/wp-content\/uploads\/2019\/05\/vertical-3.svg","contentUrl":"https:\/\/www.aritco.com\/wp-content\/uploads\/2019\/05\/vertical-3.svg","width":1,"height":1,"caption":"Aritco"},"image":{"@id":"https:\/\/www.aritco.com\/sv\/#\/schema\/logo\/image\/"},"publishingPrinciples":"https:\/\/www.aritco.com\/about-aritco\/"}]}},"_links":{"self":[{"href":"https:\/\/www.aritco.com\/sv\/wp-json\/wp\/v2\/pages\/6751","targetHints":{"allow":["GET"]}}],"collection":[{"href":"https:\/\/www.aritco.com\/sv\/wp-json\/wp\/v2\/pages"}],"about":[{"href":"https:\/\/www.aritco.com\/sv\/wp-json\/wp\/v2\/types\/page"}],"author":[{"embeddable":true,"href":"https:\/\/www.aritco.com\/sv\/wp-json\/wp\/v2\/users\/12"}],"replies":[{"embeddable":true,"href":"https:\/\/www.aritco.com\/sv\/wp-json\/wp\/v2\/comments?post=6751"}],"version-history":[{"count":0,"href":"https:\/\/www.aritco.com\/sv\/wp-json\/wp\/v2\/pages\/6751\/revisions"}],"up":[{"embeddable":true,"href":"https:\/\/www.aritco.com\/sv\/wp-json\/wp\/v2\/pages\/6733"}],"wp:attachment":[{"href":"https:\/\/www.aritco.com\/sv\/wp-json\/wp\/v2\/media?parent=6751"}],"curies":[{"name":"wp","href":"https:\/\/api.w.org\/{rel}","templated":true}]}}