{"id":6748,"date":"2020-01-20T17:07:05","date_gmt":"2020-01-20T16:07:05","guid":{"rendered":"https:\/\/aritco.kumpan.dev\/nextlevelliving\/downtown-design-dubai-2020\/"},"modified":"2022-12-29T10:00:21","modified_gmt":"2022-12-29T09:00:21","slug":"downtown-design-dubai-2023","status":"publish","type":"page","link":"https:\/\/www.aritco.com\/sv\/massor-och-evenemang\/downtown-design-dubai-2023\/","title":{"rendered":"Downtown Design Dubai 2023"},"content":{"rendered":"","protected":false},"excerpt":{"rendered":"","protected":false},"author":12,"featured_media":5728,"parent":6733,"menu_order":0,"comment_status":"closed","ping_status":"closed","template":"","meta":{"_acf_changed":false,"footnotes":""},"class_list":["post-6748","page","type-page","status-publish","has-post-thumbnail","hentry"],"acf":[],"yoast_head":"<!-- This site is optimized with the Yoast SEO Premium plugin v26.6 (Yoast SEO v26.6) - https:\/\/yoast.com\/wordpress\/plugins\/seo\/ -->\n<title>Downtown Design Dubai 2023 - Aritco Aritco<\/title>\n<meta name=\"description\" content=\"Bes\u00f6k Aritco Lift i Dubai p\u00e5 den ledande designm\u00e4ssan i Mellan\u00f6stern, Downtown Design Dubai, 8-11 november i Design District\" \/>\n<meta name=\"robots\" content=\"index, follow, max-snippet:-1, max-image-preview:large, max-video-preview:-1\" \/>\n<link rel=\"canonical\" href=\"https:\/\/www.aritco.com\/sv\/massor-och-evenemang\/downtown-design-dubai-2023\/\" \/>\n<meta property=\"og:locale\" content=\"sv_SE\" \/>\n<meta property=\"og:type\" content=\"article\" \/>\n<meta property=\"og:title\" content=\"Downtown Design Dubai 2023\" \/>\n<meta property=\"og:description\" content=\"Bes\u00f6k Aritco Lift i Dubai p\u00e5 den ledande designm\u00e4ssan i Mellan\u00f6stern, Downtown Design Dubai, 8-11 november i Design District\" \/>\n<meta property=\"og:url\" content=\"https:\/\/www.aritco.com\/sv\/massor-och-evenemang\/downtown-design-dubai-2023\/\" \/>\n<meta property=\"og:site_name\" content=\"Aritco\" \/>\n<meta property=\"article:modified_time\" content=\"2022-12-29T09:00:21+00:00\" \/>\n<meta property=\"og:image\" content=\"https:\/\/www.aritco.com\/wp-content\/uploads\/2020\/01\/Dubai-m\u00e4ssa.jpg\" \/>\n\t<meta property=\"og:image:width\" content=\"1080\" \/>\n\t<meta property=\"og:image:height\" content=\"1080\" \/>\n\t<meta property=\"og:image:type\" content=\"image\/jpeg\" \/>\n<meta name=\"twitter:card\" content=\"summary_large_image\" \/>\n<script type=\"application\/ld+json\" class=\"yoast-schema-graph\">{\"@context\":\"https:\/\/schema.org\",\"@graph\":[{\"@type\":\"WebPage\",\"@id\":\"https:\/\/www.aritco.com\/sv\/massor-och-evenemang\/downtown-design-dubai-2023\/\",\"url\":\"https:\/\/www.aritco.com\/sv\/massor-och-evenemang\/downtown-design-dubai-2023\/\",\"name\":\"Downtown Design Dubai 2023 - Aritco Aritco\",\"isPartOf\":{\"@id\":\"https:\/\/www.aritco.com\/sv\/#website\"},\"primaryImageOfPage\":{\"@id\":\"https:\/\/www.aritco.com\/sv\/massor-och-evenemang\/downtown-design-dubai-2023\/#primaryimage\"},\"image\":{\"@id\":\"https:\/\/www.aritco.com\/sv\/massor-och-evenemang\/downtown-design-dubai-2023\/#primaryimage\"},\"thumbnailUrl\":\"https:\/\/www.aritco.com\/wp-content\/uploads\/2020\/01\/Dubai-m\u00e4ssa.jpg\",\"datePublished\":\"2020-01-20T16:07:05+00:00\",\"dateModified\":\"2022-12-29T09:00:21+00:00\",\"description\":\"Bes\u00f6k Aritco Lift i Dubai p\u00e5 den ledande designm\u00e4ssan i Mellan\u00f6stern, Downtown Design Dubai, 8-11 november i Design District\",\"breadcrumb\":{\"@id\":\"https:\/\/www.aritco.com\/sv\/massor-och-evenemang\/downtown-design-dubai-2023\/#breadcrumb\"},\"inLanguage\":\"sv-SE\",\"potentialAction\":[{\"@type\":\"ReadAction\",\"target\":[\"https:\/\/www.aritco.com\/sv\/massor-och-evenemang\/downtown-design-dubai-2023\/\"]}]},{\"@type\":\"ImageObject\",\"inLanguage\":\"sv-SE\",\"@id\":\"https:\/\/www.aritco.com\/sv\/massor-och-evenemang\/downtown-design-dubai-2023\/#primaryimage\",\"url\":\"https:\/\/www.aritco.com\/wp-content\/uploads\/2020\/01\/Dubai-m\u00e4ssa.jpg\",\"contentUrl\":\"https:\/\/www.aritco.com\/wp-content\/uploads\/2020\/01\/Dubai-m\u00e4ssa.jpg\",\"width\":1080,\"height\":1080,\"caption\":\"View over Dubai\"},{\"@type\":\"BreadcrumbList\",\"@id\":\"https:\/\/www.aritco.com\/sv\/massor-och-evenemang\/downtown-design-dubai-2023\/#breadcrumb\",\"itemListElement\":[{\"@type\":\"ListItem\",\"position\":1,\"name\":\"M\u00e4ssor &#038; Evenemang\",\"item\":\"https:\/\/www.aritco.com\/sv\/massor-och-evenemang\/\"},{\"@type\":\"ListItem\",\"position\":2,\"name\":\"Downtown Design Dubai 2023\"}]},{\"@type\":\"WebSite\",\"@id\":\"https:\/\/www.aritco.com\/sv\/#website\",\"url\":\"https:\/\/www.aritco.com\/sv\/\",\"name\":\"Aritco\",\"description\":\"Award-winning lifts for homes and public and commercial use\",\"publisher\":{\"@id\":\"https:\/\/www.aritco.com\/sv\/#organization\"},\"potentialAction\":[{\"@type\":\"SearchAction\",\"target\":{\"@type\":\"EntryPoint\",\"urlTemplate\":\"https:\/\/www.aritco.com\/sv\/?s={search_term_string}\"},\"query-input\":{\"@type\":\"PropertyValueSpecification\",\"valueRequired\":true,\"valueName\":\"search_term_string\"}}],\"inLanguage\":\"sv-SE\"},{\"@type\":\"Organization\",\"@id\":\"https:\/\/www.aritco.com\/sv\/#organization\",\"name\":\"Aritco\",\"url\":\"https:\/\/www.aritco.com\/sv\/\",\"logo\":{\"@type\":\"ImageObject\",\"inLanguage\":\"sv-SE\",\"@id\":\"https:\/\/www.aritco.com\/sv\/#\/schema\/logo\/image\/\",\"url\":\"https:\/\/www.aritco.com\/wp-content\/uploads\/2019\/05\/vertical-3.svg\",\"contentUrl\":\"https:\/\/www.aritco.com\/wp-content\/uploads\/2019\/05\/vertical-3.svg\",\"width\":1,\"height\":1,\"caption\":\"Aritco\"},\"image\":{\"@id\":\"https:\/\/www.aritco.com\/sv\/#\/schema\/logo\/image\/\"},\"publishingPrinciples\":\"https:\/\/www.aritco.com\/about-aritco\/\"}]}<\/script>\n<!-- \/ Yoast SEO Premium plugin. -->","yoast_head_json":{"title":"Downtown Design Dubai 2023 - Aritco Aritco","description":"Bes\u00f6k Aritco Lift i Dubai p\u00e5 den ledande designm\u00e4ssan i Mellan\u00f6stern, Downtown Design Dubai, 8-11 november i Design District","robots":{"index":"index","follow":"follow","max-snippet":"max-snippet:-1","max-image-preview":"max-image-preview:large","max-video-preview":"max-video-preview:-1"},"canonical":"https:\/\/www.aritco.com\/sv\/massor-och-evenemang\/downtown-design-dubai-2023\/","og_locale":"sv_SE","og_type":"article","og_title":"Downtown Design Dubai 2023","og_description":"Bes\u00f6k Aritco Lift i Dubai p\u00e5 den ledande designm\u00e4ssan i Mellan\u00f6stern, Downtown Design Dubai, 8-11 november i Design District","og_url":"https:\/\/www.aritco.com\/sv\/massor-och-evenemang\/downtown-design-dubai-2023\/","og_site_name":"Aritco","article_modified_time":"2022-12-29T09:00:21+00:00","og_image":[{"width":1080,"height":1080,"url":"https:\/\/www.aritco.com\/wp-content\/uploads\/2020\/01\/Dubai-m\u00e4ssa.jpg","type":"image\/jpeg"}],"twitter_card":"summary_large_image","schema":{"@context":"https:\/\/schema.org","@graph":[{"@type":"WebPage","@id":"https:\/\/www.aritco.com\/sv\/massor-och-evenemang\/downtown-design-dubai-2023\/","url":"https:\/\/www.aritco.com\/sv\/massor-och-evenemang\/downtown-design-dubai-2023\/","name":"Downtown Design Dubai 2023 - Aritco Aritco","isPartOf":{"@id":"https:\/\/www.aritco.com\/sv\/#website"},"primaryImageOfPage":{"@id":"https:\/\/www.aritco.com\/sv\/massor-och-evenemang\/downtown-design-dubai-2023\/#primaryimage"},"image":{"@id":"https:\/\/www.aritco.com\/sv\/massor-och-evenemang\/downtown-design-dubai-2023\/#primaryimage"},"thumbnailUrl":"https:\/\/www.aritco.com\/wp-content\/uploads\/2020\/01\/Dubai-m\u00e4ssa.jpg","datePublished":"2020-01-20T16:07:05+00:00","dateModified":"2022-12-29T09:00:21+00:00","description":"Bes\u00f6k Aritco Lift i Dubai p\u00e5 den ledande designm\u00e4ssan i Mellan\u00f6stern, Downtown Design Dubai, 8-11 november i Design District","breadcrumb":{"@id":"https:\/\/www.aritco.com\/sv\/massor-och-evenemang\/downtown-design-dubai-2023\/#breadcrumb"},"inLanguage":"sv-SE","potentialAction":[{"@type":"ReadAction","target":["https:\/\/www.aritco.com\/sv\/massor-och-evenemang\/downtown-design-dubai-2023\/"]}]},{"@type":"ImageObject","inLanguage":"sv-SE","@id":"https:\/\/www.aritco.com\/sv\/massor-och-evenemang\/downtown-design-dubai-2023\/#primaryimage","url":"https:\/\/www.aritco.com\/wp-content\/uploads\/2020\/01\/Dubai-m\u00e4ssa.jpg","contentUrl":"https:\/\/www.aritco.com\/wp-content\/uploads\/2020\/01\/Dubai-m\u00e4ssa.jpg","width":1080,"height":1080,"caption":"View over Dubai"},{"@type":"BreadcrumbList","@id":"https:\/\/www.aritco.com\/sv\/massor-och-evenemang\/downtown-design-dubai-2023\/#breadcrumb","itemListElement":[{"@type":"ListItem","position":1,"name":"M\u00e4ssor &#038; Evenemang","item":"https:\/\/www.aritco.com\/sv\/massor-och-evenemang\/"},{"@type":"ListItem","position":2,"name":"Downtown Design Dubai 2023"}]},{"@type":"WebSite","@id":"https:\/\/www.aritco.com\/sv\/#website","url":"https:\/\/www.aritco.com\/sv\/","name":"Aritco","description":"Award-winning lifts for homes and public and commercial use","publisher":{"@id":"https:\/\/www.aritco.com\/sv\/#organization"},"potentialAction":[{"@type":"SearchAction","target":{"@type":"EntryPoint","urlTemplate":"https:\/\/www.aritco.com\/sv\/?s={search_term_string}"},"query-input":{"@type":"PropertyValueSpecification","valueRequired":true,"valueName":"search_term_string"}}],"inLanguage":"sv-SE"},{"@type":"Organization","@id":"https:\/\/www.aritco.com\/sv\/#organization","name":"Aritco","url":"https:\/\/www.aritco.com\/sv\/","logo":{"@type":"ImageObject","inLanguage":"sv-SE","@id":"https:\/\/www.aritco.com\/sv\/#\/schema\/logo\/image\/","url":"https:\/\/www.aritco.com\/wp-content\/uploads\/2019\/05\/vertical-3.svg","contentUrl":"https:\/\/www.aritco.com\/wp-content\/uploads\/2019\/05\/vertical-3.svg","width":1,"height":1,"caption":"Aritco"},"image":{"@id":"https:\/\/www.aritco.com\/sv\/#\/schema\/logo\/image\/"},"publishingPrinciples":"https:\/\/www.aritco.com\/about-aritco\/"}]}},"_links":{"self":[{"href":"https:\/\/www.aritco.com\/sv\/wp-json\/wp\/v2\/pages\/6748","targetHints":{"allow":["GET"]}}],"collection":[{"href":"https:\/\/www.aritco.com\/sv\/wp-json\/wp\/v2\/pages"}],"about":[{"href":"https:\/\/www.aritco.com\/sv\/wp-json\/wp\/v2\/types\/page"}],"author":[{"embeddable":true,"href":"https:\/\/www.aritco.com\/sv\/wp-json\/wp\/v2\/users\/12"}],"replies":[{"embeddable":true,"href":"https:\/\/www.aritco.com\/sv\/wp-json\/wp\/v2\/comments?post=6748"}],"version-history":[{"count":0,"href":"https:\/\/www.aritco.com\/sv\/wp-json\/wp\/v2\/pages\/6748\/revisions"}],"up":[{"embeddable":true,"href":"https:\/\/www.aritco.com\/sv\/wp-json\/wp\/v2\/pages\/6733"}],"wp:featuredmedia":[{"embeddable":true,"href":"https:\/\/www.aritco.com\/sv\/wp-json\/wp\/v2\/media\/5728"}],"wp:attachment":[{"href":"https:\/\/www.aritco.com\/sv\/wp-json\/wp\/v2\/media?parent=6748"}],"curies":[{"name":"wp","href":"https:\/\/api.w.org\/{rel}","templated":true}]}}