{"id":6677,"date":"2023-12-12T12:44:40","date_gmt":"2023-12-12T11:44:40","guid":{"rendered":"https:\/\/aritco.kumpan.dev\/products\/public-lifts\/"},"modified":"2026-02-06T10:36:07","modified_gmt":"2026-02-06T09:36:07","slug":"hissar-for-publika-miljoer","status":"publish","type":"page","link":"https:\/\/www.aritco.com\/sv\/produkter\/hissar-for-publika-miljoer\/","title":{"rendered":"Hissar f\u00f6r publika milj\u00f6er"},"content":{"rendered":"<p>Our home lifts can be adapted to your home\u2019s interior and your personal taste. They combine style and functionality for any house or apartment, whether you are looking to future-proof your home or simply enjoy a modern way of life.<\/p>\n","protected":false},"excerpt":{"rendered":"<p>Our home lifts can be adapted to your home\u2019s interior and your personal taste. They combine style and functionality for any house or apartment, whether you are looking to future-proof your home or simply enjoy a modern way of life.<\/p>\n","protected":false},"author":1,"featured_media":52080,"parent":6668,"menu_order":0,"comment_status":"closed","ping_status":"closed","template":"","meta":{"_acf_changed":false,"footnotes":""},"class_list":["post-6677","page","type-page","status-publish","has-post-thumbnail","hentry"],"acf":[],"yoast_head":"<!-- This site is optimized with the Yoast SEO Premium plugin v26.6 (Yoast SEO v26.6) - https:\/\/yoast.com\/wordpress\/plugins\/seo\/ -->\n<title>Hissar f\u00f6r publika &amp; kommersiella milj\u00f6er - Plattformshissar - Aritco<\/title>\n<meta name=\"description\" content=\"Aritcos hissar f\u00f6r publika och kommersiella milj\u00f6er \u00e4r byggda med fr\u00e4msta kvalitet, komfort och s\u00e4kerhet i \u00e5tanke. Se v\u00e5ra modeller h\u00e4r!\" \/>\n<meta name=\"robots\" content=\"index, follow, max-snippet:-1, max-image-preview:large, max-video-preview:-1\" \/>\n<link rel=\"canonical\" href=\"https:\/\/www.aritco.com\/sv\/produkter\/hissar-for-publika-miljoer\/\" \/>\n<meta property=\"og:locale\" content=\"sv_SE\" \/>\n<meta property=\"og:type\" content=\"article\" \/>\n<meta property=\"og:title\" content=\"Hissar f\u00f6r publika milj\u00f6er\" \/>\n<meta property=\"og:description\" content=\"Aritcos hissar f\u00f6r publika och kommersiella milj\u00f6er \u00e4r byggda med fr\u00e4msta kvalitet, komfort och s\u00e4kerhet i \u00e5tanke. Se v\u00e5ra modeller h\u00e4r!\" \/>\n<meta property=\"og:url\" content=\"https:\/\/www.aritco.com\/sv\/produkter\/hissar-for-publika-miljoer\/\" \/>\n<meta property=\"og:site_name\" content=\"Aritco\" \/>\n<meta property=\"article:modified_time\" content=\"2026-02-06T09:36:07+00:00\" \/>\n<meta property=\"og:image\" content=\"https:\/\/www.aritco.com\/\/wp-content\/webpc-passthru.php?src=https:\/\/www.aritco.com\/wp-content\/uploads\/2020\/09\/Aritco_PublicLift_Cabin_Goteborg_11_L.jpg&nocache=1\" \/>\n<meta name=\"twitter:card\" content=\"summary_large_image\" \/>\n<meta name=\"twitter:image\" content=\"https:\/\/www.aritco.com\/\/wp-content\/webpc-passthru.php?src=https:\/\/www.aritco.com\/wp-content\/uploads\/2020\/09\/Aritco_PublicLift_Cabin_Goteborg_11_L.jpg&nocache=1\" \/>\n<meta name=\"twitter:label1\" content=\"Ber\u00e4knad l\u00e4stid\" \/>\n\t<meta name=\"twitter:data1\" content=\"1 minut\" \/>\n<script type=\"application\/ld+json\" class=\"yoast-schema-graph\">{\"@context\":\"https:\/\/schema.org\",\"@graph\":[{\"@type\":\"WebPage\",\"@id\":\"https:\/\/www.aritco.com\/sv\/produkter\/hissar-for-publika-miljoer\/\",\"url\":\"https:\/\/www.aritco.com\/sv\/produkter\/hissar-for-publika-miljoer\/\",\"name\":\"Hissar f\u00f6r publika & kommersiella milj\u00f6er - Plattformshissar - Aritco\",\"isPartOf\":{\"@id\":\"https:\/\/www.aritco.com\/sv\/#website\"},\"primaryImageOfPage\":{\"@id\":\"https:\/\/www.aritco.com\/sv\/produkter\/hissar-for-publika-miljoer\/#primaryimage\"},\"image\":{\"@id\":\"https:\/\/www.aritco.com\/sv\/produkter\/hissar-for-publika-miljoer\/#primaryimage\"},\"thumbnailUrl\":\"https:\/\/www.aritco.com\/wp-content\/uploads\/2024\/05\/Aritco-PublicLift-Access-Sumo-Oslo.jpg\",\"datePublished\":\"2023-12-12T11:44:40+00:00\",\"dateModified\":\"2026-02-06T09:36:07+00:00\",\"description\":\"Aritcos hissar f\u00f6r publika och kommersiella milj\u00f6er \u00e4r byggda med fr\u00e4msta kvalitet, komfort och s\u00e4kerhet i \u00e5tanke. Se v\u00e5ra modeller h\u00e4r!\",\"breadcrumb\":{\"@id\":\"https:\/\/www.aritco.com\/sv\/produkter\/hissar-for-publika-miljoer\/#breadcrumb\"},\"inLanguage\":\"sv-SE\",\"potentialAction\":[{\"@type\":\"ReadAction\",\"target\":[\"https:\/\/www.aritco.com\/sv\/produkter\/hissar-for-publika-miljoer\/\"]}]},{\"@type\":\"ImageObject\",\"inLanguage\":\"sv-SE\",\"@id\":\"https:\/\/www.aritco.com\/sv\/produkter\/hissar-for-publika-miljoer\/#primaryimage\",\"url\":\"https:\/\/www.aritco.com\/wp-content\/uploads\/2024\/05\/Aritco-PublicLift-Access-Sumo-Oslo.jpg\",\"contentUrl\":\"https:\/\/www.aritco.com\/wp-content\/uploads\/2024\/05\/Aritco-PublicLift-Access-Sumo-Oslo.jpg\",\"width\":2480,\"height\":1983},{\"@type\":\"BreadcrumbList\",\"@id\":\"https:\/\/www.aritco.com\/sv\/produkter\/hissar-for-publika-miljoer\/#breadcrumb\",\"itemListElement\":[{\"@type\":\"ListItem\",\"position\":1,\"name\":\"Produkter\",\"item\":\"https:\/\/www.aritco.com\/sv\/produkter\/\"},{\"@type\":\"ListItem\",\"position\":2,\"name\":\"Hissar f\u00f6r publika milj\u00f6er\"}]},{\"@type\":\"WebSite\",\"@id\":\"https:\/\/www.aritco.com\/sv\/#website\",\"url\":\"https:\/\/www.aritco.com\/sv\/\",\"name\":\"Aritco\",\"description\":\"Award-winning lifts for homes and public and commercial use\",\"publisher\":{\"@id\":\"https:\/\/www.aritco.com\/sv\/#organization\"},\"potentialAction\":[{\"@type\":\"SearchAction\",\"target\":{\"@type\":\"EntryPoint\",\"urlTemplate\":\"https:\/\/www.aritco.com\/sv\/?s={search_term_string}\"},\"query-input\":{\"@type\":\"PropertyValueSpecification\",\"valueRequired\":true,\"valueName\":\"search_term_string\"}}],\"inLanguage\":\"sv-SE\"},{\"@type\":\"Organization\",\"@id\":\"https:\/\/www.aritco.com\/sv\/#organization\",\"name\":\"Aritco\",\"url\":\"https:\/\/www.aritco.com\/sv\/\",\"logo\":{\"@type\":\"ImageObject\",\"inLanguage\":\"sv-SE\",\"@id\":\"https:\/\/www.aritco.com\/sv\/#\/schema\/logo\/image\/\",\"url\":\"https:\/\/www.aritco.com\/wp-content\/uploads\/2019\/05\/vertical-3.svg\",\"contentUrl\":\"https:\/\/www.aritco.com\/wp-content\/uploads\/2019\/05\/vertical-3.svg\",\"width\":1,\"height\":1,\"caption\":\"Aritco\"},\"image\":{\"@id\":\"https:\/\/www.aritco.com\/sv\/#\/schema\/logo\/image\/\"},\"publishingPrinciples\":\"https:\/\/www.aritco.com\/about-aritco\/\"}]}<\/script>\n<!-- \/ Yoast SEO Premium plugin. -->","yoast_head_json":{"title":"Hissar f\u00f6r publika & kommersiella milj\u00f6er - Plattformshissar - Aritco","description":"Aritcos hissar f\u00f6r publika och kommersiella milj\u00f6er \u00e4r byggda med fr\u00e4msta kvalitet, komfort och s\u00e4kerhet i \u00e5tanke. Se v\u00e5ra modeller h\u00e4r!","robots":{"index":"index","follow":"follow","max-snippet":"max-snippet:-1","max-image-preview":"max-image-preview:large","max-video-preview":"max-video-preview:-1"},"canonical":"https:\/\/www.aritco.com\/sv\/produkter\/hissar-for-publika-miljoer\/","og_locale":"sv_SE","og_type":"article","og_title":"Hissar f\u00f6r publika milj\u00f6er","og_description":"Aritcos hissar f\u00f6r publika och kommersiella milj\u00f6er \u00e4r byggda med fr\u00e4msta kvalitet, komfort och s\u00e4kerhet i \u00e5tanke. Se v\u00e5ra modeller h\u00e4r!","og_url":"https:\/\/www.aritco.com\/sv\/produkter\/hissar-for-publika-miljoer\/","og_site_name":"Aritco","article_modified_time":"2026-02-06T09:36:07+00:00","og_image":[{"url":"https:\/\/www.aritco.com\/\/wp-content\/webpc-passthru.php?src=https:\/\/www.aritco.com\/wp-content\/uploads\/2020\/09\/Aritco_PublicLift_Cabin_Goteborg_11_L.jpg&nocache=1","type":"","width":"","height":""}],"twitter_card":"summary_large_image","twitter_image":"https:\/\/www.aritco.com\/\/wp-content\/webpc-passthru.php?src=https:\/\/www.aritco.com\/wp-content\/uploads\/2020\/09\/Aritco_PublicLift_Cabin_Goteborg_11_L.jpg&nocache=1","twitter_misc":{"Ber\u00e4knad l\u00e4stid":"1 minut"},"schema":{"@context":"https:\/\/schema.org","@graph":[{"@type":"WebPage","@id":"https:\/\/www.aritco.com\/sv\/produkter\/hissar-for-publika-miljoer\/","url":"https:\/\/www.aritco.com\/sv\/produkter\/hissar-for-publika-miljoer\/","name":"Hissar f\u00f6r publika & kommersiella milj\u00f6er - Plattformshissar - Aritco","isPartOf":{"@id":"https:\/\/www.aritco.com\/sv\/#website"},"primaryImageOfPage":{"@id":"https:\/\/www.aritco.com\/sv\/produkter\/hissar-for-publika-miljoer\/#primaryimage"},"image":{"@id":"https:\/\/www.aritco.com\/sv\/produkter\/hissar-for-publika-miljoer\/#primaryimage"},"thumbnailUrl":"https:\/\/www.aritco.com\/wp-content\/uploads\/2024\/05\/Aritco-PublicLift-Access-Sumo-Oslo.jpg","datePublished":"2023-12-12T11:44:40+00:00","dateModified":"2026-02-06T09:36:07+00:00","description":"Aritcos hissar f\u00f6r publika och kommersiella milj\u00f6er \u00e4r byggda med fr\u00e4msta kvalitet, komfort och s\u00e4kerhet i \u00e5tanke. Se v\u00e5ra modeller h\u00e4r!","breadcrumb":{"@id":"https:\/\/www.aritco.com\/sv\/produkter\/hissar-for-publika-miljoer\/#breadcrumb"},"inLanguage":"sv-SE","potentialAction":[{"@type":"ReadAction","target":["https:\/\/www.aritco.com\/sv\/produkter\/hissar-for-publika-miljoer\/"]}]},{"@type":"ImageObject","inLanguage":"sv-SE","@id":"https:\/\/www.aritco.com\/sv\/produkter\/hissar-for-publika-miljoer\/#primaryimage","url":"https:\/\/www.aritco.com\/wp-content\/uploads\/2024\/05\/Aritco-PublicLift-Access-Sumo-Oslo.jpg","contentUrl":"https:\/\/www.aritco.com\/wp-content\/uploads\/2024\/05\/Aritco-PublicLift-Access-Sumo-Oslo.jpg","width":2480,"height":1983},{"@type":"BreadcrumbList","@id":"https:\/\/www.aritco.com\/sv\/produkter\/hissar-for-publika-miljoer\/#breadcrumb","itemListElement":[{"@type":"ListItem","position":1,"name":"Produkter","item":"https:\/\/www.aritco.com\/sv\/produkter\/"},{"@type":"ListItem","position":2,"name":"Hissar f\u00f6r publika milj\u00f6er"}]},{"@type":"WebSite","@id":"https:\/\/www.aritco.com\/sv\/#website","url":"https:\/\/www.aritco.com\/sv\/","name":"Aritco","description":"Award-winning lifts for homes and public and commercial use","publisher":{"@id":"https:\/\/www.aritco.com\/sv\/#organization"},"potentialAction":[{"@type":"SearchAction","target":{"@type":"EntryPoint","urlTemplate":"https:\/\/www.aritco.com\/sv\/?s={search_term_string}"},"query-input":{"@type":"PropertyValueSpecification","valueRequired":true,"valueName":"search_term_string"}}],"inLanguage":"sv-SE"},{"@type":"Organization","@id":"https:\/\/www.aritco.com\/sv\/#organization","name":"Aritco","url":"https:\/\/www.aritco.com\/sv\/","logo":{"@type":"ImageObject","inLanguage":"sv-SE","@id":"https:\/\/www.aritco.com\/sv\/#\/schema\/logo\/image\/","url":"https:\/\/www.aritco.com\/wp-content\/uploads\/2019\/05\/vertical-3.svg","contentUrl":"https:\/\/www.aritco.com\/wp-content\/uploads\/2019\/05\/vertical-3.svg","width":1,"height":1,"caption":"Aritco"},"image":{"@id":"https:\/\/www.aritco.com\/sv\/#\/schema\/logo\/image\/"},"publishingPrinciples":"https:\/\/www.aritco.com\/about-aritco\/"}]}},"_links":{"self":[{"href":"https:\/\/www.aritco.com\/sv\/wp-json\/wp\/v2\/pages\/6677","targetHints":{"allow":["GET"]}}],"collection":[{"href":"https:\/\/www.aritco.com\/sv\/wp-json\/wp\/v2\/pages"}],"about":[{"href":"https:\/\/www.aritco.com\/sv\/wp-json\/wp\/v2\/types\/page"}],"author":[{"embeddable":true,"href":"https:\/\/www.aritco.com\/sv\/wp-json\/wp\/v2\/users\/1"}],"replies":[{"embeddable":true,"href":"https:\/\/www.aritco.com\/sv\/wp-json\/wp\/v2\/comments?post=6677"}],"version-history":[{"count":15,"href":"https:\/\/www.aritco.com\/sv\/wp-json\/wp\/v2\/pages\/6677\/revisions"}],"predecessor-version":[{"id":65814,"href":"https:\/\/www.aritco.com\/sv\/wp-json\/wp\/v2\/pages\/6677\/revisions\/65814"}],"up":[{"embeddable":true,"href":"https:\/\/www.aritco.com\/sv\/wp-json\/wp\/v2\/pages\/6668"}],"wp:featuredmedia":[{"embeddable":true,"href":"https:\/\/www.aritco.com\/sv\/wp-json\/wp\/v2\/media\/52080"}],"wp:attachment":[{"href":"https:\/\/www.aritco.com\/sv\/wp-json\/wp\/v2\/media?parent=6677"}],"curies":[{"name":"wp","href":"https:\/\/api.w.org\/{rel}","templated":true}]}}