{"id":6672,"date":"2023-12-12T12:43:27","date_gmt":"2023-12-12T11:43:27","guid":{"rendered":"https:\/\/aritco.kumpan.dev\/products\/home-lifts\/"},"modified":"2026-02-10T13:43:36","modified_gmt":"2026-02-10T12:43:36","slug":"villahiss","status":"publish","type":"page","link":"https:\/\/www.aritco.com\/sv\/produkter\/villahiss\/","title":{"rendered":"Villahissar"},"content":{"rendered":"","protected":false},"excerpt":{"rendered":"","protected":false},"author":1,"featured_media":58195,"parent":6668,"menu_order":0,"comment_status":"closed","ping_status":"closed","template":"","meta":{"_acf_changed":false,"footnotes":""},"class_list":["post-6672","page","type-page","status-publish","has-post-thumbnail","hentry"],"acf":[],"yoast_head":"<!-- This site is optimized with the Yoast SEO Premium plugin v26.6 (Yoast SEO v26.6) - https:\/\/yoast.com\/wordpress\/plugins\/seo\/ -->\n<title>Villahissar f\u00f6r dina behov av bekv\u00e4mlighet och tillg\u00e4nglighet - Aritco<\/title>\n<meta name=\"description\" content=\"Uppt\u00e4ck v\u00e5rt breda utbud av hissar f\u00f6r hem och villor som m\u00f6ter dina krav p\u00e5 tillg\u00e4nglighet, komfort och design. Se v\u00e5ra villahissar h\u00e4r.\" \/>\n<meta name=\"robots\" content=\"index, follow, max-snippet:-1, max-image-preview:large, max-video-preview:-1\" \/>\n<link rel=\"canonical\" href=\"https:\/\/www.aritco.com\/sv\/produkter\/villahiss\/\" \/>\n<meta property=\"og:locale\" content=\"sv_SE\" \/>\n<meta property=\"og:type\" content=\"article\" \/>\n<meta property=\"og:title\" content=\"Villahissar f\u00f6r komfort och tillg\u00e4nglighet i hemmet | Aritco\" \/>\n<meta property=\"og:description\" content=\"Aritco tillverkar tre villahissar f\u00f6r hemmilj\u00f6. Aritco HomeLift Compact, Aritco HomeLift Access och Aritco HomeLift. Hitta villahissen som passar dina behov b\u00e4st!\" \/>\n<meta property=\"og:url\" content=\"https:\/\/www.aritco.com\/sv\/produkter\/villahiss\/\" \/>\n<meta property=\"og:site_name\" content=\"Aritco\" \/>\n<meta property=\"article:modified_time\" content=\"2026-02-10T12:43:36+00:00\" \/>\n<meta property=\"og:image\" content=\"https:\/\/www.aritco.com\/wp-content\/uploads\/2024\/12\/Taizhou-Jiangnan-Villa-hero-scaled.jpg\" \/>\n\t<meta property=\"og:image:width\" content=\"2560\" \/>\n\t<meta property=\"og:image:height\" content=\"1252\" \/>\n\t<meta property=\"og:image:type\" content=\"image\/jpeg\" \/>\n<meta name=\"twitter:card\" content=\"summary_large_image\" \/>\n<meta name=\"twitter:title\" content=\"Villahissar f\u00f6r komfort och tillg\u00e4nglighet i hemmet | Aritco\" \/>\n<meta name=\"twitter:description\" content=\"Aritco tillverkar tre villahissar f\u00f6r hemmilj\u00f6. Aritco HomeLift Compact, Aritco HomeLift Access och Aritco HomeLift. Hitta villahissen som passar dina behov b\u00e4st!\" \/>\n<meta name=\"twitter:image\" content=\"https:\/\/www.aritco.com\/wp-content\/uploads\/2024\/12\/Taizhou-Jiangnan-Villa-hero-scaled.jpg\" \/>\n<meta name=\"twitter:label1\" content=\"Ber\u00e4knad l\u00e4stid\" \/>\n\t<meta name=\"twitter:data1\" content=\"1 minut\" \/>\n<script type=\"application\/ld+json\" class=\"yoast-schema-graph\">{\"@context\":\"https:\/\/schema.org\",\"@graph\":[{\"@type\":\"WebPage\",\"@id\":\"https:\/\/www.aritco.com\/sv\/produkter\/villahiss\/\",\"url\":\"https:\/\/www.aritco.com\/sv\/produkter\/villahiss\/\",\"name\":\"Villahissar f\u00f6r dina behov av bekv\u00e4mlighet och tillg\u00e4nglighet - Aritco\",\"isPartOf\":{\"@id\":\"https:\/\/www.aritco.com\/sv\/#website\"},\"primaryImageOfPage\":{\"@id\":\"https:\/\/www.aritco.com\/sv\/produkter\/villahiss\/#primaryimage\"},\"image\":{\"@id\":\"https:\/\/www.aritco.com\/sv\/produkter\/villahiss\/#primaryimage\"},\"thumbnailUrl\":\"https:\/\/www.aritco.com\/wp-content\/uploads\/2024\/12\/Taizhou-Jiangnan-Villa-hero-scaled.jpg\",\"datePublished\":\"2023-12-12T11:43:27+00:00\",\"dateModified\":\"2026-02-10T12:43:36+00:00\",\"description\":\"Uppt\u00e4ck v\u00e5rt breda utbud av hissar f\u00f6r hem och villor som m\u00f6ter dina krav p\u00e5 tillg\u00e4nglighet, komfort och design. Se v\u00e5ra villahissar h\u00e4r.\",\"breadcrumb\":{\"@id\":\"https:\/\/www.aritco.com\/sv\/produkter\/villahiss\/#breadcrumb\"},\"inLanguage\":\"sv-SE\",\"potentialAction\":[{\"@type\":\"ReadAction\",\"target\":[\"https:\/\/www.aritco.com\/sv\/produkter\/villahiss\/\"]}]},{\"@type\":\"ImageObject\",\"inLanguage\":\"sv-SE\",\"@id\":\"https:\/\/www.aritco.com\/sv\/produkter\/villahiss\/#primaryimage\",\"url\":\"https:\/\/www.aritco.com\/wp-content\/uploads\/2024\/12\/Taizhou-Jiangnan-Villa-hero-scaled.jpg\",\"contentUrl\":\"https:\/\/www.aritco.com\/wp-content\/uploads\/2024\/12\/Taizhou-Jiangnan-Villa-hero-scaled.jpg\",\"width\":2560,\"height\":1252},{\"@type\":\"BreadcrumbList\",\"@id\":\"https:\/\/www.aritco.com\/sv\/produkter\/villahiss\/#breadcrumb\",\"itemListElement\":[{\"@type\":\"ListItem\",\"position\":1,\"name\":\"Produkter\",\"item\":\"https:\/\/www.aritco.com\/sv\/produkter\/\"},{\"@type\":\"ListItem\",\"position\":2,\"name\":\"Villahissar\"}]},{\"@type\":\"WebSite\",\"@id\":\"https:\/\/www.aritco.com\/sv\/#website\",\"url\":\"https:\/\/www.aritco.com\/sv\/\",\"name\":\"Aritco\",\"description\":\"Award-winning lifts for homes and public and commercial use\",\"publisher\":{\"@id\":\"https:\/\/www.aritco.com\/sv\/#organization\"},\"potentialAction\":[{\"@type\":\"SearchAction\",\"target\":{\"@type\":\"EntryPoint\",\"urlTemplate\":\"https:\/\/www.aritco.com\/sv\/?s={search_term_string}\"},\"query-input\":{\"@type\":\"PropertyValueSpecification\",\"valueRequired\":true,\"valueName\":\"search_term_string\"}}],\"inLanguage\":\"sv-SE\"},{\"@type\":\"Organization\",\"@id\":\"https:\/\/www.aritco.com\/sv\/#organization\",\"name\":\"Aritco\",\"url\":\"https:\/\/www.aritco.com\/sv\/\",\"logo\":{\"@type\":\"ImageObject\",\"inLanguage\":\"sv-SE\",\"@id\":\"https:\/\/www.aritco.com\/sv\/#\/schema\/logo\/image\/\",\"url\":\"https:\/\/www.aritco.com\/wp-content\/uploads\/2019\/05\/vertical-3.svg\",\"contentUrl\":\"https:\/\/www.aritco.com\/wp-content\/uploads\/2019\/05\/vertical-3.svg\",\"width\":1,\"height\":1,\"caption\":\"Aritco\"},\"image\":{\"@id\":\"https:\/\/www.aritco.com\/sv\/#\/schema\/logo\/image\/\"},\"publishingPrinciples\":\"https:\/\/www.aritco.com\/about-aritco\/\"}]}<\/script>\n<!-- \/ Yoast SEO Premium plugin. -->","yoast_head_json":{"title":"Villahissar f\u00f6r dina behov av bekv\u00e4mlighet och tillg\u00e4nglighet - Aritco","description":"Uppt\u00e4ck v\u00e5rt breda utbud av hissar f\u00f6r hem och villor som m\u00f6ter dina krav p\u00e5 tillg\u00e4nglighet, komfort och design. Se v\u00e5ra villahissar h\u00e4r.","robots":{"index":"index","follow":"follow","max-snippet":"max-snippet:-1","max-image-preview":"max-image-preview:large","max-video-preview":"max-video-preview:-1"},"canonical":"https:\/\/www.aritco.com\/sv\/produkter\/villahiss\/","og_locale":"sv_SE","og_type":"article","og_title":"Villahissar f\u00f6r komfort och tillg\u00e4nglighet i hemmet | Aritco","og_description":"Aritco tillverkar tre villahissar f\u00f6r hemmilj\u00f6. Aritco HomeLift Compact, Aritco HomeLift Access och Aritco HomeLift. Hitta villahissen som passar dina behov b\u00e4st!","og_url":"https:\/\/www.aritco.com\/sv\/produkter\/villahiss\/","og_site_name":"Aritco","article_modified_time":"2026-02-10T12:43:36+00:00","og_image":[{"width":2560,"height":1252,"url":"https:\/\/www.aritco.com\/wp-content\/uploads\/2024\/12\/Taizhou-Jiangnan-Villa-hero-scaled.jpg","type":"image\/jpeg"}],"twitter_card":"summary_large_image","twitter_title":"Villahissar f\u00f6r komfort och tillg\u00e4nglighet i hemmet | Aritco","twitter_description":"Aritco tillverkar tre villahissar f\u00f6r hemmilj\u00f6. Aritco HomeLift Compact, Aritco HomeLift Access och Aritco HomeLift. Hitta villahissen som passar dina behov b\u00e4st!","twitter_image":"https:\/\/www.aritco.com\/wp-content\/uploads\/2024\/12\/Taizhou-Jiangnan-Villa-hero-scaled.jpg","twitter_misc":{"Ber\u00e4knad l\u00e4stid":"1 minut"},"schema":{"@context":"https:\/\/schema.org","@graph":[{"@type":"WebPage","@id":"https:\/\/www.aritco.com\/sv\/produkter\/villahiss\/","url":"https:\/\/www.aritco.com\/sv\/produkter\/villahiss\/","name":"Villahissar f\u00f6r dina behov av bekv\u00e4mlighet och tillg\u00e4nglighet - Aritco","isPartOf":{"@id":"https:\/\/www.aritco.com\/sv\/#website"},"primaryImageOfPage":{"@id":"https:\/\/www.aritco.com\/sv\/produkter\/villahiss\/#primaryimage"},"image":{"@id":"https:\/\/www.aritco.com\/sv\/produkter\/villahiss\/#primaryimage"},"thumbnailUrl":"https:\/\/www.aritco.com\/wp-content\/uploads\/2024\/12\/Taizhou-Jiangnan-Villa-hero-scaled.jpg","datePublished":"2023-12-12T11:43:27+00:00","dateModified":"2026-02-10T12:43:36+00:00","description":"Uppt\u00e4ck v\u00e5rt breda utbud av hissar f\u00f6r hem och villor som m\u00f6ter dina krav p\u00e5 tillg\u00e4nglighet, komfort och design. Se v\u00e5ra villahissar h\u00e4r.","breadcrumb":{"@id":"https:\/\/www.aritco.com\/sv\/produkter\/villahiss\/#breadcrumb"},"inLanguage":"sv-SE","potentialAction":[{"@type":"ReadAction","target":["https:\/\/www.aritco.com\/sv\/produkter\/villahiss\/"]}]},{"@type":"ImageObject","inLanguage":"sv-SE","@id":"https:\/\/www.aritco.com\/sv\/produkter\/villahiss\/#primaryimage","url":"https:\/\/www.aritco.com\/wp-content\/uploads\/2024\/12\/Taizhou-Jiangnan-Villa-hero-scaled.jpg","contentUrl":"https:\/\/www.aritco.com\/wp-content\/uploads\/2024\/12\/Taizhou-Jiangnan-Villa-hero-scaled.jpg","width":2560,"height":1252},{"@type":"BreadcrumbList","@id":"https:\/\/www.aritco.com\/sv\/produkter\/villahiss\/#breadcrumb","itemListElement":[{"@type":"ListItem","position":1,"name":"Produkter","item":"https:\/\/www.aritco.com\/sv\/produkter\/"},{"@type":"ListItem","position":2,"name":"Villahissar"}]},{"@type":"WebSite","@id":"https:\/\/www.aritco.com\/sv\/#website","url":"https:\/\/www.aritco.com\/sv\/","name":"Aritco","description":"Award-winning lifts for homes and public and commercial use","publisher":{"@id":"https:\/\/www.aritco.com\/sv\/#organization"},"potentialAction":[{"@type":"SearchAction","target":{"@type":"EntryPoint","urlTemplate":"https:\/\/www.aritco.com\/sv\/?s={search_term_string}"},"query-input":{"@type":"PropertyValueSpecification","valueRequired":true,"valueName":"search_term_string"}}],"inLanguage":"sv-SE"},{"@type":"Organization","@id":"https:\/\/www.aritco.com\/sv\/#organization","name":"Aritco","url":"https:\/\/www.aritco.com\/sv\/","logo":{"@type":"ImageObject","inLanguage":"sv-SE","@id":"https:\/\/www.aritco.com\/sv\/#\/schema\/logo\/image\/","url":"https:\/\/www.aritco.com\/wp-content\/uploads\/2019\/05\/vertical-3.svg","contentUrl":"https:\/\/www.aritco.com\/wp-content\/uploads\/2019\/05\/vertical-3.svg","width":1,"height":1,"caption":"Aritco"},"image":{"@id":"https:\/\/www.aritco.com\/sv\/#\/schema\/logo\/image\/"},"publishingPrinciples":"https:\/\/www.aritco.com\/about-aritco\/"}]}},"_links":{"self":[{"href":"https:\/\/www.aritco.com\/sv\/wp-json\/wp\/v2\/pages\/6672","targetHints":{"allow":["GET"]}}],"collection":[{"href":"https:\/\/www.aritco.com\/sv\/wp-json\/wp\/v2\/pages"}],"about":[{"href":"https:\/\/www.aritco.com\/sv\/wp-json\/wp\/v2\/types\/page"}],"author":[{"embeddable":true,"href":"https:\/\/www.aritco.com\/sv\/wp-json\/wp\/v2\/users\/1"}],"replies":[{"embeddable":true,"href":"https:\/\/www.aritco.com\/sv\/wp-json\/wp\/v2\/comments?post=6672"}],"version-history":[{"count":33,"href":"https:\/\/www.aritco.com\/sv\/wp-json\/wp\/v2\/pages\/6672\/revisions"}],"predecessor-version":[{"id":60857,"href":"https:\/\/www.aritco.com\/sv\/wp-json\/wp\/v2\/pages\/6672\/revisions\/60857"}],"up":[{"embeddable":true,"href":"https:\/\/www.aritco.com\/sv\/wp-json\/wp\/v2\/pages\/6668"}],"wp:featuredmedia":[{"embeddable":true,"href":"https:\/\/www.aritco.com\/sv\/wp-json\/wp\/v2\/media\/58195"}],"wp:attachment":[{"href":"https:\/\/www.aritco.com\/sv\/wp-json\/wp\/v2\/media?parent=6672"}],"curies":[{"name":"wp","href":"https:\/\/api.w.org\/{rel}","templated":true}]}}