{"id":6668,"date":"2019-05-09T21:28:08","date_gmt":"2019-05-09T17:28:08","guid":{"rendered":"https:\/\/aritco.kumpan.dev\/products\/"},"modified":"2025-05-26T13:46:31","modified_gmt":"2025-05-26T11:46:31","slug":"produkter","status":"publish","type":"page","link":"https:\/\/www.aritco.com\/sv\/produkter\/","title":{"rendered":"Produkter"},"content":{"rendered":"","protected":false},"excerpt":{"rendered":"","protected":false},"author":1,"featured_media":58195,"parent":0,"menu_order":0,"comment_status":"closed","ping_status":"closed","template":"","meta":{"_acf_changed":false,"footnotes":""},"class_list":["post-6668","page","type-page","status-publish","has-post-thumbnail","hentry"],"acf":[],"yoast_head":"<!-- This site is optimized with the Yoast SEO Premium plugin v26.6 (Yoast SEO v26.6) - https:\/\/yoast.com\/wordpress\/plugins\/seo\/ -->\n<title>Hissmodeller f\u00f6r hem och offentliga och kommersiella utrymmen<\/title>\n<meta name=\"description\" content=\"Vi levererar plattformshissar som uppfyller de h\u00f6gsta kraven n\u00e4r det g\u00e4ller tillg\u00e4nglighet, komfort, utrymmeseffektivitet och design. Ta reda p\u00e5 mer h\u00e4r.\" \/>\n<meta name=\"robots\" content=\"index, follow, max-snippet:-1, max-image-preview:large, max-video-preview:-1\" \/>\n<link rel=\"canonical\" href=\"https:\/\/www.aritco.com\/sv\/produkter\/\" \/>\n<meta property=\"og:locale\" content=\"sv_SE\" \/>\n<meta property=\"og:type\" content=\"article\" \/>\n<meta property=\"og:title\" content=\"V\u00e5ra prisbel\u00f6nta hissar f\u00f6r alla tillf\u00e4llen | Aritco\" \/>\n<meta property=\"og:description\" content=\"V\u00e5ra villahissar och publika hissar. Perfekt f\u00f6r ett bekv\u00e4mare liv hemma eller en s\u00e4ker hiss i den offentliga och kommersiella milj\u00f6n.\" \/>\n<meta property=\"og:url\" content=\"https:\/\/www.aritco.com\/sv\/produkter\/\" \/>\n<meta property=\"og:site_name\" content=\"Aritco\" \/>\n<meta property=\"article:modified_time\" content=\"2025-05-26T11:46:31+00:00\" \/>\n<meta property=\"og:image\" content=\"https:\/\/www.aritco.com\/wp-content\/uploads\/2024\/12\/Taizhou-Jiangnan-Villa-hero-scaled.jpg\" \/>\n\t<meta property=\"og:image:width\" content=\"2560\" \/>\n\t<meta property=\"og:image:height\" content=\"1252\" \/>\n\t<meta property=\"og:image:type\" content=\"image\/jpeg\" \/>\n<meta name=\"twitter:card\" content=\"summary_large_image\" \/>\n<meta name=\"twitter:title\" content=\"Our award-winning elevators for any occasion | Aritco\" \/>\n<meta name=\"twitter:description\" content=\"Our home elevators and public elevators. Ideal for a more comfortable life at home or a safe elevator in the public and commercial environment.\" \/>\n<meta name=\"twitter:image\" content=\"https:\/\/www.aritco.com\/wp-content\/uploads\/2024\/12\/Taizhou-Jiangnan-Villa-hero-scaled.jpg\" \/>\n<meta name=\"twitter:label1\" content=\"Ber\u00e4knad l\u00e4stid\" \/>\n\t<meta name=\"twitter:data1\" content=\"1 minut\" \/>\n<script type=\"application\/ld+json\" class=\"yoast-schema-graph\">{\"@context\":\"https:\/\/schema.org\",\"@graph\":[{\"@type\":\"WebPage\",\"@id\":\"https:\/\/www.aritco.com\/sv\/produkter\/\",\"url\":\"https:\/\/www.aritco.com\/sv\/produkter\/\",\"name\":\"Hissmodeller f\u00f6r hem och offentliga och kommersiella utrymmen\",\"isPartOf\":{\"@id\":\"https:\/\/www.aritco.com\/sv\/#website\"},\"primaryImageOfPage\":{\"@id\":\"https:\/\/www.aritco.com\/sv\/produkter\/#primaryimage\"},\"image\":{\"@id\":\"https:\/\/www.aritco.com\/sv\/produkter\/#primaryimage\"},\"thumbnailUrl\":\"https:\/\/www.aritco.com\/wp-content\/uploads\/2024\/12\/Taizhou-Jiangnan-Villa-hero-scaled.jpg\",\"datePublished\":\"2019-05-09T17:28:08+00:00\",\"dateModified\":\"2025-05-26T11:46:31+00:00\",\"description\":\"Vi levererar plattformshissar som uppfyller de h\u00f6gsta kraven n\u00e4r det g\u00e4ller tillg\u00e4nglighet, komfort, utrymmeseffektivitet och design. Ta reda p\u00e5 mer h\u00e4r.\",\"inLanguage\":\"sv-SE\",\"potentialAction\":[{\"@type\":\"ReadAction\",\"target\":[\"https:\/\/www.aritco.com\/sv\/produkter\/\"]}]},{\"@type\":\"ImageObject\",\"inLanguage\":\"sv-SE\",\"@id\":\"https:\/\/www.aritco.com\/sv\/produkter\/#primaryimage\",\"url\":\"https:\/\/www.aritco.com\/wp-content\/uploads\/2024\/12\/Taizhou-Jiangnan-Villa-hero-scaled.jpg\",\"contentUrl\":\"https:\/\/www.aritco.com\/wp-content\/uploads\/2024\/12\/Taizhou-Jiangnan-Villa-hero-scaled.jpg\",\"width\":2560,\"height\":1252},{\"@type\":\"WebSite\",\"@id\":\"https:\/\/www.aritco.com\/sv\/#website\",\"url\":\"https:\/\/www.aritco.com\/sv\/\",\"name\":\"Aritco\",\"description\":\"Award-winning lifts for homes and public and commercial use\",\"publisher\":{\"@id\":\"https:\/\/www.aritco.com\/sv\/#organization\"},\"potentialAction\":[{\"@type\":\"SearchAction\",\"target\":{\"@type\":\"EntryPoint\",\"urlTemplate\":\"https:\/\/www.aritco.com\/sv\/?s={search_term_string}\"},\"query-input\":{\"@type\":\"PropertyValueSpecification\",\"valueRequired\":true,\"valueName\":\"search_term_string\"}}],\"inLanguage\":\"sv-SE\"},{\"@type\":\"Organization\",\"@id\":\"https:\/\/www.aritco.com\/sv\/#organization\",\"name\":\"Aritco\",\"url\":\"https:\/\/www.aritco.com\/sv\/\",\"logo\":{\"@type\":\"ImageObject\",\"inLanguage\":\"sv-SE\",\"@id\":\"https:\/\/www.aritco.com\/sv\/#\/schema\/logo\/image\/\",\"url\":\"https:\/\/www.aritco.com\/wp-content\/uploads\/2019\/05\/vertical-3.svg\",\"contentUrl\":\"https:\/\/www.aritco.com\/wp-content\/uploads\/2019\/05\/vertical-3.svg\",\"width\":1,\"height\":1,\"caption\":\"Aritco\"},\"image\":{\"@id\":\"https:\/\/www.aritco.com\/sv\/#\/schema\/logo\/image\/\"},\"publishingPrinciples\":\"https:\/\/www.aritco.com\/about-aritco\/\"}]}<\/script>\n<!-- \/ Yoast SEO Premium plugin. -->","yoast_head_json":{"title":"Hissmodeller f\u00f6r hem och offentliga och kommersiella utrymmen","description":"Vi levererar plattformshissar som uppfyller de h\u00f6gsta kraven n\u00e4r det g\u00e4ller tillg\u00e4nglighet, komfort, utrymmeseffektivitet och design. Ta reda p\u00e5 mer h\u00e4r.","robots":{"index":"index","follow":"follow","max-snippet":"max-snippet:-1","max-image-preview":"max-image-preview:large","max-video-preview":"max-video-preview:-1"},"canonical":"https:\/\/www.aritco.com\/sv\/produkter\/","og_locale":"sv_SE","og_type":"article","og_title":"V\u00e5ra prisbel\u00f6nta hissar f\u00f6r alla tillf\u00e4llen | Aritco","og_description":"V\u00e5ra villahissar och publika hissar. Perfekt f\u00f6r ett bekv\u00e4mare liv hemma eller en s\u00e4ker hiss i den offentliga och kommersiella milj\u00f6n.","og_url":"https:\/\/www.aritco.com\/sv\/produkter\/","og_site_name":"Aritco","article_modified_time":"2025-05-26T11:46:31+00:00","og_image":[{"width":2560,"height":1252,"url":"https:\/\/www.aritco.com\/wp-content\/uploads\/2024\/12\/Taizhou-Jiangnan-Villa-hero-scaled.jpg","type":"image\/jpeg"}],"twitter_card":"summary_large_image","twitter_title":"Our award-winning elevators for any occasion | Aritco","twitter_description":"Our home elevators and public elevators. Ideal for a more comfortable life at home or a safe elevator in the public and commercial environment.","twitter_image":"https:\/\/www.aritco.com\/wp-content\/uploads\/2024\/12\/Taizhou-Jiangnan-Villa-hero-scaled.jpg","twitter_misc":{"Ber\u00e4knad l\u00e4stid":"1 minut"},"schema":{"@context":"https:\/\/schema.org","@graph":[{"@type":"WebPage","@id":"https:\/\/www.aritco.com\/sv\/produkter\/","url":"https:\/\/www.aritco.com\/sv\/produkter\/","name":"Hissmodeller f\u00f6r hem och offentliga och kommersiella utrymmen","isPartOf":{"@id":"https:\/\/www.aritco.com\/sv\/#website"},"primaryImageOfPage":{"@id":"https:\/\/www.aritco.com\/sv\/produkter\/#primaryimage"},"image":{"@id":"https:\/\/www.aritco.com\/sv\/produkter\/#primaryimage"},"thumbnailUrl":"https:\/\/www.aritco.com\/wp-content\/uploads\/2024\/12\/Taizhou-Jiangnan-Villa-hero-scaled.jpg","datePublished":"2019-05-09T17:28:08+00:00","dateModified":"2025-05-26T11:46:31+00:00","description":"Vi levererar plattformshissar som uppfyller de h\u00f6gsta kraven n\u00e4r det g\u00e4ller tillg\u00e4nglighet, komfort, utrymmeseffektivitet och design. Ta reda p\u00e5 mer h\u00e4r.","inLanguage":"sv-SE","potentialAction":[{"@type":"ReadAction","target":["https:\/\/www.aritco.com\/sv\/produkter\/"]}]},{"@type":"ImageObject","inLanguage":"sv-SE","@id":"https:\/\/www.aritco.com\/sv\/produkter\/#primaryimage","url":"https:\/\/www.aritco.com\/wp-content\/uploads\/2024\/12\/Taizhou-Jiangnan-Villa-hero-scaled.jpg","contentUrl":"https:\/\/www.aritco.com\/wp-content\/uploads\/2024\/12\/Taizhou-Jiangnan-Villa-hero-scaled.jpg","width":2560,"height":1252},{"@type":"WebSite","@id":"https:\/\/www.aritco.com\/sv\/#website","url":"https:\/\/www.aritco.com\/sv\/","name":"Aritco","description":"Award-winning lifts for homes and public and commercial use","publisher":{"@id":"https:\/\/www.aritco.com\/sv\/#organization"},"potentialAction":[{"@type":"SearchAction","target":{"@type":"EntryPoint","urlTemplate":"https:\/\/www.aritco.com\/sv\/?s={search_term_string}"},"query-input":{"@type":"PropertyValueSpecification","valueRequired":true,"valueName":"search_term_string"}}],"inLanguage":"sv-SE"},{"@type":"Organization","@id":"https:\/\/www.aritco.com\/sv\/#organization","name":"Aritco","url":"https:\/\/www.aritco.com\/sv\/","logo":{"@type":"ImageObject","inLanguage":"sv-SE","@id":"https:\/\/www.aritco.com\/sv\/#\/schema\/logo\/image\/","url":"https:\/\/www.aritco.com\/wp-content\/uploads\/2019\/05\/vertical-3.svg","contentUrl":"https:\/\/www.aritco.com\/wp-content\/uploads\/2019\/05\/vertical-3.svg","width":1,"height":1,"caption":"Aritco"},"image":{"@id":"https:\/\/www.aritco.com\/sv\/#\/schema\/logo\/image\/"},"publishingPrinciples":"https:\/\/www.aritco.com\/about-aritco\/"}]}},"_links":{"self":[{"href":"https:\/\/www.aritco.com\/sv\/wp-json\/wp\/v2\/pages\/6668","targetHints":{"allow":["GET"]}}],"collection":[{"href":"https:\/\/www.aritco.com\/sv\/wp-json\/wp\/v2\/pages"}],"about":[{"href":"https:\/\/www.aritco.com\/sv\/wp-json\/wp\/v2\/types\/page"}],"author":[{"embeddable":true,"href":"https:\/\/www.aritco.com\/sv\/wp-json\/wp\/v2\/users\/1"}],"replies":[{"embeddable":true,"href":"https:\/\/www.aritco.com\/sv\/wp-json\/wp\/v2\/comments?post=6668"}],"version-history":[{"count":7,"href":"https:\/\/www.aritco.com\/sv\/wp-json\/wp\/v2\/pages\/6668\/revisions"}],"predecessor-version":[{"id":60594,"href":"https:\/\/www.aritco.com\/sv\/wp-json\/wp\/v2\/pages\/6668\/revisions\/60594"}],"wp:featuredmedia":[{"embeddable":true,"href":"https:\/\/www.aritco.com\/sv\/wp-json\/wp\/v2\/media\/58195"}],"wp:attachment":[{"href":"https:\/\/www.aritco.com\/sv\/wp-json\/wp\/v2\/media?parent=6668"}],"curies":[{"name":"wp","href":"https:\/\/api.w.org\/{rel}","templated":true}]}}