{"id":6595,"date":"2019-06-13T09:08:27","date_gmt":"2019-06-13T07:08:27","guid":{"rendered":"https:\/\/aritco.com\/find-reseller\/"},"modified":"2023-12-06T17:54:34","modified_gmt":"2023-12-06T16:54:34","slug":"hitta-aterforsaljare","status":"publish","type":"page","link":"https:\/\/www.aritco.com\/sv\/hitta-aterforsaljare\/","title":{"rendered":"Hitta \u00e5terf\u00f6rs\u00e4ljare"},"content":{"rendered":"","protected":false},"excerpt":{"rendered":"","protected":false},"author":1,"featured_media":0,"parent":0,"menu_order":0,"comment_status":"closed","ping_status":"closed","template":"","meta":{"_acf_changed":false,"footnotes":""},"class_list":["post-6595","page","type-page","status-publish","hentry"],"acf":[],"yoast_head":"<!-- This site is optimized with the Yoast SEO Premium plugin v26.6 (Yoast SEO v26.6) - https:\/\/yoast.com\/wordpress\/plugins\/seo\/ -->\n<title>Hitta din n\u00e4rmsta \u00e5terf\u00f6rs\u00e4ljare av Aritco plattformshissar - Aritco<\/title>\n<meta name=\"description\" content=\"Vi har ett n\u00e4ra samarbete med \u00e5terf\u00f6rs\u00e4ljare \u00f6ver hela v\u00e4rlden. Anv\u00e4nd kartan f\u00f6r att hitta den \u00e5terf\u00f6rs\u00e4ljare som finns n\u00e4rmast dig.\" \/>\n<meta name=\"robots\" content=\"index, follow, max-snippet:-1, max-image-preview:large, max-video-preview:-1\" \/>\n<link rel=\"canonical\" href=\"https:\/\/www.aritco.com\/sv\/hitta-aterforsaljare\/\" \/>\n<meta property=\"og:locale\" content=\"sv_SE\" \/>\n<meta property=\"og:type\" content=\"article\" \/>\n<meta property=\"og:title\" content=\"Hitta \u00e5terf\u00f6rs\u00e4ljare\" \/>\n<meta property=\"og:description\" content=\"Vi har ett n\u00e4ra samarbete med \u00e5terf\u00f6rs\u00e4ljare \u00f6ver hela v\u00e4rlden. Anv\u00e4nd kartan f\u00f6r att hitta den \u00e5terf\u00f6rs\u00e4ljare som finns n\u00e4rmast dig.\" \/>\n<meta property=\"og:url\" content=\"https:\/\/www.aritco.com\/sv\/hitta-aterforsaljare\/\" \/>\n<meta property=\"og:site_name\" content=\"Aritco\" \/>\n<meta property=\"article:modified_time\" content=\"2023-12-06T16:54:34+00:00\" \/>\n<meta name=\"twitter:card\" content=\"summary_large_image\" \/>\n<script type=\"application\/ld+json\" class=\"yoast-schema-graph\">{\"@context\":\"https:\/\/schema.org\",\"@graph\":[{\"@type\":\"WebPage\",\"@id\":\"https:\/\/www.aritco.com\/sv\/hitta-aterforsaljare\/\",\"url\":\"https:\/\/www.aritco.com\/sv\/hitta-aterforsaljare\/\",\"name\":\"Hitta din n\u00e4rmsta \u00e5terf\u00f6rs\u00e4ljare av Aritco plattformshissar - Aritco\",\"isPartOf\":{\"@id\":\"https:\/\/www.aritco.com\/sv\/#website\"},\"datePublished\":\"2019-06-13T07:08:27+00:00\",\"dateModified\":\"2023-12-06T16:54:34+00:00\",\"description\":\"Vi har ett n\u00e4ra samarbete med \u00e5terf\u00f6rs\u00e4ljare \u00f6ver hela v\u00e4rlden. Anv\u00e4nd kartan f\u00f6r att hitta den \u00e5terf\u00f6rs\u00e4ljare som finns n\u00e4rmast dig.\",\"inLanguage\":\"sv-SE\",\"potentialAction\":[{\"@type\":\"ReadAction\",\"target\":[\"https:\/\/www.aritco.com\/sv\/hitta-aterforsaljare\/\"]}]},{\"@type\":\"WebSite\",\"@id\":\"https:\/\/www.aritco.com\/sv\/#website\",\"url\":\"https:\/\/www.aritco.com\/sv\/\",\"name\":\"Aritco\",\"description\":\"Award-winning lifts for homes and public and commercial use\",\"publisher\":{\"@id\":\"https:\/\/www.aritco.com\/sv\/#organization\"},\"potentialAction\":[{\"@type\":\"SearchAction\",\"target\":{\"@type\":\"EntryPoint\",\"urlTemplate\":\"https:\/\/www.aritco.com\/sv\/?s={search_term_string}\"},\"query-input\":{\"@type\":\"PropertyValueSpecification\",\"valueRequired\":true,\"valueName\":\"search_term_string\"}}],\"inLanguage\":\"sv-SE\"},{\"@type\":\"Organization\",\"@id\":\"https:\/\/www.aritco.com\/sv\/#organization\",\"name\":\"Aritco\",\"url\":\"https:\/\/www.aritco.com\/sv\/\",\"logo\":{\"@type\":\"ImageObject\",\"inLanguage\":\"sv-SE\",\"@id\":\"https:\/\/www.aritco.com\/sv\/#\/schema\/logo\/image\/\",\"url\":\"https:\/\/www.aritco.com\/wp-content\/uploads\/2019\/05\/vertical-3.svg\",\"contentUrl\":\"https:\/\/www.aritco.com\/wp-content\/uploads\/2019\/05\/vertical-3.svg\",\"width\":1,\"height\":1,\"caption\":\"Aritco\"},\"image\":{\"@id\":\"https:\/\/www.aritco.com\/sv\/#\/schema\/logo\/image\/\"},\"publishingPrinciples\":\"https:\/\/www.aritco.com\/about-aritco\/\"}]}<\/script>\n<!-- \/ Yoast SEO Premium plugin. -->","yoast_head_json":{"title":"Hitta din n\u00e4rmsta \u00e5terf\u00f6rs\u00e4ljare av Aritco plattformshissar - Aritco","description":"Vi har ett n\u00e4ra samarbete med \u00e5terf\u00f6rs\u00e4ljare \u00f6ver hela v\u00e4rlden. Anv\u00e4nd kartan f\u00f6r att hitta den \u00e5terf\u00f6rs\u00e4ljare som finns n\u00e4rmast dig.","robots":{"index":"index","follow":"follow","max-snippet":"max-snippet:-1","max-image-preview":"max-image-preview:large","max-video-preview":"max-video-preview:-1"},"canonical":"https:\/\/www.aritco.com\/sv\/hitta-aterforsaljare\/","og_locale":"sv_SE","og_type":"article","og_title":"Hitta \u00e5terf\u00f6rs\u00e4ljare","og_description":"Vi har ett n\u00e4ra samarbete med \u00e5terf\u00f6rs\u00e4ljare \u00f6ver hela v\u00e4rlden. Anv\u00e4nd kartan f\u00f6r att hitta den \u00e5terf\u00f6rs\u00e4ljare som finns n\u00e4rmast dig.","og_url":"https:\/\/www.aritco.com\/sv\/hitta-aterforsaljare\/","og_site_name":"Aritco","article_modified_time":"2023-12-06T16:54:34+00:00","twitter_card":"summary_large_image","schema":{"@context":"https:\/\/schema.org","@graph":[{"@type":"WebPage","@id":"https:\/\/www.aritco.com\/sv\/hitta-aterforsaljare\/","url":"https:\/\/www.aritco.com\/sv\/hitta-aterforsaljare\/","name":"Hitta din n\u00e4rmsta \u00e5terf\u00f6rs\u00e4ljare av Aritco plattformshissar - Aritco","isPartOf":{"@id":"https:\/\/www.aritco.com\/sv\/#website"},"datePublished":"2019-06-13T07:08:27+00:00","dateModified":"2023-12-06T16:54:34+00:00","description":"Vi har ett n\u00e4ra samarbete med \u00e5terf\u00f6rs\u00e4ljare \u00f6ver hela v\u00e4rlden. Anv\u00e4nd kartan f\u00f6r att hitta den \u00e5terf\u00f6rs\u00e4ljare som finns n\u00e4rmast dig.","inLanguage":"sv-SE","potentialAction":[{"@type":"ReadAction","target":["https:\/\/www.aritco.com\/sv\/hitta-aterforsaljare\/"]}]},{"@type":"WebSite","@id":"https:\/\/www.aritco.com\/sv\/#website","url":"https:\/\/www.aritco.com\/sv\/","name":"Aritco","description":"Award-winning lifts for homes and public and commercial use","publisher":{"@id":"https:\/\/www.aritco.com\/sv\/#organization"},"potentialAction":[{"@type":"SearchAction","target":{"@type":"EntryPoint","urlTemplate":"https:\/\/www.aritco.com\/sv\/?s={search_term_string}"},"query-input":{"@type":"PropertyValueSpecification","valueRequired":true,"valueName":"search_term_string"}}],"inLanguage":"sv-SE"},{"@type":"Organization","@id":"https:\/\/www.aritco.com\/sv\/#organization","name":"Aritco","url":"https:\/\/www.aritco.com\/sv\/","logo":{"@type":"ImageObject","inLanguage":"sv-SE","@id":"https:\/\/www.aritco.com\/sv\/#\/schema\/logo\/image\/","url":"https:\/\/www.aritco.com\/wp-content\/uploads\/2019\/05\/vertical-3.svg","contentUrl":"https:\/\/www.aritco.com\/wp-content\/uploads\/2019\/05\/vertical-3.svg","width":1,"height":1,"caption":"Aritco"},"image":{"@id":"https:\/\/www.aritco.com\/sv\/#\/schema\/logo\/image\/"},"publishingPrinciples":"https:\/\/www.aritco.com\/about-aritco\/"}]}},"_links":{"self":[{"href":"https:\/\/www.aritco.com\/sv\/wp-json\/wp\/v2\/pages\/6595","targetHints":{"allow":["GET"]}}],"collection":[{"href":"https:\/\/www.aritco.com\/sv\/wp-json\/wp\/v2\/pages"}],"about":[{"href":"https:\/\/www.aritco.com\/sv\/wp-json\/wp\/v2\/types\/page"}],"author":[{"embeddable":true,"href":"https:\/\/www.aritco.com\/sv\/wp-json\/wp\/v2\/users\/1"}],"replies":[{"embeddable":true,"href":"https:\/\/www.aritco.com\/sv\/wp-json\/wp\/v2\/comments?post=6595"}],"version-history":[{"count":1,"href":"https:\/\/www.aritco.com\/sv\/wp-json\/wp\/v2\/pages\/6595\/revisions"}],"predecessor-version":[{"id":45160,"href":"https:\/\/www.aritco.com\/sv\/wp-json\/wp\/v2\/pages\/6595\/revisions\/45160"}],"wp:attachment":[{"href":"https:\/\/www.aritco.com\/sv\/wp-json\/wp\/v2\/media?parent=6595"}],"curies":[{"name":"wp","href":"https:\/\/api.w.org\/{rel}","templated":true}]}}