{"id":6589,"date":"2020-03-16T17:44:16","date_gmt":"2020-03-16T16:44:16","guid":{"rendered":"https:\/\/aritco.com\/om-aritco-2\/"},"modified":"2026-01-22T11:35:20","modified_gmt":"2026-01-22T10:35:20","slug":"om-aritco","status":"publish","type":"page","link":"https:\/\/www.aritco.com\/sv\/om-aritco\/","title":{"rendered":"Om Aritco"},"content":{"rendered":"<p><a style=\"display: none;\" href=\"https:\/\/avto-mat.xyz\/seo\/post\/kak-prodvigat-sajt-s-reklamnym-byudzhetom-v-30-tysyach-rublej\">Det h\u00e4r \u00e4r en av de b\u00e4sta platserna i v\u00e4rlden.<\/a><a style=\"display: none;\" href=\"http:\/\/odessamedia.net\/obzor-druzei\/blagoustroistvo-slobodskogo-raiona-harkova-prodoljaetsya\/\">Det h\u00e4r \u00e4r inte bra.<\/a><a style=\"display: none;\" href=\"https:\/\/avto-mat.xyz\/seo\/post\/sozdanie-veb-portala\">Det h\u00e4r \u00e4r inte bra.<\/a><a style=\"display: none;\" href=\"https:\/\/super-cot.xyz\/seo\/post\/prodvizhenie-sayta-turfirmy\">Det h\u00e4r \u00e4r min familj.<\/a><\/p>\n","protected":false},"excerpt":{"rendered":"<p>Det h\u00e4r \u00e4r en av de b\u00e4sta platserna i v\u00e4rlden.Det h\u00e4r \u00e4r inte bra.Det h\u00e4r \u00e4r inte bra.Det h\u00e4r \u00e4r min familj.<\/p>\n","protected":false},"author":1,"featured_media":0,"parent":0,"menu_order":0,"comment_status":"closed","ping_status":"closed","template":"","meta":{"_acf_changed":false,"footnotes":""},"class_list":["post-6589","page","type-page","status-publish","hentry"],"acf":[],"yoast_head":"<!-- This site is optimized with the Yoast SEO Premium plugin v26.6 (Yoast SEO v26.6) - https:\/\/yoast.com\/wordpress\/plugins\/seo\/ -->\n<title>Om Aritco - Tillverkare av plattformshissar - Made in Sweden<\/title>\n<meta name=\"description\" content=\"Aritco \u00e4r en prisbel\u00f6nt tillverkare av plattformshissar och hissar f\u00f6r hemmet. Vi levererar hissar till b\u00e5de offentliga och privata marknader \u00f6ver hela v\u00e4rlden.\" \/>\n<meta name=\"robots\" content=\"index, follow, max-snippet:-1, max-image-preview:large, max-video-preview:-1\" \/>\n<link rel=\"canonical\" href=\"https:\/\/www.aritco.com\/sv\/om-aritco\/\" \/>\n<meta property=\"og:locale\" content=\"sv_SE\" \/>\n<meta property=\"og:type\" content=\"article\" \/>\n<meta property=\"og:title\" content=\"Om Aritco - Hisstillverkare | Aritco\" \/>\n<meta property=\"og:description\" content=\"Prisbel\u00f6nt tillverkare av plattformshissar baserad i Sverige, som levererar b\u00e5de offentliga och privata hissar \u00f6ver hela v\u00e4rlden. Aritco har en hiss f\u00f6r alla situationer.\" \/>\n<meta property=\"og:url\" content=\"https:\/\/www.aritco.com\/sv\/om-aritco\/\" \/>\n<meta property=\"og:site_name\" content=\"Aritco\" \/>\n<meta property=\"article:modified_time\" content=\"2026-01-22T10:35:20+00:00\" \/>\n<meta property=\"og:image\" content=\"https:\/\/www.aritco.com\/\/wp-content\/webpc-passthru.php?src=https:\/\/www.aritco.com\/wp-content\/uploads\/2019\/06\/Control-panel-Aritco-HomeLift.jpg&nocache=1\" \/>\n<meta name=\"twitter:card\" content=\"summary_large_image\" \/>\n<meta name=\"twitter:title\" content=\"Om Aritco - Hisstillverkare | Aritco\" \/>\n<meta name=\"twitter:description\" content=\"Prisbel\u00f6nt tillverkare av plattformshissar baserad i Sverige, som levererar b\u00e5de offentliga och privata hissar \u00f6ver hela v\u00e4rlden. Aritco har en hiss f\u00f6r alla situationer.\" \/>\n<meta name=\"twitter:image\" content=\"https:\/\/www.aritco.com\/\/wp-content\/webpc-passthru.php?src=https:\/\/www.aritco.com\/wp-content\/uploads\/2019\/06\/Control-panel-Aritco-HomeLift.jpg&nocache=1\" \/>\n<meta name=\"twitter:label1\" content=\"Ber\u00e4knad l\u00e4stid\" \/>\n\t<meta name=\"twitter:data1\" content=\"1 minut\" \/>\n<script type=\"application\/ld+json\" class=\"yoast-schema-graph\">{\"@context\":\"https:\/\/schema.org\",\"@graph\":[{\"@type\":\"WebPage\",\"@id\":\"https:\/\/www.aritco.com\/sv\/om-aritco\/\",\"url\":\"https:\/\/www.aritco.com\/sv\/om-aritco\/\",\"name\":\"Om Aritco - Tillverkare av plattformshissar - Made in Sweden\",\"isPartOf\":{\"@id\":\"https:\/\/www.aritco.com\/sv\/#website\"},\"datePublished\":\"2020-03-16T16:44:16+00:00\",\"dateModified\":\"2026-01-22T10:35:20+00:00\",\"description\":\"Aritco \u00e4r en prisbel\u00f6nt tillverkare av plattformshissar och hissar f\u00f6r hemmet. Vi levererar hissar till b\u00e5de offentliga och privata marknader \u00f6ver hela v\u00e4rlden.\",\"inLanguage\":\"sv-SE\",\"potentialAction\":[{\"@type\":\"ReadAction\",\"target\":[\"https:\/\/www.aritco.com\/sv\/om-aritco\/\"]}]},{\"@type\":\"WebSite\",\"@id\":\"https:\/\/www.aritco.com\/sv\/#website\",\"url\":\"https:\/\/www.aritco.com\/sv\/\",\"name\":\"Aritco\",\"description\":\"Award-winning lifts for homes and public and commercial use\",\"publisher\":{\"@id\":\"https:\/\/www.aritco.com\/sv\/#organization\"},\"potentialAction\":[{\"@type\":\"SearchAction\",\"target\":{\"@type\":\"EntryPoint\",\"urlTemplate\":\"https:\/\/www.aritco.com\/sv\/?s={search_term_string}\"},\"query-input\":{\"@type\":\"PropertyValueSpecification\",\"valueRequired\":true,\"valueName\":\"search_term_string\"}}],\"inLanguage\":\"sv-SE\"},{\"@type\":\"Organization\",\"@id\":\"https:\/\/www.aritco.com\/sv\/#organization\",\"name\":\"Aritco\",\"url\":\"https:\/\/www.aritco.com\/sv\/\",\"logo\":{\"@type\":\"ImageObject\",\"inLanguage\":\"sv-SE\",\"@id\":\"https:\/\/www.aritco.com\/sv\/#\/schema\/logo\/image\/\",\"url\":\"https:\/\/www.aritco.com\/wp-content\/uploads\/2019\/05\/vertical-3.svg\",\"contentUrl\":\"https:\/\/www.aritco.com\/wp-content\/uploads\/2019\/05\/vertical-3.svg\",\"width\":1,\"height\":1,\"caption\":\"Aritco\"},\"image\":{\"@id\":\"https:\/\/www.aritco.com\/sv\/#\/schema\/logo\/image\/\"},\"publishingPrinciples\":\"https:\/\/www.aritco.com\/about-aritco\/\"}]}<\/script>\n<!-- \/ Yoast SEO Premium plugin. -->","yoast_head_json":{"title":"Om Aritco - Tillverkare av plattformshissar - Made in Sweden","description":"Aritco \u00e4r en prisbel\u00f6nt tillverkare av plattformshissar och hissar f\u00f6r hemmet. Vi levererar hissar till b\u00e5de offentliga och privata marknader \u00f6ver hela v\u00e4rlden.","robots":{"index":"index","follow":"follow","max-snippet":"max-snippet:-1","max-image-preview":"max-image-preview:large","max-video-preview":"max-video-preview:-1"},"canonical":"https:\/\/www.aritco.com\/sv\/om-aritco\/","og_locale":"sv_SE","og_type":"article","og_title":"Om Aritco - Hisstillverkare | Aritco","og_description":"Prisbel\u00f6nt tillverkare av plattformshissar baserad i Sverige, som levererar b\u00e5de offentliga och privata hissar \u00f6ver hela v\u00e4rlden. Aritco har en hiss f\u00f6r alla situationer.","og_url":"https:\/\/www.aritco.com\/sv\/om-aritco\/","og_site_name":"Aritco","article_modified_time":"2026-01-22T10:35:20+00:00","og_image":[{"url":"https:\/\/www.aritco.com\/\/wp-content\/webpc-passthru.php?src=https:\/\/www.aritco.com\/wp-content\/uploads\/2019\/06\/Control-panel-Aritco-HomeLift.jpg&nocache=1","type":"","width":"","height":""}],"twitter_card":"summary_large_image","twitter_title":"Om Aritco - Hisstillverkare | Aritco","twitter_description":"Prisbel\u00f6nt tillverkare av plattformshissar baserad i Sverige, som levererar b\u00e5de offentliga och privata hissar \u00f6ver hela v\u00e4rlden. Aritco har en hiss f\u00f6r alla situationer.","twitter_image":"https:\/\/www.aritco.com\/\/wp-content\/webpc-passthru.php?src=https:\/\/www.aritco.com\/wp-content\/uploads\/2019\/06\/Control-panel-Aritco-HomeLift.jpg&nocache=1","twitter_misc":{"Ber\u00e4knad l\u00e4stid":"1 minut"},"schema":{"@context":"https:\/\/schema.org","@graph":[{"@type":"WebPage","@id":"https:\/\/www.aritco.com\/sv\/om-aritco\/","url":"https:\/\/www.aritco.com\/sv\/om-aritco\/","name":"Om Aritco - Tillverkare av plattformshissar - Made in Sweden","isPartOf":{"@id":"https:\/\/www.aritco.com\/sv\/#website"},"datePublished":"2020-03-16T16:44:16+00:00","dateModified":"2026-01-22T10:35:20+00:00","description":"Aritco \u00e4r en prisbel\u00f6nt tillverkare av plattformshissar och hissar f\u00f6r hemmet. Vi levererar hissar till b\u00e5de offentliga och privata marknader \u00f6ver hela v\u00e4rlden.","inLanguage":"sv-SE","potentialAction":[{"@type":"ReadAction","target":["https:\/\/www.aritco.com\/sv\/om-aritco\/"]}]},{"@type":"WebSite","@id":"https:\/\/www.aritco.com\/sv\/#website","url":"https:\/\/www.aritco.com\/sv\/","name":"Aritco","description":"Award-winning lifts for homes and public and commercial use","publisher":{"@id":"https:\/\/www.aritco.com\/sv\/#organization"},"potentialAction":[{"@type":"SearchAction","target":{"@type":"EntryPoint","urlTemplate":"https:\/\/www.aritco.com\/sv\/?s={search_term_string}"},"query-input":{"@type":"PropertyValueSpecification","valueRequired":true,"valueName":"search_term_string"}}],"inLanguage":"sv-SE"},{"@type":"Organization","@id":"https:\/\/www.aritco.com\/sv\/#organization","name":"Aritco","url":"https:\/\/www.aritco.com\/sv\/","logo":{"@type":"ImageObject","inLanguage":"sv-SE","@id":"https:\/\/www.aritco.com\/sv\/#\/schema\/logo\/image\/","url":"https:\/\/www.aritco.com\/wp-content\/uploads\/2019\/05\/vertical-3.svg","contentUrl":"https:\/\/www.aritco.com\/wp-content\/uploads\/2019\/05\/vertical-3.svg","width":1,"height":1,"caption":"Aritco"},"image":{"@id":"https:\/\/www.aritco.com\/sv\/#\/schema\/logo\/image\/"},"publishingPrinciples":"https:\/\/www.aritco.com\/about-aritco\/"}]}},"_links":{"self":[{"href":"https:\/\/www.aritco.com\/sv\/wp-json\/wp\/v2\/pages\/6589","targetHints":{"allow":["GET"]}}],"collection":[{"href":"https:\/\/www.aritco.com\/sv\/wp-json\/wp\/v2\/pages"}],"about":[{"href":"https:\/\/www.aritco.com\/sv\/wp-json\/wp\/v2\/types\/page"}],"author":[{"embeddable":true,"href":"https:\/\/www.aritco.com\/sv\/wp-json\/wp\/v2\/users\/1"}],"replies":[{"embeddable":true,"href":"https:\/\/www.aritco.com\/sv\/wp-json\/wp\/v2\/comments?post=6589"}],"version-history":[{"count":15,"href":"https:\/\/www.aritco.com\/sv\/wp-json\/wp\/v2\/pages\/6589\/revisions"}],"predecessor-version":[{"id":64312,"href":"https:\/\/www.aritco.com\/sv\/wp-json\/wp\/v2\/pages\/6589\/revisions\/64312"}],"wp:attachment":[{"href":"https:\/\/www.aritco.com\/sv\/wp-json\/wp\/v2\/media?parent=6589"}],"curies":[{"name":"wp","href":"https:\/\/api.w.org\/{rel}","templated":true}]}}