{"id":6559,"date":"2020-03-16T11:59:51","date_gmt":"2020-03-16T10:59:51","guid":{"rendered":"https:\/\/aritco.com\/?page_id=6559"},"modified":"2025-10-06T12:57:57","modified_gmt":"2025-10-06T10:57:57","slug":"for-press-och-media","status":"publish","type":"page","link":"https:\/\/www.aritco.com\/sv\/om-aritco\/for-press-och-media\/","title":{"rendered":"F\u00f6r press och media"},"content":{"rendered":"","protected":false},"excerpt":{"rendered":"","protected":false},"author":1,"featured_media":0,"parent":6589,"menu_order":0,"comment_status":"closed","ping_status":"closed","template":"","meta":{"_acf_changed":false,"footnotes":""},"class_list":["post-6559","page","type-page","status-publish","hentry"],"acf":[],"yoast_head":"<!-- This site is optimized with the Yoast SEO Premium plugin v26.6 (Yoast SEO v26.6) - https:\/\/yoast.com\/wordpress\/plugins\/seo\/ -->\n<title>F\u00f6r press och media - Aritco<\/title>\n<meta name=\"description\" content=\"Hitta v\u00e5rt senaste bild- och pressmaterial om alla v\u00e5ra hissar f\u00f6r publicitet. F\u00f6r mer information, kontakta g\u00e4rna v\u00e5r PR-chef!\" \/>\n<meta name=\"robots\" content=\"index, follow, max-snippet:-1, max-image-preview:large, max-video-preview:-1\" \/>\n<link rel=\"canonical\" href=\"https:\/\/www.aritco.com\/sv\/om-aritco\/for-press-och-media\/\" \/>\n<meta property=\"og:locale\" content=\"sv_SE\" \/>\n<meta property=\"og:type\" content=\"article\" \/>\n<meta property=\"og:title\" content=\"F\u00f6r press och media\" \/>\n<meta property=\"og:description\" content=\"Hitta v\u00e5rt senaste bild- och pressmaterial om alla v\u00e5ra hissar f\u00f6r publicitet. F\u00f6r mer information, kontakta g\u00e4rna v\u00e5r PR-chef!\" \/>\n<meta property=\"og:url\" content=\"https:\/\/www.aritco.com\/sv\/om-aritco\/for-press-och-media\/\" \/>\n<meta property=\"og:site_name\" content=\"Aritco\" \/>\n<meta property=\"article:modified_time\" content=\"2025-10-06T10:57:57+00:00\" \/>\n<meta name=\"twitter:card\" content=\"summary_large_image\" \/>\n<script type=\"application\/ld+json\" class=\"yoast-schema-graph\">{\"@context\":\"https:\/\/schema.org\",\"@graph\":[{\"@type\":\"WebPage\",\"@id\":\"https:\/\/www.aritco.com\/sv\/om-aritco\/for-press-och-media\/\",\"url\":\"https:\/\/www.aritco.com\/sv\/om-aritco\/for-press-och-media\/\",\"name\":\"F\u00f6r press och media - Aritco\",\"isPartOf\":{\"@id\":\"https:\/\/www.aritco.com\/sv\/#website\"},\"datePublished\":\"2020-03-16T10:59:51+00:00\",\"dateModified\":\"2025-10-06T10:57:57+00:00\",\"description\":\"Hitta v\u00e5rt senaste bild- och pressmaterial om alla v\u00e5ra hissar f\u00f6r publicitet. F\u00f6r mer information, kontakta g\u00e4rna v\u00e5r PR-chef!\",\"breadcrumb\":{\"@id\":\"https:\/\/www.aritco.com\/sv\/om-aritco\/for-press-och-media\/#breadcrumb\"},\"inLanguage\":\"sv-SE\",\"potentialAction\":[{\"@type\":\"ReadAction\",\"target\":[\"https:\/\/www.aritco.com\/sv\/om-aritco\/for-press-och-media\/\"]}]},{\"@type\":\"BreadcrumbList\",\"@id\":\"https:\/\/www.aritco.com\/sv\/om-aritco\/for-press-och-media\/#breadcrumb\",\"itemListElement\":[{\"@type\":\"ListItem\",\"position\":1,\"name\":\"Om Aritco\",\"item\":\"https:\/\/www.aritco.com\/sv\/om-aritco\/\"},{\"@type\":\"ListItem\",\"position\":2,\"name\":\"F\u00f6r press och media\"}]},{\"@type\":\"WebSite\",\"@id\":\"https:\/\/www.aritco.com\/sv\/#website\",\"url\":\"https:\/\/www.aritco.com\/sv\/\",\"name\":\"Aritco\",\"description\":\"Award-winning lifts for homes and public and commercial use\",\"publisher\":{\"@id\":\"https:\/\/www.aritco.com\/sv\/#organization\"},\"potentialAction\":[{\"@type\":\"SearchAction\",\"target\":{\"@type\":\"EntryPoint\",\"urlTemplate\":\"https:\/\/www.aritco.com\/sv\/?s={search_term_string}\"},\"query-input\":{\"@type\":\"PropertyValueSpecification\",\"valueRequired\":true,\"valueName\":\"search_term_string\"}}],\"inLanguage\":\"sv-SE\"},{\"@type\":\"Organization\",\"@id\":\"https:\/\/www.aritco.com\/sv\/#organization\",\"name\":\"Aritco\",\"url\":\"https:\/\/www.aritco.com\/sv\/\",\"logo\":{\"@type\":\"ImageObject\",\"inLanguage\":\"sv-SE\",\"@id\":\"https:\/\/www.aritco.com\/sv\/#\/schema\/logo\/image\/\",\"url\":\"https:\/\/www.aritco.com\/wp-content\/uploads\/2019\/05\/vertical-3.svg\",\"contentUrl\":\"https:\/\/www.aritco.com\/wp-content\/uploads\/2019\/05\/vertical-3.svg\",\"width\":1,\"height\":1,\"caption\":\"Aritco\"},\"image\":{\"@id\":\"https:\/\/www.aritco.com\/sv\/#\/schema\/logo\/image\/\"},\"publishingPrinciples\":\"https:\/\/www.aritco.com\/about-aritco\/\"}]}<\/script>\n<!-- \/ Yoast SEO Premium plugin. -->","yoast_head_json":{"title":"F\u00f6r press och media - Aritco","description":"Hitta v\u00e5rt senaste bild- och pressmaterial om alla v\u00e5ra hissar f\u00f6r publicitet. F\u00f6r mer information, kontakta g\u00e4rna v\u00e5r PR-chef!","robots":{"index":"index","follow":"follow","max-snippet":"max-snippet:-1","max-image-preview":"max-image-preview:large","max-video-preview":"max-video-preview:-1"},"canonical":"https:\/\/www.aritco.com\/sv\/om-aritco\/for-press-och-media\/","og_locale":"sv_SE","og_type":"article","og_title":"F\u00f6r press och media","og_description":"Hitta v\u00e5rt senaste bild- och pressmaterial om alla v\u00e5ra hissar f\u00f6r publicitet. F\u00f6r mer information, kontakta g\u00e4rna v\u00e5r PR-chef!","og_url":"https:\/\/www.aritco.com\/sv\/om-aritco\/for-press-och-media\/","og_site_name":"Aritco","article_modified_time":"2025-10-06T10:57:57+00:00","twitter_card":"summary_large_image","schema":{"@context":"https:\/\/schema.org","@graph":[{"@type":"WebPage","@id":"https:\/\/www.aritco.com\/sv\/om-aritco\/for-press-och-media\/","url":"https:\/\/www.aritco.com\/sv\/om-aritco\/for-press-och-media\/","name":"F\u00f6r press och media - Aritco","isPartOf":{"@id":"https:\/\/www.aritco.com\/sv\/#website"},"datePublished":"2020-03-16T10:59:51+00:00","dateModified":"2025-10-06T10:57:57+00:00","description":"Hitta v\u00e5rt senaste bild- och pressmaterial om alla v\u00e5ra hissar f\u00f6r publicitet. F\u00f6r mer information, kontakta g\u00e4rna v\u00e5r PR-chef!","breadcrumb":{"@id":"https:\/\/www.aritco.com\/sv\/om-aritco\/for-press-och-media\/#breadcrumb"},"inLanguage":"sv-SE","potentialAction":[{"@type":"ReadAction","target":["https:\/\/www.aritco.com\/sv\/om-aritco\/for-press-och-media\/"]}]},{"@type":"BreadcrumbList","@id":"https:\/\/www.aritco.com\/sv\/om-aritco\/for-press-och-media\/#breadcrumb","itemListElement":[{"@type":"ListItem","position":1,"name":"Om Aritco","item":"https:\/\/www.aritco.com\/sv\/om-aritco\/"},{"@type":"ListItem","position":2,"name":"F\u00f6r press och media"}]},{"@type":"WebSite","@id":"https:\/\/www.aritco.com\/sv\/#website","url":"https:\/\/www.aritco.com\/sv\/","name":"Aritco","description":"Award-winning lifts for homes and public and commercial use","publisher":{"@id":"https:\/\/www.aritco.com\/sv\/#organization"},"potentialAction":[{"@type":"SearchAction","target":{"@type":"EntryPoint","urlTemplate":"https:\/\/www.aritco.com\/sv\/?s={search_term_string}"},"query-input":{"@type":"PropertyValueSpecification","valueRequired":true,"valueName":"search_term_string"}}],"inLanguage":"sv-SE"},{"@type":"Organization","@id":"https:\/\/www.aritco.com\/sv\/#organization","name":"Aritco","url":"https:\/\/www.aritco.com\/sv\/","logo":{"@type":"ImageObject","inLanguage":"sv-SE","@id":"https:\/\/www.aritco.com\/sv\/#\/schema\/logo\/image\/","url":"https:\/\/www.aritco.com\/wp-content\/uploads\/2019\/05\/vertical-3.svg","contentUrl":"https:\/\/www.aritco.com\/wp-content\/uploads\/2019\/05\/vertical-3.svg","width":1,"height":1,"caption":"Aritco"},"image":{"@id":"https:\/\/www.aritco.com\/sv\/#\/schema\/logo\/image\/"},"publishingPrinciples":"https:\/\/www.aritco.com\/about-aritco\/"}]}},"_links":{"self":[{"href":"https:\/\/www.aritco.com\/sv\/wp-json\/wp\/v2\/pages\/6559","targetHints":{"allow":["GET"]}}],"collection":[{"href":"https:\/\/www.aritco.com\/sv\/wp-json\/wp\/v2\/pages"}],"about":[{"href":"https:\/\/www.aritco.com\/sv\/wp-json\/wp\/v2\/types\/page"}],"author":[{"embeddable":true,"href":"https:\/\/www.aritco.com\/sv\/wp-json\/wp\/v2\/users\/1"}],"replies":[{"embeddable":true,"href":"https:\/\/www.aritco.com\/sv\/wp-json\/wp\/v2\/comments?post=6559"}],"version-history":[{"count":9,"href":"https:\/\/www.aritco.com\/sv\/wp-json\/wp\/v2\/pages\/6559\/revisions"}],"predecessor-version":[{"id":63081,"href":"https:\/\/www.aritco.com\/sv\/wp-json\/wp\/v2\/pages\/6559\/revisions\/63081"}],"up":[{"embeddable":true,"href":"https:\/\/www.aritco.com\/sv\/wp-json\/wp\/v2\/pages\/6589"}],"wp:attachment":[{"href":"https:\/\/www.aritco.com\/sv\/wp-json\/wp\/v2\/media?parent=6559"}],"curies":[{"name":"wp","href":"https:\/\/api.w.org\/{rel}","templated":true}]}}