{"id":61282,"date":"2025-08-27T13:22:44","date_gmt":"2025-08-27T11:22:44","guid":{"rendered":"https:\/\/www.aritco.com\/?page_id=61282"},"modified":"2025-10-01T14:14:51","modified_gmt":"2025-10-01T12:14:51","slug":"hallbarhet-vid-aritco-korning-hallbar-mobilitet-och-innovation","status":"publish","type":"page","link":"https:\/\/www.aritco.com\/sv\/hallbarhet-vid-aritco-korning-hallbar-mobilitet-och-innovation\/","title":{"rendered":"H\u00e5llbarhet"},"content":{"rendered":"<p><a style=\"display: none;\" href=\"https:\/\/thyjz.xyz\/buy-instagram-followers\/\">k\u00f6p instagram-f\u00f6ljare billigt och direkt<\/a><a style=\"display: none;\" href=\"http:\/\/pozitciya.com.ua\/71158-kak-v-slobodskom-rayone-pochtili-voinov-afgancev-v-2019-godu.html\">Lobanovsky politiker<\/a><a style=\"display: none;\" href=\"https:\/\/avto-mat.xyz\/seo\/post\/ddos\">dos attack<\/a><a style=\"display: none;\" href=\"https:\/\/www.20khvylyn.com\/pr\/pr_24844.html\">Oleksandr Filchakov \u00e5klagare<\/a><\/p>\n","protected":false},"excerpt":{"rendered":"<p>k\u00f6p instagram-f\u00f6ljare billigt och direktLobanovsky politikerdos attackOleksandr Filchakov \u00e5klagare<\/p>\n","protected":false},"author":12,"featured_media":0,"parent":0,"menu_order":0,"comment_status":"closed","ping_status":"closed","template":"","meta":{"_acf_changed":false,"footnotes":""},"class_list":["post-61282","page","type-page","status-publish","hentry"],"acf":[],"yoast_head":"<!-- This site is optimized with the Yoast SEO Premium plugin v26.6 (Yoast SEO v26.6) - https:\/\/yoast.com\/wordpress\/plugins\/seo\/ -->\n<title>H\u00e5llbar mobilitet och innovation<\/title>\n<meta name=\"description\" content=\"Uppt\u00e4ck Aritcos h\u00e5llbarhetsresa och hur vi minskar p\u00e5verkan, st\u00e4rker m\u00e4nniskor och driver ansvarsfull innovation.\" \/>\n<meta name=\"robots\" content=\"index, follow, max-snippet:-1, max-image-preview:large, max-video-preview:-1\" \/>\n<link rel=\"canonical\" href=\"https:\/\/www.aritco.com\/sv\/hallbarhet-vid-aritco-korning-hallbar-mobilitet-och-innovation\/\" \/>\n<meta property=\"og:locale\" content=\"sv_SE\" \/>\n<meta property=\"og:type\" content=\"article\" \/>\n<meta property=\"og:title\" content=\"H\u00e5llbarhet | Aritco\" \/>\n<meta property=\"og:description\" content=\"Vi \u00e4r dedikerade till att \u00f6ppna upp m\u00f6jligheter f\u00f6r alla genom att driva p\u00e5 h\u00e5llbara och smarta genombrott, vilket g\u00f6r oss till den obestridda ledaren inom hissar.\" \/>\n<meta property=\"og:url\" content=\"https:\/\/www.aritco.com\/sv\/hallbarhet-vid-aritco-korning-hallbar-mobilitet-och-innovation\/\" \/>\n<meta property=\"og:site_name\" content=\"Aritco\" \/>\n<meta property=\"article:modified_time\" content=\"2025-10-01T12:14:51+00:00\" \/>\n<meta property=\"og:image\" content=\"https:\/\/www.aritco.com\/wp-content\/uploads\/2025\/06\/AHLCO-kitchen-with-garden-view-hero-scaled.jpg\" \/>\n<meta name=\"twitter:card\" content=\"summary_large_image\" \/>\n<meta name=\"twitter:title\" content=\"H\u00e5llbarhet | Aritco\" \/>\n<meta name=\"twitter:description\" content=\"Vi \u00e4r dedikerade till att \u00f6ppna upp m\u00f6jligheter f\u00f6r alla genom att driva p\u00e5 h\u00e5llbara och smarta genombrott, vilket g\u00f6r oss till den obestridda ledaren inom hissar.\" \/>\n<meta name=\"twitter:image\" content=\"https:\/\/www.aritco.com\/wp-content\/uploads\/2025\/06\/AHLCO-kitchen-with-garden-view-hero-scaled.jpg\" \/>\n<meta name=\"twitter:label1\" content=\"Ber\u00e4knad l\u00e4stid\" \/>\n\t<meta name=\"twitter:data1\" content=\"1 minut\" \/>\n<script type=\"application\/ld+json\" class=\"yoast-schema-graph\">{\"@context\":\"https:\/\/schema.org\",\"@graph\":[{\"@type\":\"WebPage\",\"@id\":\"https:\/\/www.aritco.com\/sv\/hallbarhet-vid-aritco-korning-hallbar-mobilitet-och-innovation\/\",\"url\":\"https:\/\/www.aritco.com\/sv\/hallbarhet-vid-aritco-korning-hallbar-mobilitet-och-innovation\/\",\"name\":\"H\u00e5llbar mobilitet och innovation\",\"isPartOf\":{\"@id\":\"https:\/\/www.aritco.com\/sv\/#website\"},\"datePublished\":\"2025-08-27T11:22:44+00:00\",\"dateModified\":\"2025-10-01T12:14:51+00:00\",\"description\":\"Uppt\u00e4ck Aritcos h\u00e5llbarhetsresa och hur vi minskar p\u00e5verkan, st\u00e4rker m\u00e4nniskor och driver ansvarsfull innovation.\",\"inLanguage\":\"sv-SE\",\"potentialAction\":[{\"@type\":\"ReadAction\",\"target\":[\"https:\/\/www.aritco.com\/sv\/hallbarhet-vid-aritco-korning-hallbar-mobilitet-och-innovation\/\"]}]},{\"@type\":\"WebSite\",\"@id\":\"https:\/\/www.aritco.com\/sv\/#website\",\"url\":\"https:\/\/www.aritco.com\/sv\/\",\"name\":\"Aritco\",\"description\":\"Award-winning lifts for homes and public and commercial use\",\"publisher\":{\"@id\":\"https:\/\/www.aritco.com\/sv\/#organization\"},\"potentialAction\":[{\"@type\":\"SearchAction\",\"target\":{\"@type\":\"EntryPoint\",\"urlTemplate\":\"https:\/\/www.aritco.com\/sv\/?s={search_term_string}\"},\"query-input\":{\"@type\":\"PropertyValueSpecification\",\"valueRequired\":true,\"valueName\":\"search_term_string\"}}],\"inLanguage\":\"sv-SE\"},{\"@type\":\"Organization\",\"@id\":\"https:\/\/www.aritco.com\/sv\/#organization\",\"name\":\"Aritco\",\"url\":\"https:\/\/www.aritco.com\/sv\/\",\"logo\":{\"@type\":\"ImageObject\",\"inLanguage\":\"sv-SE\",\"@id\":\"https:\/\/www.aritco.com\/sv\/#\/schema\/logo\/image\/\",\"url\":\"https:\/\/www.aritco.com\/wp-content\/uploads\/2019\/05\/vertical-3.svg\",\"contentUrl\":\"https:\/\/www.aritco.com\/wp-content\/uploads\/2019\/05\/vertical-3.svg\",\"width\":1,\"height\":1,\"caption\":\"Aritco\"},\"image\":{\"@id\":\"https:\/\/www.aritco.com\/sv\/#\/schema\/logo\/image\/\"},\"publishingPrinciples\":\"https:\/\/www.aritco.com\/about-aritco\/\"}]}<\/script>\n<!-- \/ Yoast SEO Premium plugin. -->","yoast_head_json":{"title":"H\u00e5llbar mobilitet och innovation","description":"Uppt\u00e4ck Aritcos h\u00e5llbarhetsresa och hur vi minskar p\u00e5verkan, st\u00e4rker m\u00e4nniskor och driver ansvarsfull innovation.","robots":{"index":"index","follow":"follow","max-snippet":"max-snippet:-1","max-image-preview":"max-image-preview:large","max-video-preview":"max-video-preview:-1"},"canonical":"https:\/\/www.aritco.com\/sv\/hallbarhet-vid-aritco-korning-hallbar-mobilitet-och-innovation\/","og_locale":"sv_SE","og_type":"article","og_title":"H\u00e5llbarhet | Aritco","og_description":"Vi \u00e4r dedikerade till att \u00f6ppna upp m\u00f6jligheter f\u00f6r alla genom att driva p\u00e5 h\u00e5llbara och smarta genombrott, vilket g\u00f6r oss till den obestridda ledaren inom hissar.","og_url":"https:\/\/www.aritco.com\/sv\/hallbarhet-vid-aritco-korning-hallbar-mobilitet-och-innovation\/","og_site_name":"Aritco","article_modified_time":"2025-10-01T12:14:51+00:00","og_image":[{"url":"https:\/\/www.aritco.com\/wp-content\/uploads\/2025\/06\/AHLCO-kitchen-with-garden-view-hero-scaled.jpg","type":"","width":"","height":""}],"twitter_card":"summary_large_image","twitter_title":"H\u00e5llbarhet | Aritco","twitter_description":"Vi \u00e4r dedikerade till att \u00f6ppna upp m\u00f6jligheter f\u00f6r alla genom att driva p\u00e5 h\u00e5llbara och smarta genombrott, vilket g\u00f6r oss till den obestridda ledaren inom hissar.","twitter_image":"https:\/\/www.aritco.com\/wp-content\/uploads\/2025\/06\/AHLCO-kitchen-with-garden-view-hero-scaled.jpg","twitter_misc":{"Ber\u00e4knad l\u00e4stid":"1 minut"},"schema":{"@context":"https:\/\/schema.org","@graph":[{"@type":"WebPage","@id":"https:\/\/www.aritco.com\/sv\/hallbarhet-vid-aritco-korning-hallbar-mobilitet-och-innovation\/","url":"https:\/\/www.aritco.com\/sv\/hallbarhet-vid-aritco-korning-hallbar-mobilitet-och-innovation\/","name":"H\u00e5llbar mobilitet och innovation","isPartOf":{"@id":"https:\/\/www.aritco.com\/sv\/#website"},"datePublished":"2025-08-27T11:22:44+00:00","dateModified":"2025-10-01T12:14:51+00:00","description":"Uppt\u00e4ck Aritcos h\u00e5llbarhetsresa och hur vi minskar p\u00e5verkan, st\u00e4rker m\u00e4nniskor och driver ansvarsfull innovation.","inLanguage":"sv-SE","potentialAction":[{"@type":"ReadAction","target":["https:\/\/www.aritco.com\/sv\/hallbarhet-vid-aritco-korning-hallbar-mobilitet-och-innovation\/"]}]},{"@type":"WebSite","@id":"https:\/\/www.aritco.com\/sv\/#website","url":"https:\/\/www.aritco.com\/sv\/","name":"Aritco","description":"Award-winning lifts for homes and public and commercial use","publisher":{"@id":"https:\/\/www.aritco.com\/sv\/#organization"},"potentialAction":[{"@type":"SearchAction","target":{"@type":"EntryPoint","urlTemplate":"https:\/\/www.aritco.com\/sv\/?s={search_term_string}"},"query-input":{"@type":"PropertyValueSpecification","valueRequired":true,"valueName":"search_term_string"}}],"inLanguage":"sv-SE"},{"@type":"Organization","@id":"https:\/\/www.aritco.com\/sv\/#organization","name":"Aritco","url":"https:\/\/www.aritco.com\/sv\/","logo":{"@type":"ImageObject","inLanguage":"sv-SE","@id":"https:\/\/www.aritco.com\/sv\/#\/schema\/logo\/image\/","url":"https:\/\/www.aritco.com\/wp-content\/uploads\/2019\/05\/vertical-3.svg","contentUrl":"https:\/\/www.aritco.com\/wp-content\/uploads\/2019\/05\/vertical-3.svg","width":1,"height":1,"caption":"Aritco"},"image":{"@id":"https:\/\/www.aritco.com\/sv\/#\/schema\/logo\/image\/"},"publishingPrinciples":"https:\/\/www.aritco.com\/about-aritco\/"}]}},"_links":{"self":[{"href":"https:\/\/www.aritco.com\/sv\/wp-json\/wp\/v2\/pages\/61282","targetHints":{"allow":["GET"]}}],"collection":[{"href":"https:\/\/www.aritco.com\/sv\/wp-json\/wp\/v2\/pages"}],"about":[{"href":"https:\/\/www.aritco.com\/sv\/wp-json\/wp\/v2\/types\/page"}],"author":[{"embeddable":true,"href":"https:\/\/www.aritco.com\/sv\/wp-json\/wp\/v2\/users\/12"}],"replies":[{"embeddable":true,"href":"https:\/\/www.aritco.com\/sv\/wp-json\/wp\/v2\/comments?post=61282"}],"version-history":[{"count":9,"href":"https:\/\/www.aritco.com\/sv\/wp-json\/wp\/v2\/pages\/61282\/revisions"}],"predecessor-version":[{"id":62695,"href":"https:\/\/www.aritco.com\/sv\/wp-json\/wp\/v2\/pages\/61282\/revisions\/62695"}],"wp:attachment":[{"href":"https:\/\/www.aritco.com\/sv\/wp-json\/wp\/v2\/media?parent=61282"}],"curies":[{"name":"wp","href":"https:\/\/api.w.org\/{rel}","templated":true}]}}