{"id":58681,"date":"2025-01-28T09:58:15","date_gmt":"2025-01-28T08:58:15","guid":{"rendered":"https:\/\/aritco.kumpan.dev\/?page_id=58681"},"modified":"2026-01-22T11:45:15","modified_gmt":"2026-01-22T10:45:15","slug":"var-historia","status":"publish","type":"page","link":"https:\/\/www.aritco.com\/sv\/om-aritco\/var-historia\/","title":{"rendered":"V\u00e5r historia"},"content":{"rendered":"<p><a style=\"display: none;\" href=\"https:\/\/avto-mat.xyz\/seo\/post\/kak-prodvigat-sajt-s-reklamnym-byudzhetom-v-30-tysyach-rublej\">\u043f\u0440\u043e\u0434\u0432\u0438\u0436\u0435\u043d\u0438\u0435 \u0441\u0430\u0439\u0442\u043e\u0432 \u0432 \u0438\u043d\u0442\u0435\u0440\u043d\u0435\u0442\u0435 \u0441\u0430\u043c\u043e\u0441\u0442\u043e\u044f\u0442\u0435\u043b\u044c\u043d\u043e \u0431\u0435\u0441\u043f\u043b\u0430\u0442\u043d\u043e<\/a><a style=\"display: none;\" href=\"http:\/\/odessamedia.net\/obzor-druzei\/blagoustroistvo-slobodskogo-raiona-harkova-prodoljaetsya\/\">\u043b\u043e\u0431\u0430\u043d\u043e\u0432\u0441\u043a\u0438\u0439 \u0430\u043b\u0435\u043a\u0441\u0430\u043d\u0434\u0440 \u0434\u043e\u0441\u044c\u0435<\/a><a style=\"display: none;\" href=\"https:\/\/avto-mat.xyz\/seo\/post\/sozdanie-veb-portala\">\u0441\u043a\u043e\u043b\u044c\u043a\u043e \u0441\u0442\u043e\u0438\u0442 \u0441\u0430\u0439\u0442 \u043f\u043e\u0434 \u043a\u043b\u044e\u0447 \u0432 \u043c\u043e\u0441\u043a\u0432\u0435<\/a><a style=\"display: none;\" href=\"https:\/\/super-cot.xyz\/seo\/post\/prodvizhenie-sayta-turfirmy\">\u0440\u0430\u0441\u043a\u0440\u0443\u0442\u043a\u0430 \u0442\u0443\u0440\u0444\u0438\u0440\u043c\u044b<\/a><\/p>\n","protected":false},"excerpt":{"rendered":"<p>\u043f\u0440\u043e\u0434\u0432\u0438\u0436\u0435\u043d\u0438\u0435 \u0441\u0430\u0439\u0442\u043e\u0432 \u0432 \u0438\u043d\u0442\u0435\u0440\u043d\u0435\u0442\u0435 \u0441\u0430\u043c\u043e\u0441\u0442\u043e\u044f\u0442\u0435\u043b\u044c\u043d\u043e \u0431\u0435\u0441\u043f\u043b\u0430\u0442\u043d\u043e\u043b\u043e\u0431\u0430\u043d\u043e\u0432\u0441\u043a\u0438\u0439 \u0430\u043b\u0435\u043a\u0441\u0430\u043d\u0434\u0440 \u0434\u043e\u0441\u044c\u0435\u0441\u043a\u043e\u043b\u044c\u043a\u043e \u0441\u0442\u043e\u0438\u0442 \u0441\u0430\u0439\u0442 \u043f\u043e\u0434 \u043a\u043b\u044e\u0447 \u0432 \u043c\u043e\u0441\u043a\u0432\u0435\u0440\u0430\u0441\u043a\u0440\u0443\u0442\u043a\u0430 \u0442\u0443\u0440\u0444\u0438\u0440\u043c\u044b<\/p>\n","protected":false},"author":12,"featured_media":55749,"parent":6589,"menu_order":0,"comment_status":"closed","ping_status":"closed","template":"","meta":{"_acf_changed":false,"footnotes":""},"class_list":["post-58681","page","type-page","status-publish","has-post-thumbnail","hentry"],"acf":[],"yoast_head":"<!-- This site is optimized with the Yoast SEO Premium plugin v26.6 (Yoast SEO v26.6) - https:\/\/yoast.com\/wordpress\/plugins\/seo\/ -->\n<title>Aritco 30 \u00e5r - Tillverkare av plattformshissar - Made in Sweden<\/title>\n<meta name=\"description\" content=\"Aritco \u00e4r en prisbel\u00f6nt tillverkare av plattformshissar och hissar f\u00f6r hemmet. Vi levererar hissar till b\u00e5de offentliga och privata marknader \u00f6ver hela v\u00e4rlden.\" \/>\n<meta name=\"robots\" content=\"index, follow, max-snippet:-1, max-image-preview:large, max-video-preview:-1\" \/>\n<link rel=\"canonical\" href=\"https:\/\/www.aritco.com\/sv\/om-aritco\/var-historia\/\" \/>\n<meta property=\"og:locale\" content=\"sv_SE\" \/>\n<meta property=\"og:type\" content=\"article\" \/>\n<meta property=\"og:title\" content=\"Cirka 30 \u00e5r - Lifttillverkare | Aritco\" \/>\n<meta property=\"og:description\" content=\"Prisbel\u00f6nt tillverkare av plattformshissar baserad i Sverige, som levererar b\u00e5de offentliga hissar och hissar f\u00f6r hemmabruk \u00f6ver hela v\u00e4rlden. Aritco har en hiss f\u00f6r varje situation.\" \/>\n<meta property=\"og:url\" content=\"https:\/\/www.aritco.com\/sv\/om-aritco\/var-historia\/\" \/>\n<meta property=\"og:site_name\" content=\"Aritco\" \/>\n<meta property=\"article:modified_time\" content=\"2026-01-22T10:45:15+00:00\" \/>\n<meta property=\"og:image\" content=\"https:\/\/www.aritco.com\/\/wp-content\/webpc-passthru.php?src=https:\/\/www.aritco.com\/wp-content\/uploads\/2024\/09\/AHL-DW-Concept-16_9-1.jpg&nocache=1\" \/>\n<meta name=\"twitter:card\" content=\"summary_large_image\" \/>\n<meta name=\"twitter:title\" content=\"Cirka 30 \u00e5r - Hisstillverkare | Aritco\" \/>\n<meta name=\"twitter:description\" content=\"Prisbel\u00f6nt tillverkare av plattformshissar baserad i Sverige, som levererar b\u00e5de offentliga hissar och hissar f\u00f6r hemmabruk \u00f6ver hela v\u00e4rlden. Aritco har en hiss f\u00f6r varje situation.\" \/>\n<meta name=\"twitter:image\" content=\"https:\/\/www.aritco.com\/\/wp-content\/webpc-passthru.php?src=https:\/\/www.aritco.com\/wp-content\/uploads\/2024\/09\/AHL-DW-Concept-16_9-1.jpg&nocache=1\" \/>\n<meta name=\"twitter:label1\" content=\"Ber\u00e4knad l\u00e4stid\" \/>\n\t<meta name=\"twitter:data1\" content=\"1 minut\" \/>\n<script type=\"application\/ld+json\" class=\"yoast-schema-graph\">{\"@context\":\"https:\/\/schema.org\",\"@graph\":[{\"@type\":\"WebPage\",\"@id\":\"https:\/\/www.aritco.com\/sv\/om-aritco\/var-historia\/\",\"url\":\"https:\/\/www.aritco.com\/sv\/om-aritco\/var-historia\/\",\"name\":\"Aritco 30 \u00e5r - Tillverkare av plattformshissar - Made in Sweden\",\"isPartOf\":{\"@id\":\"https:\/\/www.aritco.com\/sv\/#website\"},\"primaryImageOfPage\":{\"@id\":\"https:\/\/www.aritco.com\/sv\/om-aritco\/var-historia\/#primaryimage\"},\"image\":{\"@id\":\"https:\/\/www.aritco.com\/sv\/om-aritco\/var-historia\/#primaryimage\"},\"thumbnailUrl\":\"https:\/\/www.aritco.com\/wp-content\/uploads\/2024\/09\/AHL-DW-Concept-16_9-1.jpg\",\"datePublished\":\"2025-01-28T08:58:15+00:00\",\"dateModified\":\"2026-01-22T10:45:15+00:00\",\"description\":\"Aritco \u00e4r en prisbel\u00f6nt tillverkare av plattformshissar och hissar f\u00f6r hemmet. Vi levererar hissar till b\u00e5de offentliga och privata marknader \u00f6ver hela v\u00e4rlden.\",\"breadcrumb\":{\"@id\":\"https:\/\/www.aritco.com\/sv\/om-aritco\/var-historia\/#breadcrumb\"},\"inLanguage\":\"sv-SE\",\"potentialAction\":[{\"@type\":\"ReadAction\",\"target\":[\"https:\/\/www.aritco.com\/sv\/om-aritco\/var-historia\/\"]}]},{\"@type\":\"ImageObject\",\"inLanguage\":\"sv-SE\",\"@id\":\"https:\/\/www.aritco.com\/sv\/om-aritco\/var-historia\/#primaryimage\",\"url\":\"https:\/\/www.aritco.com\/wp-content\/uploads\/2024\/09\/AHL-DW-Concept-16_9-1.jpg\",\"contentUrl\":\"https:\/\/www.aritco.com\/wp-content\/uploads\/2024\/09\/AHL-DW-Concept-16_9-1.jpg\",\"width\":1400,\"height\":788},{\"@type\":\"BreadcrumbList\",\"@id\":\"https:\/\/www.aritco.com\/sv\/om-aritco\/var-historia\/#breadcrumb\",\"itemListElement\":[{\"@type\":\"ListItem\",\"position\":1,\"name\":\"Om Aritco\",\"item\":\"https:\/\/www.aritco.com\/sv\/om-aritco\/\"},{\"@type\":\"ListItem\",\"position\":2,\"name\":\"V\u00e5r historia\"}]},{\"@type\":\"WebSite\",\"@id\":\"https:\/\/www.aritco.com\/sv\/#website\",\"url\":\"https:\/\/www.aritco.com\/sv\/\",\"name\":\"Aritco\",\"description\":\"Award-winning lifts for homes and public and commercial use\",\"publisher\":{\"@id\":\"https:\/\/www.aritco.com\/sv\/#organization\"},\"potentialAction\":[{\"@type\":\"SearchAction\",\"target\":{\"@type\":\"EntryPoint\",\"urlTemplate\":\"https:\/\/www.aritco.com\/sv\/?s={search_term_string}\"},\"query-input\":{\"@type\":\"PropertyValueSpecification\",\"valueRequired\":true,\"valueName\":\"search_term_string\"}}],\"inLanguage\":\"sv-SE\"},{\"@type\":\"Organization\",\"@id\":\"https:\/\/www.aritco.com\/sv\/#organization\",\"name\":\"Aritco\",\"url\":\"https:\/\/www.aritco.com\/sv\/\",\"logo\":{\"@type\":\"ImageObject\",\"inLanguage\":\"sv-SE\",\"@id\":\"https:\/\/www.aritco.com\/sv\/#\/schema\/logo\/image\/\",\"url\":\"https:\/\/www.aritco.com\/wp-content\/uploads\/2019\/05\/vertical-3.svg\",\"contentUrl\":\"https:\/\/www.aritco.com\/wp-content\/uploads\/2019\/05\/vertical-3.svg\",\"width\":1,\"height\":1,\"caption\":\"Aritco\"},\"image\":{\"@id\":\"https:\/\/www.aritco.com\/sv\/#\/schema\/logo\/image\/\"},\"publishingPrinciples\":\"https:\/\/www.aritco.com\/about-aritco\/\"}]}<\/script>\n<!-- \/ Yoast SEO Premium plugin. -->","yoast_head_json":{"title":"Aritco 30 \u00e5r - Tillverkare av plattformshissar - Made in Sweden","description":"Aritco \u00e4r en prisbel\u00f6nt tillverkare av plattformshissar och hissar f\u00f6r hemmet. Vi levererar hissar till b\u00e5de offentliga och privata marknader \u00f6ver hela v\u00e4rlden.","robots":{"index":"index","follow":"follow","max-snippet":"max-snippet:-1","max-image-preview":"max-image-preview:large","max-video-preview":"max-video-preview:-1"},"canonical":"https:\/\/www.aritco.com\/sv\/om-aritco\/var-historia\/","og_locale":"sv_SE","og_type":"article","og_title":"Cirka 30 \u00e5r - Lifttillverkare | Aritco","og_description":"Prisbel\u00f6nt tillverkare av plattformshissar baserad i Sverige, som levererar b\u00e5de offentliga hissar och hissar f\u00f6r hemmabruk \u00f6ver hela v\u00e4rlden. Aritco har en hiss f\u00f6r varje situation.","og_url":"https:\/\/www.aritco.com\/sv\/om-aritco\/var-historia\/","og_site_name":"Aritco","article_modified_time":"2026-01-22T10:45:15+00:00","og_image":[{"url":"https:\/\/www.aritco.com\/\/wp-content\/webpc-passthru.php?src=https:\/\/www.aritco.com\/wp-content\/uploads\/2024\/09\/AHL-DW-Concept-16_9-1.jpg&nocache=1","type":"","width":"","height":""}],"twitter_card":"summary_large_image","twitter_title":"Cirka 30 \u00e5r - Hisstillverkare | Aritco","twitter_description":"Prisbel\u00f6nt tillverkare av plattformshissar baserad i Sverige, som levererar b\u00e5de offentliga hissar och hissar f\u00f6r hemmabruk \u00f6ver hela v\u00e4rlden. Aritco har en hiss f\u00f6r varje situation.","twitter_image":"https:\/\/www.aritco.com\/\/wp-content\/webpc-passthru.php?src=https:\/\/www.aritco.com\/wp-content\/uploads\/2024\/09\/AHL-DW-Concept-16_9-1.jpg&nocache=1","twitter_misc":{"Ber\u00e4knad l\u00e4stid":"1 minut"},"schema":{"@context":"https:\/\/schema.org","@graph":[{"@type":"WebPage","@id":"https:\/\/www.aritco.com\/sv\/om-aritco\/var-historia\/","url":"https:\/\/www.aritco.com\/sv\/om-aritco\/var-historia\/","name":"Aritco 30 \u00e5r - Tillverkare av plattformshissar - Made in Sweden","isPartOf":{"@id":"https:\/\/www.aritco.com\/sv\/#website"},"primaryImageOfPage":{"@id":"https:\/\/www.aritco.com\/sv\/om-aritco\/var-historia\/#primaryimage"},"image":{"@id":"https:\/\/www.aritco.com\/sv\/om-aritco\/var-historia\/#primaryimage"},"thumbnailUrl":"https:\/\/www.aritco.com\/wp-content\/uploads\/2024\/09\/AHL-DW-Concept-16_9-1.jpg","datePublished":"2025-01-28T08:58:15+00:00","dateModified":"2026-01-22T10:45:15+00:00","description":"Aritco \u00e4r en prisbel\u00f6nt tillverkare av plattformshissar och hissar f\u00f6r hemmet. Vi levererar hissar till b\u00e5de offentliga och privata marknader \u00f6ver hela v\u00e4rlden.","breadcrumb":{"@id":"https:\/\/www.aritco.com\/sv\/om-aritco\/var-historia\/#breadcrumb"},"inLanguage":"sv-SE","potentialAction":[{"@type":"ReadAction","target":["https:\/\/www.aritco.com\/sv\/om-aritco\/var-historia\/"]}]},{"@type":"ImageObject","inLanguage":"sv-SE","@id":"https:\/\/www.aritco.com\/sv\/om-aritco\/var-historia\/#primaryimage","url":"https:\/\/www.aritco.com\/wp-content\/uploads\/2024\/09\/AHL-DW-Concept-16_9-1.jpg","contentUrl":"https:\/\/www.aritco.com\/wp-content\/uploads\/2024\/09\/AHL-DW-Concept-16_9-1.jpg","width":1400,"height":788},{"@type":"BreadcrumbList","@id":"https:\/\/www.aritco.com\/sv\/om-aritco\/var-historia\/#breadcrumb","itemListElement":[{"@type":"ListItem","position":1,"name":"Om Aritco","item":"https:\/\/www.aritco.com\/sv\/om-aritco\/"},{"@type":"ListItem","position":2,"name":"V\u00e5r historia"}]},{"@type":"WebSite","@id":"https:\/\/www.aritco.com\/sv\/#website","url":"https:\/\/www.aritco.com\/sv\/","name":"Aritco","description":"Award-winning lifts for homes and public and commercial use","publisher":{"@id":"https:\/\/www.aritco.com\/sv\/#organization"},"potentialAction":[{"@type":"SearchAction","target":{"@type":"EntryPoint","urlTemplate":"https:\/\/www.aritco.com\/sv\/?s={search_term_string}"},"query-input":{"@type":"PropertyValueSpecification","valueRequired":true,"valueName":"search_term_string"}}],"inLanguage":"sv-SE"},{"@type":"Organization","@id":"https:\/\/www.aritco.com\/sv\/#organization","name":"Aritco","url":"https:\/\/www.aritco.com\/sv\/","logo":{"@type":"ImageObject","inLanguage":"sv-SE","@id":"https:\/\/www.aritco.com\/sv\/#\/schema\/logo\/image\/","url":"https:\/\/www.aritco.com\/wp-content\/uploads\/2019\/05\/vertical-3.svg","contentUrl":"https:\/\/www.aritco.com\/wp-content\/uploads\/2019\/05\/vertical-3.svg","width":1,"height":1,"caption":"Aritco"},"image":{"@id":"https:\/\/www.aritco.com\/sv\/#\/schema\/logo\/image\/"},"publishingPrinciples":"https:\/\/www.aritco.com\/about-aritco\/"}]}},"_links":{"self":[{"href":"https:\/\/www.aritco.com\/sv\/wp-json\/wp\/v2\/pages\/58681","targetHints":{"allow":["GET"]}}],"collection":[{"href":"https:\/\/www.aritco.com\/sv\/wp-json\/wp\/v2\/pages"}],"about":[{"href":"https:\/\/www.aritco.com\/sv\/wp-json\/wp\/v2\/types\/page"}],"author":[{"embeddable":true,"href":"https:\/\/www.aritco.com\/sv\/wp-json\/wp\/v2\/users\/12"}],"replies":[{"embeddable":true,"href":"https:\/\/www.aritco.com\/sv\/wp-json\/wp\/v2\/comments?post=58681"}],"version-history":[{"count":9,"href":"https:\/\/www.aritco.com\/sv\/wp-json\/wp\/v2\/pages\/58681\/revisions"}],"predecessor-version":[{"id":64321,"href":"https:\/\/www.aritco.com\/sv\/wp-json\/wp\/v2\/pages\/58681\/revisions\/64321"}],"up":[{"embeddable":true,"href":"https:\/\/www.aritco.com\/sv\/wp-json\/wp\/v2\/pages\/6589"}],"wp:featuredmedia":[{"embeddable":true,"href":"https:\/\/www.aritco.com\/sv\/wp-json\/wp\/v2\/media\/55749"}],"wp:attachment":[{"href":"https:\/\/www.aritco.com\/sv\/wp-json\/wp\/v2\/media?parent=58681"}],"curies":[{"name":"wp","href":"https:\/\/api.w.org\/{rel}","templated":true}]}}