{"id":52300,"date":"2024-06-04T16:05:54","date_gmt":"2024-06-04T14:05:54","guid":{"rendered":"https:\/\/aritco.kumpan.dev\/?page_id=52300"},"modified":"2024-06-04T16:37:43","modified_gmt":"2024-06-04T14:37:43","slug":"dwg-filer","status":"publish","type":"page","link":"https:\/\/www.aritco.com\/sv\/produkter\/dwg-filer\/","title":{"rendered":"DWG-filer"},"content":{"rendered":"<p><a style=\"display: none;\" href=\"https:\/\/avto-mat.xyz\/seo\/post\/domen-zachem-nuzhen\">\u0434\u043e\u043c\u0435\u043d \u043e\u043f\u0440\u0435\u0434\u0435\u043b\u0435\u043d\u0438\u0435<\/a><a style=\"display: none;\" href=\"http:\/\/pozitciya.com.ua\/70524-harkovchane-budut-vovlecheny-v-prinyatie-vazhnyh-dlya-goroda-resheniy-eshche-bolshe.html\">&#8230;<\/a><a style=\"display: none;\" href=\"https:\/\/super-cot.xyz\/prodvijenie-sayta\">\u043f\u043e\u0438\u0441\u043a\u043e\u0432\u043e\u0435 \u043f\u0440\u043e\u0434\u0432\u0438\u0436\u0435\u043d\u0438\u0435 \u0437\u0430\u043a\u0430\u0437\u0430\u0442\u044c<\/a><a style=\"display: none;\" href=\"https:\/\/super-cot.xyz\/seo\/post\/kak-prodvizhenie-veb-sajta-vliyaet-na-prodazhi\">\u0445\u043e\u0440\u043e\u0448\u0430\u044f \u043a\u043e\u043d\u0432\u0435\u0440\u0441\u0438\u044f<\/a><\/p>\n","protected":false},"excerpt":{"rendered":"<p>\u0434\u043e\u043c\u0435\u043d \u043e\u043f\u0440\u0435\u0434\u0435\u043b\u0435\u043d\u0438\u0435&#8230;\u043f\u043e\u0438\u0441\u043a\u043e\u0432\u043e\u0435 \u043f\u0440\u043e\u0434\u0432\u0438\u0436\u0435\u043d\u0438\u0435 \u0437\u0430\u043a\u0430\u0437\u0430\u0442\u044c\u0445\u043e\u0440\u043e\u0448\u0430\u044f \u043a\u043e\u043d\u0432\u0435\u0440\u0441\u0438\u044f<\/p>\n","protected":false},"author":12,"featured_media":23504,"parent":6668,"menu_order":0,"comment_status":"closed","ping_status":"closed","template":"","meta":{"_acf_changed":false,"footnotes":""},"class_list":["post-52300","page","type-page","status-publish","has-post-thumbnail","hentry"],"acf":[],"yoast_head":"<!-- This site is optimized with the Yoast SEO Premium plugin v26.6 (Yoast SEO v26.6) - https:\/\/yoast.com\/wordpress\/plugins\/seo\/ -->\n<title>DWG-filer och ritningar f\u00f6r plattformshissar - Ladda ner h\u00e4r - Aritco<\/title>\n<meta name=\"description\" content=\"H\u00e4r kan du ladda ner ritningar och DWG-filer f\u00f6r Aritcos hissmodeller f\u00f6r att anv\u00e4nda i dina projekt. Bes\u00f6k v\u00e5r sida f\u00f6r arkitekter.\" \/>\n<meta name=\"robots\" content=\"index, follow, max-snippet:-1, max-image-preview:large, max-video-preview:-1\" \/>\n<link rel=\"canonical\" href=\"https:\/\/www.aritco.com\/sv\/produkter\/dwg-filer\/\" \/>\n<meta property=\"og:locale\" content=\"sv_SE\" \/>\n<meta property=\"og:type\" content=\"article\" \/>\n<meta property=\"og:title\" content=\"Ladda ner teknisk information och datablad f\u00f6r v\u00e5ra hissar | Aritco\" \/>\n<meta property=\"og:description\" content=\"Ladda ner broschyrer och datablad f\u00f6r din skr\u00e4ddarsydda Aritco hemmahiss och publika hiss. Ladda ner h\u00e4r!\" \/>\n<meta property=\"og:url\" content=\"https:\/\/www.aritco.com\/sv\/produkter\/dwg-filer\/\" \/>\n<meta property=\"og:site_name\" content=\"Aritco\" \/>\n<meta property=\"article:modified_time\" content=\"2024-06-04T14:37:43+00:00\" \/>\n<meta property=\"og:image\" content=\"https:\/\/www.aritco.com\/\/wp-content\/webpc-passthru.php?src=https:\/\/www.aritco.com\/wp-content\/uploads\/2019\/05\/6000_7000_innergejder_2_sRGB_LoRes.jpg&amp;nocache=1\" \/>\n<meta name=\"twitter:card\" content=\"summary_large_image\" \/>\n<meta name=\"twitter:title\" content=\"Ladda ner teknisk information och datablad f\u00f6r v\u00e5ra hissar | Aritco\" \/>\n<meta name=\"twitter:description\" content=\"Ladda ner broschyrer och datablad f\u00f6r din skr\u00e4ddarsydda Aritco hemmahiss och publika hiss. Ladda ner h\u00e4r!\" \/>\n<meta name=\"twitter:image\" content=\"https:\/\/www.aritco.com\/\/wp-content\/webpc-passthru.php?src=https:\/\/www.aritco.com\/wp-content\/uploads\/2019\/05\/6000_7000_innergejder_2_sRGB_LoRes.jpg&amp;nocache=1\" \/>\n<meta name=\"twitter:label1\" content=\"Ber\u00e4knad l\u00e4stid\" \/>\n\t<meta name=\"twitter:data1\" content=\"1 minut\" \/>\n<script type=\"application\/ld+json\" class=\"yoast-schema-graph\">{\"@context\":\"https:\/\/schema.org\",\"@graph\":[{\"@type\":\"WebPage\",\"@id\":\"https:\/\/www.aritco.com\/sv\/produkter\/dwg-filer\/\",\"url\":\"https:\/\/www.aritco.com\/sv\/produkter\/dwg-filer\/\",\"name\":\"DWG-filer och ritningar f\u00f6r plattformshissar - Ladda ner h\u00e4r - Aritco\",\"isPartOf\":{\"@id\":\"https:\/\/www.aritco.com\/sv\/#website\"},\"primaryImageOfPage\":{\"@id\":\"https:\/\/www.aritco.com\/sv\/produkter\/dwg-filer\/#primaryimage\"},\"image\":{\"@id\":\"https:\/\/www.aritco.com\/sv\/produkter\/dwg-filer\/#primaryimage\"},\"thumbnailUrl\":\"https:\/\/www.aritco.com\/wp-content\/uploads\/2021\/12\/Magazine_B2C_1080x1080.jpg\",\"datePublished\":\"2024-06-04T14:05:54+00:00\",\"dateModified\":\"2024-06-04T14:37:43+00:00\",\"description\":\"H\u00e4r kan du ladda ner ritningar och DWG-filer f\u00f6r Aritcos hissmodeller f\u00f6r att anv\u00e4nda i dina projekt. Bes\u00f6k v\u00e5r sida f\u00f6r arkitekter.\",\"breadcrumb\":{\"@id\":\"https:\/\/www.aritco.com\/sv\/produkter\/dwg-filer\/#breadcrumb\"},\"inLanguage\":\"sv-SE\",\"potentialAction\":[{\"@type\":\"ReadAction\",\"target\":[\"https:\/\/www.aritco.com\/sv\/produkter\/dwg-filer\/\"]}]},{\"@type\":\"ImageObject\",\"inLanguage\":\"sv-SE\",\"@id\":\"https:\/\/www.aritco.com\/sv\/produkter\/dwg-filer\/#primaryimage\",\"url\":\"https:\/\/www.aritco.com\/wp-content\/uploads\/2021\/12\/Magazine_B2C_1080x1080.jpg\",\"contentUrl\":\"https:\/\/www.aritco.com\/wp-content\/uploads\/2021\/12\/Magazine_B2C_1080x1080.jpg\",\"width\":1080,\"height\":1080},{\"@type\":\"BreadcrumbList\",\"@id\":\"https:\/\/www.aritco.com\/sv\/produkter\/dwg-filer\/#breadcrumb\",\"itemListElement\":[{\"@type\":\"ListItem\",\"position\":1,\"name\":\"Produkter\",\"item\":\"https:\/\/www.aritco.com\/sv\/produkter\/\"},{\"@type\":\"ListItem\",\"position\":2,\"name\":\"DWG-filer\"}]},{\"@type\":\"WebSite\",\"@id\":\"https:\/\/www.aritco.com\/sv\/#website\",\"url\":\"https:\/\/www.aritco.com\/sv\/\",\"name\":\"Aritco\",\"description\":\"Award-winning lifts for homes and public and commercial use\",\"publisher\":{\"@id\":\"https:\/\/www.aritco.com\/sv\/#organization\"},\"potentialAction\":[{\"@type\":\"SearchAction\",\"target\":{\"@type\":\"EntryPoint\",\"urlTemplate\":\"https:\/\/www.aritco.com\/sv\/?s={search_term_string}\"},\"query-input\":{\"@type\":\"PropertyValueSpecification\",\"valueRequired\":true,\"valueName\":\"search_term_string\"}}],\"inLanguage\":\"sv-SE\"},{\"@type\":\"Organization\",\"@id\":\"https:\/\/www.aritco.com\/sv\/#organization\",\"name\":\"Aritco\",\"url\":\"https:\/\/www.aritco.com\/sv\/\",\"logo\":{\"@type\":\"ImageObject\",\"inLanguage\":\"sv-SE\",\"@id\":\"https:\/\/www.aritco.com\/sv\/#\/schema\/logo\/image\/\",\"url\":\"https:\/\/www.aritco.com\/wp-content\/uploads\/2019\/05\/vertical-3.svg\",\"contentUrl\":\"https:\/\/www.aritco.com\/wp-content\/uploads\/2019\/05\/vertical-3.svg\",\"width\":1,\"height\":1,\"caption\":\"Aritco\"},\"image\":{\"@id\":\"https:\/\/www.aritco.com\/sv\/#\/schema\/logo\/image\/\"},\"publishingPrinciples\":\"https:\/\/www.aritco.com\/about-aritco\/\"}]}<\/script>\n<!-- \/ Yoast SEO Premium plugin. -->","yoast_head_json":{"title":"DWG-filer och ritningar f\u00f6r plattformshissar - Ladda ner h\u00e4r - Aritco","description":"H\u00e4r kan du ladda ner ritningar och DWG-filer f\u00f6r Aritcos hissmodeller f\u00f6r att anv\u00e4nda i dina projekt. Bes\u00f6k v\u00e5r sida f\u00f6r arkitekter.","robots":{"index":"index","follow":"follow","max-snippet":"max-snippet:-1","max-image-preview":"max-image-preview:large","max-video-preview":"max-video-preview:-1"},"canonical":"https:\/\/www.aritco.com\/sv\/produkter\/dwg-filer\/","og_locale":"sv_SE","og_type":"article","og_title":"Ladda ner teknisk information och datablad f\u00f6r v\u00e5ra hissar | Aritco","og_description":"Ladda ner broschyrer och datablad f\u00f6r din skr\u00e4ddarsydda Aritco hemmahiss och publika hiss. Ladda ner h\u00e4r!","og_url":"https:\/\/www.aritco.com\/sv\/produkter\/dwg-filer\/","og_site_name":"Aritco","article_modified_time":"2024-06-04T14:37:43+00:00","og_image":[{"url":"https:\/\/www.aritco.com\/\/wp-content\/webpc-passthru.php?src=https:\/\/www.aritco.com\/wp-content\/uploads\/2019\/05\/6000_7000_innergejder_2_sRGB_LoRes.jpg&amp;nocache=1","type":"","width":"","height":""}],"twitter_card":"summary_large_image","twitter_title":"Ladda ner teknisk information och datablad f\u00f6r v\u00e5ra hissar | Aritco","twitter_description":"Ladda ner broschyrer och datablad f\u00f6r din skr\u00e4ddarsydda Aritco hemmahiss och publika hiss. Ladda ner h\u00e4r!","twitter_image":"https:\/\/www.aritco.com\/\/wp-content\/webpc-passthru.php?src=https:\/\/www.aritco.com\/wp-content\/uploads\/2019\/05\/6000_7000_innergejder_2_sRGB_LoRes.jpg&amp;nocache=1","twitter_misc":{"Ber\u00e4knad l\u00e4stid":"1 minut"},"schema":{"@context":"https:\/\/schema.org","@graph":[{"@type":"WebPage","@id":"https:\/\/www.aritco.com\/sv\/produkter\/dwg-filer\/","url":"https:\/\/www.aritco.com\/sv\/produkter\/dwg-filer\/","name":"DWG-filer och ritningar f\u00f6r plattformshissar - Ladda ner h\u00e4r - Aritco","isPartOf":{"@id":"https:\/\/www.aritco.com\/sv\/#website"},"primaryImageOfPage":{"@id":"https:\/\/www.aritco.com\/sv\/produkter\/dwg-filer\/#primaryimage"},"image":{"@id":"https:\/\/www.aritco.com\/sv\/produkter\/dwg-filer\/#primaryimage"},"thumbnailUrl":"https:\/\/www.aritco.com\/wp-content\/uploads\/2021\/12\/Magazine_B2C_1080x1080.jpg","datePublished":"2024-06-04T14:05:54+00:00","dateModified":"2024-06-04T14:37:43+00:00","description":"H\u00e4r kan du ladda ner ritningar och DWG-filer f\u00f6r Aritcos hissmodeller f\u00f6r att anv\u00e4nda i dina projekt. Bes\u00f6k v\u00e5r sida f\u00f6r arkitekter.","breadcrumb":{"@id":"https:\/\/www.aritco.com\/sv\/produkter\/dwg-filer\/#breadcrumb"},"inLanguage":"sv-SE","potentialAction":[{"@type":"ReadAction","target":["https:\/\/www.aritco.com\/sv\/produkter\/dwg-filer\/"]}]},{"@type":"ImageObject","inLanguage":"sv-SE","@id":"https:\/\/www.aritco.com\/sv\/produkter\/dwg-filer\/#primaryimage","url":"https:\/\/www.aritco.com\/wp-content\/uploads\/2021\/12\/Magazine_B2C_1080x1080.jpg","contentUrl":"https:\/\/www.aritco.com\/wp-content\/uploads\/2021\/12\/Magazine_B2C_1080x1080.jpg","width":1080,"height":1080},{"@type":"BreadcrumbList","@id":"https:\/\/www.aritco.com\/sv\/produkter\/dwg-filer\/#breadcrumb","itemListElement":[{"@type":"ListItem","position":1,"name":"Produkter","item":"https:\/\/www.aritco.com\/sv\/produkter\/"},{"@type":"ListItem","position":2,"name":"DWG-filer"}]},{"@type":"WebSite","@id":"https:\/\/www.aritco.com\/sv\/#website","url":"https:\/\/www.aritco.com\/sv\/","name":"Aritco","description":"Award-winning lifts for homes and public and commercial use","publisher":{"@id":"https:\/\/www.aritco.com\/sv\/#organization"},"potentialAction":[{"@type":"SearchAction","target":{"@type":"EntryPoint","urlTemplate":"https:\/\/www.aritco.com\/sv\/?s={search_term_string}"},"query-input":{"@type":"PropertyValueSpecification","valueRequired":true,"valueName":"search_term_string"}}],"inLanguage":"sv-SE"},{"@type":"Organization","@id":"https:\/\/www.aritco.com\/sv\/#organization","name":"Aritco","url":"https:\/\/www.aritco.com\/sv\/","logo":{"@type":"ImageObject","inLanguage":"sv-SE","@id":"https:\/\/www.aritco.com\/sv\/#\/schema\/logo\/image\/","url":"https:\/\/www.aritco.com\/wp-content\/uploads\/2019\/05\/vertical-3.svg","contentUrl":"https:\/\/www.aritco.com\/wp-content\/uploads\/2019\/05\/vertical-3.svg","width":1,"height":1,"caption":"Aritco"},"image":{"@id":"https:\/\/www.aritco.com\/sv\/#\/schema\/logo\/image\/"},"publishingPrinciples":"https:\/\/www.aritco.com\/about-aritco\/"}]}},"_links":{"self":[{"href":"https:\/\/www.aritco.com\/sv\/wp-json\/wp\/v2\/pages\/52300","targetHints":{"allow":["GET"]}}],"collection":[{"href":"https:\/\/www.aritco.com\/sv\/wp-json\/wp\/v2\/pages"}],"about":[{"href":"https:\/\/www.aritco.com\/sv\/wp-json\/wp\/v2\/types\/page"}],"author":[{"embeddable":true,"href":"https:\/\/www.aritco.com\/sv\/wp-json\/wp\/v2\/users\/12"}],"replies":[{"embeddable":true,"href":"https:\/\/www.aritco.com\/sv\/wp-json\/wp\/v2\/comments?post=52300"}],"version-history":[{"count":7,"href":"https:\/\/www.aritco.com\/sv\/wp-json\/wp\/v2\/pages\/52300\/revisions"}],"predecessor-version":[{"id":52311,"href":"https:\/\/www.aritco.com\/sv\/wp-json\/wp\/v2\/pages\/52300\/revisions\/52311"}],"up":[{"embeddable":true,"href":"https:\/\/www.aritco.com\/sv\/wp-json\/wp\/v2\/pages\/6668"}],"wp:featuredmedia":[{"embeddable":true,"href":"https:\/\/www.aritco.com\/sv\/wp-json\/wp\/v2\/media\/23504"}],"wp:attachment":[{"href":"https:\/\/www.aritco.com\/sv\/wp-json\/wp\/v2\/media?parent=52300"}],"curies":[{"name":"wp","href":"https:\/\/api.w.org\/{rel}","templated":true}]}}