{"id":49111,"date":"2024-03-22T13:52:53","date_gmt":"2024-03-22T12:52:53","guid":{"rendered":"https:\/\/aritco.kumpan.dev\/?page_id=49111"},"modified":"2025-08-20T12:06:24","modified_gmt":"2025-08-20T10:06:24","slug":"showrooms","status":"publish","type":"page","link":"https:\/\/www.aritco.com\/sv\/showrooms\/","title":{"rendered":"Showrooms"},"content":{"rendered":"","protected":false},"excerpt":{"rendered":"","protected":false},"author":12,"featured_media":0,"parent":0,"menu_order":0,"comment_status":"closed","ping_status":"closed","template":"","meta":{"_acf_changed":false,"footnotes":""},"class_list":["post-49111","page","type-page","status-publish","hentry"],"acf":[],"yoast_head":"<!-- This site is optimized with the Yoast SEO Premium plugin v26.6 (Yoast SEO v26.6) - https:\/\/yoast.com\/wordpress\/plugins\/seo\/ -->\n<title>Showrooms f\u00f6r hissar i hemmet - Upplev Aritcos hissar i verkligheten - Aritco<\/title>\n<meta name=\"description\" content=\"Anv\u00e4nd v\u00e5r interaktiva karta f\u00f6r att hitta ett Aritco showroom n\u00e4ra dig, d\u00e4r du sj\u00e4lv kan uppleva hur v\u00e5ra hissar kan g\u00f6ra dina utrymmen mer tillg\u00e4ngliga.\" \/>\n<meta name=\"robots\" content=\"index, follow, max-snippet:-1, max-image-preview:large, max-video-preview:-1\" \/>\n<link rel=\"canonical\" href=\"https:\/\/www.aritco.com\/sv\/showrooms\/\" \/>\n<meta property=\"og:locale\" content=\"sv_SE\" \/>\n<meta property=\"og:type\" content=\"article\" \/>\n<meta property=\"og:title\" content=\"Showrooms\" \/>\n<meta property=\"og:description\" content=\"H\u00e4r hittar du en sida om v\u00e5ra showrooms. L\u00e4s mer om vad du kan f\u00f6rv\u00e4nta dig att hitta n\u00e4r du bes\u00f6ker en av dem och anv\u00e4nd v\u00e5r karta nedan f\u00f6r att hitta den som ligger n\u00e4rmast dig.\" \/>\n<meta property=\"og:url\" content=\"https:\/\/www.aritco.com\/sv\/showrooms\/\" \/>\n<meta property=\"og:site_name\" content=\"Aritco\" \/>\n<meta property=\"article:modified_time\" content=\"2025-08-20T10:06:24+00:00\" \/>\n<meta property=\"og:image\" content=\"https:\/\/www.aritco.com\/\/wp-content\/webpc-passthru.php?src=https:\/\/www.aritco.com\/wp-content\/uploads\/2024\/01\/Aritco_HomeLift_Geometric_DW_1200x900.jpg&nocache=1\" \/>\n<meta name=\"twitter:card\" content=\"summary_large_image\" \/>\n<script type=\"application\/ld+json\" class=\"yoast-schema-graph\">{\"@context\":\"https:\/\/schema.org\",\"@graph\":[{\"@type\":\"WebPage\",\"@id\":\"https:\/\/www.aritco.com\/sv\/showrooms\/\",\"url\":\"https:\/\/www.aritco.com\/sv\/showrooms\/\",\"name\":\"Showrooms f\u00f6r hissar i hemmet - Upplev Aritcos hissar i verkligheten - Aritco\",\"isPartOf\":{\"@id\":\"https:\/\/www.aritco.com\/sv\/#website\"},\"datePublished\":\"2024-03-22T12:52:53+00:00\",\"dateModified\":\"2025-08-20T10:06:24+00:00\",\"description\":\"Anv\u00e4nd v\u00e5r interaktiva karta f\u00f6r att hitta ett Aritco showroom n\u00e4ra dig, d\u00e4r du sj\u00e4lv kan uppleva hur v\u00e5ra hissar kan g\u00f6ra dina utrymmen mer tillg\u00e4ngliga.\",\"inLanguage\":\"sv-SE\",\"potentialAction\":[{\"@type\":\"ReadAction\",\"target\":[\"https:\/\/www.aritco.com\/sv\/showrooms\/\"]}]},{\"@type\":\"WebSite\",\"@id\":\"https:\/\/www.aritco.com\/sv\/#website\",\"url\":\"https:\/\/www.aritco.com\/sv\/\",\"name\":\"Aritco\",\"description\":\"Award-winning lifts for homes and public and commercial use\",\"publisher\":{\"@id\":\"https:\/\/www.aritco.com\/sv\/#organization\"},\"potentialAction\":[{\"@type\":\"SearchAction\",\"target\":{\"@type\":\"EntryPoint\",\"urlTemplate\":\"https:\/\/www.aritco.com\/sv\/?s={search_term_string}\"},\"query-input\":{\"@type\":\"PropertyValueSpecification\",\"valueRequired\":true,\"valueName\":\"search_term_string\"}}],\"inLanguage\":\"sv-SE\"},{\"@type\":\"Organization\",\"@id\":\"https:\/\/www.aritco.com\/sv\/#organization\",\"name\":\"Aritco\",\"url\":\"https:\/\/www.aritco.com\/sv\/\",\"logo\":{\"@type\":\"ImageObject\",\"inLanguage\":\"sv-SE\",\"@id\":\"https:\/\/www.aritco.com\/sv\/#\/schema\/logo\/image\/\",\"url\":\"https:\/\/www.aritco.com\/wp-content\/uploads\/2019\/05\/vertical-3.svg\",\"contentUrl\":\"https:\/\/www.aritco.com\/wp-content\/uploads\/2019\/05\/vertical-3.svg\",\"width\":1,\"height\":1,\"caption\":\"Aritco\"},\"image\":{\"@id\":\"https:\/\/www.aritco.com\/sv\/#\/schema\/logo\/image\/\"},\"publishingPrinciples\":\"https:\/\/www.aritco.com\/about-aritco\/\"}]}<\/script>\n<!-- \/ Yoast SEO Premium plugin. -->","yoast_head_json":{"title":"Showrooms f\u00f6r hissar i hemmet - Upplev Aritcos hissar i verkligheten - Aritco","description":"Anv\u00e4nd v\u00e5r interaktiva karta f\u00f6r att hitta ett Aritco showroom n\u00e4ra dig, d\u00e4r du sj\u00e4lv kan uppleva hur v\u00e5ra hissar kan g\u00f6ra dina utrymmen mer tillg\u00e4ngliga.","robots":{"index":"index","follow":"follow","max-snippet":"max-snippet:-1","max-image-preview":"max-image-preview:large","max-video-preview":"max-video-preview:-1"},"canonical":"https:\/\/www.aritco.com\/sv\/showrooms\/","og_locale":"sv_SE","og_type":"article","og_title":"Showrooms","og_description":"H\u00e4r hittar du en sida om v\u00e5ra showrooms. L\u00e4s mer om vad du kan f\u00f6rv\u00e4nta dig att hitta n\u00e4r du bes\u00f6ker en av dem och anv\u00e4nd v\u00e5r karta nedan f\u00f6r att hitta den som ligger n\u00e4rmast dig.","og_url":"https:\/\/www.aritco.com\/sv\/showrooms\/","og_site_name":"Aritco","article_modified_time":"2025-08-20T10:06:24+00:00","og_image":[{"url":"https:\/\/www.aritco.com\/\/wp-content\/webpc-passthru.php?src=https:\/\/www.aritco.com\/wp-content\/uploads\/2024\/01\/Aritco_HomeLift_Geometric_DW_1200x900.jpg&nocache=1","type":"","width":"","height":""}],"twitter_card":"summary_large_image","schema":{"@context":"https:\/\/schema.org","@graph":[{"@type":"WebPage","@id":"https:\/\/www.aritco.com\/sv\/showrooms\/","url":"https:\/\/www.aritco.com\/sv\/showrooms\/","name":"Showrooms f\u00f6r hissar i hemmet - Upplev Aritcos hissar i verkligheten - Aritco","isPartOf":{"@id":"https:\/\/www.aritco.com\/sv\/#website"},"datePublished":"2024-03-22T12:52:53+00:00","dateModified":"2025-08-20T10:06:24+00:00","description":"Anv\u00e4nd v\u00e5r interaktiva karta f\u00f6r att hitta ett Aritco showroom n\u00e4ra dig, d\u00e4r du sj\u00e4lv kan uppleva hur v\u00e5ra hissar kan g\u00f6ra dina utrymmen mer tillg\u00e4ngliga.","inLanguage":"sv-SE","potentialAction":[{"@type":"ReadAction","target":["https:\/\/www.aritco.com\/sv\/showrooms\/"]}]},{"@type":"WebSite","@id":"https:\/\/www.aritco.com\/sv\/#website","url":"https:\/\/www.aritco.com\/sv\/","name":"Aritco","description":"Award-winning lifts for homes and public and commercial use","publisher":{"@id":"https:\/\/www.aritco.com\/sv\/#organization"},"potentialAction":[{"@type":"SearchAction","target":{"@type":"EntryPoint","urlTemplate":"https:\/\/www.aritco.com\/sv\/?s={search_term_string}"},"query-input":{"@type":"PropertyValueSpecification","valueRequired":true,"valueName":"search_term_string"}}],"inLanguage":"sv-SE"},{"@type":"Organization","@id":"https:\/\/www.aritco.com\/sv\/#organization","name":"Aritco","url":"https:\/\/www.aritco.com\/sv\/","logo":{"@type":"ImageObject","inLanguage":"sv-SE","@id":"https:\/\/www.aritco.com\/sv\/#\/schema\/logo\/image\/","url":"https:\/\/www.aritco.com\/wp-content\/uploads\/2019\/05\/vertical-3.svg","contentUrl":"https:\/\/www.aritco.com\/wp-content\/uploads\/2019\/05\/vertical-3.svg","width":1,"height":1,"caption":"Aritco"},"image":{"@id":"https:\/\/www.aritco.com\/sv\/#\/schema\/logo\/image\/"},"publishingPrinciples":"https:\/\/www.aritco.com\/about-aritco\/"}]}},"_links":{"self":[{"href":"https:\/\/www.aritco.com\/sv\/wp-json\/wp\/v2\/pages\/49111","targetHints":{"allow":["GET"]}}],"collection":[{"href":"https:\/\/www.aritco.com\/sv\/wp-json\/wp\/v2\/pages"}],"about":[{"href":"https:\/\/www.aritco.com\/sv\/wp-json\/wp\/v2\/types\/page"}],"author":[{"embeddable":true,"href":"https:\/\/www.aritco.com\/sv\/wp-json\/wp\/v2\/users\/12"}],"replies":[{"embeddable":true,"href":"https:\/\/www.aritco.com\/sv\/wp-json\/wp\/v2\/comments?post=49111"}],"version-history":[{"count":3,"href":"https:\/\/www.aritco.com\/sv\/wp-json\/wp\/v2\/pages\/49111\/revisions"}],"predecessor-version":[{"id":61829,"href":"https:\/\/www.aritco.com\/sv\/wp-json\/wp\/v2\/pages\/49111\/revisions\/61829"}],"wp:attachment":[{"href":"https:\/\/www.aritco.com\/sv\/wp-json\/wp\/v2\/media?parent=49111"}],"curies":[{"name":"wp","href":"https:\/\/api.w.org\/{rel}","templated":true}]}}