{"id":48633,"date":"2024-02-27T15:47:37","date_gmt":"2024-02-27T14:47:37","guid":{"rendered":"https:\/\/aritco.kumpan.dev\/?page_id=48633"},"modified":"2024-03-26T14:04:02","modified_gmt":"2024-03-26T13:04:02","slug":"utomhushiss","status":"publish","type":"page","link":"https:\/\/www.aritco.com\/sv\/produkter\/utomhushiss\/","title":{"rendered":"Utomhushiss"},"content":{"rendered":"","protected":false},"excerpt":{"rendered":"","protected":false},"author":10,"featured_media":0,"parent":6668,"menu_order":0,"comment_status":"closed","ping_status":"closed","template":"","meta":{"_acf_changed":false,"footnotes":""},"class_list":["post-48633","page","type-page","status-publish","hentry"],"acf":[],"yoast_head":"<!-- This site is optimized with the Yoast SEO Premium plugin v26.6 (Yoast SEO v26.6) - https:\/\/yoast.com\/wordpress\/plugins\/seo\/ -->\n<title>Utomhushissar - V\u00e4derbest\u00e4ndiga och utrymmeseffektiva hissar - Aritco<\/title>\n<meta name=\"description\" content=\"V\u00e5ra plattformshissar f\u00f6r utomhusbruk \u00e4r s\u00e4rskilt konstruerade f\u00f6r att klara utomhusf\u00f6rh\u00e5llanden, inklusive varierande v\u00e4der och temperaturer. Utforska h\u00e4r.\" \/>\n<meta name=\"robots\" content=\"index, follow, max-snippet:-1, max-image-preview:large, max-video-preview:-1\" \/>\n<link rel=\"canonical\" href=\"https:\/\/www.aritco.com\/sv\/produkter\/utomhushiss\/\" \/>\n<meta property=\"og:locale\" content=\"sv_SE\" \/>\n<meta property=\"og:type\" content=\"article\" \/>\n<meta property=\"og:title\" content=\"Utomhushiss\" \/>\n<meta property=\"og:description\" content=\"V\u00e5ra plattformshissar f\u00f6r utomhusbruk \u00e4r s\u00e4rskilt konstruerade f\u00f6r att klara utomhusf\u00f6rh\u00e5llanden, inklusive varierande v\u00e4der och temperaturer. Utforska h\u00e4r.\" \/>\n<meta property=\"og:url\" content=\"https:\/\/www.aritco.com\/sv\/produkter\/utomhushiss\/\" \/>\n<meta property=\"og:site_name\" content=\"Aritco\" \/>\n<meta property=\"article:modified_time\" content=\"2024-03-26T13:04:02+00:00\" \/>\n<meta name=\"twitter:card\" content=\"summary_large_image\" \/>\n<script type=\"application\/ld+json\" class=\"yoast-schema-graph\">{\"@context\":\"https:\/\/schema.org\",\"@graph\":[{\"@type\":\"WebPage\",\"@id\":\"https:\/\/www.aritco.com\/sv\/produkter\/utomhushiss\/\",\"url\":\"https:\/\/www.aritco.com\/sv\/produkter\/utomhushiss\/\",\"name\":\"Utomhushissar - V\u00e4derbest\u00e4ndiga och utrymmeseffektiva hissar - Aritco\",\"isPartOf\":{\"@id\":\"https:\/\/www.aritco.com\/sv\/#website\"},\"datePublished\":\"2024-02-27T14:47:37+00:00\",\"dateModified\":\"2024-03-26T13:04:02+00:00\",\"description\":\"V\u00e5ra plattformshissar f\u00f6r utomhusbruk \u00e4r s\u00e4rskilt konstruerade f\u00f6r att klara utomhusf\u00f6rh\u00e5llanden, inklusive varierande v\u00e4der och temperaturer. Utforska h\u00e4r.\",\"breadcrumb\":{\"@id\":\"https:\/\/www.aritco.com\/sv\/produkter\/utomhushiss\/#breadcrumb\"},\"inLanguage\":\"sv-SE\",\"potentialAction\":[{\"@type\":\"ReadAction\",\"target\":[\"https:\/\/www.aritco.com\/sv\/produkter\/utomhushiss\/\"]}]},{\"@type\":\"BreadcrumbList\",\"@id\":\"https:\/\/www.aritco.com\/sv\/produkter\/utomhushiss\/#breadcrumb\",\"itemListElement\":[{\"@type\":\"ListItem\",\"position\":1,\"name\":\"Produkter\",\"item\":\"https:\/\/www.aritco.com\/sv\/produkter\/\"},{\"@type\":\"ListItem\",\"position\":2,\"name\":\"Utomhushiss\"}]},{\"@type\":\"WebSite\",\"@id\":\"https:\/\/www.aritco.com\/sv\/#website\",\"url\":\"https:\/\/www.aritco.com\/sv\/\",\"name\":\"Aritco\",\"description\":\"Award-winning lifts for homes and public and commercial use\",\"publisher\":{\"@id\":\"https:\/\/www.aritco.com\/sv\/#organization\"},\"potentialAction\":[{\"@type\":\"SearchAction\",\"target\":{\"@type\":\"EntryPoint\",\"urlTemplate\":\"https:\/\/www.aritco.com\/sv\/?s={search_term_string}\"},\"query-input\":{\"@type\":\"PropertyValueSpecification\",\"valueRequired\":true,\"valueName\":\"search_term_string\"}}],\"inLanguage\":\"sv-SE\"},{\"@type\":\"Organization\",\"@id\":\"https:\/\/www.aritco.com\/sv\/#organization\",\"name\":\"Aritco\",\"url\":\"https:\/\/www.aritco.com\/sv\/\",\"logo\":{\"@type\":\"ImageObject\",\"inLanguage\":\"sv-SE\",\"@id\":\"https:\/\/www.aritco.com\/sv\/#\/schema\/logo\/image\/\",\"url\":\"https:\/\/www.aritco.com\/wp-content\/uploads\/2019\/05\/vertical-3.svg\",\"contentUrl\":\"https:\/\/www.aritco.com\/wp-content\/uploads\/2019\/05\/vertical-3.svg\",\"width\":1,\"height\":1,\"caption\":\"Aritco\"},\"image\":{\"@id\":\"https:\/\/www.aritco.com\/sv\/#\/schema\/logo\/image\/\"},\"publishingPrinciples\":\"https:\/\/www.aritco.com\/about-aritco\/\"}]}<\/script>\n<!-- \/ Yoast SEO Premium plugin. -->","yoast_head_json":{"title":"Utomhushissar - V\u00e4derbest\u00e4ndiga och utrymmeseffektiva hissar - Aritco","description":"V\u00e5ra plattformshissar f\u00f6r utomhusbruk \u00e4r s\u00e4rskilt konstruerade f\u00f6r att klara utomhusf\u00f6rh\u00e5llanden, inklusive varierande v\u00e4der och temperaturer. Utforska h\u00e4r.","robots":{"index":"index","follow":"follow","max-snippet":"max-snippet:-1","max-image-preview":"max-image-preview:large","max-video-preview":"max-video-preview:-1"},"canonical":"https:\/\/www.aritco.com\/sv\/produkter\/utomhushiss\/","og_locale":"sv_SE","og_type":"article","og_title":"Utomhushiss","og_description":"V\u00e5ra plattformshissar f\u00f6r utomhusbruk \u00e4r s\u00e4rskilt konstruerade f\u00f6r att klara utomhusf\u00f6rh\u00e5llanden, inklusive varierande v\u00e4der och temperaturer. Utforska h\u00e4r.","og_url":"https:\/\/www.aritco.com\/sv\/produkter\/utomhushiss\/","og_site_name":"Aritco","article_modified_time":"2024-03-26T13:04:02+00:00","twitter_card":"summary_large_image","schema":{"@context":"https:\/\/schema.org","@graph":[{"@type":"WebPage","@id":"https:\/\/www.aritco.com\/sv\/produkter\/utomhushiss\/","url":"https:\/\/www.aritco.com\/sv\/produkter\/utomhushiss\/","name":"Utomhushissar - V\u00e4derbest\u00e4ndiga och utrymmeseffektiva hissar - Aritco","isPartOf":{"@id":"https:\/\/www.aritco.com\/sv\/#website"},"datePublished":"2024-02-27T14:47:37+00:00","dateModified":"2024-03-26T13:04:02+00:00","description":"V\u00e5ra plattformshissar f\u00f6r utomhusbruk \u00e4r s\u00e4rskilt konstruerade f\u00f6r att klara utomhusf\u00f6rh\u00e5llanden, inklusive varierande v\u00e4der och temperaturer. Utforska h\u00e4r.","breadcrumb":{"@id":"https:\/\/www.aritco.com\/sv\/produkter\/utomhushiss\/#breadcrumb"},"inLanguage":"sv-SE","potentialAction":[{"@type":"ReadAction","target":["https:\/\/www.aritco.com\/sv\/produkter\/utomhushiss\/"]}]},{"@type":"BreadcrumbList","@id":"https:\/\/www.aritco.com\/sv\/produkter\/utomhushiss\/#breadcrumb","itemListElement":[{"@type":"ListItem","position":1,"name":"Produkter","item":"https:\/\/www.aritco.com\/sv\/produkter\/"},{"@type":"ListItem","position":2,"name":"Utomhushiss"}]},{"@type":"WebSite","@id":"https:\/\/www.aritco.com\/sv\/#website","url":"https:\/\/www.aritco.com\/sv\/","name":"Aritco","description":"Award-winning lifts for homes and public and commercial use","publisher":{"@id":"https:\/\/www.aritco.com\/sv\/#organization"},"potentialAction":[{"@type":"SearchAction","target":{"@type":"EntryPoint","urlTemplate":"https:\/\/www.aritco.com\/sv\/?s={search_term_string}"},"query-input":{"@type":"PropertyValueSpecification","valueRequired":true,"valueName":"search_term_string"}}],"inLanguage":"sv-SE"},{"@type":"Organization","@id":"https:\/\/www.aritco.com\/sv\/#organization","name":"Aritco","url":"https:\/\/www.aritco.com\/sv\/","logo":{"@type":"ImageObject","inLanguage":"sv-SE","@id":"https:\/\/www.aritco.com\/sv\/#\/schema\/logo\/image\/","url":"https:\/\/www.aritco.com\/wp-content\/uploads\/2019\/05\/vertical-3.svg","contentUrl":"https:\/\/www.aritco.com\/wp-content\/uploads\/2019\/05\/vertical-3.svg","width":1,"height":1,"caption":"Aritco"},"image":{"@id":"https:\/\/www.aritco.com\/sv\/#\/schema\/logo\/image\/"},"publishingPrinciples":"https:\/\/www.aritco.com\/about-aritco\/"}]}},"_links":{"self":[{"href":"https:\/\/www.aritco.com\/sv\/wp-json\/wp\/v2\/pages\/48633","targetHints":{"allow":["GET"]}}],"collection":[{"href":"https:\/\/www.aritco.com\/sv\/wp-json\/wp\/v2\/pages"}],"about":[{"href":"https:\/\/www.aritco.com\/sv\/wp-json\/wp\/v2\/types\/page"}],"author":[{"embeddable":true,"href":"https:\/\/www.aritco.com\/sv\/wp-json\/wp\/v2\/users\/10"}],"replies":[{"embeddable":true,"href":"https:\/\/www.aritco.com\/sv\/wp-json\/wp\/v2\/comments?post=48633"}],"version-history":[{"count":3,"href":"https:\/\/www.aritco.com\/sv\/wp-json\/wp\/v2\/pages\/48633\/revisions"}],"predecessor-version":[{"id":49196,"href":"https:\/\/www.aritco.com\/sv\/wp-json\/wp\/v2\/pages\/48633\/revisions\/49196"}],"up":[{"embeddable":true,"href":"https:\/\/www.aritco.com\/sv\/wp-json\/wp\/v2\/pages\/6668"}],"wp:attachment":[{"href":"https:\/\/www.aritco.com\/sv\/wp-json\/wp\/v2\/media?parent=48633"}],"curies":[{"name":"wp","href":"https:\/\/api.w.org\/{rel}","templated":true}]}}