{"id":48285,"date":"2024-02-16T16:56:59","date_gmt":"2024-02-16T15:56:59","guid":{"rendered":"https:\/\/aritco.kumpan.dev\/golv\/"},"modified":"2025-08-27T14:17:12","modified_gmt":"2025-08-27T12:17:12","slug":"golv","status":"publish","type":"page","link":"https:\/\/www.aritco.com\/sv\/produkter\/villahiss\/design-och-anpassning\/golv\/","title":{"rendered":"Golv"},"content":{"rendered":"","protected":false},"excerpt":{"rendered":"","protected":false},"author":10,"featured_media":46572,"parent":48331,"menu_order":0,"comment_status":"closed","ping_status":"closed","template":"","meta":{"_acf_changed":false,"footnotes":""},"class_list":["post-48285","page","type-page","status-publish","has-post-thumbnail","hentry"],"acf":[],"yoast_head":"<!-- This site is optimized with the Yoast SEO Premium plugin v26.6 (Yoast SEO v26.6) - https:\/\/yoast.com\/wordpress\/plugins\/seo\/ -->\n<title>Golv f\u00f6r Aritco Home Lifts - Anpassa din egen hiss - Aritco<\/title>\n<meta name=\"description\" content=\"Golvet \u00e4r ett viktigt designelement i din Aritco-hiss. Du kan v\u00e4lja mellan upp till \u00e5tta olika golv, beroende p\u00e5 hissmodell.\" \/>\n<meta name=\"robots\" content=\"index, follow, max-snippet:-1, max-image-preview:large, max-video-preview:-1\" \/>\n<link rel=\"canonical\" href=\"https:\/\/www.aritco.com\/sv\/produkter\/villahiss\/design-och-anpassning\/golv\/\" \/>\n<meta property=\"og:locale\" content=\"sv_SE\" \/>\n<meta property=\"og:type\" content=\"article\" \/>\n<meta property=\"og:title\" content=\"Golv\" \/>\n<meta property=\"og:description\" content=\"Golvet \u00e4r ett viktigt designelement i din Aritco-hiss. Du kan v\u00e4lja mellan upp till \u00e5tta olika golv, beroende p\u00e5 hissmodell.\" \/>\n<meta property=\"og:url\" content=\"https:\/\/www.aritco.com\/sv\/produkter\/villahiss\/design-och-anpassning\/golv\/\" \/>\n<meta property=\"og:site_name\" content=\"Aritco\" \/>\n<meta property=\"article:modified_time\" content=\"2025-08-27T12:17:12+00:00\" \/>\n<meta property=\"og:image\" content=\"https:\/\/www.aritco.com\/wp-content\/uploads\/2024\/01\/Flooring_Collage_800x600.jpg\" \/>\n\t<meta property=\"og:image:width\" content=\"800\" \/>\n\t<meta property=\"og:image:height\" content=\"600\" \/>\n\t<meta property=\"og:image:type\" content=\"image\/jpeg\" \/>\n<meta name=\"twitter:card\" content=\"summary_large_image\" \/>\n<meta name=\"twitter:label1\" content=\"Ber\u00e4knad l\u00e4stid\" \/>\n\t<meta name=\"twitter:data1\" content=\"1 minut\" \/>\n<script type=\"application\/ld+json\" class=\"yoast-schema-graph\">{\"@context\":\"https:\/\/schema.org\",\"@graph\":[{\"@type\":\"WebPage\",\"@id\":\"https:\/\/www.aritco.com\/sv\/produkter\/villahiss\/design-och-anpassning\/golv\/\",\"url\":\"https:\/\/www.aritco.com\/sv\/produkter\/villahiss\/design-och-anpassning\/golv\/\",\"name\":\"Golv f\u00f6r Aritco Home Lifts - Anpassa din egen hiss - Aritco\",\"isPartOf\":{\"@id\":\"https:\/\/www.aritco.com\/sv\/#website\"},\"primaryImageOfPage\":{\"@id\":\"https:\/\/www.aritco.com\/sv\/produkter\/villahiss\/design-och-anpassning\/golv\/#primaryimage\"},\"image\":{\"@id\":\"https:\/\/www.aritco.com\/sv\/produkter\/villahiss\/design-och-anpassning\/golv\/#primaryimage\"},\"thumbnailUrl\":\"https:\/\/www.aritco.com\/wp-content\/uploads\/2024\/01\/Flooring_Collage_800x600.jpg\",\"datePublished\":\"2024-02-16T15:56:59+00:00\",\"dateModified\":\"2025-08-27T12:17:12+00:00\",\"description\":\"Golvet \u00e4r ett viktigt designelement i din Aritco-hiss. Du kan v\u00e4lja mellan upp till \u00e5tta olika golv, beroende p\u00e5 hissmodell.\",\"breadcrumb\":{\"@id\":\"https:\/\/www.aritco.com\/sv\/produkter\/villahiss\/design-och-anpassning\/golv\/#breadcrumb\"},\"inLanguage\":\"sv-SE\",\"potentialAction\":[{\"@type\":\"ReadAction\",\"target\":[\"https:\/\/www.aritco.com\/sv\/produkter\/villahiss\/design-och-anpassning\/golv\/\"]}]},{\"@type\":\"ImageObject\",\"inLanguage\":\"sv-SE\",\"@id\":\"https:\/\/www.aritco.com\/sv\/produkter\/villahiss\/design-och-anpassning\/golv\/#primaryimage\",\"url\":\"https:\/\/www.aritco.com\/wp-content\/uploads\/2024\/01\/Flooring_Collage_800x600.jpg\",\"contentUrl\":\"https:\/\/www.aritco.com\/wp-content\/uploads\/2024\/01\/Flooring_Collage_800x600.jpg\",\"width\":800,\"height\":600,\"caption\":\"Flooring for Aritco home lifts.\"},{\"@type\":\"BreadcrumbList\",\"@id\":\"https:\/\/www.aritco.com\/sv\/produkter\/villahiss\/design-och-anpassning\/golv\/#breadcrumb\",\"itemListElement\":[{\"@type\":\"ListItem\",\"position\":1,\"name\":\"Produkter\",\"item\":\"https:\/\/www.aritco.com\/sv\/produkter\/\"},{\"@type\":\"ListItem\",\"position\":2,\"name\":\"Villahissar\",\"item\":\"https:\/\/www.aritco.com\/sv\/produkter\/villahiss\/\"},{\"@type\":\"ListItem\",\"position\":3,\"name\":\"Design och anpassning\",\"item\":\"https:\/\/www.aritco.com\/sv\/produkter\/villahiss\/design-och-anpassning\/\"},{\"@type\":\"ListItem\",\"position\":4,\"name\":\"Golv\"}]},{\"@type\":\"WebSite\",\"@id\":\"https:\/\/www.aritco.com\/sv\/#website\",\"url\":\"https:\/\/www.aritco.com\/sv\/\",\"name\":\"Aritco\",\"description\":\"Award-winning lifts for homes and public and commercial use\",\"publisher\":{\"@id\":\"https:\/\/www.aritco.com\/sv\/#organization\"},\"potentialAction\":[{\"@type\":\"SearchAction\",\"target\":{\"@type\":\"EntryPoint\",\"urlTemplate\":\"https:\/\/www.aritco.com\/sv\/?s={search_term_string}\"},\"query-input\":{\"@type\":\"PropertyValueSpecification\",\"valueRequired\":true,\"valueName\":\"search_term_string\"}}],\"inLanguage\":\"sv-SE\"},{\"@type\":\"Organization\",\"@id\":\"https:\/\/www.aritco.com\/sv\/#organization\",\"name\":\"Aritco\",\"url\":\"https:\/\/www.aritco.com\/sv\/\",\"logo\":{\"@type\":\"ImageObject\",\"inLanguage\":\"sv-SE\",\"@id\":\"https:\/\/www.aritco.com\/sv\/#\/schema\/logo\/image\/\",\"url\":\"https:\/\/www.aritco.com\/wp-content\/uploads\/2019\/05\/vertical-3.svg\",\"contentUrl\":\"https:\/\/www.aritco.com\/wp-content\/uploads\/2019\/05\/vertical-3.svg\",\"width\":1,\"height\":1,\"caption\":\"Aritco\"},\"image\":{\"@id\":\"https:\/\/www.aritco.com\/sv\/#\/schema\/logo\/image\/\"},\"publishingPrinciples\":\"https:\/\/www.aritco.com\/about-aritco\/\"}]}<\/script>\n<!-- \/ Yoast SEO Premium plugin. -->","yoast_head_json":{"title":"Golv f\u00f6r Aritco Home Lifts - Anpassa din egen hiss - Aritco","description":"Golvet \u00e4r ett viktigt designelement i din Aritco-hiss. Du kan v\u00e4lja mellan upp till \u00e5tta olika golv, beroende p\u00e5 hissmodell.","robots":{"index":"index","follow":"follow","max-snippet":"max-snippet:-1","max-image-preview":"max-image-preview:large","max-video-preview":"max-video-preview:-1"},"canonical":"https:\/\/www.aritco.com\/sv\/produkter\/villahiss\/design-och-anpassning\/golv\/","og_locale":"sv_SE","og_type":"article","og_title":"Golv","og_description":"Golvet \u00e4r ett viktigt designelement i din Aritco-hiss. Du kan v\u00e4lja mellan upp till \u00e5tta olika golv, beroende p\u00e5 hissmodell.","og_url":"https:\/\/www.aritco.com\/sv\/produkter\/villahiss\/design-och-anpassning\/golv\/","og_site_name":"Aritco","article_modified_time":"2025-08-27T12:17:12+00:00","og_image":[{"width":800,"height":600,"url":"https:\/\/www.aritco.com\/wp-content\/uploads\/2024\/01\/Flooring_Collage_800x600.jpg","type":"image\/jpeg"}],"twitter_card":"summary_large_image","twitter_misc":{"Ber\u00e4knad l\u00e4stid":"1 minut"},"schema":{"@context":"https:\/\/schema.org","@graph":[{"@type":"WebPage","@id":"https:\/\/www.aritco.com\/sv\/produkter\/villahiss\/design-och-anpassning\/golv\/","url":"https:\/\/www.aritco.com\/sv\/produkter\/villahiss\/design-och-anpassning\/golv\/","name":"Golv f\u00f6r Aritco Home Lifts - Anpassa din egen hiss - Aritco","isPartOf":{"@id":"https:\/\/www.aritco.com\/sv\/#website"},"primaryImageOfPage":{"@id":"https:\/\/www.aritco.com\/sv\/produkter\/villahiss\/design-och-anpassning\/golv\/#primaryimage"},"image":{"@id":"https:\/\/www.aritco.com\/sv\/produkter\/villahiss\/design-och-anpassning\/golv\/#primaryimage"},"thumbnailUrl":"https:\/\/www.aritco.com\/wp-content\/uploads\/2024\/01\/Flooring_Collage_800x600.jpg","datePublished":"2024-02-16T15:56:59+00:00","dateModified":"2025-08-27T12:17:12+00:00","description":"Golvet \u00e4r ett viktigt designelement i din Aritco-hiss. Du kan v\u00e4lja mellan upp till \u00e5tta olika golv, beroende p\u00e5 hissmodell.","breadcrumb":{"@id":"https:\/\/www.aritco.com\/sv\/produkter\/villahiss\/design-och-anpassning\/golv\/#breadcrumb"},"inLanguage":"sv-SE","potentialAction":[{"@type":"ReadAction","target":["https:\/\/www.aritco.com\/sv\/produkter\/villahiss\/design-och-anpassning\/golv\/"]}]},{"@type":"ImageObject","inLanguage":"sv-SE","@id":"https:\/\/www.aritco.com\/sv\/produkter\/villahiss\/design-och-anpassning\/golv\/#primaryimage","url":"https:\/\/www.aritco.com\/wp-content\/uploads\/2024\/01\/Flooring_Collage_800x600.jpg","contentUrl":"https:\/\/www.aritco.com\/wp-content\/uploads\/2024\/01\/Flooring_Collage_800x600.jpg","width":800,"height":600,"caption":"Flooring for Aritco home lifts."},{"@type":"BreadcrumbList","@id":"https:\/\/www.aritco.com\/sv\/produkter\/villahiss\/design-och-anpassning\/golv\/#breadcrumb","itemListElement":[{"@type":"ListItem","position":1,"name":"Produkter","item":"https:\/\/www.aritco.com\/sv\/produkter\/"},{"@type":"ListItem","position":2,"name":"Villahissar","item":"https:\/\/www.aritco.com\/sv\/produkter\/villahiss\/"},{"@type":"ListItem","position":3,"name":"Design och anpassning","item":"https:\/\/www.aritco.com\/sv\/produkter\/villahiss\/design-och-anpassning\/"},{"@type":"ListItem","position":4,"name":"Golv"}]},{"@type":"WebSite","@id":"https:\/\/www.aritco.com\/sv\/#website","url":"https:\/\/www.aritco.com\/sv\/","name":"Aritco","description":"Award-winning lifts for homes and public and commercial use","publisher":{"@id":"https:\/\/www.aritco.com\/sv\/#organization"},"potentialAction":[{"@type":"SearchAction","target":{"@type":"EntryPoint","urlTemplate":"https:\/\/www.aritco.com\/sv\/?s={search_term_string}"},"query-input":{"@type":"PropertyValueSpecification","valueRequired":true,"valueName":"search_term_string"}}],"inLanguage":"sv-SE"},{"@type":"Organization","@id":"https:\/\/www.aritco.com\/sv\/#organization","name":"Aritco","url":"https:\/\/www.aritco.com\/sv\/","logo":{"@type":"ImageObject","inLanguage":"sv-SE","@id":"https:\/\/www.aritco.com\/sv\/#\/schema\/logo\/image\/","url":"https:\/\/www.aritco.com\/wp-content\/uploads\/2019\/05\/vertical-3.svg","contentUrl":"https:\/\/www.aritco.com\/wp-content\/uploads\/2019\/05\/vertical-3.svg","width":1,"height":1,"caption":"Aritco"},"image":{"@id":"https:\/\/www.aritco.com\/sv\/#\/schema\/logo\/image\/"},"publishingPrinciples":"https:\/\/www.aritco.com\/about-aritco\/"}]}},"_links":{"self":[{"href":"https:\/\/www.aritco.com\/sv\/wp-json\/wp\/v2\/pages\/48285","targetHints":{"allow":["GET"]}}],"collection":[{"href":"https:\/\/www.aritco.com\/sv\/wp-json\/wp\/v2\/pages"}],"about":[{"href":"https:\/\/www.aritco.com\/sv\/wp-json\/wp\/v2\/types\/page"}],"author":[{"embeddable":true,"href":"https:\/\/www.aritco.com\/sv\/wp-json\/wp\/v2\/users\/10"}],"replies":[{"embeddable":true,"href":"https:\/\/www.aritco.com\/sv\/wp-json\/wp\/v2\/comments?post=48285"}],"version-history":[{"count":4,"href":"https:\/\/www.aritco.com\/sv\/wp-json\/wp\/v2\/pages\/48285\/revisions"}],"predecessor-version":[{"id":61985,"href":"https:\/\/www.aritco.com\/sv\/wp-json\/wp\/v2\/pages\/48285\/revisions\/61985"}],"up":[{"embeddable":true,"href":"https:\/\/www.aritco.com\/sv\/wp-json\/wp\/v2\/pages\/48331"}],"wp:featuredmedia":[{"embeddable":true,"href":"https:\/\/www.aritco.com\/sv\/wp-json\/wp\/v2\/media\/46572"}],"wp:attachment":[{"href":"https:\/\/www.aritco.com\/sv\/wp-json\/wp\/v2\/media?parent=48285"}],"curies":[{"name":"wp","href":"https:\/\/api.w.org\/{rel}","templated":true}]}}