{"id":48283,"date":"2024-02-16T16:55:18","date_gmt":"2024-02-16T15:55:18","guid":{"rendered":"https:\/\/aritco.kumpan.dev\/smart-sakerhetssystem\/"},"modified":"2024-08-15T13:34:52","modified_gmt":"2024-08-15T11:34:52","slug":"smart-sakerhetssystem","status":"publish","type":"page","link":"https:\/\/www.aritco.com\/sv\/produkter\/teknik-och-sakerhet\/smart-sakerhetssystem\/","title":{"rendered":"Smart s\u00e4kerhetssystem"},"content":{"rendered":"","protected":false},"excerpt":{"rendered":"","protected":false},"author":10,"featured_media":46722,"parent":21260,"menu_order":0,"comment_status":"closed","ping_status":"closed","template":"","meta":{"_acf_changed":false,"footnotes":""},"class_list":["post-48283","page","type-page","status-publish","has-post-thumbnail","hentry"],"acf":[],"yoast_head":"<!-- This site is optimized with the Yoast SEO Premium plugin v26.6 (Yoast SEO v26.6) - https:\/\/yoast.com\/wordpress\/plugins\/seo\/ -->\n<title>S\u00e4kra hissar f\u00f6r hemmet med Aritcos smarta s\u00e4kerhetssystem<\/title>\n<meta name=\"description\" content=\"S\u00e4kerhet har varit en viktig prioritering vid utvecklingen av v\u00e5ra plattformshissar. D\u00e4rf\u00f6r har vi utvecklat Aritcos SmartSafety-system.\" \/>\n<meta name=\"robots\" content=\"index, follow, max-snippet:-1, max-image-preview:large, max-video-preview:-1\" \/>\n<link rel=\"canonical\" href=\"https:\/\/www.aritco.com\/sv\/produkter\/teknik-och-sakerhet\/smart-sakerhetssystem\/\" \/>\n<meta property=\"og:locale\" content=\"sv_SE\" \/>\n<meta property=\"og:type\" content=\"article\" \/>\n<meta property=\"og:title\" content=\"Smart s\u00e4kerhetssystem\" \/>\n<meta property=\"og:description\" content=\"S\u00e4kerhet har varit en viktig prioritering vid utvecklingen av v\u00e5ra plattformshissar. D\u00e4rf\u00f6r har vi utvecklat Aritcos SmartSafety-system.\" \/>\n<meta property=\"og:url\" content=\"https:\/\/www.aritco.com\/sv\/produkter\/teknik-och-sakerhet\/smart-sakerhetssystem\/\" \/>\n<meta property=\"og:site_name\" content=\"Aritco\" \/>\n<meta property=\"article:modified_time\" content=\"2024-08-15T11:34:52+00:00\" \/>\n<meta property=\"og:image\" content=\"https:\/\/www.aritco.com\/wp-content\/uploads\/2024\/01\/SmartLift-App-Status-Check-1200x900-1.jpg\" \/>\n\t<meta property=\"og:image:width\" content=\"1200\" \/>\n\t<meta property=\"og:image:height\" content=\"902\" \/>\n\t<meta property=\"og:image:type\" content=\"image\/jpeg\" \/>\n<meta name=\"twitter:card\" content=\"summary_large_image\" \/>\n<meta name=\"twitter:label1\" content=\"Ber\u00e4knad l\u00e4stid\" \/>\n\t<meta name=\"twitter:data1\" content=\"1 minut\" \/>\n<script type=\"application\/ld+json\" class=\"yoast-schema-graph\">{\"@context\":\"https:\/\/schema.org\",\"@graph\":[{\"@type\":\"WebPage\",\"@id\":\"https:\/\/www.aritco.com\/sv\/produkter\/teknik-och-sakerhet\/smart-sakerhetssystem\/\",\"url\":\"https:\/\/www.aritco.com\/sv\/produkter\/teknik-och-sakerhet\/smart-sakerhetssystem\/\",\"name\":\"S\u00e4kra hissar f\u00f6r hemmet med Aritcos smarta s\u00e4kerhetssystem\",\"isPartOf\":{\"@id\":\"https:\/\/www.aritco.com\/sv\/#website\"},\"primaryImageOfPage\":{\"@id\":\"https:\/\/www.aritco.com\/sv\/produkter\/teknik-och-sakerhet\/smart-sakerhetssystem\/#primaryimage\"},\"image\":{\"@id\":\"https:\/\/www.aritco.com\/sv\/produkter\/teknik-och-sakerhet\/smart-sakerhetssystem\/#primaryimage\"},\"thumbnailUrl\":\"https:\/\/www.aritco.com\/wp-content\/uploads\/2024\/01\/SmartLift-App-Status-Check-1200x900-1.jpg\",\"datePublished\":\"2024-02-16T15:55:18+00:00\",\"dateModified\":\"2024-08-15T11:34:52+00:00\",\"description\":\"S\u00e4kerhet har varit en viktig prioritering vid utvecklingen av v\u00e5ra plattformshissar. D\u00e4rf\u00f6r har vi utvecklat Aritcos SmartSafety-system.\",\"breadcrumb\":{\"@id\":\"https:\/\/www.aritco.com\/sv\/produkter\/teknik-och-sakerhet\/smart-sakerhetssystem\/#breadcrumb\"},\"inLanguage\":\"sv-SE\",\"potentialAction\":[{\"@type\":\"ReadAction\",\"target\":[\"https:\/\/www.aritco.com\/sv\/produkter\/teknik-och-sakerhet\/smart-sakerhetssystem\/\"]}]},{\"@type\":\"ImageObject\",\"inLanguage\":\"sv-SE\",\"@id\":\"https:\/\/www.aritco.com\/sv\/produkter\/teknik-och-sakerhet\/smart-sakerhetssystem\/#primaryimage\",\"url\":\"https:\/\/www.aritco.com\/wp-content\/uploads\/2024\/01\/SmartLift-App-Status-Check-1200x900-1.jpg\",\"contentUrl\":\"https:\/\/www.aritco.com\/wp-content\/uploads\/2024\/01\/SmartLift-App-Status-Check-1200x900-1.jpg\",\"width\":1200,\"height\":902,\"caption\":\"Hand holding smartphone with Aritco SmartLift App showing lift status ok.\"},{\"@type\":\"BreadcrumbList\",\"@id\":\"https:\/\/www.aritco.com\/sv\/produkter\/teknik-och-sakerhet\/smart-sakerhetssystem\/#breadcrumb\",\"itemListElement\":[{\"@type\":\"ListItem\",\"position\":1,\"name\":\"Produkter\",\"item\":\"https:\/\/www.aritco.com\/sv\/produkter\/\"},{\"@type\":\"ListItem\",\"position\":2,\"name\":\"Teknik och s\u00e4kerhet\",\"item\":\"https:\/\/www.aritco.com\/sv\/produkter\/teknik-och-sakerhet\/\"},{\"@type\":\"ListItem\",\"position\":3,\"name\":\"Smart s\u00e4kerhetssystem\"}]},{\"@type\":\"WebSite\",\"@id\":\"https:\/\/www.aritco.com\/sv\/#website\",\"url\":\"https:\/\/www.aritco.com\/sv\/\",\"name\":\"Aritco\",\"description\":\"Award-winning lifts for homes and public and commercial use\",\"publisher\":{\"@id\":\"https:\/\/www.aritco.com\/sv\/#organization\"},\"potentialAction\":[{\"@type\":\"SearchAction\",\"target\":{\"@type\":\"EntryPoint\",\"urlTemplate\":\"https:\/\/www.aritco.com\/sv\/?s={search_term_string}\"},\"query-input\":{\"@type\":\"PropertyValueSpecification\",\"valueRequired\":true,\"valueName\":\"search_term_string\"}}],\"inLanguage\":\"sv-SE\"},{\"@type\":\"Organization\",\"@id\":\"https:\/\/www.aritco.com\/sv\/#organization\",\"name\":\"Aritco\",\"url\":\"https:\/\/www.aritco.com\/sv\/\",\"logo\":{\"@type\":\"ImageObject\",\"inLanguage\":\"sv-SE\",\"@id\":\"https:\/\/www.aritco.com\/sv\/#\/schema\/logo\/image\/\",\"url\":\"https:\/\/www.aritco.com\/wp-content\/uploads\/2019\/05\/vertical-3.svg\",\"contentUrl\":\"https:\/\/www.aritco.com\/wp-content\/uploads\/2019\/05\/vertical-3.svg\",\"width\":1,\"height\":1,\"caption\":\"Aritco\"},\"image\":{\"@id\":\"https:\/\/www.aritco.com\/sv\/#\/schema\/logo\/image\/\"},\"publishingPrinciples\":\"https:\/\/www.aritco.com\/about-aritco\/\"}]}<\/script>\n<!-- \/ Yoast SEO Premium plugin. -->","yoast_head_json":{"title":"S\u00e4kra hissar f\u00f6r hemmet med Aritcos smarta s\u00e4kerhetssystem","description":"S\u00e4kerhet har varit en viktig prioritering vid utvecklingen av v\u00e5ra plattformshissar. D\u00e4rf\u00f6r har vi utvecklat Aritcos SmartSafety-system.","robots":{"index":"index","follow":"follow","max-snippet":"max-snippet:-1","max-image-preview":"max-image-preview:large","max-video-preview":"max-video-preview:-1"},"canonical":"https:\/\/www.aritco.com\/sv\/produkter\/teknik-och-sakerhet\/smart-sakerhetssystem\/","og_locale":"sv_SE","og_type":"article","og_title":"Smart s\u00e4kerhetssystem","og_description":"S\u00e4kerhet har varit en viktig prioritering vid utvecklingen av v\u00e5ra plattformshissar. D\u00e4rf\u00f6r har vi utvecklat Aritcos SmartSafety-system.","og_url":"https:\/\/www.aritco.com\/sv\/produkter\/teknik-och-sakerhet\/smart-sakerhetssystem\/","og_site_name":"Aritco","article_modified_time":"2024-08-15T11:34:52+00:00","og_image":[{"width":1200,"height":902,"url":"https:\/\/www.aritco.com\/wp-content\/uploads\/2024\/01\/SmartLift-App-Status-Check-1200x900-1.jpg","type":"image\/jpeg"}],"twitter_card":"summary_large_image","twitter_misc":{"Ber\u00e4knad l\u00e4stid":"1 minut"},"schema":{"@context":"https:\/\/schema.org","@graph":[{"@type":"WebPage","@id":"https:\/\/www.aritco.com\/sv\/produkter\/teknik-och-sakerhet\/smart-sakerhetssystem\/","url":"https:\/\/www.aritco.com\/sv\/produkter\/teknik-och-sakerhet\/smart-sakerhetssystem\/","name":"S\u00e4kra hissar f\u00f6r hemmet med Aritcos smarta s\u00e4kerhetssystem","isPartOf":{"@id":"https:\/\/www.aritco.com\/sv\/#website"},"primaryImageOfPage":{"@id":"https:\/\/www.aritco.com\/sv\/produkter\/teknik-och-sakerhet\/smart-sakerhetssystem\/#primaryimage"},"image":{"@id":"https:\/\/www.aritco.com\/sv\/produkter\/teknik-och-sakerhet\/smart-sakerhetssystem\/#primaryimage"},"thumbnailUrl":"https:\/\/www.aritco.com\/wp-content\/uploads\/2024\/01\/SmartLift-App-Status-Check-1200x900-1.jpg","datePublished":"2024-02-16T15:55:18+00:00","dateModified":"2024-08-15T11:34:52+00:00","description":"S\u00e4kerhet har varit en viktig prioritering vid utvecklingen av v\u00e5ra plattformshissar. D\u00e4rf\u00f6r har vi utvecklat Aritcos SmartSafety-system.","breadcrumb":{"@id":"https:\/\/www.aritco.com\/sv\/produkter\/teknik-och-sakerhet\/smart-sakerhetssystem\/#breadcrumb"},"inLanguage":"sv-SE","potentialAction":[{"@type":"ReadAction","target":["https:\/\/www.aritco.com\/sv\/produkter\/teknik-och-sakerhet\/smart-sakerhetssystem\/"]}]},{"@type":"ImageObject","inLanguage":"sv-SE","@id":"https:\/\/www.aritco.com\/sv\/produkter\/teknik-och-sakerhet\/smart-sakerhetssystem\/#primaryimage","url":"https:\/\/www.aritco.com\/wp-content\/uploads\/2024\/01\/SmartLift-App-Status-Check-1200x900-1.jpg","contentUrl":"https:\/\/www.aritco.com\/wp-content\/uploads\/2024\/01\/SmartLift-App-Status-Check-1200x900-1.jpg","width":1200,"height":902,"caption":"Hand holding smartphone with Aritco SmartLift App showing lift status ok."},{"@type":"BreadcrumbList","@id":"https:\/\/www.aritco.com\/sv\/produkter\/teknik-och-sakerhet\/smart-sakerhetssystem\/#breadcrumb","itemListElement":[{"@type":"ListItem","position":1,"name":"Produkter","item":"https:\/\/www.aritco.com\/sv\/produkter\/"},{"@type":"ListItem","position":2,"name":"Teknik och s\u00e4kerhet","item":"https:\/\/www.aritco.com\/sv\/produkter\/teknik-och-sakerhet\/"},{"@type":"ListItem","position":3,"name":"Smart s\u00e4kerhetssystem"}]},{"@type":"WebSite","@id":"https:\/\/www.aritco.com\/sv\/#website","url":"https:\/\/www.aritco.com\/sv\/","name":"Aritco","description":"Award-winning lifts for homes and public and commercial use","publisher":{"@id":"https:\/\/www.aritco.com\/sv\/#organization"},"potentialAction":[{"@type":"SearchAction","target":{"@type":"EntryPoint","urlTemplate":"https:\/\/www.aritco.com\/sv\/?s={search_term_string}"},"query-input":{"@type":"PropertyValueSpecification","valueRequired":true,"valueName":"search_term_string"}}],"inLanguage":"sv-SE"},{"@type":"Organization","@id":"https:\/\/www.aritco.com\/sv\/#organization","name":"Aritco","url":"https:\/\/www.aritco.com\/sv\/","logo":{"@type":"ImageObject","inLanguage":"sv-SE","@id":"https:\/\/www.aritco.com\/sv\/#\/schema\/logo\/image\/","url":"https:\/\/www.aritco.com\/wp-content\/uploads\/2019\/05\/vertical-3.svg","contentUrl":"https:\/\/www.aritco.com\/wp-content\/uploads\/2019\/05\/vertical-3.svg","width":1,"height":1,"caption":"Aritco"},"image":{"@id":"https:\/\/www.aritco.com\/sv\/#\/schema\/logo\/image\/"},"publishingPrinciples":"https:\/\/www.aritco.com\/about-aritco\/"}]}},"_links":{"self":[{"href":"https:\/\/www.aritco.com\/sv\/wp-json\/wp\/v2\/pages\/48283","targetHints":{"allow":["GET"]}}],"collection":[{"href":"https:\/\/www.aritco.com\/sv\/wp-json\/wp\/v2\/pages"}],"about":[{"href":"https:\/\/www.aritco.com\/sv\/wp-json\/wp\/v2\/types\/page"}],"author":[{"embeddable":true,"href":"https:\/\/www.aritco.com\/sv\/wp-json\/wp\/v2\/users\/10"}],"replies":[{"embeddable":true,"href":"https:\/\/www.aritco.com\/sv\/wp-json\/wp\/v2\/comments?post=48283"}],"version-history":[{"count":2,"href":"https:\/\/www.aritco.com\/sv\/wp-json\/wp\/v2\/pages\/48283\/revisions"}],"predecessor-version":[{"id":48298,"href":"https:\/\/www.aritco.com\/sv\/wp-json\/wp\/v2\/pages\/48283\/revisions\/48298"}],"up":[{"embeddable":true,"href":"https:\/\/www.aritco.com\/sv\/wp-json\/wp\/v2\/pages\/21260"}],"wp:featuredmedia":[{"embeddable":true,"href":"https:\/\/www.aritco.com\/sv\/wp-json\/wp\/v2\/media\/46722"}],"wp:attachment":[{"href":"https:\/\/www.aritco.com\/sv\/wp-json\/wp\/v2\/media?parent=48283"}],"curies":[{"name":"wp","href":"https:\/\/api.w.org\/{rel}","templated":true}]}}